{"id":2,"date":"2022-09-05T15:09:19","date_gmt":"2022-09-05T18:09:19","guid":{"rendered":"https:\/\/wp.ufpel.edu.br\/lna\/?page_id=2"},"modified":"2022-09-13T18:37:21","modified_gmt":"2022-09-13T21:37:21","slug":"laboratorio-de-nutricao-animal","status":"publish","type":"page","link":"https:\/\/wp.ufpel.edu.br\/lna\/laboratorio-de-nutricao-animal\/","title":{"rendered":"Laborat\u00f3rio de Nutri\u00e7\u00e3o Animal"},"content":{"rendered":"<p>O LNA tem como finalidade realizar an\u00e1lises f\u00edsico-qu\u00edmicas e biol\u00f3gicas de forragens, produtos e mat\u00e9rias primas utilizadas na elabora\u00e7\u00e3o de ra\u00e7\u00f5es para alimenta\u00e7\u00e3o animal, e materiais biol\u00f3gicos coletados em ensaios de pesquisa. O laborat\u00f3rio visa contribuir com a forma\u00e7\u00e3o dos estudantes possibilitando atividades did\u00e1ticas dentro do laborat\u00f3rio e auxiliar discentes de gradua\u00e7\u00e3o e p\u00f3s-gradua\u00e7\u00e3o em projetos de ensino, pesquisa e extens\u00e3o. Al\u00e9m disso o laborat\u00f3rio atende a comunidade em geral com a realiza\u00e7\u00e3o de an\u00e1lises bromatol\u00f3gicas de alimentos para alimenta\u00e7\u00e3o animal.<br \/>O laborat\u00f3rio est\u00e1 situado no Departamento de Zootecnia da Faculdade de Agronomia Eliseu Maciel, e beneficia o curso de Zootecnia (FAEM), Agronomia (FAEM) e Medicina Veterin\u00e1ria (FV). S\u00e3o realizadas diferentes an\u00e1lises de materiais destinados a alimenta\u00e7\u00e3o e nutri\u00e7\u00e3o animal seguindo rigorosamente protocolos de an\u00e1lises para garantir qualidade e confiabilidade nos resultados.<\/p>\n","protected":false},"excerpt":{"rendered":"<p>O LNA tem como finalidade realizar an\u00e1lises f\u00edsico-qu\u00edmicas e biol\u00f3gicas de forragens, produtos e mat\u00e9rias primas utilizadas na elabora\u00e7\u00e3o de ra\u00e7\u00f5es para alimenta\u00e7\u00e3o animal, e materiais biol\u00f3gicos coletados em ensaios de pesquisa. O laborat\u00f3rio visa contribuir com a forma\u00e7\u00e3o dos estudantes possibilitando atividades did\u00e1ticas dentro do laborat\u00f3rio e auxiliar discentes de gradua\u00e7\u00e3o e p\u00f3s-gradua\u00e7\u00e3o em [&hellip;]<\/p>\n","protected":false},"author":1262,"featured_media":0,"parent":0,"menu_order":0,"comment_status":"closed","ping_status":"closed","template":"","meta":{"footnotes":""},"class_list":["post-2","page","type-page","status-publish","hentry"],"_links":{"self":[{"href":"https:\/\/wp.ufpel.edu.br\/lna\/wp-json\/wp\/v2\/pages\/2","targetHints":{"allow":["GET"]}}],"collection":[{"href":"https:\/\/wp.ufpel.edu.br\/lna\/wp-json\/wp\/v2\/pages"}],"about":[{"href":"https:\/\/wp.ufpel.edu.br\/lna\/wp-json\/wp\/v2\/types\/page"}],"author":[{"embeddable":true,"href":"https:\/\/wp.ufpel.edu.br\/lna\/wp-json\/wp\/v2\/users\/1262"}],"replies":[{"embeddable":true,"href":"https:\/\/wp.ufpel.edu.br\/lna\/wp-json\/wp\/v2\/comments?post=2"}],"version-history":[{"count":3,"href":"https:\/\/wp.ufpel.edu.br\/lna\/wp-json\/wp\/v2\/pages\/2\/revisions"}],"predecessor-version":[{"id":15,"href":"https:\/\/wp.ufpel.edu.br\/lna\/wp-json\/wp\/v2\/pages\/2\/revisions\/15"}],"wp:attachment":[{"href":"https:\/\/wp.ufpel.edu.br\/lna\/wp-json\/wp\/v2\/media?parent=2"}],"curies":[{"name":"wp","href":"https:\/\/api.w.org\/{rel}","templated":true}]}}