{"id":81,"date":"2011-11-18T10:24:22","date_gmt":"2011-11-18T13:24:22","guid":{"rendered":"https:\/\/wp.ufpel.edu.br\/lmv\/"},"modified":"2013-07-23T17:09:45","modified_gmt":"2013-07-23T17:09:45","slug":"pos-graduacao","status":"publish","type":"page","link":"https:\/\/wp.ufpel.edu.br\/lmv\/equipe\/estudantes\/pos-graduacao\/","title":{"rendered":"P\u00f3s-gradua\u00e7\u00e3o"},"content":{"rendered":"<p><strong>MESTRADO<\/strong><\/p>\n<p><a href=\"https:\/\/wp.ufpel.edu.br\/lmv\/files\/2011\/11\/aline.jpg\"><img loading=\"lazy\" decoding=\"async\" alt=\"\" src=\"https:\/\/wp.ufpel.edu.br\/lmv\/files\/2011\/11\/aline-150x150.jpg\" width=\"150\" height=\"150\" \/><\/a>Aline Ramm (Bolsista CAPES \u2013 a partir de 2013)<a style=\"color: #ff4b33;line-height: 24px\" href=\"http:\/\/lattes.cnpq.br\/8952113625600248\" target=\"_self\">Curr\u00edculo Lattes<\/a><\/p>\n<p>&nbsp;<\/p>\n<p>&nbsp;<\/p>\n<p style=\"text-align: right\"><a href=\"https:\/\/wp.ufpel.edu.br\/lmv\/files\/2011\/11\/marcio.jpg\"><img loading=\"lazy\" decoding=\"async\" class=\"size-thumbnail wp-image-286 alignleft\" alt=\"\" src=\"https:\/\/wp.ufpel.edu.br\/lmv\/files\/2011\/11\/marcio-150x150.jpg\" width=\"150\" height=\"150\" \/><\/a><\/p>\n<p>Marcio Farias (Bolsista\/CAPES \u2013 2012-2014)<\/p>\n<p>&nbsp;<\/p>\n<p>&nbsp;<\/p>\n<p>&nbsp;<\/p>\n<p><strong>DOUTORADO<\/strong><\/p>\n<p><a href=\"https:\/\/wp.ufpel.edu.br\/lmv\/files\/2011\/11\/anelise.jpg\"><img loading=\"lazy\" decoding=\"async\" class=\"alignleft size-thumbnail wp-image-210\" alt=\"\" src=\"https:\/\/wp.ufpel.edu.br\/lmv\/files\/2011\/11\/anelise-150x150.jpg\" width=\"150\" height=\"150\" \/><\/a>Anelise Tessari Perboni (Bolsista\/CAPES \u2013 2011-2014)<\/p>\n<p style=\"text-align: right\"><a href=\"http:\/\/lattes.cnpq.br\/6788574545857229\" target=\"_self\">Curr\u00edculo Lattes<\/a><\/p>\n<p style=\"text-align: right\">.<\/p>\n<p><a href=\"https:\/\/wp.ufpel.edu.br\/lmv\/files\/2011\/11\/cristina.jpg\"><img loading=\"lazy\" decoding=\"async\" class=\"alignleft size-thumbnail wp-image-212\" alt=\"\" src=\"https:\/\/wp.ufpel.edu.br\/lmv\/files\/2011\/11\/cristina-150x150.jpg\" width=\"150\" height=\"150\" \/><\/a>Cristina Moll Huther (Bolsista\/CAPES \u2013 2011-2014)<\/p>\n<p style=\"text-align: right\"><a href=\"http:\/\/lattes.cnpq.br\/5164391381813344\" target=\"_self\">Curr\u00edculo Lattes<\/a><\/p>\n<p style=\"text-align: right\">.<\/p>\n<p style=\"text-align: right\"><span style=\"line-height: 24px\">Anderson Augusto Schock (Bolsista\/CAPES \u2013 2010-2012)<\/span>\u00a0 \u00a0 \u00a0<a href=\"http:\/\/lattes.cnpq.br\/9040063795464670\" target=\"_self\">Curr\u00edculo Lattes<\/a><\/p>\n<p><a href=\"https:\/\/wp.ufpel.edu.br\/lmv\/files\/2011\/11\/anderson.jpg\"><img loading=\"lazy\" decoding=\"async\" class=\"aligncenter\" alt=\"\" src=\"https:\/\/wp.ufpel.edu.br\/lmv\/files\/2011\/11\/anderson-150x150.jpg\" width=\"150\" height=\"150\" \/><\/a><\/p>\n<p>&nbsp;<\/p>\n<p style=\"text-align: center\">Davi Silva Dalberto \u00a0 \u00a0\u00a0(Bolsista\/Capes -2012-2015)<\/p>\n","protected":false},"excerpt":{"rendered":"<p>MESTRADO Aline Ramm (Bolsista CAPES \u2013 a partir de 2013)Curr\u00edculo Lattes &nbsp; &nbsp; Marcio Farias (Bolsista\/CAPES \u2013 2012-2014) &nbsp; &nbsp; &nbsp; DOUTORADO Anelise Tessari Perboni (Bolsista\/CAPES \u2013 2011-2014) Curr\u00edculo Lattes . Cristina Moll Huther (Bolsista\/CAPES \u2013 2011-2014) Curr\u00edculo Lattes . &hellip; <a href=\"https:\/\/wp.ufpel.edu.br\/lmv\/equipe\/estudantes\/pos-graduacao\/\">Continue lendo <span class=\"meta-nav\">&rarr;<\/span><\/a><\/p>\n","protected":false},"author":151,"featured_media":0,"parent":75,"menu_order":0,"comment_status":"closed","ping_status":"open","template":"","meta":{"footnotes":""},"class_list":["post-81","page","type-page","status-publish","hentry"],"_links":{"self":[{"href":"https:\/\/wp.ufpel.edu.br\/lmv\/wp-json\/wp\/v2\/pages\/81","targetHints":{"allow":["GET"]}}],"collection":[{"href":"https:\/\/wp.ufpel.edu.br\/lmv\/wp-json\/wp\/v2\/pages"}],"about":[{"href":"https:\/\/wp.ufpel.edu.br\/lmv\/wp-json\/wp\/v2\/types\/page"}],"author":[{"embeddable":true,"href":"https:\/\/wp.ufpel.edu.br\/lmv\/wp-json\/wp\/v2\/users\/151"}],"replies":[{"embeddable":true,"href":"https:\/\/wp.ufpel.edu.br\/lmv\/wp-json\/wp\/v2\/comments?post=81"}],"version-history":[{"count":18,"href":"https:\/\/wp.ufpel.edu.br\/lmv\/wp-json\/wp\/v2\/pages\/81\/revisions"}],"predecessor-version":[{"id":314,"href":"https:\/\/wp.ufpel.edu.br\/lmv\/wp-json\/wp\/v2\/pages\/81\/revisions\/314"}],"up":[{"embeddable":true,"href":"https:\/\/wp.ufpel.edu.br\/lmv\/wp-json\/wp\/v2\/pages\/75"}],"wp:attachment":[{"href":"https:\/\/wp.ufpel.edu.br\/lmv\/wp-json\/wp\/v2\/media?parent=81"}],"curies":[{"name":"wp","href":"https:\/\/api.w.org\/{rel}","templated":true}]}}