{"id":48,"date":"2011-11-17T20:59:19","date_gmt":"2011-11-17T20:59:19","guid":{"rendered":"https:\/\/wp.ufpel.edu.br\/lmv\/"},"modified":"2012-12-06T13:07:48","modified_gmt":"2012-12-06T13:07:48","slug":"descricao-geral","status":"publish","type":"page","link":"https:\/\/wp.ufpel.edu.br\/lmv\/descricao-geral\/","title":{"rendered":"Descri\u00e7\u00e3o geral"},"content":{"rendered":"<p><span style=\"color: #888888\"> O Laborat\u00f3rio de Metabolismo Vegetal (LMV) estudam-se aspectos b\u00e1sicos e aplicados de todos os processos metab\u00f3licos que contribuem para o crescimento e desenvolvimento de plantas superiores, principalmente relacionados \u00e0 fotoss\u00edntese. O foco principal de estudo est\u00e1 centralizado no entendimento dos processos de absor\u00e7\u00e3o e aproveitamento da energia luminosa pela fotoss\u00edntese, bem como o efeito de fatores abi\u00f3ticos sobre a cadeia de transporte de el\u00e9trons, destacando estudos de fluoresc\u00eancia da clorofila e trocas gasosas. Al\u00e9m do suporte para outros laborat\u00f3rios do Departamento de Bot\u00e2nica nas an\u00e1lises bioqu\u00edmicas, atividades enzim\u00e1ticas, e determina\u00e7\u00e3o de biomol\u00e9culas, dando apoio aos projetos em andamento no Programa de P\u00f3s-Gradua\u00e7\u00e3o em Fisiologia Vegetal. O LMV apresenta uma caracter\u00edstica multidisciplinar permitindo a desenvolvimentos de in\u00fameras atividades de pesquisa e forma\u00e7\u00e3o de recursos humanos.<\/span><\/p>\n<p style=\"padding-left: 30px;text-align: center\"><span style=\"color: #ff0000\"><br \/>\n<\/span><\/p>\n<p style=\"text-align: justify;padding-left: 30px\"><span style=\"color: #888888\"><br \/>\n<\/span><\/p>\n","protected":false},"excerpt":{"rendered":"<p>O Laborat\u00f3rio de Metabolismo Vegetal (LMV) estudam-se aspectos b\u00e1sicos e aplicados de todos os processos metab\u00f3licos que contribuem para o crescimento e desenvolvimento de plantas superiores, principalmente relacionados \u00e0 fotoss\u00edntese. O foco principal de estudo est\u00e1 centralizado no entendimento dos &hellip; <a href=\"https:\/\/wp.ufpel.edu.br\/lmv\/descricao-geral\/\">Continue lendo <span class=\"meta-nav\">&rarr;<\/span><\/a><\/p>\n","protected":false},"author":151,"featured_media":0,"parent":0,"menu_order":1,"comment_status":"closed","ping_status":"closed","template":"","meta":{"footnotes":""},"class_list":["post-48","page","type-page","status-publish","hentry"],"_links":{"self":[{"href":"https:\/\/wp.ufpel.edu.br\/lmv\/wp-json\/wp\/v2\/pages\/48","targetHints":{"allow":["GET"]}}],"collection":[{"href":"https:\/\/wp.ufpel.edu.br\/lmv\/wp-json\/wp\/v2\/pages"}],"about":[{"href":"https:\/\/wp.ufpel.edu.br\/lmv\/wp-json\/wp\/v2\/types\/page"}],"author":[{"embeddable":true,"href":"https:\/\/wp.ufpel.edu.br\/lmv\/wp-json\/wp\/v2\/users\/151"}],"replies":[{"embeddable":true,"href":"https:\/\/wp.ufpel.edu.br\/lmv\/wp-json\/wp\/v2\/comments?post=48"}],"version-history":[{"count":12,"href":"https:\/\/wp.ufpel.edu.br\/lmv\/wp-json\/wp\/v2\/pages\/48\/revisions"}],"predecessor-version":[{"id":259,"href":"https:\/\/wp.ufpel.edu.br\/lmv\/wp-json\/wp\/v2\/pages\/48\/revisions\/259"}],"wp:attachment":[{"href":"https:\/\/wp.ufpel.edu.br\/lmv\/wp-json\/wp\/v2\/media?parent=48"}],"curies":[{"name":"wp","href":"https:\/\/api.w.org\/{rel}","templated":true}]}}