{"id":22,"date":"2011-11-17T20:25:59","date_gmt":"2011-11-17T23:25:59","guid":{"rendered":"https:\/\/wp.ufpel.edu.br\/lmv\/"},"modified":"2013-07-23T17:15:32","modified_gmt":"2013-07-23T17:15:32","slug":"infraestrutura","status":"publish","type":"page","link":"https:\/\/wp.ufpel.edu.br\/lmv\/infraestrutura\/","title":{"rendered":"Infraestrutura"},"content":{"rendered":"<p style=\"text-align: left\"><a href=\"https:\/\/wp.ufpel.edu.br\/lmv\/files\/2011\/11\/2013-03-15-08.52.14.jpg\"><img loading=\"lazy\" decoding=\"async\" class=\"alignnone  wp-image-316\" alt=\"2013-03-15 08.52.14\" src=\"https:\/\/wp.ufpel.edu.br\/lmv\/files\/2011\/11\/2013-03-15-08.52.14-300x225.jpg\" width=\"210\" height=\"158\" srcset=\"https:\/\/wp.ufpel.edu.br\/lmv\/files\/2011\/11\/2013-03-15-08.52.14-300x225.jpg 300w, https:\/\/wp.ufpel.edu.br\/lmv\/files\/2011\/11\/2013-03-15-08.52.14-1024x768.jpg 1024w\" sizes=\"auto, (max-width: 210px) 100vw, 210px\" \/><\/a>\u00a0Fluorometro &#8211;\u00a0M-PEA2<\/p>\n<p style=\"text-align: left\"><span style=\"text-align: center\">IRGA Licor 6400XT<\/span><\/p>\n<p><a href=\"https:\/\/wp.ufpel.edu.br\/lmv\/files\/2011\/11\/039.jpg\"><img loading=\"lazy\" decoding=\"async\" class=\"size-thumbnail wp-image-171 alignleft\" alt=\"\" src=\"https:\/\/wp.ufpel.edu.br\/lmv\/files\/2011\/11\/039-150x150.jpg\" width=\"150\" height=\"150\" \/><\/a><\/p>\n<div><\/div>\n<p><a href=\"https:\/\/wp.ufpel.edu.br\/lmv\/files\/2011\/11\/Conjunto-analisador-autom\u00e1tico-de-fotoss\u00edntese-LI-6400XTP.jpg\"><img loading=\"lazy\" decoding=\"async\" class=\"alignnone size-thumbnail wp-image-277\" alt=\"\" src=\"https:\/\/wp.ufpel.edu.br\/lmv\/files\/2011\/11\/Conjunto-analisador-autom\u00e1tico-de-fotoss\u00edntese-LI-6400XTP-150x150.jpg\" width=\"150\" height=\"150\" \/><\/a><\/p>\n<p><span style=\"line-height: 24px\">Fluorometro Modulado -FMS2<\/span><\/p>\n<p style=\"padding-left: 30px;text-align: left\"><a href=\"https:\/\/wp.ufpel.edu.br\/lmv\/files\/2011\/11\/039.jpg\"><img loading=\"lazy\" decoding=\"async\" class=\"size-thumbnail wp-image-218\" style=\"text-align: right\" alt=\"\" src=\"https:\/\/wp.ufpel.edu.br\/lmv\/files\/2011\/11\/FMS2-Hansatech1-150x150.jpg\" width=\"150\" height=\"150\" \/><\/a><\/p>\n<p style=\"padding-left: 30px;text-align: left\"><span style=\"line-height: 24px\">Fluorometro Handy-PEA \u00a0 \u00a0 \u00a0<\/span><a href=\"https:\/\/wp.ufpel.edu.br\/lmv\/files\/2011\/11\/Handy-PEA-com-acess\u00f3rios-para-fase-l\u00edquida.jpg\"><img loading=\"lazy\" decoding=\"async\" alt=\"\" src=\"https:\/\/wp.ufpel.edu.br\/lmv\/files\/2011\/11\/Handy-PEA-com-acess\u00f3rios-para-fase-l\u00edquida-150x150.jpg\" width=\"150\" height=\"150\" \/><\/a><\/p>\n<p style=\"padding-left: 30px;text-align: center\">Medidor de clorofila CL01<\/p>\n<p style=\"padding-left: 30px;text-align: left\"><img loading=\"lazy\" decoding=\"async\" class=\"size-thumbnail wp-image-219 aligncenter\" alt=\"\" src=\"https:\/\/wp.ufpel.edu.br\/lmv\/files\/2011\/11\/Indice-de-Clorofila-CL01-Hansatech-150x150.jpg\" width=\"150\" height=\"150\" \/><\/p>\n<p style=\"padding-left: 30px;text-align: left\"><a href=\"https:\/\/wp.ufpel.edu.br\/lmv\/files\/2011\/11\/IMG_9873.jpg\"><img loading=\"lazy\" decoding=\"async\" class=\"size-thumbnail wp-image-262 alignleft\" alt=\"Dual Pam 100\" src=\"https:\/\/wp.ufpel.edu.br\/lmv\/files\/2011\/11\/IMG_9873-150x150.jpg\" width=\"150\" height=\"150\" \/><\/a>\u00a0Dual PAM 100<\/p>\n<p><a href=\"https:\/\/wp.ufpel.edu.br\/lmv\/files\/2011\/11\/IMG_9853.jpg\"><img loading=\"lazy\" decoding=\"async\" class=\"size-thumbnail wp-image-263 aligncenter\" alt=\"\" src=\"https:\/\/wp.ufpel.edu.br\/lmv\/files\/2011\/11\/IMG_9853-150x150.jpg\" width=\"150\" height=\"150\" \/><\/a><\/p>\n<p>&nbsp;<\/p>\n<p>&nbsp;<\/p>\n<p><a href=\"https:\/\/wp.ufpel.edu.br\/lmv\/files\/2011\/11\/IMG_9862-e1354807679586.jpg\"><img loading=\"lazy\" decoding=\"async\" alt=\"\" src=\"https:\/\/wp.ufpel.edu.br\/lmv\/files\/2011\/11\/IMG_9862-e1354807679586-150x150.jpg\" width=\"150\" height=\"150\" \/><\/a>\u00a0 \u00a0Imag-M Max\u00a0 \u00a0 \u00a0<a href=\"https:\/\/wp.ufpel.edu.br\/lmv\/files\/2011\/11\/Sistema-IMAG-CM-Version-Max-e-Sistema-de-medida-de-fluoresc\u00eancia-Dual-PAM100.jpg\"><img loading=\"lazy\" decoding=\"async\" class=\"alignnone size-thumbnail wp-image-281\" alt=\"\" src=\"https:\/\/wp.ufpel.edu.br\/lmv\/files\/2011\/11\/Sistema-IMAG-CM-Version-Max-e-Sistema-de-medida-de-fluoresc\u00eancia-Dual-PAM100-150x150.jpg\" width=\"150\" height=\"150\" \/><\/a><\/p>\n<p style=\"padding-left: 30px;text-align: center\">Medidor de \u00e1rea foliar<\/p>\n<p style=\"padding-left: 30px\"><img loading=\"lazy\" decoding=\"async\" class=\"alignnone size-thumbnail wp-image-267 aligncenter\" alt=\"\" src=\"https:\/\/wp.ufpel.edu.br\/lmv\/files\/2011\/11\/02-01-2012-014-150x150.jpg\" width=\"150\" height=\"150\" \/><\/p>\n<p style=\"padding-left: 30px\"><a href=\"https:\/\/wp.ufpel.edu.br\/lmv\/files\/2011\/11\/02-01-2012-005.jpg\"><img loading=\"lazy\" decoding=\"async\" class=\"size-thumbnail wp-image-275 alignleft\" alt=\"\" src=\"https:\/\/wp.ufpel.edu.br\/lmv\/files\/2011\/11\/02-01-2012-005-150x150.jpg\" width=\"150\" height=\"150\" \/><\/a><\/p>\n<p style=\"padding-left: 30px\">Casa de Vegeta\u00e7\u00e3o<\/p>\n<p style=\"padding-left: 30px\"><a href=\"https:\/\/wp.ufpel.edu.br\/lmv\/files\/2011\/11\/02-01-2012-002.jpg\"><img loading=\"lazy\" decoding=\"async\" class=\"alignnone size-thumbnail wp-image-274\" alt=\"\" src=\"https:\/\/wp.ufpel.edu.br\/lmv\/files\/2011\/11\/02-01-2012-002-150x150.jpg\" width=\"150\" height=\"150\" \/><\/a><\/p>\n<p style=\"padding-left: 30px\"><a href=\"https:\/\/wp.ufpel.edu.br\/lmv\/files\/2011\/11\/Handy-PEA-com-acess\u00f3rios-para-fase-l\u00edquida.jpg\"><img loading=\"lazy\" decoding=\"async\" class=\"alignnone size-thumbnail wp-image-278\" alt=\"\" src=\"https:\/\/wp.ufpel.edu.br\/lmv\/files\/2011\/11\/Handy-PEA-com-acess\u00f3rios-para-fase-l\u00edquida-150x150.jpg\" width=\"150\" height=\"150\" \/><\/a>\u00a0Fluorometro Handy-PEA<\/p>\n","protected":false},"excerpt":{"rendered":"<p>\u00a0Fluorometro &#8211;\u00a0M-PEA2 IRGA Licor 6400XT Fluorometro Modulado -FMS2 Fluorometro Handy-PEA \u00a0 \u00a0 \u00a0 Medidor de clorofila CL01 \u00a0Dual PAM 100 &nbsp; &nbsp; \u00a0 \u00a0Imag-M Max\u00a0 \u00a0 \u00a0 Medidor de \u00e1rea foliar Casa de Vegeta\u00e7\u00e3o \u00a0Fluorometro Handy-PEA<\/p>\n","protected":false},"author":151,"featured_media":0,"parent":0,"menu_order":3,"comment_status":"closed","ping_status":"closed","template":"","meta":{"footnotes":""},"class_list":["post-22","page","type-page","status-publish","hentry"],"_links":{"self":[{"href":"https:\/\/wp.ufpel.edu.br\/lmv\/wp-json\/wp\/v2\/pages\/22","targetHints":{"allow":["GET"]}}],"collection":[{"href":"https:\/\/wp.ufpel.edu.br\/lmv\/wp-json\/wp\/v2\/pages"}],"about":[{"href":"https:\/\/wp.ufpel.edu.br\/lmv\/wp-json\/wp\/v2\/types\/page"}],"author":[{"embeddable":true,"href":"https:\/\/wp.ufpel.edu.br\/lmv\/wp-json\/wp\/v2\/users\/151"}],"replies":[{"embeddable":true,"href":"https:\/\/wp.ufpel.edu.br\/lmv\/wp-json\/wp\/v2\/comments?post=22"}],"version-history":[{"count":35,"href":"https:\/\/wp.ufpel.edu.br\/lmv\/wp-json\/wp\/v2\/pages\/22\/revisions"}],"predecessor-version":[{"id":174,"href":"https:\/\/wp.ufpel.edu.br\/lmv\/wp-json\/wp\/v2\/pages\/22\/revisions\/174"}],"wp:attachment":[{"href":"https:\/\/wp.ufpel.edu.br\/lmv\/wp-json\/wp\/v2\/media?parent=22"}],"curies":[{"name":"wp","href":"https:\/\/api.w.org\/{rel}","templated":true}]}}