{"id":115,"date":"2011-11-18T11:42:31","date_gmt":"2011-11-18T14:42:31","guid":{"rendered":"https:\/\/wp.ufpel.edu.br\/lmv\/"},"modified":"2013-07-23T17:04:23","modified_gmt":"2013-07-23T17:04:23","slug":"2009-2","status":"publish","type":"page","link":"https:\/\/wp.ufpel.edu.br\/lmv\/publicacoes\/artigos-completos-publicados-em-periodicos\/2009-2\/","title":{"rendered":"2009"},"content":{"rendered":"<p>SILVA, E.G.; MOURA, A.B.; BACARIN, M.A.;\u00a0DEUNER, C.C. Altera\u00e7\u00f5es metab\u00f3licas em plantas de feij\u00e3o originadas de sementes microbiolizadas por Pseudomonas sp. e inoculadas com <em>Xanthomonas axonopodis<\/em> pv. <em>phaseoli<\/em>. <strong>Summa Phytopathologica, v. 35, p. 98-104, 2009.<\/strong><\/p>\n<p>ZANANDREA, I.; BACARIN, M.A;\u00a0BRAGA, E.J.B.;\u00a0BIANCHI, V.J;\u00a0PETERS, J.A. Morphological and physiological photon flux influence under in vitro culture of apple shoots. <strong>Brazilian Archives of Biology and Technology, v. 52, p. 1091-1098, 2009.<\/strong><\/p>\n<p>FALQUETO, A.R.;\u00a0CASSOL, D.; MAGALH\u00c3ES JR., \u00a0A.M.; OLIVEIRA, A.C.;\u00a0BACARIN, M.A.\u00a0Crescimento e parti\u00e7\u00e3o de assimilados em cultivares de arroz diferindo no potencial de produtividade de gr\u00e3os. <strong>Bragantia, v. 68, p. 563-571, 2009.<\/strong><\/p>\n<p>FALQUETO, A.R.;\u00a0CASSOL, D.; MAGALH\u00c3ES JR., \u00a0A.M.; OLIVEIRA, A.C.;\u00a0BACARIN, M.A.\u00a0. Physiological analysis of leaf senescence of two rice cultivars with different yield potential. <strong>Pesquisa Agropecu\u00e1ria Brasileira, v. 44, p. 695-700, 2009. <\/strong><\/p>\n<p>MARAFON, A.C.; HERTER, F.G.; BACARIN, M.A.;\u00a0HAWERROTH, F.J. Atividade da peroxidase durante o per\u00edodo hibernal de plantas de pessegueiro (<em>Prunus persica<\/em> (L.) Batsch.) cv. jubileu com e sem sintomas da morte precoce. <strong>Revista Brasileira de Fruticultura, v. 31, p. 938-942, 2009.<\/strong><\/p>\n","protected":false},"excerpt":{"rendered":"<p>SILVA, E.G.; MOURA, A.B.; BACARIN, M.A.;\u00a0DEUNER, C.C. Altera\u00e7\u00f5es metab\u00f3licas em plantas de feij\u00e3o originadas de sementes microbiolizadas por Pseudomonas sp. e inoculadas com Xanthomonas axonopodis pv. phaseoli. Summa Phytopathologica, v. 35, p. 98-104, 2009. ZANANDREA, I.; BACARIN, M.A;\u00a0BRAGA, E.J.B.;\u00a0BIANCHI, V.J;\u00a0PETERS, &hellip; <a href=\"https:\/\/wp.ufpel.edu.br\/lmv\/publicacoes\/artigos-completos-publicados-em-periodicos\/2009-2\/\">Continue lendo <span class=\"meta-nav\">&rarr;<\/span><\/a><\/p>\n","protected":false},"author":151,"featured_media":0,"parent":109,"menu_order":4,"comment_status":"closed","ping_status":"open","template":"","meta":{"footnotes":""},"class_list":["post-115","page","type-page","status-publish","hentry"],"_links":{"self":[{"href":"https:\/\/wp.ufpel.edu.br\/lmv\/wp-json\/wp\/v2\/pages\/115","targetHints":{"allow":["GET"]}}],"collection":[{"href":"https:\/\/wp.ufpel.edu.br\/lmv\/wp-json\/wp\/v2\/pages"}],"about":[{"href":"https:\/\/wp.ufpel.edu.br\/lmv\/wp-json\/wp\/v2\/types\/page"}],"author":[{"embeddable":true,"href":"https:\/\/wp.ufpel.edu.br\/lmv\/wp-json\/wp\/v2\/users\/151"}],"replies":[{"embeddable":true,"href":"https:\/\/wp.ufpel.edu.br\/lmv\/wp-json\/wp\/v2\/comments?post=115"}],"version-history":[{"count":4,"href":"https:\/\/wp.ufpel.edu.br\/lmv\/wp-json\/wp\/v2\/pages\/115\/revisions"}],"predecessor-version":[{"id":308,"href":"https:\/\/wp.ufpel.edu.br\/lmv\/wp-json\/wp\/v2\/pages\/115\/revisions\/308"}],"up":[{"embeddable":true,"href":"https:\/\/wp.ufpel.edu.br\/lmv\/wp-json\/wp\/v2\/pages\/109"}],"wp:attachment":[{"href":"https:\/\/wp.ufpel.edu.br\/lmv\/wp-json\/wp\/v2\/media?parent=115"}],"curies":[{"name":"wp","href":"https:\/\/api.w.org\/{rel}","templated":true}]}}