{"id":111,"date":"2011-11-18T11:42:01","date_gmt":"2011-11-18T14:42:01","guid":{"rendered":"https:\/\/wp.ufpel.edu.br\/lmv\/"},"modified":"2013-07-23T17:03:36","modified_gmt":"2013-07-23T17:03:36","slug":"2011-2","status":"publish","type":"page","link":"https:\/\/wp.ufpel.edu.br\/lmv\/publicacoes\/artigos-completos-publicados-em-periodicos\/2011-2\/","title":{"rendered":"2011"},"content":{"rendered":"<p style=\"text-align: left\">BANDEIRA, J.M; BARBOSA, F.F; BARBOSA, L.M.P; RODRIGUES, I.C.S; BACARIN, M.A; PETERS, J.A; BRAGA, E.J.B.\u00a0Composi\u00e7\u00e3o do \u00f3leo essencial de quatro esp\u00e9cies do g\u00eanero Plectranthus.<strong> Revista Brasileira de Plantas Medicinais, v. 13, p. 157-164, 2011.<\/strong> <a href=\"http:\/\/dx.doi.org\/10.1590\/S1516-05722011000200006\" target=\"_blank\">(link)<\/a><\/p>\n<p style=\"text-align: left\">ADAMSKI, J.M.; PETERS, J.A.; DANIELOSKI, R.; BACARIN, M.A.\u00a0\u00a0Excess iron-induced changes in the photosynthetic characteristics of sweet potato. <strong>Journal of Plant Physiology, v. 168, p. 2056-2062, 2011. <\/strong><a href=\"http:\/\/www.sciencedirect.com\/science\/article\/pii\/S0176161711002793\" target=\"_blank\">(link)<\/a><\/p>\n","protected":false},"excerpt":{"rendered":"<p>BANDEIRA, J.M; BARBOSA, F.F; BARBOSA, L.M.P; RODRIGUES, I.C.S; BACARIN, M.A; PETERS, J.A; BRAGA, E.J.B.\u00a0Composi\u00e7\u00e3o do \u00f3leo essencial de quatro esp\u00e9cies do g\u00eanero Plectranthus. Revista Brasileira de Plantas Medicinais, v. 13, p. 157-164, 2011. (link) ADAMSKI, J.M.; PETERS, J.A.; DANIELOSKI, R.; &hellip; <a href=\"https:\/\/wp.ufpel.edu.br\/lmv\/publicacoes\/artigos-completos-publicados-em-periodicos\/2011-2\/\">Continue lendo <span class=\"meta-nav\">&rarr;<\/span><\/a><\/p>\n","protected":false},"author":151,"featured_media":0,"parent":109,"menu_order":2,"comment_status":"closed","ping_status":"open","template":"","meta":{"footnotes":""},"class_list":["post-111","page","type-page","status-publish","hentry"],"_links":{"self":[{"href":"https:\/\/wp.ufpel.edu.br\/lmv\/wp-json\/wp\/v2\/pages\/111","targetHints":{"allow":["GET"]}}],"collection":[{"href":"https:\/\/wp.ufpel.edu.br\/lmv\/wp-json\/wp\/v2\/pages"}],"about":[{"href":"https:\/\/wp.ufpel.edu.br\/lmv\/wp-json\/wp\/v2\/types\/page"}],"author":[{"embeddable":true,"href":"https:\/\/wp.ufpel.edu.br\/lmv\/wp-json\/wp\/v2\/users\/151"}],"replies":[{"embeddable":true,"href":"https:\/\/wp.ufpel.edu.br\/lmv\/wp-json\/wp\/v2\/comments?post=111"}],"version-history":[{"count":11,"href":"https:\/\/wp.ufpel.edu.br\/lmv\/wp-json\/wp\/v2\/pages\/111\/revisions"}],"predecessor-version":[{"id":119,"href":"https:\/\/wp.ufpel.edu.br\/lmv\/wp-json\/wp\/v2\/pages\/111\/revisions\/119"}],"up":[{"embeddable":true,"href":"https:\/\/wp.ufpel.edu.br\/lmv\/wp-json\/wp\/v2\/pages\/109"}],"wp:attachment":[{"href":"https:\/\/wp.ufpel.edu.br\/lmv\/wp-json\/wp\/v2\/media?parent=111"}],"curies":[{"name":"wp","href":"https:\/\/api.w.org\/{rel}","templated":true}]}}