{"id":107,"date":"2011-11-18T11:38:16","date_gmt":"2011-11-18T14:38:16","guid":{"rendered":"https:\/\/wp.ufpel.edu.br\/lmv\/"},"modified":"2012-12-06T16:09:18","modified_gmt":"2012-12-06T16:09:18","slug":"ex-integrantes","status":"publish","type":"page","link":"https:\/\/wp.ufpel.edu.br\/lmv\/equipe\/estudantes\/ex-integrantes\/","title":{"rendered":"Ex-integrantes"},"content":{"rendered":"<p><strong>Bolsista P\u00f3s Doutorado<\/strong><\/p>\n<p>Sidnei Deuner (Bolsista PRODOC \u2013 CAPES \u2013 2008-2010)<\/p>\n<p>Ilisandra Zanandrea (Bolsista PRODOC\u2013 CAPES,- 2010-2012)<\/p>\n<p style=\"text-align: left\"><strong>Doutorado<\/strong><\/p>\n<p style=\"text-align: left\">Camila Pinho de Souza (Bolsista\/CAPES \u2013 2010-2012)<\/p>\n<p style=\"text-align: left\"><strong>Mestrado<\/strong><\/p>\n<p>Janete Mariza Adamski (Bolsista\/CAPES \u2013 2009-2011)<\/p>\n<p style=\"text-align: left\">Mar\u00edlia Mercia Lima Carvalho Carneiro (Bolsista\/CNPq \u2013 2009-2011)<\/p>\n<p style=\"text-align: left\"><strong>Inicia\u00e7\u00e3o Cient\u00edfica<\/strong><\/p>\n<p>Marcio Espinosa de Farias (Bolsista FAPERGS e \u00a0PIBIC\/CNPq \u2013 2009-2011)<\/p>\n<p>Pablo Valad\u00e3o de Oliveira (Bolsista PIBIC\/CNPq \u2013 2010-2011)<\/p>\n<p style=\"text-align: left\">Henrique Chiarelo (Bolsista CNPq \u2013 2010-2011)<\/p>\n<p style=\"text-align: left\">Daniela Cassol (Bolsista PIBIC\/CNPq \u2013 2008-2010)<\/p>\n<p style=\"text-align: left\">F\u00e1bio S\u00e9rgio Paulino da Silva (Bolsista PIBIC\/CNPq \u2013 2008-2010)<\/p>\n<p style=\"text-align: left\">Aline Ramm (Bolsista de Apoio T\u00e9cnico a Pesquisa\/CNPq \u2013 \u00a02010-2012)<\/p>\n<p>Liamara Bahr Thurow (Bolsista PIBIC\/CNPq \u20132011-2012)<\/p>\n","protected":false},"excerpt":{"rendered":"<p>Bolsista P\u00f3s Doutorado Sidnei Deuner (Bolsista PRODOC \u2013 CAPES \u2013 2008-2010) Ilisandra Zanandrea (Bolsista PRODOC\u2013 CAPES,- 2010-2012) Doutorado Camila Pinho de Souza (Bolsista\/CAPES \u2013 2010-2012) Mestrado Janete Mariza Adamski (Bolsista\/CAPES \u2013 2009-2011) Mar\u00edlia Mercia Lima Carvalho Carneiro (Bolsista\/CNPq \u2013 2009-2011) &hellip; <a href=\"https:\/\/wp.ufpel.edu.br\/lmv\/equipe\/estudantes\/ex-integrantes\/\">Continue lendo <span class=\"meta-nav\">&rarr;<\/span><\/a><\/p>\n","protected":false},"author":151,"featured_media":0,"parent":75,"menu_order":0,"comment_status":"closed","ping_status":"open","template":"","meta":{"footnotes":""},"class_list":["post-107","page","type-page","status-publish","hentry"],"_links":{"self":[{"href":"https:\/\/wp.ufpel.edu.br\/lmv\/wp-json\/wp\/v2\/pages\/107","targetHints":{"allow":["GET"]}}],"collection":[{"href":"https:\/\/wp.ufpel.edu.br\/lmv\/wp-json\/wp\/v2\/pages"}],"about":[{"href":"https:\/\/wp.ufpel.edu.br\/lmv\/wp-json\/wp\/v2\/types\/page"}],"author":[{"embeddable":true,"href":"https:\/\/wp.ufpel.edu.br\/lmv\/wp-json\/wp\/v2\/users\/151"}],"replies":[{"embeddable":true,"href":"https:\/\/wp.ufpel.edu.br\/lmv\/wp-json\/wp\/v2\/comments?post=107"}],"version-history":[{"count":10,"href":"https:\/\/wp.ufpel.edu.br\/lmv\/wp-json\/wp\/v2\/pages\/107\/revisions"}],"predecessor-version":[{"id":296,"href":"https:\/\/wp.ufpel.edu.br\/lmv\/wp-json\/wp\/v2\/pages\/107\/revisions\/296"}],"up":[{"embeddable":true,"href":"https:\/\/wp.ufpel.edu.br\/lmv\/wp-json\/wp\/v2\/pages\/75"}],"wp:attachment":[{"href":"https:\/\/wp.ufpel.edu.br\/lmv\/wp-json\/wp\/v2\/media?parent=107"}],"curies":[{"name":"wp","href":"https:\/\/api.w.org\/{rel}","templated":true}]}}