{"id":240,"date":"2023-10-27T13:44:22","date_gmt":"2023-10-27T16:44:22","guid":{"rendered":"https:\/\/wp.ufpel.edu.br\/lmaia\/?page_id=240"},"modified":"2024-07-02T14:14:30","modified_gmt":"2024-07-02T17:14:30","slug":"expedito","status":"publish","type":"page","link":"https:\/\/wp.ufpel.edu.br\/lmaia\/expedito\/","title":{"rendered":"Expedito &#8211; software para ANOVA e compara\u00e7\u00f5es de m\u00e9dias"},"content":{"rendered":"<div id=\"pl-240\"  class=\"panel-layout\" ><div id=\"pg-240-0\"  class=\"panel-grid panel-no-style\" ><div id=\"pgc-240-0-0\"  class=\"panel-grid-cell\" ><div id=\"panel-240-0-0-0\" class=\"so-panel widget widget_sow-editor panel-first-child\" data-index=\"0\" ><div\n\t\t\t\n\t\t\tclass=\"so-widget-sow-editor so-widget-sow-editor-base\"\n\t\t\t\n\t\t>\n<div class=\"siteorigin-widget-tinymce textwidget\">\n\t<table style=\"border-collapse: collapse; width: 119.531%; height: 134px;\" border=\"1\">\n<tbody>\n<tr>\n<td style=\"width: 50%;\"><img loading=\"lazy\" decoding=\"async\" class=\"\" src=\"https:\/\/tiagoolivoto.github.io\/e-bookr\/html_r_files\/figure-html\/unnamed-chunk-169-1.png\" width=\"622\" height=\"311\" \/><\/td>\n<td style=\"width: 50%;\"><\/td>\n<\/tr>\n<tr>\n<td style=\"width: 50%;\"><\/td>\n<td style=\"width: 50%;\"><\/td>\n<\/tr>\n<\/tbody>\n<\/table>\n<p>O Expedito \u00e9 um Software aplicado a Experimenta\u00e7\u00e3o Agr\u00edcola e atualmente segue em fase de desenvolvimento...<\/p>\n<p>EM BREVE A NOVA VERS\u00c3O SER\u00c1 DISPONIBILIZADA:<\/p>\n<p>Link para DownLoad <a href=\"https:\/\/docs.ufpel.edu.br\/index.php\/s\/UkKG94KOhBSVdrp\">aqui<\/a>:<\/p>\n<p>https:\/\/docs.ufpel.edu.br\/index.php\/s\/UkKG94KOhBSVdrp<\/p>\n<p>&nbsp;<\/p>\n<\/div>\n<\/div><\/div><div id=\"panel-240-0-0-1\" class=\"widget_text so-panel widget widget_custom_html panel-last-child\" data-index=\"1\" ><div class=\"textwidget custom-html-widget\"><\/div><\/div><\/div><\/div><\/div>","protected":false},"excerpt":{"rendered":"<p>O Expedito \u00e9 um Software aplicado a Experimenta\u00e7\u00e3o Agr\u00edcola e atualmente segue em fase de desenvolvimento&#8230; EM BREVE A NOVA VERS\u00c3O SER\u00c1 DISPONIBILIZADA: Link para DownLoad aqui: https:\/\/docs.ufpel.edu.br\/index.php\/s\/UkKG94KOhBSVdrp &nbsp;<\/p>\n","protected":false},"author":1301,"featured_media":0,"parent":0,"menu_order":0,"comment_status":"closed","ping_status":"closed","template":"","meta":{"footnotes":""},"class_list":["post-240","page","type-page","status-publish","hentry"],"_links":{"self":[{"href":"https:\/\/wp.ufpel.edu.br\/lmaia\/wp-json\/wp\/v2\/pages\/240","targetHints":{"allow":["GET"]}}],"collection":[{"href":"https:\/\/wp.ufpel.edu.br\/lmaia\/wp-json\/wp\/v2\/pages"}],"about":[{"href":"https:\/\/wp.ufpel.edu.br\/lmaia\/wp-json\/wp\/v2\/types\/page"}],"author":[{"embeddable":true,"href":"https:\/\/wp.ufpel.edu.br\/lmaia\/wp-json\/wp\/v2\/users\/1301"}],"replies":[{"embeddable":true,"href":"https:\/\/wp.ufpel.edu.br\/lmaia\/wp-json\/wp\/v2\/comments?post=240"}],"version-history":[{"count":12,"href":"https:\/\/wp.ufpel.edu.br\/lmaia\/wp-json\/wp\/v2\/pages\/240\/revisions"}],"predecessor-version":[{"id":267,"href":"https:\/\/wp.ufpel.edu.br\/lmaia\/wp-json\/wp\/v2\/pages\/240\/revisions\/267"}],"wp:attachment":[{"href":"https:\/\/wp.ufpel.edu.br\/lmaia\/wp-json\/wp\/v2\/media?parent=240"}],"curies":[{"name":"wp","href":"https:\/\/api.w.org\/{rel}","templated":true}]}}