{"id":321,"date":"2018-04-05T17:17:23","date_gmt":"2018-04-05T20:17:23","guid":{"rendered":"https:\/\/wp.ufpel.edu.br\/lipp\/?page_id=321"},"modified":"2020-03-11T10:50:01","modified_gmt":"2020-03-11T13:50:01","slug":"fisiologia-da-interacao-planta-patogeno","status":"publish","type":"page","link":"https:\/\/wp.ufpel.edu.br\/lipp\/fisiologia-da-interacao-planta-patogeno\/","title":{"rendered":"Fisiologia da intera\u00e7\u00e3o planta pat\u00f3geno"},"content":{"rendered":"<p><a href=\"https:\/\/wp.ufpel.edu.br\/lipp\/files\/2020\/03\/Semin\u00e1rio-1.pdf\">Semin\u00e1rio 1<\/a><\/p>\n<p><a href=\"https:\/\/wp.ufpel.edu.br\/lipp\/files\/2020\/03\/Semin\u00e1rio-2.pdf\">Semin\u00e1rio 2<\/a><\/p>\n<p><a href=\"https:\/\/wp.ufpel.edu.br\/lipp\/files\/2020\/03\/Semin\u00e1rio-3.pdf\">Semin\u00e1rio 3<\/a><\/p>\n<p><a href=\"https:\/\/wp.ufpel.edu.br\/lipp\/files\/2020\/03\/Aula-1.pdf\">Aula 1<\/a><\/p>\n","protected":false},"excerpt":{"rendered":"<p>Semin\u00e1rio 1 Semin\u00e1rio 2 Semin\u00e1rio 3 Aula 1<\/p>\n","protected":false},"author":672,"featured_media":0,"parent":0,"menu_order":0,"comment_status":"closed","ping_status":"closed","template":"","meta":{"footnotes":""},"class_list":["post-321","page","type-page","status-publish","hentry","nodate","item-wrap"],"_links":{"self":[{"href":"https:\/\/wp.ufpel.edu.br\/lipp\/wp-json\/wp\/v2\/pages\/321","targetHints":{"allow":["GET"]}}],"collection":[{"href":"https:\/\/wp.ufpel.edu.br\/lipp\/wp-json\/wp\/v2\/pages"}],"about":[{"href":"https:\/\/wp.ufpel.edu.br\/lipp\/wp-json\/wp\/v2\/types\/page"}],"author":[{"embeddable":true,"href":"https:\/\/wp.ufpel.edu.br\/lipp\/wp-json\/wp\/v2\/users\/672"}],"replies":[{"embeddable":true,"href":"https:\/\/wp.ufpel.edu.br\/lipp\/wp-json\/wp\/v2\/comments?post=321"}],"version-history":[{"count":12,"href":"https:\/\/wp.ufpel.edu.br\/lipp\/wp-json\/wp\/v2\/pages\/321\/revisions"}],"predecessor-version":[{"id":532,"href":"https:\/\/wp.ufpel.edu.br\/lipp\/wp-json\/wp\/v2\/pages\/321\/revisions\/532"}],"wp:attachment":[{"href":"https:\/\/wp.ufpel.edu.br\/lipp\/wp-json\/wp\/v2\/media?parent=321"}],"curies":[{"name":"wp","href":"https:\/\/api.w.org\/{rel}","templated":true}]}}