{"id":311,"date":"2018-04-05T16:43:51","date_gmt":"2018-04-05T19:43:51","guid":{"rendered":"https:\/\/wp.ufpel.edu.br\/lipp\/?page_id=311"},"modified":"2019-04-04T11:49:32","modified_gmt":"2019-04-04T14:49:32","slug":"contato","status":"publish","type":"page","link":"https:\/\/wp.ufpel.edu.br\/lipp\/contato\/","title":{"rendered":"Contato"},"content":{"rendered":"<h4>Localiza\u00e7\u00e3o:<\/h4>\n<p>Laborat\u00f3rio Intera\u00e7\u00e3o Planta Pat\u00f3geno &#8211; LIPP (Sala 104)<\/p>\n<p>Departamento de Fitossanidade<\/p>\n<p>Faculdade de Agronomia Eliseu Maciel<\/p>\n<p>Universidade Federal de Pelotas<\/p>\n<p>Av. Eliseu Maciel &#8211; Campus Universit\u00e1rio Cap\u00e3o do Le\u00e3o<\/p>\n<p>Cap\u00e3o do Le\u00e3o &#8211; RS &#8211; Brasil<\/p>\n<p>CEP: 96010-610<\/p>\n<p>&nbsp;<\/p>\n<h4>Contato:<\/h4>\n<p>Telefone: 55 53 3275 7385<\/p>\n<p>E-mail: leandro.dallagnol@ufpel.edu.br<\/p>\n<p>&nbsp;<\/p>\n","protected":false},"excerpt":{"rendered":"<p>Localiza\u00e7\u00e3o: Laborat\u00f3rio Intera\u00e7\u00e3o Planta Pat\u00f3geno &#8211; LIPP (Sala 104) Departamento de Fitossanidade Faculdade de Agronomia Eliseu Maciel Universidade Federal de Pelotas Av. Eliseu Maciel &#8211; Campus Universit\u00e1rio Cap\u00e3o do Le\u00e3o Cap\u00e3o do Le\u00e3o &#8211; RS &#8211; Brasil CEP: 96010-610 &nbsp; Contato: Telefone: 55 53 3275 7385 E-mail: leandro.dallagnol@ufpel.edu.br &nbsp;<\/p>\n","protected":false},"author":672,"featured_media":0,"parent":0,"menu_order":0,"comment_status":"closed","ping_status":"closed","template":"","meta":{"footnotes":""},"class_list":["post-311","page","type-page","status-publish","hentry","nodate","item-wrap"],"_links":{"self":[{"href":"https:\/\/wp.ufpel.edu.br\/lipp\/wp-json\/wp\/v2\/pages\/311","targetHints":{"allow":["GET"]}}],"collection":[{"href":"https:\/\/wp.ufpel.edu.br\/lipp\/wp-json\/wp\/v2\/pages"}],"about":[{"href":"https:\/\/wp.ufpel.edu.br\/lipp\/wp-json\/wp\/v2\/types\/page"}],"author":[{"embeddable":true,"href":"https:\/\/wp.ufpel.edu.br\/lipp\/wp-json\/wp\/v2\/users\/672"}],"replies":[{"embeddable":true,"href":"https:\/\/wp.ufpel.edu.br\/lipp\/wp-json\/wp\/v2\/comments?post=311"}],"version-history":[{"count":2,"href":"https:\/\/wp.ufpel.edu.br\/lipp\/wp-json\/wp\/v2\/pages\/311\/revisions"}],"predecessor-version":[{"id":463,"href":"https:\/\/wp.ufpel.edu.br\/lipp\/wp-json\/wp\/v2\/pages\/311\/revisions\/463"}],"wp:attachment":[{"href":"https:\/\/wp.ufpel.edu.br\/lipp\/wp-json\/wp\/v2\/media?parent=311"}],"curies":[{"name":"wp","href":"https:\/\/api.w.org\/{rel}","templated":true}]}}