{"id":292,"date":"2017-10-31T12:01:26","date_gmt":"2017-10-31T14:01:26","guid":{"rendered":"https:\/\/wp.ufpel.edu.br\/lipp\/?page_id=292"},"modified":"2021-05-26T11:35:05","modified_gmt":"2021-05-26T14:35:05","slug":"livros-online","status":"publish","type":"page","link":"https:\/\/wp.ufpel.edu.br\/lipp\/livros-online\/","title":{"rendered":"Livros online"},"content":{"rendered":"<p><strong><a href=\"http:\/\/guaiaca.ufpel.edu.br:8080\/bitstream\/prefix\/4207\/1\/RESIST%C3%8ANCIA%20GEN%C3%89TICA%20DE%20PLANTAS%20A%20PAT%C3%93GENOS_EBOOK.pdf\" target=\"_blank\" rel=\"noopener\">Resist\u00eancia gen\u00e9tica de plantas a pat\u00f3genos<\/a><\/strong><\/p>\n<p><a href=\"http:\/\/ww2.bc.ufrpe.br:8080\/pergamumweb\/vinculos\/000073\/0000731a.pdf\" target=\"_blank\" rel=\"noopener\">Resist\u00eancia de Plantas a Pat\u00f3genos<\/a><\/p>\n<p><a href=\"https:\/\/ainfo.cnptia.embrapa.br\/digital\/bitstream\/item\/165241\/1\/2017LV03.pdf\" target=\"_blank\" rel=\"noopener\"><strong>Aquecimento Global e Problemas Fitossanit\u00e1rios<\/strong><\/a><\/p>\n<p><a href=\"http:\/\/www.ppgf.ufrpe.br\/sites\/ww3.ppgf.ufrpe.br\/files\/lopes_michereff_2018_-_desafios_manejo_doencas_radiculares.pdf\" target=\"_blank\" rel=\"noopener\"><strong>Desafios do Manejo de Doen\u00e7as Radiculares Causadas por Fungos<\/strong><\/a><\/p>\n","protected":false},"excerpt":{"rendered":"<p>Resist\u00eancia gen\u00e9tica de plantas a pat\u00f3genos Resist\u00eancia de Plantas a Pat\u00f3genos Aquecimento Global e Problemas Fitossanit\u00e1rios Desafios do Manejo de Doen\u00e7as Radiculares Causadas por Fungos<\/p>\n","protected":false},"author":672,"featured_media":0,"parent":0,"menu_order":0,"comment_status":"closed","ping_status":"closed","template":"","meta":{"footnotes":""},"class_list":["post-292","page","type-page","status-publish","hentry","nodate","item-wrap"],"_links":{"self":[{"href":"https:\/\/wp.ufpel.edu.br\/lipp\/wp-json\/wp\/v2\/pages\/292","targetHints":{"allow":["GET"]}}],"collection":[{"href":"https:\/\/wp.ufpel.edu.br\/lipp\/wp-json\/wp\/v2\/pages"}],"about":[{"href":"https:\/\/wp.ufpel.edu.br\/lipp\/wp-json\/wp\/v2\/types\/page"}],"author":[{"embeddable":true,"href":"https:\/\/wp.ufpel.edu.br\/lipp\/wp-json\/wp\/v2\/users\/672"}],"replies":[{"embeddable":true,"href":"https:\/\/wp.ufpel.edu.br\/lipp\/wp-json\/wp\/v2\/comments?post=292"}],"version-history":[{"count":5,"href":"https:\/\/wp.ufpel.edu.br\/lipp\/wp-json\/wp\/v2\/pages\/292\/revisions"}],"predecessor-version":[{"id":554,"href":"https:\/\/wp.ufpel.edu.br\/lipp\/wp-json\/wp\/v2\/pages\/292\/revisions\/554"}],"wp:attachment":[{"href":"https:\/\/wp.ufpel.edu.br\/lipp\/wp-json\/wp\/v2\/media?parent=292"}],"curies":[{"name":"wp","href":"https:\/\/api.w.org\/{rel}","templated":true}]}}