{"id":271,"date":"2017-10-09T15:01:55","date_gmt":"2017-10-09T18:01:55","guid":{"rendered":"https:\/\/wp.ufpel.edu.br\/lipp\/?page_id=271"},"modified":"2017-12-01T14:22:08","modified_gmt":"2017-12-01T16:22:08","slug":"epidemiologia-de-doencas-de-plantas","status":"publish","type":"page","link":"https:\/\/wp.ufpel.edu.br\/lipp\/material-didatico\/epidemiologia-de-doencas-de-plantas\/","title":{"rendered":"Epidemiologia de doen\u00e7as de plantas"},"content":{"rendered":"<p><a href=\"https:\/\/wp.ufpel.edu.br\/lipp\/files\/2017\/10\/Quantifica\u00e7\u00e3o-de-doen\u00e7as.pdf\" target=\"_blank\" rel=\"noopener\">Quantifica\u00e7\u00e3o de doen\u00e7as<\/a><\/p>\n<p><a href=\"https:\/\/ainfo.cnptia.embrapa.br\/digital\/bitstream\/item\/155787\/1\/Informacoes-Tecnicas-para-Trigo-e-Triticale-Safra-2017-OL.pdf\" target=\"_blank\" rel=\"noopener\">Informa\u00e7\u00f5es t\u00e9cnicas para trigo e triticale &#8211; safra 2017.<\/a><\/p>\n<p><a href=\"https:\/\/wp.ufpel.edu.br\/lipp\/files\/2017\/10\/Escala-diagramatica-spot-blotch.pdf\">Escala diagramatica spot blotch<\/a><\/p>\n<p><a href=\"https:\/\/wp.ufpel.edu.br\/lipp\/files\/2017\/10\/Escala-diagramatica-para-giberela.pdf\">Escala diagramatica para giberela<\/a><\/p>\n<p><a href=\"https:\/\/wp.ufpel.edu.br\/lipp\/files\/2017\/10\/Escala-diagramatica-para-brusone-na-espiga.pdf\">Escala diagramatica para brusone na espiga<\/a><\/p>\n<p><a href=\"https:\/\/wp.ufpel.edu.br\/lipp\/files\/2017\/12\/Aula-de-Epidemiologia-Espacial.pdf\" target=\"_blank\" rel=\"noopener\">Aula de Epidemiologia Espacial<\/a><\/p>\n","protected":false},"excerpt":{"rendered":"<p>Quantifica\u00e7\u00e3o de doen\u00e7as Informa\u00e7\u00f5es t\u00e9cnicas para trigo e triticale &#8211; safra 2017. Escala diagramatica spot blotch Escala diagramatica para giberela Escala diagramatica para brusone na espiga Aula de Epidemiologia Espacial<\/p>\n","protected":false},"author":672,"featured_media":0,"parent":165,"menu_order":0,"comment_status":"closed","ping_status":"closed","template":"","meta":{"footnotes":""},"class_list":["post-271","page","type-page","status-publish","hentry","nodate","item-wrap"],"_links":{"self":[{"href":"https:\/\/wp.ufpel.edu.br\/lipp\/wp-json\/wp\/v2\/pages\/271","targetHints":{"allow":["GET"]}}],"collection":[{"href":"https:\/\/wp.ufpel.edu.br\/lipp\/wp-json\/wp\/v2\/pages"}],"about":[{"href":"https:\/\/wp.ufpel.edu.br\/lipp\/wp-json\/wp\/v2\/types\/page"}],"author":[{"embeddable":true,"href":"https:\/\/wp.ufpel.edu.br\/lipp\/wp-json\/wp\/v2\/users\/672"}],"replies":[{"embeddable":true,"href":"https:\/\/wp.ufpel.edu.br\/lipp\/wp-json\/wp\/v2\/comments?post=271"}],"version-history":[{"count":5,"href":"https:\/\/wp.ufpel.edu.br\/lipp\/wp-json\/wp\/v2\/pages\/271\/revisions"}],"predecessor-version":[{"id":298,"href":"https:\/\/wp.ufpel.edu.br\/lipp\/wp-json\/wp\/v2\/pages\/271\/revisions\/298"}],"up":[{"embeddable":true,"href":"https:\/\/wp.ufpel.edu.br\/lipp\/wp-json\/wp\/v2\/pages\/165"}],"wp:attachment":[{"href":"https:\/\/wp.ufpel.edu.br\/lipp\/wp-json\/wp\/v2\/media?parent=271"}],"curies":[{"name":"wp","href":"https:\/\/api.w.org\/{rel}","templated":true}]}}