{"id":199,"date":"2017-05-19T17:21:22","date_gmt":"2017-05-19T20:21:22","guid":{"rendered":"https:\/\/wp.ufpel.edu.br\/lipp\/?page_id=199"},"modified":"2019-04-12T11:07:59","modified_gmt":"2019-04-12T14:07:59","slug":"rgpd","status":"publish","type":"page","link":"https:\/\/wp.ufpel.edu.br\/lipp\/rgpd\/","title":{"rendered":"RGPD"},"content":{"rendered":"<p><strong>Leitura\u00a0<\/strong><\/p>\n<p><a href=\"http:\/\/guaiaca.ufpel.edu.br:8080\/handle\/prefix\/4207\" target=\"_blank\" rel=\"noopener noreferrer\">O &#8211; Dallagnol; Araujo Filho, 2018. Uma vis\u00e3o geral da resist\u00eancia de plantas a microrganismos. In Dallagnol, L. J. Resist\u00eancia gen\u00e9tica de plantas a pat\u00f3genos. Pag. 13-64.<\/a><\/p>\n<p><a href=\"http:\/\/guaiaca.ufpel.edu.br:8080\/handle\/prefix\/4207\" target=\"_blank\" rel=\"noopener noreferrer\">O &#8211; Thurow et al., 2018. Melhoramento de plantas visando \u00e0 resist\u00eancia a pat\u00f3genos. In Dallagnol, L. J. Resist\u00eancia gen\u00e9tica de plantas a pat\u00f3genos. Pag. 65-102.<\/a><\/p>\n<p><a href=\"https:\/\/wp.ufpel.edu.br\/lipp\/files\/2019\/04\/O1-Lee-et-al.-2017.pdf\" target=\"_blank\" rel=\"noopener noreferrer\">O1-Lee et al., 2017<\/a><\/p>\n<p><a href=\"https:\/\/wp.ufpel.edu.br\/lipp\/files\/2019\/04\/O2-Kushalappa-et-al.-2016.pdf\" target=\"_blank\" rel=\"noopener noreferrer\">O2-Kushalappa et al., 2016<\/a><\/p>\n<p><a href=\"https:\/\/wp.ufpel.edu.br\/lipp\/files\/2019\/04\/O3-Dangl-et-al.-2013-Pivoting-the-plant-immune-system-from-dissection-to-deployment.pdf\" target=\"_blank\" rel=\"noopener noreferrer\">O3-Dangl et al., 2013 &#8211; Pivoting the plant immune system from dissection to deployment<\/a><\/p>\n<p><a href=\"https:\/\/wp.ufpel.edu.br\/lipp\/files\/2019\/04\/O4-Sarma-et-al.pdf\" target=\"_blank\" rel=\"noopener noreferrer\">O4-Sarma et al<\/a><\/p>\n<p><a href=\"https:\/\/wp.ufpel.edu.br\/lipp\/files\/2019\/04\/O5-Vleeshouwers-2014.pdf\" target=\"_blank\" rel=\"noopener noreferrer\">O5-Vleeshouwers 2014<\/a><\/p>\n<p>&nbsp;<\/p>\n<p><strong>Semin\u00e1rios:<\/strong><\/p>\n<p><a href=\"https:\/\/wp.ufpel.edu.br\/lipp\/files\/2019\/04\/Semin\u00e1rio-1.pdf\">Semin\u00e1rio 1<\/a><\/p>\n<p><a href=\"https:\/\/wp.ufpel.edu.br\/lipp\/files\/2019\/04\/Semin\u00e1rio-2.pdf\">Semin\u00e1rio 2<\/a><\/p>\n<p><a href=\"https:\/\/wp.ufpel.edu.br\/lipp\/files\/2019\/04\/Semin\u00e1rio-3.pdf\">Semin\u00e1rio 3<\/a><\/p>\n<p>&nbsp;<\/p>\n<p><strong>Rela\u00e7\u00e3o de terminologias<\/strong><\/p>\n<p><a href=\"https:\/\/wp.ufpel.edu.br\/lipp\/files\/2019\/04\/Terminologias.doc\" target=\"_blank\" rel=\"noopener noreferrer\">Terminologias<\/a><\/p>\n","protected":false},"excerpt":{"rendered":"<p>Leitura\u00a0 O &#8211; Dallagnol; Araujo Filho, 2018. Uma vis\u00e3o geral da resist\u00eancia de plantas a microrganismos. In Dallagnol, L. J. Resist\u00eancia gen\u00e9tica de plantas a pat\u00f3genos. Pag. 13-64. O &#8211; Thurow et al., 2018. Melhoramento de plantas visando \u00e0 resist\u00eancia a pat\u00f3genos. In Dallagnol, L. J. Resist\u00eancia gen\u00e9tica de plantas a pat\u00f3genos. Pag. 65-102. O1-Lee &hellip; <\/p>\n<p><a class=\"more-link btn\" href=\"https:\/\/wp.ufpel.edu.br\/lipp\/rgpd\/\">Continue lendo<\/a><\/p>\n","protected":false},"author":672,"featured_media":0,"parent":0,"menu_order":0,"comment_status":"closed","ping_status":"closed","template":"","meta":{"footnotes":""},"class_list":["post-199","page","type-page","status-publish","hentry","nodate","item-wrap"],"_links":{"self":[{"href":"https:\/\/wp.ufpel.edu.br\/lipp\/wp-json\/wp\/v2\/pages\/199","targetHints":{"allow":["GET"]}}],"collection":[{"href":"https:\/\/wp.ufpel.edu.br\/lipp\/wp-json\/wp\/v2\/pages"}],"about":[{"href":"https:\/\/wp.ufpel.edu.br\/lipp\/wp-json\/wp\/v2\/types\/page"}],"author":[{"embeddable":true,"href":"https:\/\/wp.ufpel.edu.br\/lipp\/wp-json\/wp\/v2\/users\/672"}],"replies":[{"embeddable":true,"href":"https:\/\/wp.ufpel.edu.br\/lipp\/wp-json\/wp\/v2\/comments?post=199"}],"version-history":[{"count":15,"href":"https:\/\/wp.ufpel.edu.br\/lipp\/wp-json\/wp\/v2\/pages\/199\/revisions"}],"predecessor-version":[{"id":479,"href":"https:\/\/wp.ufpel.edu.br\/lipp\/wp-json\/wp\/v2\/pages\/199\/revisions\/479"}],"wp:attachment":[{"href":"https:\/\/wp.ufpel.edu.br\/lipp\/wp-json\/wp\/v2\/media?parent=199"}],"curies":[{"name":"wp","href":"https:\/\/api.w.org\/{rel}","templated":true}]}}