{"id":409,"date":"2020-04-22T15:19:59","date_gmt":"2020-04-22T18:19:59","guid":{"rendered":"https:\/\/wp.ufpel.edu.br\/linse\/?page_id=409"},"modified":"2020-11-06T10:06:04","modified_gmt":"2020-11-06T13:06:04","slug":"setor-publico","status":"publish","type":"page","link":"https:\/\/wp.ufpel.edu.br\/linse\/setor-publico\/","title":{"rendered":"Setor P\u00fablico"},"content":{"rendered":"<div id=\"pl-409\"  class=\"panel-layout\" ><div id=\"pg-409-0\"  class=\"panel-grid panel-no-style\" ><div id=\"pgc-409-0-0\"  class=\"panel-grid-cell\" ><div id=\"panel-409-0-0-0\" class=\"so-panel widget widget_sow-image panel-first-child panel-last-child\" data-index=\"0\" ><div\n\t\t\t\n\t\t\tclass=\"so-widget-sow-image so-widget-sow-image-default-8b5b6f678277-409\"\n\t\t\t\n\t\t>\n<div class=\"sow-image-container\">\n\t\t<img \n\tsrc=\"https:\/\/wp.ufpel.edu.br\/linse\/files\/2020\/09\/01_Setor-Publico.png\" width=\"5608\" height=\"2675\" srcset=\"https:\/\/wp.ufpel.edu.br\/linse\/files\/2020\/09\/01_Setor-Publico.png 5608w, https:\/\/wp.ufpel.edu.br\/linse\/files\/2020\/09\/01_Setor-Publico-424x202.png 424w, https:\/\/wp.ufpel.edu.br\/linse\/files\/2020\/09\/01_Setor-Publico-212x101.png 212w, https:\/\/wp.ufpel.edu.br\/linse\/files\/2020\/09\/01_Setor-Publico-768x366.png 768w, https:\/\/wp.ufpel.edu.br\/linse\/files\/2020\/09\/01_Setor-Publico-1536x733.png 1536w, https:\/\/wp.ufpel.edu.br\/linse\/files\/2020\/09\/01_Setor-Publico-2048x977.png 2048w\" sizes=\"(max-width: 5608px) 100vw, 5608px\" title=\"01_Setor P\u00fablico\" alt=\"\" \t\tclass=\"so-widget-image\"\/>\n\t<\/div>\n\n<\/div><\/div><\/div><\/div><div id=\"pg-409-1\"  class=\"panel-grid panel-no-style\" ><div id=\"pgc-409-1-0\"  class=\"panel-grid-cell\" ><div id=\"panel-409-1-0-0\" class=\"so-panel widget widget_sow-editor panel-first-child panel-last-child\" data-index=\"1\" ><div\n\t\t\t\n\t\t\tclass=\"so-widget-sow-editor so-widget-sow-editor-base\"\n\t\t\t\n\t\t>\n<div class=\"siteorigin-widget-tinymce textwidget\">\n\t<p>&nbsp;<\/p>\n<p>&nbsp;<\/p>\n<p>&nbsp;<\/p>\n<p><img loading=\"lazy\" decoding=\"async\" class=\"aligncenter wp-image-2561 size-full\" src=\"https:\/\/wp.ufpel.edu.br\/linse\/files\/2020\/11\/VERSAO02_Setor-Publico-Infografico-01-1-e1604667943749.png\" alt=\"\" width=\"3325\" height=\"12445\" srcset=\"https:\/\/wp.ufpel.edu.br\/linse\/files\/2020\/11\/VERSAO02_Setor-Publico-Infografico-01-1-e1604667943749.png 3325w, https:\/\/wp.ufpel.edu.br\/linse\/files\/2020\/11\/VERSAO02_Setor-Publico-Infografico-01-1-e1604667943749-85x318.png 85w, https:\/\/wp.ufpel.edu.br\/linse\/files\/2020\/11\/VERSAO02_Setor-Publico-Infografico-01-1-e1604667943749-768x2875.png 768w, https:\/\/wp.ufpel.edu.br\/linse\/files\/2020\/11\/VERSAO02_Setor-Publico-Infografico-01-1-e1604667943749-410x1536.png 410w, https:\/\/wp.ufpel.edu.br\/linse\/files\/2020\/11\/VERSAO02_Setor-Publico-Infografico-01-1-e1604667943749-547x2048.png 547w\" sizes=\"auto, (max-width: 3325px) 100vw, 3325px\" \/><\/p>\n<\/div>\n<\/div><\/div><\/div><\/div><div id=\"pg-409-2\"  class=\"panel-grid panel-no-style\" ><div id=\"pgc-409-2-0\"  class=\"panel-grid-cell\" ><div id=\"panel-409-2-0-0\" class=\"so-panel widget widget_sow-image panel-first-child panel-last-child\" data-index=\"2\" ><div\n\t\t\t\n\t\t\tclass=\"so-widget-sow-image so-widget-sow-image-default-c67d20f9f743-409\"\n\t\t\t\n\t\t>\n<div class=\"sow-image-container\">\n\t\t\t<a href=\"https:\/\/wp.ufpel.edu.br\/linse\/contato\/\"\n\t\t\ttarget=\"_blank\" rel=\"noopener noreferrer\" \t\t>\n\t\t\t<img \n\tsrc=\"https:\/\/wp.ufpel.edu.br\/linse\/files\/2020\/09\/Botoes-01-424x128.png\" width=\"424\" height=\"128\" srcset=\"https:\/\/wp.ufpel.edu.br\/linse\/files\/2020\/09\/Botoes-01-424x128.png 424w, https:\/\/wp.ufpel.edu.br\/linse\/files\/2020\/09\/Botoes-01-212x64.png 212w, https:\/\/wp.ufpel.edu.br\/linse\/files\/2020\/09\/Botoes-01-768x232.png 768w, https:\/\/wp.ufpel.edu.br\/linse\/files\/2020\/09\/Botoes-01.png 1355w\" sizes=\"(max-width: 424px) 100vw, 424px\" title=\"Bot\u00f5es-01\" alt=\"\" \t\tclass=\"so-widget-image\"\/>\n\t\t\t<\/a><\/div>\n\n<\/div><\/div><\/div><div id=\"pgc-409-2-1\"  class=\"panel-grid-cell\" ><div id=\"panel-409-2-1-0\" class=\"so-panel widget widget_sow-image panel-first-child panel-last-child\" data-index=\"3\" ><div\n\t\t\t\n\t\t\tclass=\"so-widget-sow-image so-widget-sow-image-default-c67d20f9f743-409\"\n\t\t\t\n\t\t>\n<div class=\"sow-image-container\">\n\t\t\t<a href=\"https:\/\/docs.google.com\/forms\/d\/1xlI05_tROtOss8XHRmwFAvkRJh9EQqMHgmQg6aehBo8\/viewform?edit_requested=true\"\n\t\t\ttarget=\"_blank\" rel=\"noopener noreferrer\" \t\t>\n\t\t\t<img \n\tsrc=\"https:\/\/wp.ufpel.edu.br\/linse\/files\/2020\/09\/Botoes-02-424x128.png\" width=\"424\" height=\"128\" srcset=\"https:\/\/wp.ufpel.edu.br\/linse\/files\/2020\/09\/Botoes-02-424x128.png 424w, https:\/\/wp.ufpel.edu.br\/linse\/files\/2020\/09\/Botoes-02-212x64.png 212w, https:\/\/wp.ufpel.edu.br\/linse\/files\/2020\/09\/Botoes-02-768x232.png 768w, https:\/\/wp.ufpel.edu.br\/linse\/files\/2020\/09\/Botoes-02.png 1355w\" sizes=\"(max-width: 424px) 100vw, 424px\" title=\"Bot\u00f5es-02\" alt=\"\" \t\tclass=\"so-widget-image\"\/>\n\t\t\t<\/a><\/div>\n\n<\/div><\/div><\/div><div id=\"pgc-409-2-2\"  class=\"panel-grid-cell\" ><div id=\"panel-409-2-2-0\" class=\"so-panel widget widget_sow-image panel-first-child panel-last-child\" data-index=\"4\" ><div\n\t\t\t\n\t\t\tclass=\"so-widget-sow-image so-widget-sow-image-default-c67d20f9f743-409\"\n\t\t\t\n\t\t>\n<div class=\"sow-image-container\">\n\t\t\t<a href=\"https:\/\/linse.ufpel.edu.br\/suporte\/\"\n\t\t\t\t\t>\n\t\t\t<img \n\tsrc=\"https:\/\/wp.ufpel.edu.br\/linse\/files\/2020\/09\/Botoes-03-424x128.png\" width=\"424\" height=\"128\" srcset=\"https:\/\/wp.ufpel.edu.br\/linse\/files\/2020\/09\/Botoes-03-424x128.png 424w, https:\/\/wp.ufpel.edu.br\/linse\/files\/2020\/09\/Botoes-03-212x64.png 212w, https:\/\/wp.ufpel.edu.br\/linse\/files\/2020\/09\/Botoes-03-768x232.png 768w, https:\/\/wp.ufpel.edu.br\/linse\/files\/2020\/09\/Botoes-03.png 1355w\" sizes=\"(max-width: 424px) 100vw, 424px\" title=\"Bot\u00f5es-03\" alt=\"\" \t\tclass=\"so-widget-image\"\/>\n\t\t\t<\/a><\/div>\n\n<\/div><\/div><\/div><\/div><div id=\"pg-409-3\"  class=\"panel-grid panel-no-style\" ><div id=\"pgc-409-3-0\"  class=\"panel-grid-cell\" ><div id=\"panel-409-3-0-0\" class=\"so-panel widget widget_sow-image panel-first-child panel-last-child\" data-index=\"5\" ><div class=\"panel-widget-style panel-widget-style-for-409-3-0-0\" ><div\n\t\t\t\n\t\t\tclass=\"so-widget-sow-image so-widget-sow-image-default-8b5b6f678277-409\"\n\t\t\t\n\t\t>\n<div class=\"sow-image-container\">\n\t\t<img \n\tsrc=\"https:\/\/wp.ufpel.edu.br\/linse\/files\/2020\/08\/linha-preta-5.png\" width=\"5935\" height=\"2\" srcset=\"https:\/\/wp.ufpel.edu.br\/linse\/files\/2020\/08\/linha-preta-5.png 5935w, https:\/\/wp.ufpel.edu.br\/linse\/files\/2020\/08\/linha-preta-5-424x1.png 424w, https:\/\/wp.ufpel.edu.br\/linse\/files\/2020\/08\/linha-preta-5-984x2.png 984w, https:\/\/wp.ufpel.edu.br\/linse\/files\/2020\/08\/linha-preta-5-212x1.png 212w, https:\/\/wp.ufpel.edu.br\/linse\/files\/2020\/08\/linha-preta-5-768x1.png 768w, https:\/\/wp.ufpel.edu.br\/linse\/files\/2020\/08\/linha-preta-5-1536x1.png 1536w, https:\/\/wp.ufpel.edu.br\/linse\/files\/2020\/08\/linha-preta-5-2048x1.png 2048w, https:\/\/wp.ufpel.edu.br\/linse\/files\/2020\/08\/linha-preta-5-720x2.png 720w, https:\/\/wp.ufpel.edu.br\/linse\/files\/2020\/08\/linha-preta-5-1080x2.png 1080w, https:\/\/wp.ufpel.edu.br\/linse\/files\/2020\/08\/linha-preta-5-960x2.png 960w, https:\/\/wp.ufpel.edu.br\/linse\/files\/2020\/08\/linha-preta-5-272x2.png 272w, https:\/\/wp.ufpel.edu.br\/linse\/files\/2020\/08\/linha-preta-5-436x2.png 436w\" sizes=\"(max-width: 5935px) 100vw, 5935px\" title=\"linha preta\" alt=\"\" \t\tclass=\"so-widget-image\"\/>\n\t<\/div>\n\n<\/div><\/div><\/div><\/div><\/div><div id=\"pg-409-4\"  class=\"panel-grid panel-no-style\" ><div id=\"pgc-409-4-0\"  class=\"panel-grid-cell\" ><div id=\"panel-409-4-0-0\" class=\"so-panel widget widget_sow-editor panel-first-child panel-last-child\" data-index=\"6\" ><div\n\t\t\t\n\t\t\tclass=\"so-widget-sow-editor so-widget-sow-editor-base\"\n\t\t\t\n\t\t>\n<div class=\"siteorigin-widget-tinymce textwidget\">\n\t<p align=\"center\"><span style=\"font-family: Helvetica, serif;font-size: 18pt\">Veja tamb\u00e9m os outros servi\u00e7os que oferecemos para voc\u00ea!<\/span><\/p>\n<\/div>\n<\/div><\/div><\/div><\/div><div id=\"pg-409-5\"  class=\"panel-grid panel-no-style\" ><div id=\"pgc-409-5-0\"  class=\"panel-grid-cell\" ><div id=\"panel-409-5-0-0\" class=\"so-panel widget widget_sow-image panel-first-child panel-last-child\" data-index=\"7\" ><div\n\t\t\t\n\t\t\tclass=\"so-widget-sow-image so-widget-sow-image-default-c67d20f9f743-409\"\n\t\t\t\n\t\t>\n<div class=\"sow-image-container\">\n\t\t\t<a href=\"https:\/\/wp.ufpel.edu.br\/linse\/servicos\/\"\n\t\t\t\t\t>\n\t\t\t<img \n\tsrc=\"https:\/\/wp.ufpel.edu.br\/linse\/files\/2020\/09\/Botoes-04-424x90.png\" width=\"424\" height=\"90\" srcset=\"https:\/\/wp.ufpel.edu.br\/linse\/files\/2020\/09\/Botoes-04-424x90.png 424w, https:\/\/wp.ufpel.edu.br\/linse\/files\/2020\/09\/Botoes-04-212x45.png 212w, https:\/\/wp.ufpel.edu.br\/linse\/files\/2020\/09\/Botoes-04-768x164.png 768w, https:\/\/wp.ufpel.edu.br\/linse\/files\/2020\/09\/Botoes-04-1536x327.png 1536w, https:\/\/wp.ufpel.edu.br\/linse\/files\/2020\/09\/Botoes-04.png 1925w\" sizes=\"(max-width: 424px) 100vw, 424px\" title=\"Bot\u00f5es-04\" alt=\"\" \t\tclass=\"so-widget-image\"\/>\n\t\t\t<\/a><\/div>\n\n<\/div><\/div><\/div><\/div><div id=\"pg-409-6\"  class=\"panel-grid panel-no-style\" ><div id=\"pgc-409-6-0\"  class=\"panel-grid-cell\" ><div id=\"panel-409-6-0-0\" class=\"so-panel widget widget_sow-image panel-first-child panel-last-child\" data-index=\"8\" ><div class=\"panel-widget-style panel-widget-style-for-409-6-0-0\" ><div\n\t\t\t\n\t\t\tclass=\"so-widget-sow-image so-widget-sow-image-default-8b5b6f678277-409\"\n\t\t\t\n\t\t>\n<div class=\"sow-image-container\">\n\t\t<img \n\tsrc=\"https:\/\/wp.ufpel.edu.br\/linse\/files\/2020\/08\/linha-preta-5.png\" width=\"5935\" height=\"2\" srcset=\"https:\/\/wp.ufpel.edu.br\/linse\/files\/2020\/08\/linha-preta-5.png 5935w, https:\/\/wp.ufpel.edu.br\/linse\/files\/2020\/08\/linha-preta-5-424x1.png 424w, https:\/\/wp.ufpel.edu.br\/linse\/files\/2020\/08\/linha-preta-5-984x2.png 984w, https:\/\/wp.ufpel.edu.br\/linse\/files\/2020\/08\/linha-preta-5-212x1.png 212w, https:\/\/wp.ufpel.edu.br\/linse\/files\/2020\/08\/linha-preta-5-768x1.png 768w, https:\/\/wp.ufpel.edu.br\/linse\/files\/2020\/08\/linha-preta-5-1536x1.png 1536w, https:\/\/wp.ufpel.edu.br\/linse\/files\/2020\/08\/linha-preta-5-2048x1.png 2048w, https:\/\/wp.ufpel.edu.br\/linse\/files\/2020\/08\/linha-preta-5-720x2.png 720w, https:\/\/wp.ufpel.edu.br\/linse\/files\/2020\/08\/linha-preta-5-1080x2.png 1080w, https:\/\/wp.ufpel.edu.br\/linse\/files\/2020\/08\/linha-preta-5-960x2.png 960w, https:\/\/wp.ufpel.edu.br\/linse\/files\/2020\/08\/linha-preta-5-272x2.png 272w, https:\/\/wp.ufpel.edu.br\/linse\/files\/2020\/08\/linha-preta-5-436x2.png 436w\" sizes=\"(max-width: 5935px) 100vw, 5935px\" title=\"linha preta\" alt=\"\" \t\tclass=\"so-widget-image\"\/>\n\t<\/div>\n\n<\/div><\/div><\/div><\/div><\/div><\/div>","protected":false},"excerpt":{"rendered":"<p>&nbsp; &nbsp; &nbsp;<\/p>\n","protected":false},"author":920,"featured_media":0,"parent":0,"menu_order":0,"comment_status":"closed","ping_status":"closed","template":"","meta":{"footnotes":""},"class_list":["post-409","page","type-page","status-publish","hentry","post"],"_links":{"self":[{"href":"https:\/\/wp.ufpel.edu.br\/linse\/wp-json\/wp\/v2\/pages\/409","targetHints":{"allow":["GET"]}}],"collection":[{"href":"https:\/\/wp.ufpel.edu.br\/linse\/wp-json\/wp\/v2\/pages"}],"about":[{"href":"https:\/\/wp.ufpel.edu.br\/linse\/wp-json\/wp\/v2\/types\/page"}],"author":[{"embeddable":true,"href":"https:\/\/wp.ufpel.edu.br\/linse\/wp-json\/wp\/v2\/users\/920"}],"replies":[{"embeddable":true,"href":"https:\/\/wp.ufpel.edu.br\/linse\/wp-json\/wp\/v2\/comments?post=409"}],"version-history":[{"count":28,"href":"https:\/\/wp.ufpel.edu.br\/linse\/wp-json\/wp\/v2\/pages\/409\/revisions"}],"predecessor-version":[{"id":2562,"href":"https:\/\/wp.ufpel.edu.br\/linse\/wp-json\/wp\/v2\/pages\/409\/revisions\/2562"}],"wp:attachment":[{"href":"https:\/\/wp.ufpel.edu.br\/linse\/wp-json\/wp\/v2\/media?parent=409"}],"curies":[{"name":"wp","href":"https:\/\/api.w.org\/{rel}","templated":true}]}}