{"id":354,"date":"2019-11-21T08:28:18","date_gmt":"2019-11-21T11:28:18","guid":{"rendered":"https:\/\/wp.ufpel.edu.br\/linse\/?page_id=354"},"modified":"2020-10-09T10:24:00","modified_gmt":"2020-10-09T13:24:00","slug":"contato","status":"publish","type":"page","link":"https:\/\/wp.ufpel.edu.br\/linse\/contato\/","title":{"rendered":"Contato"},"content":{"rendered":"<div id=\"pl-354\"  class=\"panel-layout\" ><div id=\"pg-354-0\"  class=\"panel-grid panel-no-style\" ><div id=\"pgc-354-0-0\"  class=\"panel-grid-cell\" ><div id=\"panel-354-0-0-0\" class=\"so-panel widget widget_media_image panel-first-child panel-last-child\" data-index=\"0\" ><img loading=\"lazy\" decoding=\"async\" width=\"5608\" height=\"2675\" src=\"https:\/\/wp.ufpel.edu.br\/linse\/files\/2020\/09\/Banners-Servicos-13.png\" class=\"image wp-image-2205  attachment-full size-full\" alt=\"\" style=\"max-width: 100%; height: auto;\" srcset=\"https:\/\/wp.ufpel.edu.br\/linse\/files\/2020\/09\/Banners-Servicos-13.png 5608w, https:\/\/wp.ufpel.edu.br\/linse\/files\/2020\/09\/Banners-Servicos-13-424x202.png 424w, https:\/\/wp.ufpel.edu.br\/linse\/files\/2020\/09\/Banners-Servicos-13-212x101.png 212w, https:\/\/wp.ufpel.edu.br\/linse\/files\/2020\/09\/Banners-Servicos-13-768x366.png 768w, https:\/\/wp.ufpel.edu.br\/linse\/files\/2020\/09\/Banners-Servicos-13-1536x733.png 1536w, https:\/\/wp.ufpel.edu.br\/linse\/files\/2020\/09\/Banners-Servicos-13-2048x977.png 2048w\" sizes=\"auto, (max-width: 5608px) 100vw, 5608px\" \/><\/div><\/div><\/div><div id=\"pg-354-1\"  class=\"panel-grid panel-no-style\" ><div id=\"pgc-354-1-0\"  class=\"panel-grid-cell\" ><div id=\"panel-354-1-0-0\" class=\"so-panel widget widget_sow-editor panel-first-child panel-last-child\" data-index=\"1\" ><div\n\t\t\t\n\t\t\tclass=\"so-widget-sow-editor so-widget-sow-editor-base\"\n\t\t\t\n\t\t>\n<div class=\"siteorigin-widget-tinymce textwidget\">\n\t<p style=\"text-align: center\"><span style=\"font-size: 18pt;font-family: helvetica, arial, sans-serif\">Entre em contato conosco!<\/span><\/p>\n<\/div>\n<\/div><\/div><\/div><\/div><div id=\"pg-354-2\"  class=\"panel-grid panel-no-style\" ><div id=\"pgc-354-2-0\"  class=\"panel-grid-cell\" ><div id=\"panel-354-2-0-0\" class=\"so-panel widget widget_sow-image panel-first-child panel-last-child\" data-index=\"2\" ><div class=\"panel-widget-style panel-widget-style-for-354-2-0-0\" ><div\n\t\t\t\n\t\t\tclass=\"so-widget-sow-image so-widget-sow-image-default-8b5b6f678277-354\"\n\t\t\t\n\t\t>\n<div class=\"sow-image-container\">\n\t\t<img \n\tsrc=\"https:\/\/wp.ufpel.edu.br\/linse\/files\/2020\/08\/linha-preta-5.png\" width=\"5935\" height=\"2\" srcset=\"https:\/\/wp.ufpel.edu.br\/linse\/files\/2020\/08\/linha-preta-5.png 5935w, https:\/\/wp.ufpel.edu.br\/linse\/files\/2020\/08\/linha-preta-5-424x1.png 424w, https:\/\/wp.ufpel.edu.br\/linse\/files\/2020\/08\/linha-preta-5-984x2.png 984w, https:\/\/wp.ufpel.edu.br\/linse\/files\/2020\/08\/linha-preta-5-212x1.png 212w, https:\/\/wp.ufpel.edu.br\/linse\/files\/2020\/08\/linha-preta-5-768x1.png 768w, https:\/\/wp.ufpel.edu.br\/linse\/files\/2020\/08\/linha-preta-5-1536x1.png 1536w, https:\/\/wp.ufpel.edu.br\/linse\/files\/2020\/08\/linha-preta-5-2048x1.png 2048w, https:\/\/wp.ufpel.edu.br\/linse\/files\/2020\/08\/linha-preta-5-720x2.png 720w, https:\/\/wp.ufpel.edu.br\/linse\/files\/2020\/08\/linha-preta-5-1080x2.png 1080w, https:\/\/wp.ufpel.edu.br\/linse\/files\/2020\/08\/linha-preta-5-960x2.png 960w, https:\/\/wp.ufpel.edu.br\/linse\/files\/2020\/08\/linha-preta-5-272x2.png 272w, https:\/\/wp.ufpel.edu.br\/linse\/files\/2020\/08\/linha-preta-5-436x2.png 436w\" sizes=\"(max-width: 5935px) 100vw, 5935px\" title=\"linha preta\" alt=\"\" \t\tclass=\"so-widget-image\"\/>\n\t<\/div>\n\n<\/div><\/div><\/div><\/div><\/div><div id=\"pg-354-3\"  class=\"panel-grid panel-no-style\" ><div id=\"pgc-354-3-0\"  class=\"panel-grid-cell\" ><div id=\"panel-354-3-0-0\" class=\"so-panel widget widget_sow-editor panel-first-child panel-last-child\" data-index=\"3\" ><div class=\"panel-widget-style panel-widget-style-for-354-3-0-0\" ><div\n\t\t\t\n\t\t\tclass=\"so-widget-sow-editor so-widget-sow-editor-base\"\n\t\t\t\n\t\t>\n<div class=\"siteorigin-widget-tinymce textwidget\">\n\t<p style=\"text-align: center\"><span style=\"font-size: 14pt;font-family: helvetica, arial, sans-serif\">O Laborat\u00f3rio de Inspe\u00e7\u00e3o de Efici\u00eancia Energ\u00e9tica em Edifica\u00e7\u00f5es \u2013 LINSE\u00a0situa-se \u00e0 Rua Lobo da Costa, n\u00ba 447 \u2013 Centro \u2013 Pelotas\/RS<\/span><\/p>\n<p style=\"text-align: center\"><span style=\"font-size: 14pt;font-family: helvetica, arial, sans-serif\">Fone: (53) 3284.3142 \/ (53) 3284.3143<\/span><\/p>\n<p style=\"text-align: center\"><span style=\"font-size: 14pt;font-family: helvetica, arial, sans-serif\">E-mail:\u00a0linseufpel@gmail.com<\/span><\/p>\n<\/div>\n<\/div><\/div><\/div><\/div><\/div><div id=\"pg-354-4\"  class=\"panel-grid panel-no-style\" ><div id=\"pgc-354-4-0\"  class=\"panel-grid-cell\" ><div id=\"panel-354-4-0-0\" class=\"so-panel widget widget_sow-image panel-first-child panel-last-child\" data-index=\"4\" ><div class=\"panel-widget-style panel-widget-style-for-354-4-0-0\" ><div\n\t\t\t\n\t\t\tclass=\"so-widget-sow-image so-widget-sow-image-default-8b5b6f678277-354\"\n\t\t\t\n\t\t>\n<div class=\"sow-image-container\">\n\t\t<img \n\tsrc=\"https:\/\/wp.ufpel.edu.br\/linse\/files\/2020\/08\/linha-preta-5.png\" width=\"5935\" height=\"2\" srcset=\"https:\/\/wp.ufpel.edu.br\/linse\/files\/2020\/08\/linha-preta-5.png 5935w, https:\/\/wp.ufpel.edu.br\/linse\/files\/2020\/08\/linha-preta-5-424x1.png 424w, https:\/\/wp.ufpel.edu.br\/linse\/files\/2020\/08\/linha-preta-5-984x2.png 984w, https:\/\/wp.ufpel.edu.br\/linse\/files\/2020\/08\/linha-preta-5-212x1.png 212w, https:\/\/wp.ufpel.edu.br\/linse\/files\/2020\/08\/linha-preta-5-768x1.png 768w, https:\/\/wp.ufpel.edu.br\/linse\/files\/2020\/08\/linha-preta-5-1536x1.png 1536w, https:\/\/wp.ufpel.edu.br\/linse\/files\/2020\/08\/linha-preta-5-2048x1.png 2048w, https:\/\/wp.ufpel.edu.br\/linse\/files\/2020\/08\/linha-preta-5-720x2.png 720w, https:\/\/wp.ufpel.edu.br\/linse\/files\/2020\/08\/linha-preta-5-1080x2.png 1080w, https:\/\/wp.ufpel.edu.br\/linse\/files\/2020\/08\/linha-preta-5-960x2.png 960w, https:\/\/wp.ufpel.edu.br\/linse\/files\/2020\/08\/linha-preta-5-272x2.png 272w, https:\/\/wp.ufpel.edu.br\/linse\/files\/2020\/08\/linha-preta-5-436x2.png 436w\" sizes=\"(max-width: 5935px) 100vw, 5935px\" title=\"linha preta\" alt=\"\" \t\tclass=\"so-widget-image\"\/>\n\t<\/div>\n\n<\/div><\/div><\/div><\/div><\/div><div id=\"pg-354-5\"  class=\"panel-grid panel-no-style\" ><div id=\"pgc-354-5-0\"  class=\"panel-grid-cell\" ><div id=\"panel-354-5-0-0\" class=\"so-panel widget widget_sow-editor panel-first-child panel-last-child\" data-index=\"5\" ><div class=\"panel-widget-style panel-widget-style-for-354-5-0-0\" ><div\n\t\t\t\n\t\t\tclass=\"so-widget-sow-editor so-widget-sow-editor-base\"\n\t\t\t\n\t\t>\n<div class=\"siteorigin-widget-tinymce textwidget\">\n\t<p style=\"text-align: justify\"><span style=\"font-size: 14pt;font-family: helvetica, arial, sans-serif\">Conforme a Resolu\u00e7\u00e3o n\u00ba 06 do Conselho Universit\u00e1rio (CONSUN), de 04 de outubro de 2012, o LINSE est\u00e1 vinculado \u00e0 Universidade Federal de Pelotas (UFPel), identificada abaixo:<\/span><\/p>\n<p style=\"text-align: left\"><span style=\"font-size: 14pt;font-family: helvetica, arial, sans-serif\">Universidade Federal de Pelotas \u2013 UFPel<br \/>\n<\/span><span style=\"font-size: 14pt;font-family: helvetica, arial, sans-serif\">Rua Gomes Carneiro, 01 - Centro<br \/>\n<\/span><span style=\"font-size: 14pt;font-family: helvetica, arial, sans-serif\">CEP 96010-610 - Pelotas, RS<br \/>\n<\/span><span style=\"font-size: 14pt;font-family: helvetica, arial, sans-serif\">Caixa Postal 354<br \/>\n<\/span><span style=\"font-size: 14pt;font-family: helvetica, arial, sans-serif\">Fone: (53) 3921-1401 - Fax: (53) 3921-1268<br \/>\n<\/span><span style=\"font-size: 14pt;font-family: helvetica, arial, sans-serif\">CNPJ: 92.242.080\/0001-00<\/span><\/p>\n<p style=\"text-align: justify\"><span style=\"font-size: 14pt;font-family: helvetica, arial, sans-serif\">Na estrutura organizacional da UFPel, o LINSE \u00e9 parte integrante do Departamento de Tecnologia da Constru\u00e7\u00e3o (DTC) da Faculdade de Arquitetura e Urbanismo (FAUrb) da UFPel atrav\u00e9s da Portaria n\u00ba 001\/2013, de 18 de janeiro de 2013, da Dire\u00e7\u00e3o da Faculdade de Arquitetura e Urbanismo.<\/span><\/p>\n<p>&nbsp;<\/p>\n<\/div>\n<\/div><\/div><\/div><\/div><\/div><\/div>","protected":false},"excerpt":{"rendered":"<p>Entre em contato conosco!<\/p>\n","protected":false},"author":920,"featured_media":0,"parent":0,"menu_order":0,"comment_status":"closed","ping_status":"closed","template":"","meta":{"footnotes":""},"class_list":["post-354","page","type-page","status-publish","hentry","post"],"_links":{"self":[{"href":"https:\/\/wp.ufpel.edu.br\/linse\/wp-json\/wp\/v2\/pages\/354","targetHints":{"allow":["GET"]}}],"collection":[{"href":"https:\/\/wp.ufpel.edu.br\/linse\/wp-json\/wp\/v2\/pages"}],"about":[{"href":"https:\/\/wp.ufpel.edu.br\/linse\/wp-json\/wp\/v2\/types\/page"}],"author":[{"embeddable":true,"href":"https:\/\/wp.ufpel.edu.br\/linse\/wp-json\/wp\/v2\/users\/920"}],"replies":[{"embeddable":true,"href":"https:\/\/wp.ufpel.edu.br\/linse\/wp-json\/wp\/v2\/comments?post=354"}],"version-history":[{"count":20,"href":"https:\/\/wp.ufpel.edu.br\/linse\/wp-json\/wp\/v2\/pages\/354\/revisions"}],"predecessor-version":[{"id":2422,"href":"https:\/\/wp.ufpel.edu.br\/linse\/wp-json\/wp\/v2\/pages\/354\/revisions\/2422"}],"wp:attachment":[{"href":"https:\/\/wp.ufpel.edu.br\/linse\/wp-json\/wp\/v2\/media?parent=354"}],"curies":[{"name":"wp","href":"https:\/\/api.w.org\/{rel}","templated":true}]}}