{"id":311,"date":"2019-11-18T11:23:55","date_gmt":"2019-11-18T14:23:55","guid":{"rendered":"https:\/\/wp.ufpel.edu.br\/linse\/?page_id=311"},"modified":"2022-12-21T08:48:12","modified_gmt":"2022-12-21T11:48:12","slug":"politica-e-objetivos-da-qualidade","status":"publish","type":"page","link":"https:\/\/wp.ufpel.edu.br\/linse\/politica-e-objetivos-da-qualidade\/","title":{"rendered":"Pol\u00edtica e Objetivos da Qualidade"},"content":{"rendered":"<div id=\"pl-311\"  class=\"panel-layout\" ><div id=\"pg-311-0\"  class=\"panel-grid panel-no-style\" ><div id=\"pgc-311-0-0\"  class=\"panel-grid-cell\" ><div id=\"panel-311-0-0-0\" class=\"so-panel widget widget_media_image panel-first-child panel-last-child\" data-index=\"0\" ><img loading=\"lazy\" decoding=\"async\" width=\"5608\" height=\"2675\" src=\"https:\/\/wp.ufpel.edu.br\/linse\/files\/2020\/08\/Banners-Servicos-08.png\" class=\"image wp-image-2103  attachment-full size-full\" alt=\"\" style=\"max-width: 100%; height: auto;\" srcset=\"https:\/\/wp.ufpel.edu.br\/linse\/files\/2020\/08\/Banners-Servicos-08.png 5608w, https:\/\/wp.ufpel.edu.br\/linse\/files\/2020\/08\/Banners-Servicos-08-424x202.png 424w, https:\/\/wp.ufpel.edu.br\/linse\/files\/2020\/08\/Banners-Servicos-08-212x101.png 212w, https:\/\/wp.ufpel.edu.br\/linse\/files\/2020\/08\/Banners-Servicos-08-768x366.png 768w, https:\/\/wp.ufpel.edu.br\/linse\/files\/2020\/08\/Banners-Servicos-08-1536x733.png 1536w, https:\/\/wp.ufpel.edu.br\/linse\/files\/2020\/08\/Banners-Servicos-08-2048x977.png 2048w\" sizes=\"auto, (max-width: 5608px) 100vw, 5608px\" \/><\/div><\/div><\/div><div id=\"pg-311-1\"  class=\"panel-grid panel-no-style\" ><div id=\"pgc-311-1-0\"  class=\"panel-grid-cell\" ><div id=\"panel-311-1-0-0\" class=\"so-panel widget widget_sow-editor panel-first-child\" data-index=\"1\" ><div\n\t\t\t\n\t\t\tclass=\"so-widget-sow-editor so-widget-sow-editor-base\"\n\t\t\t\n\t\t>\n<div class=\"siteorigin-widget-tinymce textwidget\">\n\t<p style=\"text-align: justify\" align=\"center\"><span style=\"font-family: Helvetica, serif;font-size: 18pt\">A hist\u00f3ria do LINSE | UFPel - Laborat\u00f3rio de Inspe\u00e7\u00e3o de Efici\u00eancia Energ\u00e9tica em Edifica\u00e7\u00f5es - se confunde com a hist\u00f3ria da efici\u00eancia energ\u00e9tica em edifica\u00e7\u00f5es no pa\u00eds, estando desde o princ\u00edpio estritamente ligado aos acontecimentos para difundir o tema no cen\u00e1rio nacional.<\/span><\/p>\n<\/div>\n<\/div><\/div><div id=\"panel-311-1-0-1\" class=\"so-panel widget widget_sow-editor panel-last-child\" data-index=\"2\" ><div\n\t\t\t\n\t\t\tclass=\"so-widget-sow-editor so-widget-sow-editor-base\"\n\t\t\t\n\t\t>\n<div class=\"siteorigin-widget-tinymce textwidget\">\n\t<p align=\"justify\"><span style=\"font-size: 14pt;font-family: arial, helvetica, sans-serif\">Conforme regulamenta a Lei 10.295\/2001, a chamada Lei de Efici\u00eancia Energ\u00e9tica, no que tange \u00e0s edifica\u00e7\u00f5es, em dezembro de 2003, a Eletrobr\u00e1s celebrou, no \u00e2mbito do Programa Nacional de Conserva\u00e7\u00e3o de Energia El\u00e9trica \u2013 Procel, um conv\u00eanio que permitiu a capacita\u00e7\u00e3o do Laborat\u00f3rio de Conforto e Efici\u00eancia Energ\u00e9tica \u2013 LABCEE, vinculado \u00e0 Faculdade de Arquitetura e Urbanismo da UFPel.<\/span><\/p>\n<p align=\"justify\"><span style=\"font-size: 14pt;font-family: arial, helvetica, sans-serif\">A partir da evolu\u00e7\u00e3o dessa iniciativa, o LINSE surgiu da sele\u00e7\u00e3o do LABCEE\/UFPel no EDITAL ELETROBR\u00c1S\/ FUNPEC N\u00ba 01\/2010 para a cria\u00e7\u00e3o de um Organismo de Inspe\u00e7\u00e3o Acreditado (OIA) junto a CGCRE do INMETRO, segundo a NBR ISO 17020, e ser respons\u00e1vel por:<\/span><\/p>\n<p align=\"justify\"><span style=\"font-size: 14pt\"><img loading=\"lazy\" decoding=\"async\" class=\"aligncenter wp-image-2136\" src=\"https:\/\/wp.ufpel.edu.br\/linse\/files\/2020\/08\/Imagem-01-1.png\" alt=\"\" width=\"1500\" height=\"442\" srcset=\"https:\/\/wp.ufpel.edu.br\/linse\/files\/2020\/08\/Imagem-01-1.png 4229w, https:\/\/wp.ufpel.edu.br\/linse\/files\/2020\/08\/Imagem-01-1-424x125.png 424w, https:\/\/wp.ufpel.edu.br\/linse\/files\/2020\/08\/Imagem-01-1-212x62.png 212w, https:\/\/wp.ufpel.edu.br\/linse\/files\/2020\/08\/Imagem-01-1-768x226.png 768w, https:\/\/wp.ufpel.edu.br\/linse\/files\/2020\/08\/Imagem-01-1-1536x453.png 1536w, https:\/\/wp.ufpel.edu.br\/linse\/files\/2020\/08\/Imagem-01-1-2048x603.png 2048w\" sizes=\"auto, (max-width: 1500px) 100vw, 1500px\" \/><\/span><\/p>\n<p style=\"text-align: justify\" align=\"justify\"><span style=\"font-size: 14pt;font-family: arial, helvetica, sans-serif\">Assim, o LINSE | UFPel foi criado na estrutura da UFPel em 2012, e desde 2014, \u00e9 um Organismo de Inspe\u00e7\u00e3o Acreditado pela CGCRE do INMETRO para emitir a ENCE - Etiqueta Nacional de Conserva\u00e7\u00e3o de Energia para edifica\u00e7\u00f5es Comercias, de Servi\u00e7os e P\u00fablicas no pa\u00eds, bem como desenvolve outros servi\u00e7os relacionados a efici\u00eancia energ\u00e9tica em edifica\u00e7\u00f5es.<\/span><\/p>\n<\/div>\n<\/div><\/div><\/div><\/div><div id=\"pg-311-2\"  class=\"panel-grid panel-no-style\" ><div id=\"pgc-311-2-0\"  class=\"panel-grid-cell\" ><div id=\"panel-311-2-0-0\" class=\"so-panel widget widget_sow-image panel-first-child panel-last-child\" data-index=\"3\" ><div class=\"panel-widget-style panel-widget-style-for-311-2-0-0\" ><div\n\t\t\t\n\t\t\tclass=\"so-widget-sow-image so-widget-sow-image-default-8b5b6f678277-311\"\n\t\t\t\n\t\t>\n<div class=\"sow-image-container\">\n\t\t<img \n\tsrc=\"https:\/\/wp.ufpel.edu.br\/linse\/files\/2020\/08\/linha-preta-5.png\" width=\"5935\" height=\"2\" srcset=\"https:\/\/wp.ufpel.edu.br\/linse\/files\/2020\/08\/linha-preta-5.png 5935w, https:\/\/wp.ufpel.edu.br\/linse\/files\/2020\/08\/linha-preta-5-424x1.png 424w, https:\/\/wp.ufpel.edu.br\/linse\/files\/2020\/08\/linha-preta-5-984x2.png 984w, https:\/\/wp.ufpel.edu.br\/linse\/files\/2020\/08\/linha-preta-5-212x1.png 212w, https:\/\/wp.ufpel.edu.br\/linse\/files\/2020\/08\/linha-preta-5-768x1.png 768w, https:\/\/wp.ufpel.edu.br\/linse\/files\/2020\/08\/linha-preta-5-1536x1.png 1536w, https:\/\/wp.ufpel.edu.br\/linse\/files\/2020\/08\/linha-preta-5-2048x1.png 2048w, https:\/\/wp.ufpel.edu.br\/linse\/files\/2020\/08\/linha-preta-5-720x2.png 720w, https:\/\/wp.ufpel.edu.br\/linse\/files\/2020\/08\/linha-preta-5-1080x2.png 1080w, https:\/\/wp.ufpel.edu.br\/linse\/files\/2020\/08\/linha-preta-5-960x2.png 960w, https:\/\/wp.ufpel.edu.br\/linse\/files\/2020\/08\/linha-preta-5-272x2.png 272w, https:\/\/wp.ufpel.edu.br\/linse\/files\/2020\/08\/linha-preta-5-436x2.png 436w\" sizes=\"(max-width: 5935px) 100vw, 5935px\" title=\"linha preta\" alt=\"\" \t\tclass=\"so-widget-image\"\/>\n\t<\/div>\n\n<\/div><\/div><\/div><\/div><\/div><div id=\"pg-311-3\"  class=\"panel-grid panel-no-style\" ><div id=\"pgc-311-3-0\"  class=\"panel-grid-cell\" ><div id=\"panel-311-3-0-0\" class=\"so-panel widget widget_sow-editor panel-first-child\" data-index=\"4\" ><div\n\t\t\t\n\t\t\tclass=\"so-widget-sow-editor so-widget-sow-editor-base\"\n\t\t\t\n\t\t>\n<div class=\"siteorigin-widget-tinymce textwidget\">\n\t<p align=\"center\"><span style=\"font-family: Helvetica, serif;font-size: 18pt\">Pol\u00edtica de Qualidade<\/span><\/p>\n<\/div>\n<\/div><\/div><div id=\"panel-311-3-0-1\" class=\"so-panel widget widget_sow-editor panel-last-child\" data-index=\"5\" ><div\n\t\t\t\n\t\t\tclass=\"so-widget-sow-editor so-widget-sow-editor-base\"\n\t\t\t\n\t\t>\n<div class=\"siteorigin-widget-tinymce textwidget\">\n\t<p align=\"justify\"><span style=\"font-size: 14pt; font-family: helvetica, arial, sans-serif;\">O LINSE prop\u00f5e-se a fornecer um servi\u00e7o de inspe\u00e7\u00e3o em efici\u00eancia energ\u00e9tica de edifica\u00e7\u00f5es que atenda \u00e0s necessidades do mercado, buscando:<\/span><\/p>\n\n<ul>\n \t<li>\n<p align=\"justify\"><span style=\"font-size: 14pt; font-family: helvetica, arial, sans-serif;\">Assegurar agilidade, confiabilidade e imparcialidade;<\/span><\/p>\n<\/li>\n \t<li>\n<p align=\"justify\"><span style=\"font-size: 14pt; font-family: helvetica, arial, sans-serif;\">Possuir elevado dom\u00ednio de m\u00e9todos, t\u00e9cnicas e ferramentas do processo;<\/span><\/p>\n<\/li>\n \t<li>\n<p align=\"justify\"><span style=\"font-size: 14pt; font-family: helvetica, arial, sans-serif;\">Atuar com pessoal capacitado, comprometido e atualizado;<\/span><\/p>\n<\/li>\n \t<li>\n<p align=\"justify\"><span style=\"font-size: 14pt; font-family: helvetica, arial, sans-serif;\">Identificar continuamente as necessidades dos clientes e atend\u00ea-las com alto n\u00edvel de desempenho;<\/span><\/p>\n<\/li>\n \t<li>\n<p align=\"justify\"><span style=\"font-size: 14pt; font-family: helvetica, arial, sans-serif;\">Atender aos requisitos da ABNT NBR ISO\/IEC 17020;<\/span><\/p>\n<\/li>\n \t<li>\n<p align=\"justify\"><span style=\"font-size: 14pt; font-family: helvetica, arial, sans-serif;\">Promover a melhoria cont\u00ednua.<\/span><\/p>\n<\/li>\n<\/ul>\n<p align=\"center\"><\/p><\/div>\n<\/div><\/div><\/div><\/div><div id=\"pg-311-4\"  class=\"panel-grid panel-no-style\" ><div id=\"pgc-311-4-0\"  class=\"panel-grid-cell\" ><div id=\"panel-311-4-0-0\" class=\"so-panel widget widget_sow-image panel-first-child panel-last-child\" data-index=\"6\" ><div class=\"panel-widget-style panel-widget-style-for-311-4-0-0\" ><div\n\t\t\t\n\t\t\tclass=\"so-widget-sow-image so-widget-sow-image-default-8b5b6f678277-311\"\n\t\t\t\n\t\t>\n<div class=\"sow-image-container\">\n\t\t<img \n\tsrc=\"https:\/\/wp.ufpel.edu.br\/linse\/files\/2020\/08\/linha-preta-5.png\" width=\"5935\" height=\"2\" srcset=\"https:\/\/wp.ufpel.edu.br\/linse\/files\/2020\/08\/linha-preta-5.png 5935w, https:\/\/wp.ufpel.edu.br\/linse\/files\/2020\/08\/linha-preta-5-424x1.png 424w, https:\/\/wp.ufpel.edu.br\/linse\/files\/2020\/08\/linha-preta-5-984x2.png 984w, https:\/\/wp.ufpel.edu.br\/linse\/files\/2020\/08\/linha-preta-5-212x1.png 212w, https:\/\/wp.ufpel.edu.br\/linse\/files\/2020\/08\/linha-preta-5-768x1.png 768w, https:\/\/wp.ufpel.edu.br\/linse\/files\/2020\/08\/linha-preta-5-1536x1.png 1536w, https:\/\/wp.ufpel.edu.br\/linse\/files\/2020\/08\/linha-preta-5-2048x1.png 2048w, https:\/\/wp.ufpel.edu.br\/linse\/files\/2020\/08\/linha-preta-5-720x2.png 720w, https:\/\/wp.ufpel.edu.br\/linse\/files\/2020\/08\/linha-preta-5-1080x2.png 1080w, https:\/\/wp.ufpel.edu.br\/linse\/files\/2020\/08\/linha-preta-5-960x2.png 960w, https:\/\/wp.ufpel.edu.br\/linse\/files\/2020\/08\/linha-preta-5-272x2.png 272w, https:\/\/wp.ufpel.edu.br\/linse\/files\/2020\/08\/linha-preta-5-436x2.png 436w\" sizes=\"(max-width: 5935px) 100vw, 5935px\" title=\"linha preta\" alt=\"\" \t\tclass=\"so-widget-image\"\/>\n\t<\/div>\n\n<\/div><\/div><\/div><\/div><\/div><div id=\"pg-311-5\"  class=\"panel-grid panel-no-style\" ><div id=\"pgc-311-5-0\"  class=\"panel-grid-cell\" ><div id=\"panel-311-5-0-0\" class=\"so-panel widget widget_sow-editor panel-first-child\" data-index=\"7\" ><div\n\t\t\t\n\t\t\tclass=\"so-widget-sow-editor so-widget-sow-editor-base\"\n\t\t\t\n\t\t>\n<div class=\"siteorigin-widget-tinymce textwidget\">\n\t<p align=\"center\"><span style=\"font-family: Helvetica, serif;font-size: 18pt\">Miss\u00e3o, vis\u00e3o e valores<\/span><\/p>\n<\/div>\n<\/div><\/div><div id=\"panel-311-5-0-1\" class=\"so-panel widget widget_sow-editor panel-last-child\" data-index=\"8\" ><div\n\t\t\t\n\t\t\tclass=\"so-widget-sow-editor so-widget-sow-editor-base\"\n\t\t\t\n\t\t>\n<div class=\"siteorigin-widget-tinymce textwidget\">\n\t<p align=\"justify\"><span style=\"font-size: 14pt; font-family: helvetica, arial, sans-serif;\"><strong>MISS\u00c3O\u00a0\u00a0\u00a0\u00a0\u00a0\u00a0\u00a0\u00a0\u00a0\u00a0\u00a0\u00a0\u00a0\u00a0\u00a0\u00a0\u00a0\u00a0\u00a0\u00a0\u00a0\u00a0\u00a0\u00a0\u00a0\u00a0\u00a0\u00a0\u00a0\u00a0\u00a0\u00a0\u00a0\u00a0\u00a0\u00a0\u00a0\u00a0\u00a0\u00a0\u00a0\u00a0\u00a0\u00a0\u00a0\u00a0\u00a0\u00a0\u00a0\u00a0\u00a0\u00a0\u00a0\u00a0\u00a0\u00a0\u00a0\u00a0\u00a0\u00a0\u00a0\u00a0\u00a0\u00a0\u00a0\u00a0\u00a0\u00a0\u00a0\u00a0\u00a0\u00a0\u00a0\u00a0\u00a0\u00a0\u00a0\u00a0\u00a0\u00a0\u00a0\u00a0\u00a0\u00a0\u00a0\u00a0\u00a0\u00a0\u00a0\u00a0\u00a0\u00a0\u00a0\u00a0\u00a0\u00a0 <\/strong><\/span><\/p>\n<p align=\"justify\"><span style=\"font-size: 14pt; font-family: helvetica, arial, sans-serif;\">Promover solu\u00e7\u00f5es em efici\u00eancia energ\u00e9tica das edifica\u00e7\u00f5es, contribuindo para a implementa\u00e7\u00e3o e consolida\u00e7\u00e3o de pol\u00edticas p\u00fablicas para o desenvolvimento sustent\u00e1vel.<\/span><\/p>\n<p>&nbsp;<\/p>\n<p align=\"justify\"><span style=\"font-size: 14pt; font-family: helvetica, arial, sans-serif;\"><strong>VIS\u00c3O<\/strong><\/span><\/p>\n<p align=\"justify\"><span style=\"font-size: 14pt; font-family: helvetica, arial, sans-serif;\">Ser refer\u00eancia em servi\u00e7os para a efici\u00eancia energ\u00e9tica das edifica\u00e7\u00f5es.<\/span><\/p>\n<p>&nbsp;<\/p>\n<p align=\"justify\"><span style=\"font-size: 14pt; font-family: helvetica, arial, sans-serif;\"><strong>VALORES<\/strong><\/span><\/p>\n<p align=\"justify\"><span style=\"font-size: 14pt; font-family: helvetica, arial, sans-serif;\">-Qualidade<\/span><\/p>\n<p align=\"justify\"><span style=\"font-size: 14pt; font-family: helvetica, arial, sans-serif;\">- Efici\u00eancia<\/span><\/p>\n<p align=\"justify\"><span style=\"font-size: 14pt; font-family: helvetica, arial, sans-serif;\">- Imparcialidade<\/span><\/p>\n<p align=\"justify\"><span style=\"font-size: 14pt; font-family: helvetica, arial, sans-serif;\">- \u00c9tica<\/span><\/p>\n<p align=\"justify\"><span style=\"font-size: 14pt; font-family: helvetica, arial, sans-serif;\">- Transpar\u00eancia<\/span><\/p>\n<p align=\"justify\"><span style=\"font-size: 14pt; font-family: helvetica, arial, sans-serif;\">- Vanguarda<\/span><\/p>\n<p align=\"justify\"><span style=\"font-size: 14pt; font-family: helvetica, arial, sans-serif;\">- Coopera\u00e7\u00e3o<\/span><\/p>\n<p align=\"justify\"><span style=\"font-size: 14pt; font-family: helvetica, arial, sans-serif;\">- Responsabilidade social<\/span><\/p>\n<p align=\"justify\"><span style=\"font-size: 14pt; font-family: helvetica, arial, sans-serif;\">- Sustentabilidade<\/span><\/p>\n<p align=\"justify\"><span style=\"font-size: 14pt; font-family: helvetica, arial, sans-serif;\">- Comprometimento<\/span><\/p>\n<\/div>\n<\/div><\/div><\/div><\/div><\/div>","protected":false},"excerpt":{"rendered":"<p>A hist\u00f3ria do LINSE | UFPel &#8211; Laborat\u00f3rio de Inspe\u00e7\u00e3o de Efici\u00eancia Energ\u00e9tica em Edifica\u00e7\u00f5es &#8211; se confunde com a hist\u00f3ria da efici\u00eancia energ\u00e9tica em edifica\u00e7\u00f5es no pa\u00eds, estando desde o princ\u00edpio estritamente ligado aos acontecimentos para difundir o tema no cen\u00e1rio nacional. Conforme regulamenta a Lei 10.295\/2001, a chamada Lei de Efici\u00eancia Energ\u00e9tica, no [&hellip;]<\/p>\n","protected":false},"author":920,"featured_media":0,"parent":0,"menu_order":0,"comment_status":"closed","ping_status":"closed","template":"","meta":{"footnotes":""},"class_list":["post-311","page","type-page","status-publish","hentry","post"],"_links":{"self":[{"href":"https:\/\/wp.ufpel.edu.br\/linse\/wp-json\/wp\/v2\/pages\/311","targetHints":{"allow":["GET"]}}],"collection":[{"href":"https:\/\/wp.ufpel.edu.br\/linse\/wp-json\/wp\/v2\/pages"}],"about":[{"href":"https:\/\/wp.ufpel.edu.br\/linse\/wp-json\/wp\/v2\/types\/page"}],"author":[{"embeddable":true,"href":"https:\/\/wp.ufpel.edu.br\/linse\/wp-json\/wp\/v2\/users\/920"}],"replies":[{"embeddable":true,"href":"https:\/\/wp.ufpel.edu.br\/linse\/wp-json\/wp\/v2\/comments?post=311"}],"version-history":[{"count":16,"href":"https:\/\/wp.ufpel.edu.br\/linse\/wp-json\/wp\/v2\/pages\/311\/revisions"}],"predecessor-version":[{"id":3035,"href":"https:\/\/wp.ufpel.edu.br\/linse\/wp-json\/wp\/v2\/pages\/311\/revisions\/3035"}],"wp:attachment":[{"href":"https:\/\/wp.ufpel.edu.br\/linse\/wp-json\/wp\/v2\/media?parent=311"}],"curies":[{"name":"wp","href":"https:\/\/api.w.org\/{rel}","templated":true}]}}