{"id":22,"date":"2017-04-19T11:18:49","date_gmt":"2017-04-19T14:18:49","guid":{"rendered":"https:\/\/wp.ufpel.edu.br\/linse\/?page_id=22"},"modified":"2021-03-11T13:19:07","modified_gmt":"2021-03-11T16:19:07","slug":"gestao-institucional","status":"publish","type":"page","link":"https:\/\/wp.ufpel.edu.br\/linse\/linse\/gestao-institucional\/","title":{"rendered":"Gest\u00e3o Institucional"},"content":{"rendered":"<div id=\"pl-22\"  class=\"panel-layout\" ><div id=\"pg-22-0\"  class=\"panel-grid panel-no-style\" ><div id=\"pgc-22-0-0\"  class=\"panel-grid-cell\" ><div id=\"panel-22-0-0-0\" class=\"so-panel widget widget_media_image panel-first-child panel-last-child\" data-index=\"0\" ><img loading=\"lazy\" decoding=\"async\" width=\"5608\" height=\"2675\" src=\"https:\/\/wp.ufpel.edu.br\/linse\/files\/2020\/09\/Banners-Servicos-09.png\" class=\"image wp-image-2199  attachment-full size-full\" alt=\"\" style=\"max-width: 100%; height: auto;\" srcset=\"https:\/\/wp.ufpel.edu.br\/linse\/files\/2020\/09\/Banners-Servicos-09.png 5608w, https:\/\/wp.ufpel.edu.br\/linse\/files\/2020\/09\/Banners-Servicos-09-424x202.png 424w, https:\/\/wp.ufpel.edu.br\/linse\/files\/2020\/09\/Banners-Servicos-09-212x101.png 212w, https:\/\/wp.ufpel.edu.br\/linse\/files\/2020\/09\/Banners-Servicos-09-768x366.png 768w, https:\/\/wp.ufpel.edu.br\/linse\/files\/2020\/09\/Banners-Servicos-09-1536x733.png 1536w, https:\/\/wp.ufpel.edu.br\/linse\/files\/2020\/09\/Banners-Servicos-09-2048x977.png 2048w\" sizes=\"auto, (max-width: 5608px) 100vw, 5608px\" \/><\/div><\/div><\/div><div id=\"pg-22-1\"  class=\"panel-grid panel-no-style\" ><div id=\"pgc-22-1-0\"  class=\"panel-grid-cell\" ><div id=\"panel-22-1-0-0\" class=\"so-panel widget widget_sow-editor panel-first-child panel-last-child\" data-index=\"1\" ><div\n\t\t\t\n\t\t\tclass=\"so-widget-sow-editor so-widget-sow-editor-base\"\n\t\t\t\n\t\t>\n<div class=\"siteorigin-widget-tinymce textwidget\">\n\t<p align=\"center\"><span style=\"font-size: 18pt\"><span style=\"font-family: helvetica, arial, sans-serif\">Conhe\u00e7a a estrutura do Linse e alguns de seus colaboradores<\/span><i><b> <\/b><\/i><\/span><\/p>\n<p align=\"center\"><img loading=\"lazy\" decoding=\"async\" class=\"alignnone size-full wp-image-2200\" src=\"https:\/\/wp.ufpel.edu.br\/linse\/files\/2020\/09\/Imagem_01.png\" alt=\"\" width=\"4229\" height=\"3106\" srcset=\"https:\/\/wp.ufpel.edu.br\/linse\/files\/2020\/09\/Imagem_01.png 4229w, https:\/\/wp.ufpel.edu.br\/linse\/files\/2020\/09\/Imagem_01-424x311.png 424w, https:\/\/wp.ufpel.edu.br\/linse\/files\/2020\/09\/Imagem_01-212x156.png 212w, https:\/\/wp.ufpel.edu.br\/linse\/files\/2020\/09\/Imagem_01-768x564.png 768w, https:\/\/wp.ufpel.edu.br\/linse\/files\/2020\/09\/Imagem_01-1536x1128.png 1536w, https:\/\/wp.ufpel.edu.br\/linse\/files\/2020\/09\/Imagem_01-2048x1504.png 2048w\" sizes=\"auto, (max-width: 4229px) 100vw, 4229px\" \/><\/p>\n<\/div>\n<\/div><\/div><\/div><\/div><div id=\"pg-22-2\"  class=\"panel-grid panel-no-style\" ><div id=\"pgc-22-2-0\"  class=\"panel-grid-cell\" ><div id=\"panel-22-2-0-0\" class=\"so-panel widget widget_sow-image panel-first-child panel-last-child\" data-index=\"2\" ><div class=\"panel-widget-style panel-widget-style-for-22-2-0-0\" ><div\n\t\t\t\n\t\t\tclass=\"so-widget-sow-image so-widget-sow-image-default-8b5b6f678277-22\"\n\t\t\t\n\t\t>\n<div class=\"sow-image-container\">\n\t\t<img \n\tsrc=\"https:\/\/wp.ufpel.edu.br\/linse\/files\/2020\/08\/linha-preta-5.png\" width=\"5935\" height=\"2\" srcset=\"https:\/\/wp.ufpel.edu.br\/linse\/files\/2020\/08\/linha-preta-5.png 5935w, https:\/\/wp.ufpel.edu.br\/linse\/files\/2020\/08\/linha-preta-5-424x1.png 424w, https:\/\/wp.ufpel.edu.br\/linse\/files\/2020\/08\/linha-preta-5-984x2.png 984w, https:\/\/wp.ufpel.edu.br\/linse\/files\/2020\/08\/linha-preta-5-212x1.png 212w, https:\/\/wp.ufpel.edu.br\/linse\/files\/2020\/08\/linha-preta-5-768x1.png 768w, https:\/\/wp.ufpel.edu.br\/linse\/files\/2020\/08\/linha-preta-5-1536x1.png 1536w, https:\/\/wp.ufpel.edu.br\/linse\/files\/2020\/08\/linha-preta-5-2048x1.png 2048w, https:\/\/wp.ufpel.edu.br\/linse\/files\/2020\/08\/linha-preta-5-720x2.png 720w, https:\/\/wp.ufpel.edu.br\/linse\/files\/2020\/08\/linha-preta-5-1080x2.png 1080w, https:\/\/wp.ufpel.edu.br\/linse\/files\/2020\/08\/linha-preta-5-960x2.png 960w, https:\/\/wp.ufpel.edu.br\/linse\/files\/2020\/08\/linha-preta-5-272x2.png 272w, https:\/\/wp.ufpel.edu.br\/linse\/files\/2020\/08\/linha-preta-5-436x2.png 436w\" sizes=\"(max-width: 5935px) 100vw, 5935px\" title=\"linha preta\" alt=\"\" \t\tclass=\"so-widget-image\"\/>\n\t<\/div>\n\n<\/div><\/div><\/div><\/div><\/div><div id=\"pg-22-3\"  class=\"panel-grid panel-no-style\" ><div id=\"pgc-22-3-0\"  class=\"panel-grid-cell\" ><div id=\"panel-22-3-0-0\" class=\"so-panel widget widget_sow-editor panel-first-child panel-last-child\" data-index=\"3\" ><div\n\t\t\t\n\t\t\tclass=\"so-widget-sow-editor so-widget-sow-editor-base\"\n\t\t\t\n\t\t>\n<div class=\"siteorigin-widget-tinymce textwidget\">\n\t<p style=\"text-align: center\"><span style=\"font-family: helvetica, arial, sans-serif;font-size: 18pt\">Coordenador Geral<\/span><\/p>\n<p style=\"text-align: center\"><span style=\"font-family: helvetica, arial, sans-serif;font-size: 14pt\">Antonio C\u00e9sar Silveira Baptista da Silva<\/span><\/p>\n<p style=\"text-align: center\"><span style=\"font-family: helvetica, arial, sans-serif;font-size: 14pt\">Arquiteto - Doutor em Engenharia Civil\u00a0 pela Universidade Federal de Santa Catarina (2004).<\/span><\/p>\n<p style=\"text-align: center\"><span style=\"font-size: 14pt\"><a href=\"http:\/\/buscatextual.cnpq.br\/buscatextual\/visualizacv.do?id=K4791965J6\"><span style=\"font-family: helvetica, arial, sans-serif\">Visualizar Lattes<\/span><\/a><\/span><\/p>\n<p>&nbsp;<\/p>\n<p style=\"text-align: center\"><span style=\"font-family: helvetica, arial, sans-serif;font-size: 18pt\">Gerente de Qualidade<\/span><\/p>\n<p style=\"text-align: center\"><span style=\"font-family: helvetica, arial, sans-serif;font-size: 14pt\">F\u00e1bio Kellermann Schramm<br \/>\n<\/span><\/p>\n<p style=\"text-align: center\"><span style=\"font-size: 14pt\"><span style=\"font-family: helvetica, arial, sans-serif\">Arquiteto - <\/span><span style=\"font-family: helvetica, arial, sans-serif\">Doutor em Engenharia Civil pela <\/span><span style=\"font-family: helvetica, arial, sans-serif\">Universidade Federal do Rio Grande do Sul (2009). <\/span><\/span><\/p>\n<p style=\"text-align: center\"><span style=\"font-size: 14pt\"><a href=\"http:\/\/buscatextual.cnpq.br\/buscatextual\/visualizacv.do?id=K4700188E5\"><span style=\"font-family: helvetica, arial, sans-serif\">Visualizar Lattes<\/span><\/a><\/span><\/p>\n<p>&nbsp;<\/p>\n<p style=\"text-align: center\"><span style=\"font-family: helvetica, arial, sans-serif;font-size: 18pt\">Gerente T\u00e9cnico<\/span><\/p>\n<p style=\"text-align: center\"><span style=\"font-family: helvetica, arial, sans-serif;font-size: 14pt\">Juliana Al-Alam Pouey<\/span><\/p>\n<p style=\"text-align: center\"><span style=\"font-size: 14pt\"><span style=\"font-family: helvetica, arial, sans-serif\">Arquiteta - <\/span><span style=\"font-family: helvetica, arial, sans-serif\">Mestre em Arquitetura e Urbanismo pela <\/span><span style=\"font-family: helvetica, arial, sans-serif\">Universidade Federal de Pelotas (2011).<\/span><\/span><\/p>\n<p style=\"text-align: center\"><span style=\"font-size: 14pt\"><a href=\"http:\/\/lattes.cnpq.br\/2798768106684419\"><span style=\"font-family: helvetica, arial, sans-serif\">Visualizar Lattes<\/span><\/a><\/span><\/p>\n<p>&nbsp;<\/p>\n<p style=\"text-align: center\"><span style=\"font-family: helvetica, arial, sans-serif;font-size: 18pt\">Gerente Administrativo\u00a0<\/span><\/p>\n<p style=\"text-align: center\"><span style=\"font-family: helvetica, arial, sans-serif;font-size: 14pt\">Ant\u00f4nio Carlos de Freitas Cleff<\/span><\/p>\n<p style=\"text-align: center\"><span style=\"font-size: 14pt\"><span style=\"font-family: helvetica, arial, sans-serif\">T\u00e9cnico em Eletrot\u00e9cnica\u00a0 - <\/span><span style=\"font-family: helvetica, arial, sans-serif\">Especializa\u00e7\u00e3o em Administra\u00e7\u00e3o Universit\u00e1ria (1994).<\/span><\/span><\/p>\n<p style=\"text-align: center\"><span style=\"font-size: 14pt\"><a href=\"http:\/\/lattes.cnpq.br\/7535553877116133\"><span style=\"font-family: helvetica, arial, sans-serif\">Visualizar Lattes<\/span><\/a><\/span><\/p>\n<p>&nbsp;<\/p>\n<p style=\"text-align: center\"><span style=\"font-family: helvetica, arial, sans-serif;font-size: 18pt\">Inspetores(as)<\/span><\/p>\n<p>&nbsp;<\/p>\n<p style=\"text-align: center\"><span style=\"font-family: helvetica, arial, sans-serif;font-size: 14pt\">Daniela da Rosa Curcio<\/span><\/p>\n<p style=\"text-align: center\"><span style=\"font-family: helvetica, arial, sans-serif;font-size: 14pt\">Arquiteta - Mestre em Arquitetura e Urbanismo pela Universidade Federal de Pelotas (2011)<\/span><\/p>\n<p style=\"text-align: center\"><span style=\"font-family: helvetica, arial, sans-serif;font-size: 14pt\"><a href=\"http:\/\/lattes.cnpq.br\/0582011316615030\"><span style=\"font-size: 14pt\"><span style=\"font-family: helvetica, arial, sans-serif\">Visualizar Lattes<\/span><\/span><\/a><br \/>\n<\/span><\/p>\n<p>&nbsp;<\/p>\n<p style=\"text-align: center\"><span style=\"font-family: helvetica, arial, sans-serif;font-size: 14pt\">Eduardo Grala da Cunha<\/span><\/p>\n<p style=\"text-align: center\"><span style=\"font-family: helvetica, arial, sans-serif;font-size: 14pt\">Arquiteto - Doutor em Arquitetura pela Universidade Federal do Rio Grande do Sul (2005)<\/span><\/p>\n<p style=\"text-align: center\"><a href=\"http:\/\/lattes.cnpq.br\/0959256350186452\"><span style=\"font-family: helvetica, arial, sans-serif;font-size: 14pt\"><span style=\"font-size: 14pt\"><span style=\"font-family: helvetica, arial, sans-serif\">Visualizar Lattes<\/span><\/span><\/span><\/a><\/p>\n<p>&nbsp;<\/p>\n<p style=\"text-align: center\"><span style=\"font-family: helvetica, arial, sans-serif;font-size: 14pt\">Liader da Silva Oliveira<\/span><\/p>\n<p style=\"text-align: center\"><span style=\"font-family: helvetica, arial, sans-serif;font-size: 14pt\">Engenheiro Eletricista - Mestre em Arquitetura e Urbanismo pela Universidade Federal de Pelotas (2012)<\/span><\/p>\n<p style=\"text-align: center\"><a href=\"http:\/\/lattes.cnpq.br\/6262933699781229\"><span style=\"font-family: helvetica, arial, sans-serif;font-size: 14pt\"><span style=\"font-size: 14pt\"><span style=\"font-family: helvetica, arial, sans-serif\">Visualizar Lattes<\/span><\/span><\/span><\/a><\/p>\n<p>&nbsp;<\/p>\n<p style=\"text-align: center\"><span style=\"font-family: helvetica, arial, sans-serif;font-size: 14pt\">Marcelo Schramm<\/span><\/p>\n<p style=\"text-align: center\"><span style=\"font-family: helvetica, arial, sans-serif;font-size: 14pt\">Engenheiro Mec\u00e2nico - Doutor em Engenharia Mec\u00e2nica pela Universidade Federal do Rio Grande do Sul (2016)<\/span><\/p>\n<p style=\"text-align: center\"><a href=\"http:\/\/lattes.cnpq.br\/4197517952230421\"><span style=\"font-family: helvetica, arial, sans-serif;font-size: 14pt\"><span style=\"font-size: 14pt\"><span style=\"font-family: helvetica, arial, sans-serif\">Visualizar Lattes<\/span><\/span><\/span><\/a><\/p>\n<p>&nbsp;<\/p>\n<p style=\"text-align: center\"><span style=\"font-family: helvetica, arial, sans-serif;font-size: 14pt\">Vanessa B\u00fcttow Signorini<\/span><\/p>\n<p style=\"text-align: center\"><span style=\"font-family: helvetica, arial, sans-serif;font-size: 14pt\">Arquiteta - Mestre em Arquitetura e Urbanismo pela Universidade Federal de Pelotas (2015)<\/span><\/p>\n<p style=\"text-align: center\"><a href=\"http:\/\/lattes.cnpq.br\/9984544224684357\"><span style=\"font-family: helvetica, arial, sans-serif;font-size: 14pt\"><span style=\"font-size: 14pt\"><span style=\"font-family: helvetica, arial, sans-serif\">Visualizar Lattes<\/span><\/span><\/span><\/a><\/p>\n<p>&nbsp;<\/p>\n<p style=\"text-align: center\"><span style=\"font-family: helvetica, arial, sans-serif;font-size: 18pt\">Apoio Externo<\/span><\/p>\n<p>&nbsp;<\/p>\n<p style=\"text-align: center\"><span style=\"font-family: helvetica, arial, sans-serif;font-size: 14pt\">Rodrigo Karini Leitzke<\/span><\/p>\n<p style=\"text-align: center\"><span style=\"font-family: helvetica, arial, sans-serif;font-size: 14pt\">Cientista da Computa\u00e7\u00e3o - Universidade Federal de Pelotas (2018)<\/span><\/p>\n<p style=\"text-align: center\"><a href=\"http:\/\/lattes.cnpq.br\/5917593710619151\"><span style=\"font-family: helvetica, arial, sans-serif;font-size: 14pt\"><span style=\"font-size: 14pt\"><span style=\"font-family: helvetica, arial, sans-serif\">Visualizar Lattes<\/span><\/span><\/span><\/a><\/p>\n<p>&nbsp;<\/p>\n<p style=\"text-align: center\">\n<p>&nbsp;<\/p>\n<\/div>\n<\/div><\/div><\/div><\/div><\/div>","protected":false},"excerpt":{"rendered":"<p>Conhe\u00e7a a estrutura do Linse e alguns de seus colaboradores<\/p>\n","protected":false},"author":739,"featured_media":0,"parent":13,"menu_order":1,"comment_status":"closed","ping_status":"closed","template":"","meta":{"footnotes":""},"class_list":["post-22","page","type-page","status-publish","hentry","post"],"_links":{"self":[{"href":"https:\/\/wp.ufpel.edu.br\/linse\/wp-json\/wp\/v2\/pages\/22","targetHints":{"allow":["GET"]}}],"collection":[{"href":"https:\/\/wp.ufpel.edu.br\/linse\/wp-json\/wp\/v2\/pages"}],"about":[{"href":"https:\/\/wp.ufpel.edu.br\/linse\/wp-json\/wp\/v2\/types\/page"}],"author":[{"embeddable":true,"href":"https:\/\/wp.ufpel.edu.br\/linse\/wp-json\/wp\/v2\/users\/739"}],"replies":[{"embeddable":true,"href":"https:\/\/wp.ufpel.edu.br\/linse\/wp-json\/wp\/v2\/comments?post=22"}],"version-history":[{"count":41,"href":"https:\/\/wp.ufpel.edu.br\/linse\/wp-json\/wp\/v2\/pages\/22\/revisions"}],"predecessor-version":[{"id":2940,"href":"https:\/\/wp.ufpel.edu.br\/linse\/wp-json\/wp\/v2\/pages\/22\/revisions\/2940"}],"up":[{"embeddable":true,"href":"https:\/\/wp.ufpel.edu.br\/linse\/wp-json\/wp\/v2\/pages\/13"}],"wp:attachment":[{"href":"https:\/\/wp.ufpel.edu.br\/linse\/wp-json\/wp\/v2\/media?parent=22"}],"curies":[{"name":"wp","href":"https:\/\/api.w.org\/{rel}","templated":true}]}}