{"id":1466,"date":"2020-06-15T09:19:50","date_gmt":"2020-06-15T12:19:50","guid":{"rendered":"https:\/\/wp.ufpel.edu.br\/linse\/?page_id=1466"},"modified":"2025-02-25T20:59:38","modified_gmt":"2025-02-25T23:59:38","slug":"gestao-energetica","status":"publish","type":"page","link":"https:\/\/wp.ufpel.edu.br\/linse\/gestao-energetica\/","title":{"rendered":"Gest\u00e3o Energ\u00e9tica"},"content":{"rendered":"<div id=\"pl-1466\"  class=\"panel-layout\" ><div id=\"pg-1466-0\"  class=\"panel-grid panel-no-style\" ><div id=\"pgc-1466-0-0\"  class=\"panel-grid-cell\" ><div id=\"panel-1466-0-0-0\" class=\"so-panel widget widget_media_image panel-first-child panel-last-child\" data-index=\"0\" ><img loading=\"lazy\" decoding=\"async\" width=\"5608\" height=\"2971\" src=\"https:\/\/wp.ufpel.edu.br\/linse\/files\/2020\/08\/Banners-Servi\u00e7os-04.png\" class=\"image wp-image-2066  attachment-full size-full\" alt=\"\" style=\"max-width: 100%; height: auto;\" srcset=\"https:\/\/wp.ufpel.edu.br\/linse\/files\/2020\/08\/Banners-Servi\u00e7os-04.png 5608w, https:\/\/wp.ufpel.edu.br\/linse\/files\/2020\/08\/Banners-Servi\u00e7os-04-424x225.png 424w, https:\/\/wp.ufpel.edu.br\/linse\/files\/2020\/08\/Banners-Servi\u00e7os-04-212x112.png 212w, https:\/\/wp.ufpel.edu.br\/linse\/files\/2020\/08\/Banners-Servi\u00e7os-04-768x407.png 768w, https:\/\/wp.ufpel.edu.br\/linse\/files\/2020\/08\/Banners-Servi\u00e7os-04-1536x814.png 1536w, https:\/\/wp.ufpel.edu.br\/linse\/files\/2020\/08\/Banners-Servi\u00e7os-04-2048x1085.png 2048w, https:\/\/wp.ufpel.edu.br\/linse\/files\/2020\/08\/Banners-Servi\u00e7os-04-720x380.png 720w\" sizes=\"auto, (max-width: 5608px) 100vw, 5608px\" \/><\/div><\/div><\/div><div id=\"pg-1466-1\"  class=\"panel-grid panel-no-style\" ><div id=\"pgc-1466-1-0\"  class=\"panel-grid-cell\" ><div id=\"panel-1466-1-0-0\" class=\"so-panel widget widget_sow-editor panel-first-child panel-last-child\" data-index=\"1\" ><div\n\t\t\t\n\t\t\tclass=\"so-widget-sow-editor so-widget-sow-editor-base\"\n\t\t\t\n\t\t>\n<div class=\"siteorigin-widget-tinymce textwidget\">\n\t<p align=\"justify\"><span style=\"font-size: 14pt;font-family: helvetica, arial, sans-serif\">A Gest\u00e3o Energ\u00e9tica \u00e9 um processo abrangente, que principia pelo conhecimento de todos os processos e atividades que utilizam energia el\u00e9trica na empresa\/institui\u00e7\u00e3o, com o objetivo inicial de indicar as possibilidades de economia de energia, passa pelo acompanhamento permanente destes processos e a atua\u00e7\u00e3o buscando a determina\u00e7\u00e3o de \u00edndices aceit\u00e1veis de consumo de energia para cada atividade.<\/span><\/p>\n<p align=\"justify\"><span style=\"font-size: 14pt;font-family: helvetica, arial, sans-serif\">A implanta\u00e7\u00e3o de um Programa de Gest\u00e3o Energ\u00e9tica (PGE) \u00e9 muito importante pois a\u00e7\u00f5es isoladas, mesmo que possam obter excelentes resultados inicialmente, v\u00e3o perdendo efeito ao longo do tempo. <\/span><\/p>\n<p align=\"justify\"><span style=\"font-size: 14pt;font-family: helvetica, arial, sans-serif\">O PGE visa otimizar a utiliza\u00e7\u00e3o de energia por meio de orienta\u00e7\u00f5es, direcionamento, propostas de a\u00e7\u00f5es e controles sobre os recursos humanos, materiais e econ\u00f4micos (Eletrobr\u00e1s, 2005).<\/span><\/p>\n<p align=\"justify\"><span style=\"font-family: helvetica, arial, sans-serif;font-size: 14pt\">A NBR ISO 50001 (2018) especifica os requisitos de um sistema de gest\u00e3o de energia (SGE) e \u00e9 baseado na estrutura de melhoria cont\u00ednua Plan-Do-Check-Act (PDCA), que consiste primeiramente no <b>planejamento, <\/b>a partir da compreens\u00e3o da organiza\u00e7\u00e3o e o estabelecimento de uma pol\u00edtica energ\u00e9tica por uma equipe de gest\u00e3o de energia, com conhecimento da empresa\/institui\u00e7\u00e3o e do tema efici\u00eancia energ\u00e9tica, para ap\u00f3s passar para as outras etapas, que s\u00e3o o <b>fazer <\/b>(implementa\u00e7\u00e3o das a\u00e7\u00f5es), <b>checar<\/b> (monitorar, avaliar, auditar) e <b>agir <\/b>(tratamento de n\u00e3o conformidades visando melhoria cont\u00ednua).<\/span><\/p>\n<p align=\"justify\"><span style=\"font-size: 14pt\"><span style=\"font-family: helvetica, arial, sans-serif\">Na Universidade Federal de Pelotas temos um programa institucionalizado, o Programa de Bom Uso Energ\u00e9tico (PROBEN), que foi implementado em 2006 e onde est\u00e3o contemplados muitos dos requisitos que comp\u00f5e um SGE, segundo a NBR ISO 50001. <\/span><span style=\"font-family: helvetica, arial, sans-serif\">A seguir se encontra a estrutura do programa e os entes envolvidos.<\/span><\/span><\/p>\n<p align=\"justify\"><span style=\"font-size: 14pt\"><img loading=\"lazy\" decoding=\"async\" class=\"alignleft wp-image-2063 size-medium\" src=\"https:\/\/wp.ufpel.edu.br\/linse\/files\/2020\/08\/Organograma_01-424x274.png\" alt=\"\" width=\"424\" height=\"274\" srcset=\"https:\/\/wp.ufpel.edu.br\/linse\/files\/2020\/08\/Organograma_01-424x274.png 424w, https:\/\/wp.ufpel.edu.br\/linse\/files\/2020\/08\/Organograma_01-212x137.png 212w, https:\/\/wp.ufpel.edu.br\/linse\/files\/2020\/08\/Organograma_01-768x496.png 768w, https:\/\/wp.ufpel.edu.br\/linse\/files\/2020\/08\/Organograma_01-1536x992.png 1536w, https:\/\/wp.ufpel.edu.br\/linse\/files\/2020\/08\/Organograma_01-2048x1323.png 2048w\" sizes=\"auto, (max-width: 424px) 100vw, 424px\" \/><\/span><\/p>\n<p align=\"justify\"><span style=\"font-size: 14pt;font-family: helvetica, arial, sans-serif\">O PROBEN, desde sua implementa\u00e7\u00e3o proporcionou, at\u00e9 o fim de 2019, um redu\u00e7\u00e3o de mais de R$ 7 milh\u00f5es \u00e0 UFPel, atrav\u00e9s de v\u00e1rias a\u00e7\u00f5es como revis\u00e3o e recontrata\u00e7\u00e3o de demanda de energia com a concession\u00e1ria, buscando oportunidades expressas na Resolu\u00e7\u00e3o ANEEL 414\/2010, que trata da rela\u00e7\u00e3o entre consumidores e concession\u00e1rias\/permission\u00e1rias de energia; elimina\u00e7\u00e3o das multas originadas pelo excesso de consumo de energia reativa, com a instala\u00e7\u00e3o de bancos de capacitores; elabora\u00e7\u00e3o e busca de recursos para implementa\u00e7\u00e3o de projetos de retrofit (ilumina\u00e7\u00e3o, condicionadores de ar e motores); projetos de gera\u00e7\u00e3o solar fotovoltaica; programa pr\u00f3prio de conscientiza\u00e7\u00e3o da comunidade universit\u00e1ria, com premia\u00e7\u00e3o \u00e0s unidades que economizam energia, divulga\u00e7\u00e3o dos resultados atrav\u00e9s de site pr\u00f3prio (wp.ufpel.edu.br\/proben), entre outras.<\/span><\/p>\n<p align=\"justify\"><span style=\"font-family: helvetica, arial, sans-serif;font-size: 14pt\"><img loading=\"lazy\" decoding=\"async\" class=\"alignright wp-image-2064 size-medium\" src=\"https:\/\/wp.ufpel.edu.br\/linse\/files\/2020\/08\/Guia_Proben-01-318x318.png\" alt=\"\" width=\"318\" height=\"318\" srcset=\"https:\/\/wp.ufpel.edu.br\/linse\/files\/2020\/08\/Guia_Proben-01-318x318.png 318w, https:\/\/wp.ufpel.edu.br\/linse\/files\/2020\/08\/Guia_Proben-01-159x159.png 159w, https:\/\/wp.ufpel.edu.br\/linse\/files\/2020\/08\/Guia_Proben-01-768x768.png 768w, https:\/\/wp.ufpel.edu.br\/linse\/files\/2020\/08\/Guia_Proben-01-1536x1536.png 1536w, https:\/\/wp.ufpel.edu.br\/linse\/files\/2020\/08\/Guia_Proben-01-2048x2048.png 2048w\" sizes=\"auto, (max-width: 318px) 100vw, 318px\" \/>Para facilitar estas a\u00e7\u00f5es foram desenvolvidos softwares espec\u00edficos, como o Simulador de Contrata\u00e7\u00e3o de Energia - SiCE\u00ae (wp.ufpel.edu.br\/sice) e o Analisador de Demanda, que buscam facilitar os processos, respectivamente, de recontrata\u00e7\u00e3o de energia e da determina\u00e7\u00e3o dos banco de capacitores necess\u00e1rios a redu\u00e7\u00e3o da energia reativa.<\/span><\/p>\n<p align=\"justify\"><span style=\"font-family: helvetica, arial, sans-serif;font-size: 14pt\">As a\u00e7\u00f5es do PROBEN tamb\u00e9m foram levadas \u00e0 Bras\u00edlia, atrav\u00e9s de um Termo de Execu\u00e7\u00e3o Descentralizada (TED), firmado entre a UFPel e os Minist\u00e9rios do Planejamento e do Meio Ambiente, com o objetivo de capacitar os gestores de diversos \u00f3rg\u00e3os p\u00fablicos da capital federal na \u00e1rea de efici\u00eancia energ\u00e9tica e na utiliza\u00e7\u00e3o dos softwares, cujos resultados est\u00e3o publicados e dispon\u00edveis em: <span style=\"color: #0563c1\"><u><a href=\"https:\/\/www.comprasgovernamentais.gov.br\/images\/pes\/files\/Guia_Proben.pdf\">https:\/\/www.comprasgovernamentais.gov.br\/images\/pes\/files\/Guia_Proben.pdf<\/a><\/u><\/span>.\u00a0<\/span><\/p>\n<p align=\"justify\"><span style=\"font-size: 14pt;font-family: helvetica, arial, sans-serif\">Toda esta experi\u00eancia, com resultados comprovados ao longo destes anos poder\u00e1, sem d\u00favida, auxiliar a sua empresa\/institui\u00e7\u00e3o a reduzir os custos com energia el\u00e9trica, tornando-a mais eficiente e sustent\u00e1vel.<\/span><\/p>\n<p align=\"justify\">\n<\/div>\n<\/div><\/div><\/div><\/div><div id=\"pg-1466-2\"  class=\"panel-grid panel-no-style\" ><div id=\"pgc-1466-2-0\"  class=\"panel-grid-cell\" ><div id=\"panel-1466-2-0-0\" class=\"so-panel widget widget_sow-image panel-first-child panel-last-child\" data-index=\"2\" ><div class=\"panel-widget-style panel-widget-style-for-1466-2-0-0\" ><div\n\t\t\t\n\t\t\tclass=\"so-widget-sow-image so-widget-sow-image-default-8b5b6f678277-1466\"\n\t\t\t\n\t\t>\n<div class=\"sow-image-container\">\n\t\t<img \n\tsrc=\"https:\/\/wp.ufpel.edu.br\/linse\/files\/2020\/08\/linha-preta-5.png\" width=\"5935\" height=\"2\" srcset=\"https:\/\/wp.ufpel.edu.br\/linse\/files\/2020\/08\/linha-preta-5.png 5935w, https:\/\/wp.ufpel.edu.br\/linse\/files\/2020\/08\/linha-preta-5-424x1.png 424w, https:\/\/wp.ufpel.edu.br\/linse\/files\/2020\/08\/linha-preta-5-984x2.png 984w, https:\/\/wp.ufpel.edu.br\/linse\/files\/2020\/08\/linha-preta-5-212x1.png 212w, https:\/\/wp.ufpel.edu.br\/linse\/files\/2020\/08\/linha-preta-5-768x1.png 768w, https:\/\/wp.ufpel.edu.br\/linse\/files\/2020\/08\/linha-preta-5-1536x1.png 1536w, https:\/\/wp.ufpel.edu.br\/linse\/files\/2020\/08\/linha-preta-5-2048x1.png 2048w, https:\/\/wp.ufpel.edu.br\/linse\/files\/2020\/08\/linha-preta-5-720x2.png 720w, https:\/\/wp.ufpel.edu.br\/linse\/files\/2020\/08\/linha-preta-5-1080x2.png 1080w, https:\/\/wp.ufpel.edu.br\/linse\/files\/2020\/08\/linha-preta-5-960x2.png 960w, https:\/\/wp.ufpel.edu.br\/linse\/files\/2020\/08\/linha-preta-5-272x2.png 272w, https:\/\/wp.ufpel.edu.br\/linse\/files\/2020\/08\/linha-preta-5-436x2.png 436w\" sizes=\"(max-width: 5935px) 100vw, 5935px\" title=\"linha preta\" alt=\"\" \t\tclass=\"so-widget-image\"\/>\n\t<\/div>\n\n<\/div><\/div><\/div><\/div><\/div><div id=\"pg-1466-3\"  class=\"panel-grid panel-no-style\" ><div id=\"pgc-1466-3-0\"  class=\"panel-grid-cell\" ><div id=\"panel-1466-3-0-0\" class=\"so-panel widget widget_sow-editor panel-first-child panel-last-child\" data-index=\"3\" ><div\n\t\t\t\n\t\t\tclass=\"so-widget-sow-editor so-widget-sow-editor-base\"\n\t\t\t\n\t\t>\n<div class=\"siteorigin-widget-tinymce textwidget\">\n\t<p align=\"center\"><span style=\"font-size: 18pt\"><span style=\"font-family: Helvetica, serif\">Entre em contato conosco e veja qual o tipo mais indicado <\/span><span style=\"font-family: Helvetica, serif\">para sua institui\u00e7\u00e3o\/empresa.<\/span><\/span><\/p>\n<\/div>\n<\/div><\/div><\/div><\/div><div id=\"pg-1466-4\"  class=\"panel-grid panel-no-style\" ><div id=\"pgc-1466-4-0\"  class=\"panel-grid-cell\" ><div id=\"panel-1466-4-0-0\" class=\"so-panel widget widget_sow-image panel-first-child panel-last-child\" data-index=\"4\" ><div\n\t\t\t\n\t\t\tclass=\"so-widget-sow-image so-widget-sow-image-default-c67d20f9f743-1466\"\n\t\t\t\n\t\t>\n<div class=\"sow-image-container\">\n\t\t\t<a href=\"https:\/\/wp.ufpel.edu.br\/linse\/contato\/\"\n\t\t\ttarget=\"_blank\" rel=\"noopener noreferrer\" \t\t>\n\t\t\t<img \n\tsrc=\"https:\/\/wp.ufpel.edu.br\/linse\/files\/2020\/09\/Botoes-01-424x128.png\" width=\"424\" height=\"128\" srcset=\"https:\/\/wp.ufpel.edu.br\/linse\/files\/2020\/09\/Botoes-01-424x128.png 424w, https:\/\/wp.ufpel.edu.br\/linse\/files\/2020\/09\/Botoes-01-212x64.png 212w, https:\/\/wp.ufpel.edu.br\/linse\/files\/2020\/09\/Botoes-01-768x232.png 768w, https:\/\/wp.ufpel.edu.br\/linse\/files\/2020\/09\/Botoes-01.png 1355w\" sizes=\"(max-width: 424px) 100vw, 424px\" title=\"Bot\u00f5es-01\" alt=\"\" \t\tclass=\"so-widget-image\"\/>\n\t\t\t<\/a><\/div>\n\n<\/div><\/div><\/div><div id=\"pgc-1466-4-1\"  class=\"panel-grid-cell\" ><div id=\"panel-1466-4-1-0\" class=\"so-panel widget widget_sow-image panel-first-child panel-last-child\" data-index=\"5\" ><div\n\t\t\t\n\t\t\tclass=\"so-widget-sow-image so-widget-sow-image-default-c67d20f9f743-1466\"\n\t\t\t\n\t\t>\n<div class=\"sow-image-container\">\n\t\t\t<a href=\"https:\/\/wp.ufpel.edu.br\/linse\/#orcamento\"\n\t\t\t\t\t>\n\t\t\t<img \n\tsrc=\"https:\/\/wp.ufpel.edu.br\/linse\/files\/2020\/09\/Botoes-02-424x128.png\" width=\"424\" height=\"128\" srcset=\"https:\/\/wp.ufpel.edu.br\/linse\/files\/2020\/09\/Botoes-02-424x128.png 424w, https:\/\/wp.ufpel.edu.br\/linse\/files\/2020\/09\/Botoes-02-212x64.png 212w, https:\/\/wp.ufpel.edu.br\/linse\/files\/2020\/09\/Botoes-02-768x232.png 768w, https:\/\/wp.ufpel.edu.br\/linse\/files\/2020\/09\/Botoes-02.png 1355w\" sizes=\"(max-width: 424px) 100vw, 424px\" title=\"Bot\u00f5es-02\" alt=\"\" \t\tclass=\"so-widget-image\"\/>\n\t\t\t<\/a><\/div>\n\n<\/div><\/div><\/div><div id=\"pgc-1466-4-2\"  class=\"panel-grid-cell\" ><div id=\"panel-1466-4-2-0\" class=\"so-panel widget widget_sow-image panel-first-child panel-last-child\" data-index=\"6\" ><div\n\t\t\t\n\t\t\tclass=\"so-widget-sow-image so-widget-sow-image-default-c67d20f9f743-1466\"\n\t\t\t\n\t\t>\n<div class=\"sow-image-container\">\n\t\t\t<a href=\"https:\/\/linse.ufpel.edu.br\/suporte\/\"\n\t\t\t\t\t>\n\t\t\t<img \n\tsrc=\"https:\/\/wp.ufpel.edu.br\/linse\/files\/2020\/09\/Botoes-03-424x128.png\" width=\"424\" height=\"128\" srcset=\"https:\/\/wp.ufpel.edu.br\/linse\/files\/2020\/09\/Botoes-03-424x128.png 424w, https:\/\/wp.ufpel.edu.br\/linse\/files\/2020\/09\/Botoes-03-212x64.png 212w, https:\/\/wp.ufpel.edu.br\/linse\/files\/2020\/09\/Botoes-03-768x232.png 768w, https:\/\/wp.ufpel.edu.br\/linse\/files\/2020\/09\/Botoes-03.png 1355w\" sizes=\"(max-width: 424px) 100vw, 424px\" title=\"Bot\u00f5es-03\" alt=\"\" \t\tclass=\"so-widget-image\"\/>\n\t\t\t<\/a><\/div>\n\n<\/div><\/div><\/div><\/div><div id=\"pg-1466-5\"  class=\"panel-grid panel-no-style\" ><div id=\"pgc-1466-5-0\"  class=\"panel-grid-cell\" ><div id=\"panel-1466-5-0-0\" class=\"so-panel widget widget_sow-image panel-first-child panel-last-child\" data-index=\"7\" ><div class=\"panel-widget-style panel-widget-style-for-1466-5-0-0\" ><div\n\t\t\t\n\t\t\tclass=\"so-widget-sow-image so-widget-sow-image-default-8b5b6f678277-1466\"\n\t\t\t\n\t\t>\n<div class=\"sow-image-container\">\n\t\t<img \n\tsrc=\"https:\/\/wp.ufpel.edu.br\/linse\/files\/2020\/08\/linha-preta-5.png\" width=\"5935\" height=\"2\" srcset=\"https:\/\/wp.ufpel.edu.br\/linse\/files\/2020\/08\/linha-preta-5.png 5935w, https:\/\/wp.ufpel.edu.br\/linse\/files\/2020\/08\/linha-preta-5-424x1.png 424w, https:\/\/wp.ufpel.edu.br\/linse\/files\/2020\/08\/linha-preta-5-984x2.png 984w, https:\/\/wp.ufpel.edu.br\/linse\/files\/2020\/08\/linha-preta-5-212x1.png 212w, https:\/\/wp.ufpel.edu.br\/linse\/files\/2020\/08\/linha-preta-5-768x1.png 768w, https:\/\/wp.ufpel.edu.br\/linse\/files\/2020\/08\/linha-preta-5-1536x1.png 1536w, https:\/\/wp.ufpel.edu.br\/linse\/files\/2020\/08\/linha-preta-5-2048x1.png 2048w, https:\/\/wp.ufpel.edu.br\/linse\/files\/2020\/08\/linha-preta-5-720x2.png 720w, https:\/\/wp.ufpel.edu.br\/linse\/files\/2020\/08\/linha-preta-5-1080x2.png 1080w, https:\/\/wp.ufpel.edu.br\/linse\/files\/2020\/08\/linha-preta-5-960x2.png 960w, https:\/\/wp.ufpel.edu.br\/linse\/files\/2020\/08\/linha-preta-5-272x2.png 272w, https:\/\/wp.ufpel.edu.br\/linse\/files\/2020\/08\/linha-preta-5-436x2.png 436w\" sizes=\"(max-width: 5935px) 100vw, 5935px\" title=\"linha preta\" alt=\"\" \t\tclass=\"so-widget-image\"\/>\n\t<\/div>\n\n<\/div><\/div><\/div><\/div><\/div><div id=\"pg-1466-6\"  class=\"panel-grid panel-no-style\" ><div id=\"pgc-1466-6-0\"  class=\"panel-grid-cell\" ><div id=\"panel-1466-6-0-0\" class=\"so-panel widget widget_sow-editor panel-first-child panel-last-child\" data-index=\"8\" ><div\n\t\t\t\n\t\t\tclass=\"so-widget-sow-editor so-widget-sow-editor-base\"\n\t\t\t\n\t\t>\n<div class=\"siteorigin-widget-tinymce textwidget\">\n\t<p align=\"center\"><span style=\"font-family: Helvetica, serif;font-size: 18pt\">Veja tamb\u00e9m os outros servi\u00e7os que oferecemos para voc\u00ea!<\/span><\/p>\n<\/div>\n<\/div><\/div><\/div><\/div><div id=\"pg-1466-7\"  class=\"panel-grid panel-no-style\" ><div id=\"pgc-1466-7-0\"  class=\"panel-grid-cell\" ><div id=\"panel-1466-7-0-0\" class=\"so-panel widget widget_sow-image panel-first-child panel-last-child\" data-index=\"9\" ><div\n\t\t\t\n\t\t\tclass=\"so-widget-sow-image so-widget-sow-image-default-c67d20f9f743-1466\"\n\t\t\t\n\t\t>\n<div class=\"sow-image-container\">\n\t\t\t<a href=\"https:\/\/wp.ufpel.edu.br\/linse\/servicos\/\"\n\t\t\t\t\t>\n\t\t\t<img \n\tsrc=\"https:\/\/wp.ufpel.edu.br\/linse\/files\/2020\/09\/Botoes-04-424x90.png\" width=\"424\" height=\"90\" srcset=\"https:\/\/wp.ufpel.edu.br\/linse\/files\/2020\/09\/Botoes-04-424x90.png 424w, https:\/\/wp.ufpel.edu.br\/linse\/files\/2020\/09\/Botoes-04-212x45.png 212w, https:\/\/wp.ufpel.edu.br\/linse\/files\/2020\/09\/Botoes-04-768x164.png 768w, https:\/\/wp.ufpel.edu.br\/linse\/files\/2020\/09\/Botoes-04-1536x327.png 1536w, https:\/\/wp.ufpel.edu.br\/linse\/files\/2020\/09\/Botoes-04.png 1925w\" sizes=\"(max-width: 424px) 100vw, 424px\" title=\"Bot\u00f5es-04\" alt=\"\" \t\tclass=\"so-widget-image\"\/>\n\t\t\t<\/a><\/div>\n\n<\/div><\/div><\/div><\/div><div id=\"pg-1466-8\"  class=\"panel-grid panel-no-style\" ><div id=\"pgc-1466-8-0\"  class=\"panel-grid-cell\" ><div id=\"panel-1466-8-0-0\" class=\"so-panel widget widget_sow-image panel-first-child panel-last-child\" data-index=\"10\" ><div class=\"panel-widget-style panel-widget-style-for-1466-8-0-0\" ><div\n\t\t\t\n\t\t\tclass=\"so-widget-sow-image so-widget-sow-image-default-8b5b6f678277-1466\"\n\t\t\t\n\t\t>\n<div class=\"sow-image-container\">\n\t\t<img \n\tsrc=\"https:\/\/wp.ufpel.edu.br\/linse\/files\/2020\/08\/linha-preta-5.png\" width=\"5935\" height=\"2\" srcset=\"https:\/\/wp.ufpel.edu.br\/linse\/files\/2020\/08\/linha-preta-5.png 5935w, https:\/\/wp.ufpel.edu.br\/linse\/files\/2020\/08\/linha-preta-5-424x1.png 424w, https:\/\/wp.ufpel.edu.br\/linse\/files\/2020\/08\/linha-preta-5-984x2.png 984w, https:\/\/wp.ufpel.edu.br\/linse\/files\/2020\/08\/linha-preta-5-212x1.png 212w, https:\/\/wp.ufpel.edu.br\/linse\/files\/2020\/08\/linha-preta-5-768x1.png 768w, https:\/\/wp.ufpel.edu.br\/linse\/files\/2020\/08\/linha-preta-5-1536x1.png 1536w, https:\/\/wp.ufpel.edu.br\/linse\/files\/2020\/08\/linha-preta-5-2048x1.png 2048w, https:\/\/wp.ufpel.edu.br\/linse\/files\/2020\/08\/linha-preta-5-720x2.png 720w, https:\/\/wp.ufpel.edu.br\/linse\/files\/2020\/08\/linha-preta-5-1080x2.png 1080w, https:\/\/wp.ufpel.edu.br\/linse\/files\/2020\/08\/linha-preta-5-960x2.png 960w, https:\/\/wp.ufpel.edu.br\/linse\/files\/2020\/08\/linha-preta-5-272x2.png 272w, https:\/\/wp.ufpel.edu.br\/linse\/files\/2020\/08\/linha-preta-5-436x2.png 436w\" sizes=\"(max-width: 5935px) 100vw, 5935px\" title=\"linha preta\" alt=\"\" \t\tclass=\"so-widget-image\"\/>\n\t<\/div>\n\n<\/div><\/div><\/div><\/div><\/div><\/div>","protected":false},"excerpt":{"rendered":"<p>A Gest\u00e3o Energ\u00e9tica \u00e9 um processo abrangente, que principia pelo conhecimento de todos os processos e atividades que utilizam energia el\u00e9trica na empresa\/institui\u00e7\u00e3o, com o objetivo inicial de indicar as possibilidades de economia de energia, passa pelo acompanhamento permanente destes processos e a atua\u00e7\u00e3o buscando a determina\u00e7\u00e3o de \u00edndices aceit\u00e1veis de consumo de energia para [&hellip;]<\/p>\n","protected":false},"author":920,"featured_media":0,"parent":0,"menu_order":0,"comment_status":"closed","ping_status":"closed","template":"","meta":{"footnotes":""},"class_list":["post-1466","page","type-page","status-publish","hentry","post"],"_links":{"self":[{"href":"https:\/\/wp.ufpel.edu.br\/linse\/wp-json\/wp\/v2\/pages\/1466","targetHints":{"allow":["GET"]}}],"collection":[{"href":"https:\/\/wp.ufpel.edu.br\/linse\/wp-json\/wp\/v2\/pages"}],"about":[{"href":"https:\/\/wp.ufpel.edu.br\/linse\/wp-json\/wp\/v2\/types\/page"}],"author":[{"embeddable":true,"href":"https:\/\/wp.ufpel.edu.br\/linse\/wp-json\/wp\/v2\/users\/920"}],"replies":[{"embeddable":true,"href":"https:\/\/wp.ufpel.edu.br\/linse\/wp-json\/wp\/v2\/comments?post=1466"}],"version-history":[{"count":47,"href":"https:\/\/wp.ufpel.edu.br\/linse\/wp-json\/wp\/v2\/pages\/1466\/revisions"}],"predecessor-version":[{"id":3090,"href":"https:\/\/wp.ufpel.edu.br\/linse\/wp-json\/wp\/v2\/pages\/1466\/revisions\/3090"}],"wp:attachment":[{"href":"https:\/\/wp.ufpel.edu.br\/linse\/wp-json\/wp\/v2\/media?parent=1466"}],"curies":[{"name":"wp","href":"https:\/\/api.w.org\/{rel}","templated":true}]}}