{"id":1464,"date":"2020-06-15T09:19:50","date_gmt":"2020-06-15T12:19:50","guid":{"rendered":"https:\/\/wp.ufpel.edu.br\/linse\/?page_id=1464"},"modified":"2025-02-25T20:58:35","modified_gmt":"2025-02-25T23:58:35","slug":"certificacao-3","status":"publish","type":"page","link":"https:\/\/wp.ufpel.edu.br\/linse\/certificacao-3\/","title":{"rendered":"Certifica\u00e7\u00e3o"},"content":{"rendered":"<div id=\"pl-1464\"  class=\"panel-layout\" ><div id=\"pg-1464-0\"  class=\"panel-grid panel-no-style\" ><div id=\"pgc-1464-0-0\"  class=\"panel-grid-cell\" ><div id=\"panel-1464-0-0-0\" class=\"so-panel widget widget_media_image panel-first-child panel-last-child\" data-index=\"0\" ><img loading=\"lazy\" decoding=\"async\" width=\"5608\" height=\"2971\" src=\"https:\/\/wp.ufpel.edu.br\/linse\/files\/2020\/11\/Banners-Servicos-01.png\" class=\"image wp-image-2675  attachment-full size-full\" alt=\"\" style=\"max-width: 100%; height: auto;\" srcset=\"https:\/\/wp.ufpel.edu.br\/linse\/files\/2020\/11\/Banners-Servicos-01.png 5608w, https:\/\/wp.ufpel.edu.br\/linse\/files\/2020\/11\/Banners-Servicos-01-424x225.png 424w, https:\/\/wp.ufpel.edu.br\/linse\/files\/2020\/11\/Banners-Servicos-01-212x112.png 212w, https:\/\/wp.ufpel.edu.br\/linse\/files\/2020\/11\/Banners-Servicos-01-768x407.png 768w, https:\/\/wp.ufpel.edu.br\/linse\/files\/2020\/11\/Banners-Servicos-01-1536x814.png 1536w, https:\/\/wp.ufpel.edu.br\/linse\/files\/2020\/11\/Banners-Servicos-01-2048x1085.png 2048w, https:\/\/wp.ufpel.edu.br\/linse\/files\/2020\/11\/Banners-Servicos-01-720x380.png 720w\" sizes=\"auto, (max-width: 5608px) 100vw, 5608px\" \/><\/div><\/div><\/div><div id=\"pg-1464-1\"  class=\"panel-grid panel-no-style\" ><div id=\"pgc-1464-1-0\"  class=\"panel-grid-cell\" ><div id=\"panel-1464-1-0-0\" class=\"so-panel widget widget_sow-editor panel-first-child panel-last-child\" data-index=\"1\" ><div\n\t\t\t\n\t\t\tclass=\"so-widget-sow-editor so-widget-sow-editor-base\"\n\t\t\t\n\t\t>\n<div class=\"siteorigin-widget-tinymce textwidget\">\n\t<p align=\"justify\"><span style=\"font-size: 14pt;font-family: helvetica, arial, sans-serif\">O PBE Edifica \u00e9 a Certifica\u00e7\u00e3o nacional que visa determinar o N\u00edvel de Efici\u00eancia Energ\u00e9tica de Edifica\u00e7\u00f5es no Brasil. Foi desenvolvida em parceria entre o Inmetro e a Eletrobras\/PROCEL Edifica e faz parte do Programa Brasileiro de Etiquetagem (PBE). <\/span><br \/>\n<span style=\"font-size: 14pt;font-family: helvetica, arial, sans-serif\">O LINSE | UFPel \u00e9 acreditado pela Cgcre \u2013 Coordena\u00e7\u00e3o Geral de Acredita\u00e7\u00e3o - do INMETRO para realizar a certifica\u00e7\u00e3o PBE Edifica e emitir a ENCE (Etiqueta Nacional de Conserva\u00e7\u00e3o de Energia) para o Escopo de Edifica\u00e7\u00f5es Comerciais, de Servi\u00e7os e P\u00fablicas (RTQ-C).\u00a0<\/span><\/p>\n<p align=\"justify\"><span style=\"font-family: helvetica, arial, sans-serif;font-size: 14pt\"><img loading=\"lazy\" decoding=\"async\" class=\"aligncenter wp-image-2040\" src=\"https:\/\/wp.ufpel.edu.br\/linse\/files\/2020\/08\/Imagem_01-1.png\" alt=\"\" width=\"800\" height=\"584\" srcset=\"https:\/\/wp.ufpel.edu.br\/linse\/files\/2020\/08\/Imagem_01-1.png 3917w, https:\/\/wp.ufpel.edu.br\/linse\/files\/2020\/08\/Imagem_01-1-424x310.png 424w, https:\/\/wp.ufpel.edu.br\/linse\/files\/2020\/08\/Imagem_01-1-212x155.png 212w, https:\/\/wp.ufpel.edu.br\/linse\/files\/2020\/08\/Imagem_01-1-768x561.png 768w, https:\/\/wp.ufpel.edu.br\/linse\/files\/2020\/08\/Imagem_01-1-1536x1122.png 1536w, https:\/\/wp.ufpel.edu.br\/linse\/files\/2020\/08\/Imagem_01-1-2048x1495.png 2048w\" sizes=\"auto, (max-width: 800px) 100vw, 800px\" \/><\/span><\/p>\n<p align=\"justify\"><span style=\"font-family: helvetica, arial, sans-serif;font-size: 14pt\">A etiqueta \u00e9 o Selo de Conformidade que evidencia o atendimento a requisitos de desempenho estabelecidos nas normas e regulamentos t\u00e9cnicos e, no caso das edifica\u00e7\u00f5es, \u00e9 determinado o n\u00edvel de efici\u00eancia energ\u00e9tica da mesma. Para tanto deve ser avaliada a envolt\u00f3ria da edifica\u00e7\u00e3o, de acordo com a zona bioclim\u00e1tica onde est\u00e1 inserida, e os sistemas de ilumina\u00e7\u00e3o e condicionamento de ar.<\/span><\/p>\n<p align=\"justify\"><span style=\"font-family: helvetica, arial, sans-serif;font-size: 14pt\">A ado\u00e7\u00e3o de iniciativas que melhorem a efici\u00eancia energ\u00e9tica da edifica\u00e7\u00e3o, desde que devidamente comprovadas, podem elevar seu n\u00edvel de efici\u00eancia. Como exemplo de bonifica\u00e7\u00f5es podemos citar sistemas e equipamentos que racionalizem o consumo de \u00e1gua, sistemas ou fontes renov\u00e1veis de energia e inova\u00e7\u00f5es t\u00e9cnicas ou de sistemas.<\/span><\/p>\n<p align=\"justify\"><span style=\"font-family: helvetica, arial, sans-serif;font-size: 14pt\">A etiqueta pode ser Geral, quando avalia todos os tr\u00eas sistemas individuais (envolt\u00f3ria, ilumina\u00e7\u00e3o e condicionamento de ar) ou parcial, quando \u00e9 avaliada a envolt\u00f3ria e apenas um dos sistemas (ilumina\u00e7\u00e3o ou condicionamento de ar). Parcelas da edifica\u00e7\u00e3o, como pavimentos ou conjunto de ambientes, tamb\u00e9m podem ter seus sistemas de ilumina\u00e7\u00e3o e condicionamento avaliados, por\u00e9m, neste caso, deve ser avaliada conjuntamente a envolt\u00f3ria de toda a edifica\u00e7\u00e3o.<\/span><\/p>\n<p align=\"justify\"><span style=\"font-family: helvetica, arial, sans-serif;font-size: 14pt\">A etiqueta pode ser emitida para o projeto da edifica\u00e7\u00e3o, tendo uma validade de cinco anos a partir de sua emiss\u00e3o ou at\u00e9 a constru\u00e7\u00e3o do edif\u00edcio, se isto ocorrer antes. Posteriormente dever\u00e1 ser emitida uma etiqueta de edif\u00edcio constru\u00eddo, que confirmar\u00e1 que a edifica\u00e7\u00e3o foi constru\u00edda de acordo com o projeto analisado. Ainda h\u00e1 a possibilidade da emiss\u00e3o da etiqueta diretamente do edif\u00edcio constru\u00eddo, sem a emiss\u00e3o da etiqueta de projeto.<\/span><\/p>\n<p align=\"justify\"><span style=\"font-family: helvetica, arial, sans-serif;font-size: 14pt\">O LINSE | UFPel \u00e9 acreditado para realizar as seguintes inspe\u00e7\u00f5es:<\/span><\/p>\n<p align=\"justify\"><span style=\"font-family: helvetica, arial, sans-serif;font-size: 14pt\"><img loading=\"lazy\" decoding=\"async\" class=\"wp-image-2041 aligncenter\" src=\"https:\/\/wp.ufpel.edu.br\/linse\/files\/2020\/08\/Imagem_02.png\" alt=\"\" width=\"1000\" height=\"378\" srcset=\"https:\/\/wp.ufpel.edu.br\/linse\/files\/2020\/08\/Imagem_02.png 3917w, https:\/\/wp.ufpel.edu.br\/linse\/files\/2020\/08\/Imagem_02-424x160.png 424w, https:\/\/wp.ufpel.edu.br\/linse\/files\/2020\/08\/Imagem_02-212x80.png 212w, https:\/\/wp.ufpel.edu.br\/linse\/files\/2020\/08\/Imagem_02-768x290.png 768w, https:\/\/wp.ufpel.edu.br\/linse\/files\/2020\/08\/Imagem_02-1536x580.png 1536w, https:\/\/wp.ufpel.edu.br\/linse\/files\/2020\/08\/Imagem_02-2048x773.png 2048w\" sizes=\"auto, (max-width: 1000px) 100vw, 1000px\" \/><\/span><\/p>\n<p align=\"justify\">\n<\/div>\n<\/div><\/div><\/div><\/div><div id=\"pg-1464-2\"  class=\"panel-grid panel-no-style\" ><div id=\"pgc-1464-2-0\"  class=\"panel-grid-cell\" ><div id=\"panel-1464-2-0-0\" class=\"so-panel widget widget_sow-image panel-first-child panel-last-child\" data-index=\"2\" ><div class=\"panel-widget-style panel-widget-style-for-1464-2-0-0\" ><div\n\t\t\t\n\t\t\tclass=\"so-widget-sow-image so-widget-sow-image-default-8b5b6f678277-1464\"\n\t\t\t\n\t\t>\n<div class=\"sow-image-container\">\n\t\t<img \n\tsrc=\"https:\/\/wp.ufpel.edu.br\/linse\/files\/2020\/08\/linha-preta-5.png\" width=\"5935\" height=\"2\" srcset=\"https:\/\/wp.ufpel.edu.br\/linse\/files\/2020\/08\/linha-preta-5.png 5935w, https:\/\/wp.ufpel.edu.br\/linse\/files\/2020\/08\/linha-preta-5-424x1.png 424w, https:\/\/wp.ufpel.edu.br\/linse\/files\/2020\/08\/linha-preta-5-984x2.png 984w, https:\/\/wp.ufpel.edu.br\/linse\/files\/2020\/08\/linha-preta-5-212x1.png 212w, https:\/\/wp.ufpel.edu.br\/linse\/files\/2020\/08\/linha-preta-5-768x1.png 768w, https:\/\/wp.ufpel.edu.br\/linse\/files\/2020\/08\/linha-preta-5-1536x1.png 1536w, https:\/\/wp.ufpel.edu.br\/linse\/files\/2020\/08\/linha-preta-5-2048x1.png 2048w, https:\/\/wp.ufpel.edu.br\/linse\/files\/2020\/08\/linha-preta-5-720x2.png 720w, https:\/\/wp.ufpel.edu.br\/linse\/files\/2020\/08\/linha-preta-5-1080x2.png 1080w, https:\/\/wp.ufpel.edu.br\/linse\/files\/2020\/08\/linha-preta-5-960x2.png 960w, https:\/\/wp.ufpel.edu.br\/linse\/files\/2020\/08\/linha-preta-5-272x2.png 272w, https:\/\/wp.ufpel.edu.br\/linse\/files\/2020\/08\/linha-preta-5-436x2.png 436w\" sizes=\"(max-width: 5935px) 100vw, 5935px\" title=\"linha preta\" alt=\"\" \t\tclass=\"so-widget-image\"\/>\n\t<\/div>\n\n<\/div><\/div><\/div><\/div><\/div><div id=\"pg-1464-3\"  class=\"panel-grid panel-no-style\" ><div id=\"pgc-1464-3-0\"  class=\"panel-grid-cell\" ><div id=\"panel-1464-3-0-0\" class=\"so-panel widget widget_sow-editor panel-first-child panel-last-child\" data-index=\"3\" ><div\n\t\t\t\n\t\t\tclass=\"so-widget-sow-editor so-widget-sow-editor-base\"\n\t\t\t\n\t\t>\n<div class=\"siteorigin-widget-tinymce textwidget\">\n\t<p align=\"center\"><span style=\"font-size: 18pt\"><span style=\"font-family: Helvetica, serif\">Entre em contato conosco e veja qual o tipo mais indicado <\/span><span style=\"font-family: Helvetica, serif\">para sua institui\u00e7\u00e3o\/empresa.<\/span><\/span><\/p>\n<\/div>\n<\/div><\/div><\/div><\/div><div id=\"pg-1464-4\"  class=\"panel-grid panel-no-style\" ><div id=\"pgc-1464-4-0\"  class=\"panel-grid-cell\" ><div id=\"panel-1464-4-0-0\" class=\"so-panel widget widget_sow-image panel-first-child panel-last-child\" data-index=\"4\" ><div\n\t\t\t\n\t\t\tclass=\"so-widget-sow-image so-widget-sow-image-default-c67d20f9f743-1464\"\n\t\t\t\n\t\t>\n<div class=\"sow-image-container\">\n\t\t\t<a href=\"https:\/\/wp.ufpel.edu.br\/linse\/contato\/\"\n\t\t\ttarget=\"_blank\" rel=\"noopener noreferrer\" \t\t>\n\t\t\t<img \n\tsrc=\"https:\/\/wp.ufpel.edu.br\/linse\/files\/2020\/09\/Botoes-01-424x128.png\" width=\"424\" height=\"128\" srcset=\"https:\/\/wp.ufpel.edu.br\/linse\/files\/2020\/09\/Botoes-01-424x128.png 424w, https:\/\/wp.ufpel.edu.br\/linse\/files\/2020\/09\/Botoes-01-212x64.png 212w, https:\/\/wp.ufpel.edu.br\/linse\/files\/2020\/09\/Botoes-01-768x232.png 768w, https:\/\/wp.ufpel.edu.br\/linse\/files\/2020\/09\/Botoes-01.png 1355w\" sizes=\"(max-width: 424px) 100vw, 424px\" title=\"Bot\u00f5es-01\" alt=\"\" \t\tclass=\"so-widget-image\"\/>\n\t\t\t<\/a><\/div>\n\n<\/div><\/div><\/div><div id=\"pgc-1464-4-1\"  class=\"panel-grid-cell\" ><div id=\"panel-1464-4-1-0\" class=\"so-panel widget widget_sow-image panel-first-child panel-last-child\" data-index=\"5\" ><div\n\t\t\t\n\t\t\tclass=\"so-widget-sow-image so-widget-sow-image-default-c67d20f9f743-1464\"\n\t\t\t\n\t\t>\n<div class=\"sow-image-container\">\n\t\t\t<a href=\"https:\/\/wp.ufpel.edu.br\/linse\/#orcamento\"\n\t\t\t\t\t>\n\t\t\t<img \n\tsrc=\"https:\/\/wp.ufpel.edu.br\/linse\/files\/2020\/09\/Botoes-02-424x128.png\" width=\"424\" height=\"128\" srcset=\"https:\/\/wp.ufpel.edu.br\/linse\/files\/2020\/09\/Botoes-02-424x128.png 424w, https:\/\/wp.ufpel.edu.br\/linse\/files\/2020\/09\/Botoes-02-212x64.png 212w, https:\/\/wp.ufpel.edu.br\/linse\/files\/2020\/09\/Botoes-02-768x232.png 768w, https:\/\/wp.ufpel.edu.br\/linse\/files\/2020\/09\/Botoes-02.png 1355w\" sizes=\"(max-width: 424px) 100vw, 424px\" title=\"Bot\u00f5es-02\" alt=\"\" \t\tclass=\"so-widget-image\"\/>\n\t\t\t<\/a><\/div>\n\n<\/div><\/div><\/div><div id=\"pgc-1464-4-2\"  class=\"panel-grid-cell\" ><div id=\"panel-1464-4-2-0\" class=\"so-panel widget widget_sow-image panel-first-child panel-last-child\" data-index=\"6\" ><div\n\t\t\t\n\t\t\tclass=\"so-widget-sow-image so-widget-sow-image-default-c67d20f9f743-1464\"\n\t\t\t\n\t\t>\n<div class=\"sow-image-container\">\n\t\t\t<a href=\"https:\/\/linse.ufpel.edu.br\/suporte\/\"\n\t\t\t\t\t>\n\t\t\t<img \n\tsrc=\"https:\/\/wp.ufpel.edu.br\/linse\/files\/2020\/09\/Botoes-03-424x128.png\" width=\"424\" height=\"128\" srcset=\"https:\/\/wp.ufpel.edu.br\/linse\/files\/2020\/09\/Botoes-03-424x128.png 424w, https:\/\/wp.ufpel.edu.br\/linse\/files\/2020\/09\/Botoes-03-212x64.png 212w, https:\/\/wp.ufpel.edu.br\/linse\/files\/2020\/09\/Botoes-03-768x232.png 768w, https:\/\/wp.ufpel.edu.br\/linse\/files\/2020\/09\/Botoes-03.png 1355w\" sizes=\"(max-width: 424px) 100vw, 424px\" title=\"Bot\u00f5es-03\" alt=\"\" \t\tclass=\"so-widget-image\"\/>\n\t\t\t<\/a><\/div>\n\n<\/div><\/div><\/div><\/div><div id=\"pg-1464-5\"  class=\"panel-grid panel-no-style\" ><div id=\"pgc-1464-5-0\"  class=\"panel-grid-cell\" ><div id=\"panel-1464-5-0-0\" class=\"so-panel widget widget_sow-image panel-first-child panel-last-child\" data-index=\"7\" ><div class=\"panel-widget-style panel-widget-style-for-1464-5-0-0\" ><div\n\t\t\t\n\t\t\tclass=\"so-widget-sow-image so-widget-sow-image-default-8b5b6f678277-1464\"\n\t\t\t\n\t\t>\n<div class=\"sow-image-container\">\n\t\t<img \n\tsrc=\"https:\/\/wp.ufpel.edu.br\/linse\/files\/2020\/08\/linha-preta-5.png\" width=\"5935\" height=\"2\" srcset=\"https:\/\/wp.ufpel.edu.br\/linse\/files\/2020\/08\/linha-preta-5.png 5935w, https:\/\/wp.ufpel.edu.br\/linse\/files\/2020\/08\/linha-preta-5-424x1.png 424w, https:\/\/wp.ufpel.edu.br\/linse\/files\/2020\/08\/linha-preta-5-984x2.png 984w, https:\/\/wp.ufpel.edu.br\/linse\/files\/2020\/08\/linha-preta-5-212x1.png 212w, https:\/\/wp.ufpel.edu.br\/linse\/files\/2020\/08\/linha-preta-5-768x1.png 768w, https:\/\/wp.ufpel.edu.br\/linse\/files\/2020\/08\/linha-preta-5-1536x1.png 1536w, https:\/\/wp.ufpel.edu.br\/linse\/files\/2020\/08\/linha-preta-5-2048x1.png 2048w, https:\/\/wp.ufpel.edu.br\/linse\/files\/2020\/08\/linha-preta-5-720x2.png 720w, https:\/\/wp.ufpel.edu.br\/linse\/files\/2020\/08\/linha-preta-5-1080x2.png 1080w, https:\/\/wp.ufpel.edu.br\/linse\/files\/2020\/08\/linha-preta-5-960x2.png 960w, https:\/\/wp.ufpel.edu.br\/linse\/files\/2020\/08\/linha-preta-5-272x2.png 272w, https:\/\/wp.ufpel.edu.br\/linse\/files\/2020\/08\/linha-preta-5-436x2.png 436w\" sizes=\"(max-width: 5935px) 100vw, 5935px\" title=\"linha preta\" alt=\"\" \t\tclass=\"so-widget-image\"\/>\n\t<\/div>\n\n<\/div><\/div><\/div><\/div><\/div><div id=\"pg-1464-6\"  class=\"panel-grid panel-no-style\" ><div id=\"pgc-1464-6-0\"  class=\"panel-grid-cell\" ><div id=\"panel-1464-6-0-0\" class=\"so-panel widget widget_sow-editor panel-first-child panel-last-child\" data-index=\"8\" ><div\n\t\t\t\n\t\t\tclass=\"so-widget-sow-editor so-widget-sow-editor-base\"\n\t\t\t\n\t\t>\n<div class=\"siteorigin-widget-tinymce textwidget\">\n\t<p align=\"center\"><span style=\"font-family: Helvetica, serif;font-size: 18pt\">Veja tamb\u00e9m os outros servi\u00e7os que oferecemos para voc\u00ea!<\/span><\/p>\n<\/div>\n<\/div><\/div><\/div><\/div><div id=\"pg-1464-7\"  class=\"panel-grid panel-no-style\" ><div id=\"pgc-1464-7-0\"  class=\"panel-grid-cell\" ><div id=\"panel-1464-7-0-0\" class=\"so-panel widget widget_sow-image panel-first-child panel-last-child\" data-index=\"9\" ><div\n\t\t\t\n\t\t\tclass=\"so-widget-sow-image so-widget-sow-image-default-c67d20f9f743-1464\"\n\t\t\t\n\t\t>\n<div class=\"sow-image-container\">\n\t\t\t<a href=\"https:\/\/wp.ufpel.edu.br\/linse\/servicos\/\"\n\t\t\t\t\t>\n\t\t\t<img \n\tsrc=\"https:\/\/wp.ufpel.edu.br\/linse\/files\/2020\/09\/Botoes-04-424x90.png\" width=\"424\" height=\"90\" srcset=\"https:\/\/wp.ufpel.edu.br\/linse\/files\/2020\/09\/Botoes-04-424x90.png 424w, https:\/\/wp.ufpel.edu.br\/linse\/files\/2020\/09\/Botoes-04-212x45.png 212w, https:\/\/wp.ufpel.edu.br\/linse\/files\/2020\/09\/Botoes-04-768x164.png 768w, https:\/\/wp.ufpel.edu.br\/linse\/files\/2020\/09\/Botoes-04-1536x327.png 1536w, https:\/\/wp.ufpel.edu.br\/linse\/files\/2020\/09\/Botoes-04.png 1925w\" sizes=\"(max-width: 424px) 100vw, 424px\" title=\"Bot\u00f5es-04\" alt=\"\" \t\tclass=\"so-widget-image\"\/>\n\t\t\t<\/a><\/div>\n\n<\/div><\/div><\/div><\/div><div id=\"pg-1464-8\"  class=\"panel-grid panel-no-style\" ><div id=\"pgc-1464-8-0\"  class=\"panel-grid-cell\" ><div id=\"panel-1464-8-0-0\" class=\"so-panel widget widget_sow-image panel-first-child panel-last-child\" data-index=\"10\" ><div class=\"panel-widget-style panel-widget-style-for-1464-8-0-0\" ><div\n\t\t\t\n\t\t\tclass=\"so-widget-sow-image so-widget-sow-image-default-8b5b6f678277-1464\"\n\t\t\t\n\t\t>\n<div class=\"sow-image-container\">\n\t\t<img \n\tsrc=\"https:\/\/wp.ufpel.edu.br\/linse\/files\/2020\/08\/linha-preta-5.png\" width=\"5935\" height=\"2\" srcset=\"https:\/\/wp.ufpel.edu.br\/linse\/files\/2020\/08\/linha-preta-5.png 5935w, https:\/\/wp.ufpel.edu.br\/linse\/files\/2020\/08\/linha-preta-5-424x1.png 424w, https:\/\/wp.ufpel.edu.br\/linse\/files\/2020\/08\/linha-preta-5-984x2.png 984w, https:\/\/wp.ufpel.edu.br\/linse\/files\/2020\/08\/linha-preta-5-212x1.png 212w, https:\/\/wp.ufpel.edu.br\/linse\/files\/2020\/08\/linha-preta-5-768x1.png 768w, https:\/\/wp.ufpel.edu.br\/linse\/files\/2020\/08\/linha-preta-5-1536x1.png 1536w, https:\/\/wp.ufpel.edu.br\/linse\/files\/2020\/08\/linha-preta-5-2048x1.png 2048w, https:\/\/wp.ufpel.edu.br\/linse\/files\/2020\/08\/linha-preta-5-720x2.png 720w, https:\/\/wp.ufpel.edu.br\/linse\/files\/2020\/08\/linha-preta-5-1080x2.png 1080w, https:\/\/wp.ufpel.edu.br\/linse\/files\/2020\/08\/linha-preta-5-960x2.png 960w, https:\/\/wp.ufpel.edu.br\/linse\/files\/2020\/08\/linha-preta-5-272x2.png 272w, https:\/\/wp.ufpel.edu.br\/linse\/files\/2020\/08\/linha-preta-5-436x2.png 436w\" sizes=\"(max-width: 5935px) 100vw, 5935px\" title=\"linha preta\" alt=\"\" \t\tclass=\"so-widget-image\"\/>\n\t<\/div>\n\n<\/div><\/div><\/div><\/div><\/div><\/div>","protected":false},"excerpt":{"rendered":"<p>O PBE Edifica \u00e9 a Certifica\u00e7\u00e3o nacional que visa determinar o N\u00edvel de Efici\u00eancia Energ\u00e9tica de Edifica\u00e7\u00f5es no Brasil. Foi desenvolvida em parceria entre o Inmetro e a Eletrobras\/PROCEL Edifica e faz parte do Programa Brasileiro de Etiquetagem (PBE). O LINSE | UFPel \u00e9 acreditado pela Cgcre \u2013 Coordena\u00e7\u00e3o Geral de Acredita\u00e7\u00e3o &#8211; do INMETRO [&hellip;]<\/p>\n","protected":false},"author":920,"featured_media":0,"parent":0,"menu_order":0,"comment_status":"closed","ping_status":"closed","template":"","meta":{"footnotes":""},"class_list":["post-1464","page","type-page","status-publish","hentry","post"],"_links":{"self":[{"href":"https:\/\/wp.ufpel.edu.br\/linse\/wp-json\/wp\/v2\/pages\/1464","targetHints":{"allow":["GET"]}}],"collection":[{"href":"https:\/\/wp.ufpel.edu.br\/linse\/wp-json\/wp\/v2\/pages"}],"about":[{"href":"https:\/\/wp.ufpel.edu.br\/linse\/wp-json\/wp\/v2\/types\/page"}],"author":[{"embeddable":true,"href":"https:\/\/wp.ufpel.edu.br\/linse\/wp-json\/wp\/v2\/users\/920"}],"replies":[{"embeddable":true,"href":"https:\/\/wp.ufpel.edu.br\/linse\/wp-json\/wp\/v2\/comments?post=1464"}],"version-history":[{"count":35,"href":"https:\/\/wp.ufpel.edu.br\/linse\/wp-json\/wp\/v2\/pages\/1464\/revisions"}],"predecessor-version":[{"id":3087,"href":"https:\/\/wp.ufpel.edu.br\/linse\/wp-json\/wp\/v2\/pages\/1464\/revisions\/3087"}],"wp:attachment":[{"href":"https:\/\/wp.ufpel.edu.br\/linse\/wp-json\/wp\/v2\/media?parent=1464"}],"curies":[{"name":"wp","href":"https:\/\/api.w.org\/{rel}","templated":true}]}}