{"id":1462,"date":"2020-06-15T09:19:50","date_gmt":"2020-06-15T12:19:50","guid":{"rendered":"https:\/\/wp.ufpel.edu.br\/linse\/?page_id=1462"},"modified":"2025-02-25T20:59:00","modified_gmt":"2025-02-25T23:59:00","slug":"consultoria-4","status":"publish","type":"page","link":"https:\/\/wp.ufpel.edu.br\/linse\/consultoria-4\/","title":{"rendered":"Consultoria"},"content":{"rendered":"<div id=\"pl-1462\"  class=\"panel-layout\" ><div id=\"pg-1462-0\"  class=\"panel-grid panel-no-style\" ><div id=\"pgc-1462-0-0\"  class=\"panel-grid-cell\" ><div id=\"panel-1462-0-0-0\" class=\"so-panel widget widget_media_image panel-first-child panel-last-child\" data-index=\"0\" ><img loading=\"lazy\" decoding=\"async\" width=\"5608\" height=\"2971\" src=\"https:\/\/wp.ufpel.edu.br\/linse\/files\/2020\/08\/Banners-Servi\u00e7os-03.png\" class=\"image wp-image-1978  attachment-full size-full\" alt=\"\" style=\"max-width: 100%; height: auto;\" srcset=\"https:\/\/wp.ufpel.edu.br\/linse\/files\/2020\/08\/Banners-Servi\u00e7os-03.png 5608w, https:\/\/wp.ufpel.edu.br\/linse\/files\/2020\/08\/Banners-Servi\u00e7os-03-424x225.png 424w, https:\/\/wp.ufpel.edu.br\/linse\/files\/2020\/08\/Banners-Servi\u00e7os-03-212x112.png 212w, https:\/\/wp.ufpel.edu.br\/linse\/files\/2020\/08\/Banners-Servi\u00e7os-03-768x407.png 768w, https:\/\/wp.ufpel.edu.br\/linse\/files\/2020\/08\/Banners-Servi\u00e7os-03-1536x814.png 1536w, https:\/\/wp.ufpel.edu.br\/linse\/files\/2020\/08\/Banners-Servi\u00e7os-03-2048x1085.png 2048w, https:\/\/wp.ufpel.edu.br\/linse\/files\/2020\/08\/Banners-Servi\u00e7os-03-720x380.png 720w\" sizes=\"auto, (max-width: 5608px) 100vw, 5608px\" \/><\/div><\/div><\/div><div id=\"pg-1462-1\"  class=\"panel-grid panel-no-style\" ><div id=\"pgc-1462-1-0\"  class=\"panel-grid-cell\" ><div id=\"panel-1462-1-0-0\" class=\"so-panel widget widget_sow-editor panel-first-child panel-last-child\" data-index=\"1\" ><div\n\t\t\t\n\t\t\tclass=\"so-widget-sow-editor so-widget-sow-editor-base\"\n\t\t\t\n\t\t>\n<div class=\"siteorigin-widget-tinymce textwidget\">\n\t<p align=\"justify\"><span style=\"font-size: 14pt;font-family: helvetica, arial, sans-serif\">A Consultoria tanto pode ser utilizada como aux\u00edlio na adequa\u00e7\u00e3o da edifica\u00e7\u00e3o a uma determinada norma como um meio de buscar conforto e efici\u00eancia energ\u00e9tica de uma forma mais racional, com um consumo menor de energia. Ela \u00e9 de suma import\u00e2ncia, pois o consultor especialista auxilia no desenvolvimento do projeto, juntamente com os projetistas, no momento da elabora\u00e7\u00e3o do projeto, quando as mudan\u00e7as necess\u00e1rias geram um menor impacto.<\/span><\/p>\n<p align=\"justify\"><span style=\"font-size: 14pt;font-family: helvetica, arial, sans-serif\">A Consultoria \u00e9 uma etapa pr\u00e9via a Certifica\u00e7\u00e3o. Quando necess\u00e1rio prop\u00f5e altera\u00e7\u00f5es nos projetos visando contemplar os requisitos de uma determinada publica\u00e7\u00e3o t\u00e9cnica, possibilitando ter o conhecimento pr\u00e9vio do desempenho e do n\u00edvel que o projeto \u00e9 capaz de alcan\u00e7ar.<\/span><\/p>\n<p align=\"justify\"><span style=\"font-size: 14pt\"><img loading=\"lazy\" decoding=\"async\" class=\"aligncenter wp-image-2442 \" src=\"https:\/\/wp.ufpel.edu.br\/linse\/files\/2020\/10\/Imagem_01_transparente.png\" alt=\"\" width=\"665\" height=\"494\" srcset=\"https:\/\/wp.ufpel.edu.br\/linse\/files\/2020\/10\/Imagem_01_transparente.png 4200w, https:\/\/wp.ufpel.edu.br\/linse\/files\/2020\/10\/Imagem_01_transparente-424x315.png 424w, https:\/\/wp.ufpel.edu.br\/linse\/files\/2020\/10\/Imagem_01_transparente-768x571.png 768w, https:\/\/wp.ufpel.edu.br\/linse\/files\/2020\/10\/Imagem_01_transparente-1536x1142.png 1536w, https:\/\/wp.ufpel.edu.br\/linse\/files\/2020\/10\/Imagem_01_transparente-2048x1522.png 2048w\" sizes=\"auto, (max-width: 665px) 100vw, 665px\" \/><\/span><\/p>\n<p align=\"justify\"><span style=\"font-size: 14pt;font-family: helvetica, arial, sans-serif\">O LINSE | UFPel por ser um Organismo de Inspe\u00e7\u00e3o de Efici\u00eancia Energ\u00e9tica do tipo C, conforme a NBR ISO\/IEC 17020, est\u00e1 apto a realizar o servi\u00e7o de Consultoria.<\/span><\/p>\n<p align=\"justify\"><span style=\"font-size: 14pt;font-family: helvetica, arial, sans-serif\">Oferecemos corpo t\u00e9cnico capacitado nas seguintes consultorias:<\/span><\/p>\n<ul>\n<li>\n<p align=\"justify\"><span style=\"font-size: 14pt;font-family: helvetica, arial, sans-serif\">Consultoria em Etiquetagem de Edifica\u00e7\u00f5es Comerciais, de Servi\u00e7o e P\u00fablicas (RTQ-C);<\/span><\/p>\n<\/li>\n<li>\n<p align=\"justify\"><span style=\"font-size: 14pt;font-family: helvetica, arial, sans-serif\">Consultoria em Etiquetagem de Edifica\u00e7\u00f5es Residenciais (RTQ-R);<\/span><\/p>\n<\/li>\n<li>\n<p align=\"justify\"><span style=\"font-size: 14pt;font-family: helvetica, arial, sans-serif\">Consultoria na NBR 15575 - Desempenho T\u00e9rmico;<\/span><\/p>\n<\/li>\n<li>\n<p align=\"justify\"><span style=\"font-size: 14pt;font-family: helvetica, arial, sans-serif\">Consultoria na NBR ISO\/IEC 17020;<\/span><\/p>\n<\/li>\n<li>\n<p align=\"justify\"><span style=\"font-size: 14pt;font-family: helvetica, arial, sans-serif\">Gest\u00e3o Energ\u00e9tica;<\/span><\/p>\n<\/li>\n<li>\n<p align=\"justify\"><span style=\"font-size: 14pt;font-family: helvetica, arial, sans-serif\">Diagn\u00f3stico Energ\u00e9tico (NBR\/ISO 50002);<\/span><\/p>\n<\/li>\n<li>\n<p align=\"justify\"><span style=\"font-size: 14pt;font-family: helvetica, arial, sans-serif\">Projetos de Gera\u00e7\u00e3o de Energia Solar Fotovoltaica.<\/span><\/p>\n<\/li>\n<\/ul>\n<p>&nbsp;<\/p>\n<p><span style=\"font-size: 14pt\"><strong><span style=\"font-family: helvetica, arial, sans-serif\">Avalia\u00e7\u00f5es T\u00e9cnicas<\/span><\/strong><\/span><\/p>\n<p style=\"text-align: justify\"><span style=\"font-family: helvetica, arial, sans-serif;font-size: 14pt\">Assim como a Consultoria, as Avalia\u00e7\u00f5es T\u00e9cnicas permitem o conhecimento pr\u00e9vio quanto a caracter\u00edsticas espec\u00edficas de determinados materiais, muitas vezes essencial para a apresenta\u00e7\u00e3o dos projetos para an\u00e1lise dos organismos de inspe\u00e7\u00e3o.<\/span><\/p>\n<p style=\"text-align: justify\"><span style=\"font-family: helvetica, arial, sans-serif;font-size: 14pt\">O LINSE | UFPel oferece, atrav\u00e9s da an\u00e1lise de amostras enviadas pelo solicitante e a utiliza\u00e7\u00e3o do Espectr\u00f4metro Alta II, o Laudo T\u00e9cnico de Absort\u00e2ncia Solar de Materiais. A determina\u00e7\u00e3o do valor correto da absort\u00e2ncia solar \u00e9 fundamental para a an\u00e1lise do pr\u00e9-requisito da absort\u00e2ncia j\u00e1 na etapa de projeto da certifica\u00e7\u00e3o, evitando surpresas indesej\u00e1veis na avalia\u00e7\u00e3o da edifica\u00e7\u00e3o constru\u00edda.<\/span><\/p>\n<\/div>\n<\/div><\/div><\/div><\/div><div id=\"pg-1462-2\"  class=\"panel-grid panel-no-style\" ><div id=\"pgc-1462-2-0\"  class=\"panel-grid-cell\" ><div id=\"panel-1462-2-0-0\" class=\"so-panel widget widget_sow-image panel-first-child panel-last-child\" data-index=\"2\" ><div class=\"panel-widget-style panel-widget-style-for-1462-2-0-0\" ><div\n\t\t\t\n\t\t\tclass=\"so-widget-sow-image so-widget-sow-image-default-8b5b6f678277-1462\"\n\t\t\t\n\t\t>\n<div class=\"sow-image-container\">\n\t\t<img \n\tsrc=\"https:\/\/wp.ufpel.edu.br\/linse\/files\/2020\/08\/linha-preta-5.png\" width=\"5935\" height=\"2\" srcset=\"https:\/\/wp.ufpel.edu.br\/linse\/files\/2020\/08\/linha-preta-5.png 5935w, https:\/\/wp.ufpel.edu.br\/linse\/files\/2020\/08\/linha-preta-5-424x1.png 424w, https:\/\/wp.ufpel.edu.br\/linse\/files\/2020\/08\/linha-preta-5-984x2.png 984w, https:\/\/wp.ufpel.edu.br\/linse\/files\/2020\/08\/linha-preta-5-212x1.png 212w, https:\/\/wp.ufpel.edu.br\/linse\/files\/2020\/08\/linha-preta-5-768x1.png 768w, https:\/\/wp.ufpel.edu.br\/linse\/files\/2020\/08\/linha-preta-5-1536x1.png 1536w, https:\/\/wp.ufpel.edu.br\/linse\/files\/2020\/08\/linha-preta-5-2048x1.png 2048w, https:\/\/wp.ufpel.edu.br\/linse\/files\/2020\/08\/linha-preta-5-720x2.png 720w, https:\/\/wp.ufpel.edu.br\/linse\/files\/2020\/08\/linha-preta-5-1080x2.png 1080w, https:\/\/wp.ufpel.edu.br\/linse\/files\/2020\/08\/linha-preta-5-960x2.png 960w, https:\/\/wp.ufpel.edu.br\/linse\/files\/2020\/08\/linha-preta-5-272x2.png 272w, https:\/\/wp.ufpel.edu.br\/linse\/files\/2020\/08\/linha-preta-5-436x2.png 436w\" sizes=\"(max-width: 5935px) 100vw, 5935px\" title=\"linha preta\" alt=\"\" \t\tclass=\"so-widget-image\"\/>\n\t<\/div>\n\n<\/div><\/div><\/div><\/div><\/div><div id=\"pg-1462-3\"  class=\"panel-grid panel-no-style\" ><div id=\"pgc-1462-3-0\"  class=\"panel-grid-cell\" ><div id=\"panel-1462-3-0-0\" class=\"so-panel widget widget_sow-editor panel-first-child panel-last-child\" data-index=\"3\" ><div\n\t\t\t\n\t\t\tclass=\"so-widget-sow-editor so-widget-sow-editor-base\"\n\t\t\t\n\t\t>\n<div class=\"siteorigin-widget-tinymce textwidget\">\n\t<p align=\"center\"><span style=\"font-size: 18pt\"><span style=\"font-family: Helvetica, serif\">Entre em contato conosco e veja qual o tipo mais indicado <\/span><span style=\"font-family: Helvetica, serif\">para sua institui\u00e7\u00e3o\/empresa.<\/span><\/span><\/p>\n<\/div>\n<\/div><\/div><\/div><\/div><div id=\"pg-1462-4\"  class=\"panel-grid panel-no-style\" ><div id=\"pgc-1462-4-0\"  class=\"panel-grid-cell\" ><div id=\"panel-1462-4-0-0\" class=\"so-panel widget widget_sow-image panel-first-child panel-last-child\" data-index=\"4\" ><div\n\t\t\t\n\t\t\tclass=\"so-widget-sow-image so-widget-sow-image-default-c67d20f9f743-1462\"\n\t\t\t\n\t\t>\n<div class=\"sow-image-container\">\n\t\t\t<a href=\"https:\/\/wp.ufpel.edu.br\/linse\/contato\/\"\n\t\t\ttarget=\"_blank\" rel=\"noopener noreferrer\" \t\t>\n\t\t\t<img \n\tsrc=\"https:\/\/wp.ufpel.edu.br\/linse\/files\/2020\/09\/Botoes-01-212x64.png\" width=\"212\" height=\"64\" srcset=\"https:\/\/wp.ufpel.edu.br\/linse\/files\/2020\/09\/Botoes-01-212x64.png 212w, https:\/\/wp.ufpel.edu.br\/linse\/files\/2020\/09\/Botoes-01-424x128.png 424w, https:\/\/wp.ufpel.edu.br\/linse\/files\/2020\/09\/Botoes-01-768x232.png 768w, https:\/\/wp.ufpel.edu.br\/linse\/files\/2020\/09\/Botoes-01.png 1355w\" sizes=\"(max-width: 212px) 100vw, 212px\" title=\"Bot\u00f5es-01\" alt=\"\" \t\tclass=\"so-widget-image\"\/>\n\t\t\t<\/a><\/div>\n\n<\/div><\/div><\/div><div id=\"pgc-1462-4-1\"  class=\"panel-grid-cell\" ><div id=\"panel-1462-4-1-0\" class=\"so-panel widget widget_sow-image panel-first-child panel-last-child\" data-index=\"5\" ><div\n\t\t\t\n\t\t\tclass=\"so-widget-sow-image so-widget-sow-image-default-c67d20f9f743-1462\"\n\t\t\t\n\t\t>\n<div class=\"sow-image-container\">\n\t\t\t<a href=\"https:\/\/wp.ufpel.edu.br\/linse\/#orcamento\"\n\t\t\t\t\t>\n\t\t\t<img \n\tsrc=\"https:\/\/wp.ufpel.edu.br\/linse\/files\/2020\/09\/Botoes-02-212x64.png\" width=\"212\" height=\"64\" srcset=\"https:\/\/wp.ufpel.edu.br\/linse\/files\/2020\/09\/Botoes-02-212x64.png 212w, https:\/\/wp.ufpel.edu.br\/linse\/files\/2020\/09\/Botoes-02-424x128.png 424w, https:\/\/wp.ufpel.edu.br\/linse\/files\/2020\/09\/Botoes-02-768x232.png 768w, https:\/\/wp.ufpel.edu.br\/linse\/files\/2020\/09\/Botoes-02.png 1355w\" sizes=\"(max-width: 212px) 100vw, 212px\" title=\"Bot\u00f5es-02\" alt=\"\" \t\tclass=\"so-widget-image\"\/>\n\t\t\t<\/a><\/div>\n\n<\/div><\/div><\/div><div id=\"pgc-1462-4-2\"  class=\"panel-grid-cell\" ><div id=\"panel-1462-4-2-0\" class=\"so-panel widget widget_sow-image panel-first-child panel-last-child\" data-index=\"6\" ><div\n\t\t\t\n\t\t\tclass=\"so-widget-sow-image so-widget-sow-image-default-c67d20f9f743-1462\"\n\t\t\t\n\t\t>\n<div class=\"sow-image-container\">\n\t\t\t<a href=\"https:\/\/linse.ufpel.edu.br\/suporte\/\"\n\t\t\t\t\t>\n\t\t\t<img \n\tsrc=\"https:\/\/wp.ufpel.edu.br\/linse\/files\/2020\/09\/Botoes-03-212x64.png\" width=\"212\" height=\"64\" srcset=\"https:\/\/wp.ufpel.edu.br\/linse\/files\/2020\/09\/Botoes-03-212x64.png 212w, https:\/\/wp.ufpel.edu.br\/linse\/files\/2020\/09\/Botoes-03-424x128.png 424w, https:\/\/wp.ufpel.edu.br\/linse\/files\/2020\/09\/Botoes-03-768x232.png 768w, https:\/\/wp.ufpel.edu.br\/linse\/files\/2020\/09\/Botoes-03.png 1355w\" sizes=\"(max-width: 212px) 100vw, 212px\" title=\"Bot\u00f5es-03\" alt=\"\" \t\tclass=\"so-widget-image\"\/>\n\t\t\t<\/a><\/div>\n\n<\/div><\/div><\/div><\/div><div id=\"pg-1462-5\"  class=\"panel-grid panel-no-style\" ><div id=\"pgc-1462-5-0\"  class=\"panel-grid-cell\" ><div id=\"panel-1462-5-0-0\" class=\"so-panel widget widget_sow-image panel-first-child panel-last-child\" data-index=\"7\" ><div class=\"panel-widget-style panel-widget-style-for-1462-5-0-0\" ><div\n\t\t\t\n\t\t\tclass=\"so-widget-sow-image so-widget-sow-image-default-8b5b6f678277-1462\"\n\t\t\t\n\t\t>\n<div class=\"sow-image-container\">\n\t\t<img \n\tsrc=\"https:\/\/wp.ufpel.edu.br\/linse\/files\/2020\/08\/linha-preta-5.png\" width=\"5935\" height=\"2\" srcset=\"https:\/\/wp.ufpel.edu.br\/linse\/files\/2020\/08\/linha-preta-5.png 5935w, https:\/\/wp.ufpel.edu.br\/linse\/files\/2020\/08\/linha-preta-5-424x1.png 424w, https:\/\/wp.ufpel.edu.br\/linse\/files\/2020\/08\/linha-preta-5-984x2.png 984w, https:\/\/wp.ufpel.edu.br\/linse\/files\/2020\/08\/linha-preta-5-212x1.png 212w, https:\/\/wp.ufpel.edu.br\/linse\/files\/2020\/08\/linha-preta-5-768x1.png 768w, https:\/\/wp.ufpel.edu.br\/linse\/files\/2020\/08\/linha-preta-5-1536x1.png 1536w, https:\/\/wp.ufpel.edu.br\/linse\/files\/2020\/08\/linha-preta-5-2048x1.png 2048w, https:\/\/wp.ufpel.edu.br\/linse\/files\/2020\/08\/linha-preta-5-720x2.png 720w, https:\/\/wp.ufpel.edu.br\/linse\/files\/2020\/08\/linha-preta-5-1080x2.png 1080w, https:\/\/wp.ufpel.edu.br\/linse\/files\/2020\/08\/linha-preta-5-960x2.png 960w, https:\/\/wp.ufpel.edu.br\/linse\/files\/2020\/08\/linha-preta-5-272x2.png 272w, https:\/\/wp.ufpel.edu.br\/linse\/files\/2020\/08\/linha-preta-5-436x2.png 436w\" sizes=\"(max-width: 5935px) 100vw, 5935px\" title=\"linha preta\" alt=\"\" \t\tclass=\"so-widget-image\"\/>\n\t<\/div>\n\n<\/div><\/div><\/div><\/div><\/div><div id=\"pg-1462-6\"  class=\"panel-grid panel-no-style\" ><div id=\"pgc-1462-6-0\"  class=\"panel-grid-cell\" ><div id=\"panel-1462-6-0-0\" class=\"so-panel widget widget_sow-editor panel-first-child panel-last-child\" data-index=\"8\" ><div\n\t\t\t\n\t\t\tclass=\"so-widget-sow-editor so-widget-sow-editor-base\"\n\t\t\t\n\t\t>\n<div class=\"siteorigin-widget-tinymce textwidget\">\n\t<p align=\"center\"><span style=\"font-family: Helvetica, serif;font-size: 18pt\">Veja tamb\u00e9m os outros servi\u00e7os que oferecemos para voc\u00ea!<\/span><\/p>\n<\/div>\n<\/div><\/div><\/div><\/div><div id=\"pg-1462-7\"  class=\"panel-grid panel-no-style\" ><div id=\"pgc-1462-7-0\"  class=\"panel-grid-cell\" ><div id=\"panel-1462-7-0-0\" class=\"so-panel widget widget_sow-image panel-first-child panel-last-child\" data-index=\"9\" ><div\n\t\t\t\n\t\t\tclass=\"so-widget-sow-image so-widget-sow-image-default-c67d20f9f743-1462\"\n\t\t\t\n\t\t>\n<div class=\"sow-image-container\">\n\t\t\t<a href=\"https:\/\/wp.ufpel.edu.br\/linse\/servicos\/\"\n\t\t\t\t\t>\n\t\t\t<img \n\tsrc=\"https:\/\/wp.ufpel.edu.br\/linse\/files\/2020\/09\/Botoes-04-212x45.png\" width=\"212\" height=\"45\" srcset=\"https:\/\/wp.ufpel.edu.br\/linse\/files\/2020\/09\/Botoes-04-212x45.png 212w, https:\/\/wp.ufpel.edu.br\/linse\/files\/2020\/09\/Botoes-04-424x90.png 424w, https:\/\/wp.ufpel.edu.br\/linse\/files\/2020\/09\/Botoes-04-768x164.png 768w, https:\/\/wp.ufpel.edu.br\/linse\/files\/2020\/09\/Botoes-04-1536x327.png 1536w, https:\/\/wp.ufpel.edu.br\/linse\/files\/2020\/09\/Botoes-04.png 1925w\" sizes=\"(max-width: 212px) 100vw, 212px\" title=\"Bot\u00f5es-04\" alt=\"\" \t\tclass=\"so-widget-image\"\/>\n\t\t\t<\/a><\/div>\n\n<\/div><\/div><\/div><\/div><div id=\"pg-1462-8\"  class=\"panel-grid panel-no-style\" ><div id=\"pgc-1462-8-0\"  class=\"panel-grid-cell\" ><div id=\"panel-1462-8-0-0\" class=\"so-panel widget widget_sow-image panel-first-child panel-last-child\" data-index=\"10\" ><div class=\"panel-widget-style panel-widget-style-for-1462-8-0-0\" ><div\n\t\t\t\n\t\t\tclass=\"so-widget-sow-image so-widget-sow-image-default-8b5b6f678277-1462\"\n\t\t\t\n\t\t>\n<div class=\"sow-image-container\">\n\t\t<img \n\tsrc=\"https:\/\/wp.ufpel.edu.br\/linse\/files\/2020\/08\/linha-preta-5.png\" width=\"5935\" height=\"2\" srcset=\"https:\/\/wp.ufpel.edu.br\/linse\/files\/2020\/08\/linha-preta-5.png 5935w, https:\/\/wp.ufpel.edu.br\/linse\/files\/2020\/08\/linha-preta-5-424x1.png 424w, https:\/\/wp.ufpel.edu.br\/linse\/files\/2020\/08\/linha-preta-5-984x2.png 984w, https:\/\/wp.ufpel.edu.br\/linse\/files\/2020\/08\/linha-preta-5-212x1.png 212w, https:\/\/wp.ufpel.edu.br\/linse\/files\/2020\/08\/linha-preta-5-768x1.png 768w, https:\/\/wp.ufpel.edu.br\/linse\/files\/2020\/08\/linha-preta-5-1536x1.png 1536w, https:\/\/wp.ufpel.edu.br\/linse\/files\/2020\/08\/linha-preta-5-2048x1.png 2048w, https:\/\/wp.ufpel.edu.br\/linse\/files\/2020\/08\/linha-preta-5-720x2.png 720w, https:\/\/wp.ufpel.edu.br\/linse\/files\/2020\/08\/linha-preta-5-1080x2.png 1080w, https:\/\/wp.ufpel.edu.br\/linse\/files\/2020\/08\/linha-preta-5-960x2.png 960w, https:\/\/wp.ufpel.edu.br\/linse\/files\/2020\/08\/linha-preta-5-272x2.png 272w, https:\/\/wp.ufpel.edu.br\/linse\/files\/2020\/08\/linha-preta-5-436x2.png 436w\" sizes=\"(max-width: 5935px) 100vw, 5935px\" title=\"linha preta\" alt=\"\" \t\tclass=\"so-widget-image\"\/>\n\t<\/div>\n\n<\/div><\/div><\/div><\/div><\/div><\/div>","protected":false},"excerpt":{"rendered":"<p>A Consultoria tanto pode ser utilizada como aux\u00edlio na adequa\u00e7\u00e3o da edifica\u00e7\u00e3o a uma determinada norma como um meio de buscar conforto e efici\u00eancia energ\u00e9tica de uma forma mais racional, com um consumo menor de energia. Ela \u00e9 de suma import\u00e2ncia, pois o consultor especialista auxilia no desenvolvimento do projeto, juntamente com os projetistas, no [&hellip;]<\/p>\n","protected":false},"author":920,"featured_media":0,"parent":0,"menu_order":0,"comment_status":"closed","ping_status":"closed","template":"","meta":{"footnotes":""},"class_list":["post-1462","page","type-page","status-publish","hentry","post"],"_links":{"self":[{"href":"https:\/\/wp.ufpel.edu.br\/linse\/wp-json\/wp\/v2\/pages\/1462","targetHints":{"allow":["GET"]}}],"collection":[{"href":"https:\/\/wp.ufpel.edu.br\/linse\/wp-json\/wp\/v2\/pages"}],"about":[{"href":"https:\/\/wp.ufpel.edu.br\/linse\/wp-json\/wp\/v2\/types\/page"}],"author":[{"embeddable":true,"href":"https:\/\/wp.ufpel.edu.br\/linse\/wp-json\/wp\/v2\/users\/920"}],"replies":[{"embeddable":true,"href":"https:\/\/wp.ufpel.edu.br\/linse\/wp-json\/wp\/v2\/comments?post=1462"}],"version-history":[{"count":97,"href":"https:\/\/wp.ufpel.edu.br\/linse\/wp-json\/wp\/v2\/pages\/1462\/revisions"}],"predecessor-version":[{"id":3088,"href":"https:\/\/wp.ufpel.edu.br\/linse\/wp-json\/wp\/v2\/pages\/1462\/revisions\/3088"}],"wp:attachment":[{"href":"https:\/\/wp.ufpel.edu.br\/linse\/wp-json\/wp\/v2\/media?parent=1462"}],"curies":[{"name":"wp","href":"https:\/\/api.w.org\/{rel}","templated":true}]}}