{"id":115,"date":"2017-04-19T18:40:46","date_gmt":"2017-04-19T21:40:46","guid":{"rendered":"https:\/\/wp.ufpel.edu.br\/linse\/?page_id=115"},"modified":"2020-10-09T10:22:05","modified_gmt":"2020-10-09T13:22:05","slug":"duvidas-frequentes-2","status":"publish","type":"page","link":"https:\/\/wp.ufpel.edu.br\/linse\/duvidas-frequentes-2\/","title":{"rendered":"D\u00favidas Frequentes"},"content":{"rendered":"<div id=\"pl-115\"  class=\"panel-layout\" ><div id=\"pg-115-0\"  class=\"panel-grid panel-no-style\" ><div id=\"pgc-115-0-0\"  class=\"panel-grid-cell\" ><div id=\"panel-115-0-0-0\" class=\"so-panel widget widget_media_image panel-first-child panel-last-child\" data-index=\"0\" ><img loading=\"lazy\" decoding=\"async\" width=\"5608\" height=\"2675\" src=\"https:\/\/wp.ufpel.edu.br\/linse\/files\/2020\/09\/Banners-Servicos-11.png\" class=\"image wp-image-2215  attachment-full size-full\" alt=\"\" style=\"max-width: 100%; height: auto;\" srcset=\"https:\/\/wp.ufpel.edu.br\/linse\/files\/2020\/09\/Banners-Servicos-11.png 5608w, https:\/\/wp.ufpel.edu.br\/linse\/files\/2020\/09\/Banners-Servicos-11-424x202.png 424w, https:\/\/wp.ufpel.edu.br\/linse\/files\/2020\/09\/Banners-Servicos-11-212x101.png 212w, https:\/\/wp.ufpel.edu.br\/linse\/files\/2020\/09\/Banners-Servicos-11-768x366.png 768w, https:\/\/wp.ufpel.edu.br\/linse\/files\/2020\/09\/Banners-Servicos-11-1536x733.png 1536w, https:\/\/wp.ufpel.edu.br\/linse\/files\/2020\/09\/Banners-Servicos-11-2048x977.png 2048w\" sizes=\"auto, (max-width: 5608px) 100vw, 5608px\" \/><\/div><\/div><\/div><div id=\"pg-115-1\"  class=\"panel-grid panel-no-style\" ><div id=\"pgc-115-1-0\"  class=\"panel-grid-cell\" ><div id=\"panel-115-1-0-0\" class=\"so-panel widget widget_sow-editor panel-first-child panel-last-child\" data-index=\"1\" ><div\n\t\t\t\n\t\t\tclass=\"so-widget-sow-editor so-widget-sow-editor-base\"\n\t\t\t\n\t\t>\n<div class=\"siteorigin-widget-tinymce textwidget\">\n\t<p style=\"text-align: justify\"><strong><span style=\"font-family: helvetica, arial, sans-serif;font-size: 18pt\">Qual import\u00e2ncia da Efici\u00eancia Energ\u00e9tica em Edifica\u00e7\u00f5es?<\/span><\/strong><\/p>\n<p style=\"text-align: justify\"><span style=\"font-family: helvetica, arial, sans-serif;font-size: 14pt\">O consumo de energia el\u00e9trica nas edifica\u00e7\u00f5es - p\u00fablicas, comerciais e residenciais somadas - corresponde a mais de 50% do consumo de energia el\u00e9trica no pa\u00eds e vem crescendo ao longo dos anos. Estima-se um potencial de redu\u00e7\u00e3o deste consumo de at\u00e9 60% para novas edifica\u00e7\u00f5es e de at\u00e9 30% para aquelas que promoverem reformas que contemplem os conceitos de efici\u00eancia energ\u00e9tica em edifica\u00e7\u00f5es (retrofit). Desta forma a efici\u00eancia energ\u00e9tica ajuda a preservar o meio ambiente e proporciona \u00e0s gera\u00e7\u00f5es futuras a capacidade de satisfazer as suas pr\u00f3prias necessidades.<\/span><\/p>\n<p>&nbsp;<\/p>\n<p style=\"text-align: justify\"><strong><span style=\"font-family: helvetica, arial, sans-serif;font-size: 18pt\">O que \u00e9 o PBE \u2013 Programa Brasileiro de Etiquetagem?<\/span><\/strong><\/p>\n<p style=\"text-align: justify\"><span style=\"font-family: helvetica, arial, sans-serif;font-size: 14pt\">O Programa Brasileiro de Etiquetagem visa atrav\u00e9s da transpar\u00eancia do consumo energ\u00e9tico de um produto, dar ao consumidor outro atributo, al\u00e9m do pre\u00e7o, no momento da aquisi\u00e7\u00e3o do mesmo. Tamb\u00e9m pretende estimular a competitividade industrial atrav\u00e9s de inova\u00e7\u00f5es e desenvolvimentos tecnol\u00f3gicos que propiciam produtos cada vez mais eficientes.<\/span><\/p>\n<p style=\"text-align: justify\"><span style=\"font-family: helvetica, arial, sans-serif;font-size: 14pt\">Saiba mais em: <a href=\"https:\/\/www2.inmetro.gov.br\/pbe\/\">https:\/\/www2.inmetro.gov.br\/pbe\/<\/a><\/span><\/p>\n<p>&nbsp;<\/p>\n<p style=\"text-align: justify\"><strong><span style=\"font-family: helvetica, arial, sans-serif;font-size: 18pt\">O que \u00e9 o PROCEL Edifica?<\/span><\/strong><\/p>\n<p style=\"text-align: justify\"><span style=\"font-family: helvetica, arial, sans-serif;font-size: 14pt\">\u00c9 o Programa Nacional de Conserva\u00e7\u00e3o de Energia em Edifica\u00e7\u00f5es, o qual promove o uso racional de energia el\u00e9trica em edifica\u00e7\u00f5es desde sua constru\u00e7\u00e3o at\u00e9 seu uso final, promovendo a conserva\u00e7\u00e3o e uso consciente dos recursos naturais nos edif\u00edcios. O PROCEL Edifica faz parte do Programa Nacional de Conserva\u00e7\u00e3o de Energia El\u00e9trica \u2013 PROCEL da Eletrobras.<\/span><\/p>\n<p style=\"text-align: justify\"><span style=\"font-family: helvetica, arial, sans-serif;font-size: 14pt\">Saiba mais em :<\/span><\/p>\n<p style=\"text-align: justify\"><span style=\"font-size: 14pt\"><a href=\"http:\/\/www.procelinfo.com.br\/data\/Pages\/LUMIS623FE2A5ITEMIDC46E0FFDBD124A0197D2587926254722LUMISADMIN1PTBRIE.htm\"><span style=\"font-family: helvetica, arial, sans-serif\">http:\/\/www.procelinfo.com.br\/data\/Pages\/LUMIS623FE2A5ITEMIDC46E0FFDBD124A0197D2587926254722LUMISADMIN1PTBRIE.htm<\/span><\/a><\/span><\/p>\n<p>&nbsp;<\/p>\n<p style=\"text-align: justify\"><strong><span style=\"font-family: helvetica, arial, sans-serif;font-size: 18pt\">O que \u00e9 o SELO PROCEL Edifica\u00e7\u00f5es?<\/span><\/strong><\/p>\n<p style=\"text-align: justify\"><span style=\"font-family: helvetica, arial, sans-serif;font-size: 14pt\">O Selo Procel Edifica\u00e7\u00f5es, estabelecido em novembro de 2014, tem por objetivo principal identificar as edifica\u00e7\u00f5es que apresentem as melhores classifica\u00e7\u00f5es de efici\u00eancia energ\u00e9tica em uma categoria espec\u00edfica, motivando o mercado consumidor a adquirir e utilizar im\u00f3veis mais eficientes.<\/span><\/p>\n<p style=\"text-align: justify\"><span style=\"font-family: helvetica, arial, sans-serif;font-size: 14pt\">Saiba mais em: <a href=\"http:\/\/www.procelinfo.com.br\/main.asp?View={8E03DCDE-FAE6-470C-90CB-922E4DD0542C}\">http:\/\/www.procelinfo.com.br\/main.asp?View={8E03DCDE-FAE6-470C-90CB-922E4DD0542C}<\/a><\/span><\/p>\n<p>&nbsp;<\/p>\n<p style=\"text-align: justify\"><strong><span style=\"font-family: helvetica, arial, sans-serif;font-size: 18pt\">O que \u00e9 a Etiqueta PBE Edifica?<\/span><\/strong><\/p>\n<p style=\"text-align: justify\"><span style=\"font-family: helvetica, arial, sans-serif;font-size: 14pt\">A Etiqueta PBE Edifica \u00e9 o Selo de Conformidade que evidencia o atendimento a requisitos de desempenho estabelecidos em normas e regulamentos t\u00e9cnicos.\u00a0Quando a principal informa\u00e7\u00e3o \u00e9 a\u00a0efici\u00eancia energ\u00e9tica da edifica\u00e7\u00e3o, ela se chama ENCE \u2013 Etiqueta Nacional de Conserva\u00e7\u00e3o de Energia.<\/span><\/p>\n<p style=\"text-align: justify\"><span style=\"font-family: helvetica, arial, sans-serif;font-size: 14pt\">Saiba mais em: <a href=\"http:\/\/www.pbeedifica.com.br\/\">http:\/\/www.pbeedifica.com.br\/<\/a><\/span><\/p>\n<p>&nbsp;<\/p>\n<p style=\"text-align: justify\"><strong><span style=\"font-family: helvetica, arial, sans-serif;font-size: 18pt\">O que \u00e9 ENCE ?<\/span><\/strong><\/p>\n<p style=\"text-align: justify\"><span style=\"font-family: helvetica, arial, sans-serif;font-size: 14pt\">A sigla ENCE significa Etiqueta Nacional de Conserva\u00e7\u00e3o de Energia e \u00e9 utilizada em todos os produtos que fazem parte do PBE. Para edif\u00edcios, a ENCE tem como principal informa\u00e7\u00e3o o n\u00edvel de efici\u00eancia energ\u00e9tica da edifica\u00e7\u00e3o. No caso dos edif\u00edcios comerciais, p\u00fablicos e de servi\u00e7os, \u00e9 apresentando o n\u00edvel Geral em destaque, e o n\u00edvel de cada sistema individual (envolt\u00f3ria, ilumina\u00e7\u00e3o e condicionamento de ar), bem como demais informa\u00e7\u00f5es.<\/span><\/p>\n<p style=\"text-align: justify\"><span style=\"font-family: helvetica, arial, sans-serif;font-size: 14pt\">Saiba mais em: <a href=\"https:\/\/www2.inmetro.gov.br\/pbe\/a_etiqueta.php\">https:\/\/www2.inmetro.gov.br\/pbe\/a_etiqueta.php<\/a><\/span><\/p>\n<p>&nbsp;<\/p>\n<p style=\"text-align: justify\"><strong><span style=\"font-family: helvetica, arial, sans-serif;font-size: 18pt\">Qual a diferen\u00e7a entre o Selo PROCEL Edifica\u00e7\u00f5es e a ENCE?<\/span><\/strong><\/p>\n<p style=\"text-align: justify\"><span style=\"font-family: helvetica, arial, sans-serif;font-size: 14pt\">O Selo \u00e9 emitido para as edifica\u00e7\u00f5es que apresentem melhor desempenho energ\u00e9tico em sua categoria, enquanto a ENCE \u00e9 emitida para todas edifica\u00e7\u00f5es que se submetam a avalia\u00e7\u00e3o do n\u00edvel de efici\u00eancia energ\u00e9tico segundo os regulamentos t\u00e9cnicos da qualidade do INMETRO.<\/span><\/p>\n<p style=\"text-align: justify\"><span style=\"font-family: helvetica, arial, sans-serif;font-size: 14pt\">Saiba mais em: <a href=\"http:\/\/www.procelinfo.com.br\/main.asp?View={E85A0ACC-8C62-465D-9EBD-47FF3BAECDAE}#1\">http:\/\/www.procelinfo.com.br\/main.asp?View={E85A0ACC-8C62-465D-9EBD-47FF3BAECDAE}#1<\/a><\/span><\/p>\n<p>&nbsp;<\/p>\n<p style=\"text-align: justify\"><strong><span style=\"font-family: helvetica, arial, sans-serif;font-size: 18pt\">Quais os tipos de ENCE existentes para edif\u00edcios?<\/span><\/strong><\/p>\n<p style=\"text-align: justify\"><span style=\"font-family: helvetica, arial, sans-serif;font-size: 14pt\">Nos\u00a0edif\u00edcios comerciais, de servi\u00e7os e p\u00fablicos\u00a0quando s\u00e3o avaliados os tr\u00eas sistemas: envolt\u00f3ria, ilumina\u00e7\u00e3o e condicionamento de ar, este recebe a\u00a0ENCE Geral. A etiqueta pode ser concedida tamb\u00e9m de forma\u00a0Parcial, desde que sempre contemple a avalia\u00e7\u00e3o da envolt\u00f3ria: (1) parcial envolt\u00f3ria, (2) parcial envolt\u00f3ria+ilumina\u00e7\u00e3o ou (3) parcial envolt\u00f3ria+condicionamento de ar.\u00a0<\/span><\/p>\n<p style=\"text-align: justify\"><span style=\"font-family: helvetica, arial, sans-serif;font-size: 14pt\">No caso das\u00a0edifica\u00e7\u00f5es resid\u00eancias, a ENCE pode ser de tr\u00eas tipos: (1) para unidades habitacionais aut\u00f4nomas, onde s\u00e3o avaliados a envolt\u00f3ria e o sistema de aquecimento de \u00e1gua, (2) para as edifica\u00e7\u00f5es multifamiliares e (3) para \u00e1reas de uso comum.<\/span><\/p>\n<p>&nbsp;<\/p>\n<p style=\"text-align: justify\"><strong><span style=\"font-family: helvetica, arial, sans-serif;font-size: 18pt\">Como Obter a ENCE?<\/span><\/strong><\/p>\n<p style=\"text-align: justify\"><span style=\"font-family: helvetica, arial, sans-serif;font-size: 14pt\">A obten\u00e7\u00e3o da Etiqueta \u00e9 feita atrav\u00e9s da submiss\u00e3o para avalia\u00e7\u00e3o de um Organismo de Inspe\u00e7\u00e3o acreditado pela Coordena\u00e7\u00e3o Geral de Acredita\u00e7\u00e3o (CGCRE) do INMETRO (OIA).<\/span><\/p>\n<p>&nbsp;<\/p>\n<p style=\"text-align: justify\"><strong><span style=\"font-family: helvetica, arial, sans-serif;font-size: 18pt\">O que s\u00e3o OIAs \u2013 Organismos de Inspe\u00e7\u00e3o Acreditados?<\/span><\/strong><\/p>\n<p style=\"text-align: justify\"><span style=\"font-family: helvetica, arial, sans-serif;font-size: 14pt\">Os OIAs s\u00e3o o ve\u00edculo entre o solicitante e o INMETRO. Constituem-se de pessoas jur\u00eddicas, de direito p\u00fablico ou privado, cuja compet\u00eancia para acredita\u00e7\u00e3o \u00e9 reconhecida formalmente pela Cgcre \u2013 Coordena\u00e7\u00e3o Geral de Acredita\u00e7\u00e3o do Inmetro, segundo os requisitos estabelecidos na norma ABNT NBR ISO\/IEC 17020:2012. Dentre outros, a Cgcre acredita os organismos que realizam inspe\u00e7\u00f5es de Efici\u00eancia Energ\u00e9tica de Edif\u00edcios (OIA-EEE).<\/span><\/p>\n<p>&nbsp;<\/p>\n<p style=\"text-align: justify\"><strong><span style=\"font-family: helvetica, arial, sans-serif;font-size: 18pt\">O que s\u00e3o RTQ-C, RTQ-R e RAC?<\/span><\/strong><\/p>\n<p style=\"text-align: justify\"><span style=\"font-family: helvetica, arial, sans-serif;font-size: 14pt\">S\u00e3o regulamentos publicados pelo INMETRO, que t\u00eam como objetivo criar condi\u00e7\u00f5es para a etiquetagem do n\u00edvel de efici\u00eancia energ\u00e9tica de edifica\u00e7\u00f5es. As siglas significam: RTQ-C \u2013 Requisitos T\u00e9cnicos da Qualidade para o N\u00edvel de Efici\u00eancia Energ\u00e9tica em Edif\u00edcios Comerciais, de Servi\u00e7os e P\u00fablicos, RTQ-R \u2013 Regulamento T\u00e9cnico da Qualidade para o N\u00edvel de Efici\u00eancia Energ\u00e9tica em Edifica\u00e7\u00f5es Residenciais e RAC \u2013 Requisitos de Avalia\u00e7\u00e3o da Conformidade para Efici\u00eancia Energ\u00e9tica de Edifica\u00e7\u00f5es.<\/span><\/p>\n<p>&nbsp;<\/p>\n<p style=\"text-align: justify\"><strong><span style=\"font-family: helvetica, arial, sans-serif;font-size: 18pt\">Como ocorre o processo de Etiquetagem de Edifica\u00e7\u00f5es no Brasil?<\/span><\/strong><\/p>\n<p style=\"text-align: justify\"><span style=\"font-family: helvetica, arial, sans-serif;font-size: 14pt\">O processo de etiquetagem de edifica\u00e7\u00f5es no Brasil teve in\u00edcio a partir dos anos 2000. O regulamento para a classifica\u00e7\u00e3o do n\u00edvel de efici\u00eancia energ\u00e9tica dos edif\u00edcios comerciais, de servi\u00e7os e p\u00fablicos foi publicado em 2009 e revisado em 2010, ano em que tamb\u00e9m foi publicada a metodologia para classifica\u00e7\u00e3o dos edif\u00edcios residenciais, revisada em 2012, vigentes atualmente. A etiqueta \u00e9 concedida em duas etapas: 1\u00ba \u2013 Inspe\u00e7\u00e3o de Projeto da Edifica\u00e7\u00e3o e 2\u00ba- Inspe\u00e7\u00e3o da Edifica\u00e7\u00e3o Constru\u00edda, ap\u00f3s a conclus\u00e3o da constru\u00e7\u00e3o do edif\u00edcio. Um projeto pode ser avaliado pelo m\u00e9todo prescritivo ou pelo m\u00e9todo da simula\u00e7\u00e3o, enquanto o edif\u00edcio constru\u00eddo \u00e9 avaliado atrav\u00e9s de inspe\u00e7\u00e3o\u00a0in loco.<\/span><\/p>\n<p>&nbsp;<\/p>\n<p style=\"text-align: justify\"><strong><span style=\"font-family: helvetica, arial, sans-serif;font-size: 18pt\">Edif\u00edcios constru\u00eddos podem ser Etiquetados?<\/span><\/strong><br \/>\n<span style=\"font-family: helvetica, arial, sans-serif;font-size: 14pt\">Sim, edif\u00edcios j\u00e1 constru\u00eddos podem ser Etiquetados, no entanto, ser\u00e1 realizada primeiramente a avalia\u00e7\u00e3o do projeto a partir do us built,\u00a0e depois a Inspe\u00e7\u00e3o do Edif\u00edcio Constru\u00eddo.<\/span><\/p>\n<\/div>\n<\/div><\/div><\/div><\/div><div id=\"pg-115-2\"  class=\"panel-grid panel-no-style\" ><div id=\"pgc-115-2-0\"  class=\"panel-grid-cell\" ><div id=\"panel-115-2-0-0\" class=\"so-panel widget widget_sow-image panel-first-child panel-last-child\" data-index=\"2\" ><div class=\"panel-widget-style panel-widget-style-for-115-2-0-0\" ><div\n\t\t\t\n\t\t\tclass=\"so-widget-sow-image so-widget-sow-image-default-8b5b6f678277-115\"\n\t\t\t\n\t\t>\n<div class=\"sow-image-container\">\n\t\t<img \n\tsrc=\"https:\/\/wp.ufpel.edu.br\/linse\/files\/2020\/08\/linha-preta-5.png\" width=\"5935\" height=\"2\" srcset=\"https:\/\/wp.ufpel.edu.br\/linse\/files\/2020\/08\/linha-preta-5.png 5935w, https:\/\/wp.ufpel.edu.br\/linse\/files\/2020\/08\/linha-preta-5-424x1.png 424w, https:\/\/wp.ufpel.edu.br\/linse\/files\/2020\/08\/linha-preta-5-984x2.png 984w, https:\/\/wp.ufpel.edu.br\/linse\/files\/2020\/08\/linha-preta-5-212x1.png 212w, https:\/\/wp.ufpel.edu.br\/linse\/files\/2020\/08\/linha-preta-5-768x1.png 768w, https:\/\/wp.ufpel.edu.br\/linse\/files\/2020\/08\/linha-preta-5-1536x1.png 1536w, https:\/\/wp.ufpel.edu.br\/linse\/files\/2020\/08\/linha-preta-5-2048x1.png 2048w, https:\/\/wp.ufpel.edu.br\/linse\/files\/2020\/08\/linha-preta-5-720x2.png 720w, https:\/\/wp.ufpel.edu.br\/linse\/files\/2020\/08\/linha-preta-5-1080x2.png 1080w, https:\/\/wp.ufpel.edu.br\/linse\/files\/2020\/08\/linha-preta-5-960x2.png 960w, https:\/\/wp.ufpel.edu.br\/linse\/files\/2020\/08\/linha-preta-5-272x2.png 272w, https:\/\/wp.ufpel.edu.br\/linse\/files\/2020\/08\/linha-preta-5-436x2.png 436w\" sizes=\"(max-width: 5935px) 100vw, 5935px\" title=\"linha preta\" alt=\"\" \t\tclass=\"so-widget-image\"\/>\n\t<\/div>\n\n<\/div><\/div><\/div><\/div><\/div><\/div>","protected":false},"excerpt":{"rendered":"<p>Qual import\u00e2ncia da Efici\u00eancia Energ\u00e9tica em Edifica\u00e7\u00f5es? O consumo de energia el\u00e9trica nas edifica\u00e7\u00f5es &#8211; p\u00fablicas, comerciais e residenciais somadas &#8211; corresponde a mais de 50% do consumo de energia el\u00e9trica no pa\u00eds e vem crescendo ao longo dos anos. Estima-se um potencial de redu\u00e7\u00e3o deste consumo de at\u00e9 60% para novas edifica\u00e7\u00f5es e de [&hellip;]<\/p>\n","protected":false},"author":739,"featured_media":0,"parent":0,"menu_order":5,"comment_status":"closed","ping_status":"closed","template":"","meta":{"footnotes":""},"class_list":["post-115","page","type-page","status-publish","hentry","post"],"_links":{"self":[{"href":"https:\/\/wp.ufpel.edu.br\/linse\/wp-json\/wp\/v2\/pages\/115","targetHints":{"allow":["GET"]}}],"collection":[{"href":"https:\/\/wp.ufpel.edu.br\/linse\/wp-json\/wp\/v2\/pages"}],"about":[{"href":"https:\/\/wp.ufpel.edu.br\/linse\/wp-json\/wp\/v2\/types\/page"}],"author":[{"embeddable":true,"href":"https:\/\/wp.ufpel.edu.br\/linse\/wp-json\/wp\/v2\/users\/739"}],"replies":[{"embeddable":true,"href":"https:\/\/wp.ufpel.edu.br\/linse\/wp-json\/wp\/v2\/comments?post=115"}],"version-history":[{"count":26,"href":"https:\/\/wp.ufpel.edu.br\/linse\/wp-json\/wp\/v2\/pages\/115\/revisions"}],"predecessor-version":[{"id":2418,"href":"https:\/\/wp.ufpel.edu.br\/linse\/wp-json\/wp\/v2\/pages\/115\/revisions\/2418"}],"wp:attachment":[{"href":"https:\/\/wp.ufpel.edu.br\/linse\/wp-json\/wp\/v2\/media?parent=115"}],"curies":[{"name":"wp","href":"https:\/\/api.w.org\/{rel}","templated":true}]}}