{"id":7,"date":"2020-09-08T10:07:23","date_gmt":"2020-09-08T13:07:23","guid":{"rendered":"https:\/\/wp.ufpel.edu.br\/linhaufpel\/?page_id=7"},"modified":"2020-09-22T16:44:36","modified_gmt":"2020-09-22T19:44:36","slug":"sobre","status":"publish","type":"page","link":"https:\/\/wp.ufpel.edu.br\/linhaufpel\/inicio\/sobre\/","title":{"rendered":"Sobre o projeto"},"content":{"rendered":"<p>O Projeto Linha UFPel\u00a0 foi criado no \u00e2mbito do N\u00facleo de Editora e Livraria, vinculado ao Gabinete do Vice-Reitor, e \u00a0tem a inten\u00e7\u00e3o de servir como laborat\u00f3rio para que os alunos de gradua\u00e7\u00e3o possam atuar na produ\u00e7\u00e3o, divulga\u00e7\u00e3o e comunica\u00e7\u00e3o de produtos com a identidade visual da universidade, al\u00e9m de livros produzidos e editados \u00a0pela Editora Universit\u00e1ria da UFPel .<\/p>\n<p>No processo de cria\u00e7\u00e3o de uma linha de produtos com a marca UFPel, os alunos atuam como projetistas e executores de artefatos que divulgam a marca da Universidade, possibilitando um maior engajamento da comunidade tanto no \u00e2mbito interno\u00a0 quanto externo. A inten\u00e7\u00e3o \u00e9 fazer com que, por meio dessa linha de produtos, seja poss\u00edvel comunicar os valores, a atua\u00e7\u00e3o e a abrang\u00eancia da institui\u00e7\u00e3o, que em 2019 completou 50 anos. Com isso, a representa\u00e7\u00e3o da UFPel em eventos, reuni\u00f5es, encontros interinstitucionais (inclusive em \u00e2mbito internacional) se dar\u00e1 de maneira mais efetiva, nos moldes do que tem sido visto na maioria das universidades p\u00fablicas do Brasil.<\/p>\n<p>At\u00e9 o momento, j\u00e1\u00a0 colaboraram com o projeto docentes e discentes dos cursos de Design Gr\u00e1fico, Design Digital, Administra\u00e7\u00e3o, Ci\u00eancias da Computa\u00e7\u00e3o e Jornalismo. Trata-se da articula\u00e7\u00e3o de um grande laborat\u00f3rio de forma\u00e7\u00e3o cont\u00ednua de alunos de diversos cursos que atuaram\/atuam na diagrama\u00e7\u00e3o, cria\u00e7\u00e3o dos produtos, arte-final, desenvolvimento de site e de sistema, assessoria de imprensa, pesquisa de mercado e gest\u00e3o de custos.<\/p>\n<p>Os produtos disponibilizados nesse site s\u00e3o resultado de uma das a\u00e7\u00f5es do projeto. Todas as receitas obtidas s\u00e3o reaplicadas no projeto para ampliar a variedade de produtos, qualificar nossa infraestrutura e viabilizar o pagamento de bolsas de gradua\u00e7\u00e3o.<\/p>\n<p>Para saber mais sobre o projeto, acesse:\u00a0<a href=\"https:\/\/institucional.ufpel.edu.br\/projetos\/id\/u1401\">https:\/\/institucional.ufpel.edu.br\/projetos\/id\/u1401<\/a><\/p>\n<p>&nbsp;<\/p>\n","protected":false},"excerpt":{"rendered":"<p> [&hellip;]<\/p>\n","protected":false},"author":1071,"featured_media":65,"parent":349,"menu_order":1,"comment_status":"closed","ping_status":"closed","template":"","meta":{"footnotes":""},"class_list":["post-7","page","type-page","status-publish","has-post-thumbnail","hentry","post","post-with-thumbnail","post-with-thumbnail-icon"],"jetpack_sharing_enabled":true,"_links":{"self":[{"href":"https:\/\/wp.ufpel.edu.br\/linhaufpel\/wp-json\/wp\/v2\/pages\/7","targetHints":{"allow":["GET"]}}],"collection":[{"href":"https:\/\/wp.ufpel.edu.br\/linhaufpel\/wp-json\/wp\/v2\/pages"}],"about":[{"href":"https:\/\/wp.ufpel.edu.br\/linhaufpel\/wp-json\/wp\/v2\/types\/page"}],"author":[{"embeddable":true,"href":"https:\/\/wp.ufpel.edu.br\/linhaufpel\/wp-json\/wp\/v2\/users\/1071"}],"replies":[{"embeddable":true,"href":"https:\/\/wp.ufpel.edu.br\/linhaufpel\/wp-json\/wp\/v2\/comments?post=7"}],"version-history":[{"count":9,"href":"https:\/\/wp.ufpel.edu.br\/linhaufpel\/wp-json\/wp\/v2\/pages\/7\/revisions"}],"predecessor-version":[{"id":607,"href":"https:\/\/wp.ufpel.edu.br\/linhaufpel\/wp-json\/wp\/v2\/pages\/7\/revisions\/607"}],"up":[{"embeddable":true,"href":"https:\/\/wp.ufpel.edu.br\/linhaufpel\/wp-json\/wp\/v2\/pages\/349"}],"wp:featuredmedia":[{"embeddable":true,"href":"https:\/\/wp.ufpel.edu.br\/linhaufpel\/wp-json\/wp\/v2\/media\/65"}],"wp:attachment":[{"href":"https:\/\/wp.ufpel.edu.br\/linhaufpel\/wp-json\/wp\/v2\/media?parent=7"}],"curies":[{"name":"wp","href":"https:\/\/api.w.org\/{rel}","templated":true}]}}