{"id":388,"date":"2021-03-24T16:57:26","date_gmt":"2021-03-24T19:57:26","guid":{"rendered":"https:\/\/wp.ufpel.edu.br\/linguisticaliteraturaearte\/?page_id=388"},"modified":"2022-07-21T15:46:15","modified_gmt":"2022-07-21T18:46:15","slug":"podcast","status":"publish","type":"page","link":"https:\/\/wp.ufpel.edu.br\/linguisticaliteraturaearte\/podcast\/","title":{"rendered":"Podcast"},"content":{"rendered":"<h2><span style=\"font-size: 12pt;\">S\u00e9rie &#8220;Di\u00e1logos&#8221;<\/span><\/h2>\n<p><iframe loading=\"lazy\" title=\"Spotify Embed: #1 - Di\u00e1logos - Como o grupo de pesquisa come\u00e7ou?\" style=\"border-radius: 12px\" width=\"100%\" height=\"152\" frameborder=\"0\" allowfullscreen allow=\"autoplay; clipboard-write; encrypted-media; fullscreen; picture-in-picture\" src=\"https:\/\/open.spotify.com\/embed\/episode\/5YyYEfzgfoQsYVBpil7Hpv?si=e007ec8941484990&#038;utm_source=oembed\"><\/iframe><\/p>\n<p style=\"text-align: justify;\"><span style=\"font-size: 12pt;\">Quer saber mais sobre o grupo? No epis\u00f3dio inaugural do nosso podcast, conversamos com a Daiane Neumann e a Luiza Milano, professoras e idealizadoras do grupo de pesquisa &#8220;Lingu\u00edstica, literatura e arte&#8221;, vinculado ao CNPq. Falamos sobre como se deu a cria\u00e7\u00e3o do grupo, suas propostas, suas aberturas e seus entre-lugares. Em um bate-papo descontra\u00eddo apresentamos, para todas e todos, os primeiros passos desse grupo! Aproveitem e bom epis\u00f3dio!<\/span><\/p>\n<p>&nbsp;<\/p>\n<h2><span style=\"font-size: 12pt;\">S\u00e9rie &#8220;Literatura ao p\u00e9 do ouvido&#8221;<\/span><\/h2>\n<p><iframe loading=\"lazy\" title=\"Spotify Embed: # Ep. 01 - Literatura ao p\u00e9 do ouvido - com Nathallia Protazio\" style=\"border-radius: 12px\" width=\"100%\" height=\"152\" frameborder=\"0\" allowfullscreen allow=\"autoplay; clipboard-write; encrypted-media; fullscreen; picture-in-picture\" src=\"https:\/\/open.spotify.com\/embed\/episode\/5DCjKHlb87XvAy6Lh40F7i?si=e9e0352e3acb488a&#038;utm_source=oembed\"><\/iframe><\/p>\n<h4><\/h4>\n<p style=\"text-align: justify;\"><span style=\"font-size: 12pt;\">No primeiro epis\u00f3dio de &#8220;Literatura ao p\u00e9 do ouvido&#8221;, conversamos com a escritora Nathallia Protazio, autora de &#8220;Aqui dentro&#8221; (2020, Editora Popular Venas Abiertas).\u00a0Quer escutar a Nathallia e de quebra conhecer alguns trechos de cr\u00f4nicas da autora? Acompanhe o epis\u00f3dio!<\/span><\/p>\n<blockquote>\n<p style=\"text-align: justify;\"><span style=\"font-size: 12pt;\">Somos todos cronistas (&#8230;) contar a nossa pr\u00f3pria vida (&#8230;) \u00e9 uma atividade muito frut\u00edfera para tentar criar novos mundos. E eu n\u00e3o gostaria de viver num mundo que n\u00e3o tivesse uma \u00e1gua que cai do c\u00e9u. (Nathallia Protazio)<\/span><\/p>\n<\/blockquote>\n<p>&nbsp;<\/p>\n<h2><span style=\"font-size: 12pt;\">S\u00e9rie &#8220;Literatura ao p\u00e9 do ouvido&#8221;<\/span><\/h2>\n<p><iframe loading=\"lazy\" title=\"Spotify Embed: # Ep. 02 - Literatura ao p\u00e9 do ouvido - com Ronaldo Campello\" style=\"border-radius: 12px\" width=\"100%\" height=\"152\" frameborder=\"0\" allowfullscreen allow=\"autoplay; clipboard-write; encrypted-media; fullscreen; picture-in-picture\" src=\"https:\/\/open.spotify.com\/embed\/episode\/3SBt4tYK2oOTtHhl6Ho5Aq?fbclid=IwAR2o5Qg3iTTV7ll8afqx4232U1aDVqW1bYMzKlbmk8AiIrTn3pug5AV1hMU&#038;utm_source=oembed\"><\/iframe><\/p>\n<p style=\"text-align: justify;\"><span style=\"font-size: 12pt;\">No segundo epis\u00f3dio de &#8220;Literatura ao p\u00e9 do ouvido&#8221;, conversamos com o professor e poeta Ronaldo Campello, autor de <em>Sentimentos Sombrios<\/em> (2015, Pragmatha), a respeito de m\u00fasica underground, escrita, poesia e doc\u00eancia. Embarca nesse di\u00e1logo conosco!<\/span><\/p>\n<blockquote>\n<p style=\"text-align: justify;\"><span style=\"font-size: 12pt;\">(&#8230;) e \u00e9 a partir dessa proposta do <em>fa\u00e7a voc\u00ea mesmo<\/em> que eu desenvolvo as minhas pr\u00e1ticas, (&#8230;) as minhas atividades, penso meu trabalho po\u00e9tico e desenvolvo a minha proposta como escritor e tamb\u00e9m como docente (&#8230;) (Ronaldo Campello)<\/span><\/p>\n<\/blockquote>\n","protected":false},"excerpt":{"rendered":"<p>S\u00e9rie &#8220;Di\u00e1logos&#8221; Quer saber mais sobre o grupo? No epis\u00f3dio inaugural do nosso podcast, conversamos com a Daiane Neumann e a Luiza Milano, professoras e idealizadoras do grupo de pesquisa &#8220;Lingu\u00edstica, literatura e arte&#8221;, vinculado ao CNPq. Falamos sobre como se deu a cria\u00e7\u00e3o do grupo, suas propostas, suas aberturas e seus entre-lugares. Em um [&hellip;]<\/p>\n","protected":false},"author":1059,"featured_media":0,"parent":0,"menu_order":0,"comment_status":"closed","ping_status":"closed","template":"","meta":{"footnotes":""},"class_list":["post-388","page","type-page","status-publish","hentry","post"],"jetpack_sharing_enabled":true,"_links":{"self":[{"href":"https:\/\/wp.ufpel.edu.br\/linguisticaliteraturaearte\/wp-json\/wp\/v2\/pages\/388","targetHints":{"allow":["GET"]}}],"collection":[{"href":"https:\/\/wp.ufpel.edu.br\/linguisticaliteraturaearte\/wp-json\/wp\/v2\/pages"}],"about":[{"href":"https:\/\/wp.ufpel.edu.br\/linguisticaliteraturaearte\/wp-json\/wp\/v2\/types\/page"}],"author":[{"embeddable":true,"href":"https:\/\/wp.ufpel.edu.br\/linguisticaliteraturaearte\/wp-json\/wp\/v2\/users\/1059"}],"replies":[{"embeddable":true,"href":"https:\/\/wp.ufpel.edu.br\/linguisticaliteraturaearte\/wp-json\/wp\/v2\/comments?post=388"}],"version-history":[{"count":7,"href":"https:\/\/wp.ufpel.edu.br\/linguisticaliteraturaearte\/wp-json\/wp\/v2\/pages\/388\/revisions"}],"predecessor-version":[{"id":572,"href":"https:\/\/wp.ufpel.edu.br\/linguisticaliteraturaearte\/wp-json\/wp\/v2\/pages\/388\/revisions\/572"}],"wp:attachment":[{"href":"https:\/\/wp.ufpel.edu.br\/linguisticaliteraturaearte\/wp-json\/wp\/v2\/media?parent=388"}],"curies":[{"name":"wp","href":"https:\/\/api.w.org\/{rel}","templated":true}]}}