{"id":344,"date":"2021-01-22T16:13:40","date_gmt":"2021-01-22T19:13:40","guid":{"rendered":"https:\/\/wp.ufpel.edu.br\/linguisticaliteraturaearte\/?page_id=344"},"modified":"2021-01-22T16:13:40","modified_gmt":"2021-01-22T19:13:40","slug":"indicacoes","status":"publish","type":"page","link":"https:\/\/wp.ufpel.edu.br\/linguisticaliteraturaearte\/indicacoes\/","title":{"rendered":"Indica\u00e7\u00f5es"},"content":{"rendered":"<p><span style=\"font-size: 14pt\">Fique por dentro das dicas de publica\u00e7\u00f5es, cursos, podcasts e muito mais!<\/span><\/p>\n<h2>Publica\u00e7\u00f5es gratuitas<\/h2>\n<h3><a href=\"https:\/\/lume.ufrgs.br\/bitstream\/handle\/10183\/214066\/001118208.pdf?sequence=1&amp;isAllowed=y\">Literatura na vida: experi\u00eancias de ler e escrever na educa\u00e7\u00e3o e na sa\u00fade<\/a><\/h3>\n<p><span style=\"font-size: 14pt\">Organizadores: Lu\u00eds Augusto Fischer e Marta Orofino.<\/span><br \/>\n<span style=\"font-size: 14pt\">Porto Alegre: Editora da UFRGS, 2020<\/span><\/p>\n<h2>Cursos online<\/h2>\n<h3 id=\"yui_3_17_2_2_1611319275705_159\"><a href=\"https:\/\/lumina.ufrgs.br\/course\/view.php?id=115\">Arte &amp; Direitos Humanos: caminhos para uma cultura de paz<\/a><\/h3>\n<p><strong>Tempo de estudo:<\/strong>\u00a030h<\/p>\n<p><strong>Institui\u00e7\u00e3o:<\/strong>\u00a0UFRGS<\/p>\n<p><iframe loading=\"lazy\" title=\"Arte e Direitos Humanos, Caminhos para uma Cultura de Paz \u2014 Apresenta\u00e7\u00e3o\" width=\"720\" height=\"405\" src=\"https:\/\/www.youtube.com\/embed\/Hm-TvQP7p40?feature=oembed\" frameborder=\"0\" allow=\"accelerometer; autoplay; clipboard-write; encrypted-media; gyroscope; picture-in-picture\" allowfullscreen><\/iframe><\/p>\n<p>&nbsp;<\/p>\n","protected":false},"excerpt":{"rendered":"<p>Fique por dentro das dicas de publica\u00e7\u00f5es, cursos, podcasts e muito mais! Publica\u00e7\u00f5es gratuitas Literatura na vida: experi\u00eancias de ler e escrever na educa\u00e7\u00e3o e na sa\u00fade Organizadores: Lu\u00eds Augusto Fischer e Marta Orofino. Porto Alegre: Editora da UFRGS, 2020 Cursos online Arte &amp; Direitos Humanos: caminhos para uma cultura de paz Tempo de estudo:\u00a030h [&hellip;]<\/p>\n","protected":false},"author":1059,"featured_media":0,"parent":0,"menu_order":0,"comment_status":"closed","ping_status":"closed","template":"","meta":{"footnotes":""},"class_list":["post-344","page","type-page","status-publish","hentry","post"],"jetpack_sharing_enabled":true,"_links":{"self":[{"href":"https:\/\/wp.ufpel.edu.br\/linguisticaliteraturaearte\/wp-json\/wp\/v2\/pages\/344","targetHints":{"allow":["GET"]}}],"collection":[{"href":"https:\/\/wp.ufpel.edu.br\/linguisticaliteraturaearte\/wp-json\/wp\/v2\/pages"}],"about":[{"href":"https:\/\/wp.ufpel.edu.br\/linguisticaliteraturaearte\/wp-json\/wp\/v2\/types\/page"}],"author":[{"embeddable":true,"href":"https:\/\/wp.ufpel.edu.br\/linguisticaliteraturaearte\/wp-json\/wp\/v2\/users\/1059"}],"replies":[{"embeddable":true,"href":"https:\/\/wp.ufpel.edu.br\/linguisticaliteraturaearte\/wp-json\/wp\/v2\/comments?post=344"}],"version-history":[{"count":2,"href":"https:\/\/wp.ufpel.edu.br\/linguisticaliteraturaearte\/wp-json\/wp\/v2\/pages\/344\/revisions"}],"predecessor-version":[{"id":523,"href":"https:\/\/wp.ufpel.edu.br\/linguisticaliteraturaearte\/wp-json\/wp\/v2\/pages\/344\/revisions\/523"}],"wp:attachment":[{"href":"https:\/\/wp.ufpel.edu.br\/linguisticaliteraturaearte\/wp-json\/wp\/v2\/media?parent=344"}],"curies":[{"name":"wp","href":"https:\/\/api.w.org\/{rel}","templated":true}]}}