{"id":60,"date":"2020-05-08T15:32:49","date_gmt":"2020-05-08T18:32:49","guid":{"rendered":"https:\/\/wp.ufpel.edu.br\/ligccqfa\/?page_id=60"},"modified":"2020-05-08T15:53:05","modified_gmt":"2020-05-08T18:53:05","slug":"apresentacao","status":"publish","type":"page","link":"https:\/\/wp.ufpel.edu.br\/ligccqfa\/apresentacao\/","title":{"rendered":"Apresenta\u00e7\u00e3o"},"content":{"rendered":"<p>Bem-vindo ao site do Laborat\u00f3rio de Inform\u00e1tica (LIG) do Centro de Ci\u00eancias Qu\u00edmicas, Farmac\u00eauticas de Alimentos (CCQFA), localizado no Campus Cap\u00e3o do Le\u00e3o da Universidade Federal de Pelotas (UFPel).<\/p>\n<p>O LIG \u00e9 um espa\u00e7o de pesquisa, ensino e extens\u00e3o presente no CCQFA, tamb\u00e9m destinado a um espa\u00e7o de perman\u00eancia dos discentes. Originalmente o espa\u00e7o foi concebido pelos cursos de Bacharelado em Qu\u00edmica, Licenciatura em Qu\u00edmica e Qu\u00edmica Industrial, com a compra de computadores e infraestrutura via REUNI.<\/p>\n<p>Atualmente o LIG conta com a Coordena\u00e7\u00e3o do Prof. Robson da Silva Oliboni e Coordena\u00e7\u00e3o Adjunta do Prof. Andr\u00e9 Francisco Pivato Biajoli, ambos professores da \u00e1rea de Qu\u00edmica do CCQFA.<\/p>\n<p>&nbsp;<\/p>\n","protected":false},"excerpt":{"rendered":"<p>Bem-vindo ao site do Laborat\u00f3rio de Inform\u00e1tica (LIG) do Centro de Ci\u00eancias Qu\u00edmicas, Farmac\u00eauticas de Alimentos (CCQFA), localizado no Campus Cap\u00e3o do Le\u00e3o da Universidade Federal de Pelotas (UFPel). O LIG \u00e9 um espa\u00e7o de pesquisa, ensino e extens\u00e3o presente no CCQFA, tamb\u00e9m destinado a um espa\u00e7o de perman\u00eancia dos discentes. Originalmente o espa\u00e7o foi [&hellip;]<\/p>\n","protected":false},"author":937,"featured_media":0,"parent":0,"menu_order":0,"comment_status":"closed","ping_status":"closed","template":"","meta":{"footnotes":""},"class_list":["post-60","page","type-page","status-publish","hentry"],"jetpack_sharing_enabled":true,"_links":{"self":[{"href":"https:\/\/wp.ufpel.edu.br\/ligccqfa\/wp-json\/wp\/v2\/pages\/60","targetHints":{"allow":["GET"]}}],"collection":[{"href":"https:\/\/wp.ufpel.edu.br\/ligccqfa\/wp-json\/wp\/v2\/pages"}],"about":[{"href":"https:\/\/wp.ufpel.edu.br\/ligccqfa\/wp-json\/wp\/v2\/types\/page"}],"author":[{"embeddable":true,"href":"https:\/\/wp.ufpel.edu.br\/ligccqfa\/wp-json\/wp\/v2\/users\/937"}],"replies":[{"embeddable":true,"href":"https:\/\/wp.ufpel.edu.br\/ligccqfa\/wp-json\/wp\/v2\/comments?post=60"}],"version-history":[{"count":6,"href":"https:\/\/wp.ufpel.edu.br\/ligccqfa\/wp-json\/wp\/v2\/pages\/60\/revisions"}],"predecessor-version":[{"id":70,"href":"https:\/\/wp.ufpel.edu.br\/ligccqfa\/wp-json\/wp\/v2\/pages\/60\/revisions\/70"}],"wp:attachment":[{"href":"https:\/\/wp.ufpel.edu.br\/ligccqfa\/wp-json\/wp\/v2\/media?parent=60"}],"curies":[{"name":"wp","href":"https:\/\/api.w.org\/{rel}","templated":true}]}}