{"id":50,"date":"2020-05-08T15:15:45","date_gmt":"2020-05-08T18:15:45","guid":{"rendered":"https:\/\/wp.ufpel.edu.br\/ligccqfa\/?page_id=50"},"modified":"2020-05-14T16:53:17","modified_gmt":"2020-05-14T19:53:17","slug":"projetos","status":"publish","type":"page","link":"https:\/\/wp.ufpel.edu.br\/ligccqfa\/projetos\/","title":{"rendered":"Projetos"},"content":{"rendered":"<p>As principais a\u00e7\u00f5es no LIG enquadram-se em projetos de ensino, sendo alguns deles listados abaixo.<\/p>\n<p>&nbsp;<\/p>\n<h2>2020-Atual<\/h2>\n<p><a href=\"https:\/\/institucional.ufpel.edu.br\/projetos\/id\/u2473\"><strong>Consolida\u00e7\u00e3o do Laborat\u00f3rio de Inform\u00e1tica como espa\u00e7o interdisciplinar de forma\u00e7\u00e3o, ensino e aprendizagem<\/strong><\/a><\/p>\n<p>Projeto Unificado\/Ensino<\/p>\n<h2>2019<\/h2>\n<p><a href=\"https:\/\/institucional.ufpel.edu.br\/projetos\/id\/e2731\"><strong>Consolida\u00e7\u00e3o do Laborat\u00f3rio de Inform\u00e1tica como espa\u00e7o interdisciplinar de forma\u00e7\u00e3o, <\/strong><strong>ensino e aprendizagem<\/strong><\/a><\/p>\n<p>Projeto de Ensino\/Outros<\/p>\n<p>Monitora: Kamila da Rosa Acosta (Qu\u00edmica Forense)<\/p>\n<h2>2018<\/h2>\n<p><a href=\"https:\/\/institucional.ufpel.edu.br\/projetos\/id\/e2233\"><strong>Monitoria ao Laborat\u00f3rio de Inform\u00e1tica e aos componentes curriculares de F\u00edsico-Qu\u00edmica <\/strong><strong>da UFPel<\/strong><\/a><\/p>\n<p>Projeto de Ensino\/Monitoria<\/p>\n<p>Monitoras: Fernanda Isquierdo Batista (Bacharelado em Qu\u00edmica) e Tavane da Silva Rodrigues (Licenciatura em Qu\u00edmica)<\/p>\n","protected":false},"excerpt":{"rendered":"<p>As principais a\u00e7\u00f5es no LIG enquadram-se em projetos de ensino, sendo alguns deles listados abaixo. &nbsp; 2020-Atual Consolida\u00e7\u00e3o do Laborat\u00f3rio de Inform\u00e1tica como espa\u00e7o interdisciplinar de forma\u00e7\u00e3o, ensino e aprendizagem Projeto Unificado\/Ensino 2019 Consolida\u00e7\u00e3o do Laborat\u00f3rio de Inform\u00e1tica como espa\u00e7o interdisciplinar de forma\u00e7\u00e3o, ensino e aprendizagem Projeto de Ensino\/Outros Monitora: Kamila da Rosa Acosta (Qu\u00edmica [&hellip;]<\/p>\n","protected":false},"author":937,"featured_media":0,"parent":0,"menu_order":0,"comment_status":"closed","ping_status":"closed","template":"","meta":{"footnotes":""},"class_list":["post-50","page","type-page","status-publish","hentry"],"jetpack_sharing_enabled":true,"_links":{"self":[{"href":"https:\/\/wp.ufpel.edu.br\/ligccqfa\/wp-json\/wp\/v2\/pages\/50","targetHints":{"allow":["GET"]}}],"collection":[{"href":"https:\/\/wp.ufpel.edu.br\/ligccqfa\/wp-json\/wp\/v2\/pages"}],"about":[{"href":"https:\/\/wp.ufpel.edu.br\/ligccqfa\/wp-json\/wp\/v2\/types\/page"}],"author":[{"embeddable":true,"href":"https:\/\/wp.ufpel.edu.br\/ligccqfa\/wp-json\/wp\/v2\/users\/937"}],"replies":[{"embeddable":true,"href":"https:\/\/wp.ufpel.edu.br\/ligccqfa\/wp-json\/wp\/v2\/comments?post=50"}],"version-history":[{"count":7,"href":"https:\/\/wp.ufpel.edu.br\/ligccqfa\/wp-json\/wp\/v2\/pages\/50\/revisions"}],"predecessor-version":[{"id":119,"href":"https:\/\/wp.ufpel.edu.br\/ligccqfa\/wp-json\/wp\/v2\/pages\/50\/revisions\/119"}],"wp:attachment":[{"href":"https:\/\/wp.ufpel.edu.br\/ligccqfa\/wp-json\/wp\/v2\/media?parent=50"}],"curies":[{"name":"wp","href":"https:\/\/api.w.org\/{rel}","templated":true}]}}