{"id":608,"date":"2018-12-17T14:12:56","date_gmt":"2018-12-17T16:12:56","guid":{"rendered":"https:\/\/wp.ufpel.edu.br\/lidacampeira\/?page_id=608"},"modified":"2023-11-06T13:41:56","modified_gmt":"2023-11-06T16:41:56","slug":"equipe","status":"publish","type":"page","link":"https:\/\/wp.ufpel.edu.br\/lidacampeira\/lida-campeira-alto-camaqua\/equipe\/","title":{"rendered":"Equipe"},"content":{"rendered":"<p style=\"text-align: justify;\"><span style=\"font-family: arial, helvetica, sans-serif;\"><strong>COORDENA\u00c7\u00c3O<\/strong><\/span><br \/>\n<span style=\"font-family: arial, helvetica, sans-serif;\">Profa. Dra. Fl\u00e1via Maria Silva Rieth &#8211; Departamento de Antropologia e Arqueologia (DAA-UFPel)<\/span><\/p>\n<p style=\"text-align: justify;\"><span style=\"font-family: arial, helvetica, sans-serif;\"><strong>EQUIPE DE PESQUISA<\/strong><\/span><br \/>\n<span style=\"font-family: arial, helvetica, sans-serif;\">Dra. Fl\u00e1via Maria Silva Rieth &#8211; Doutora em Antropologia Social &#8211; UFRGS<\/span><br \/>\n<span style=\"font-family: arial, helvetica, sans-serif;\">Dra. Adriana Paola Pe\u00f1afiel (FURG) &#8211; Doutora em Desenvolvimento Rural &#8211; UFRGS<\/span><br \/>\n<span style=\"font-family: arial, helvetica, sans-serif;\">Dr. Cesar de David (UFSM) &#8211; Doutor em Geografia &#8211; UFSC<\/span><br \/>\n<span style=\"font-family: arial, helvetica, sans-serif;\">Dr. Daniel Vaz Lima &#8211; Doutor em Antropologia &#8211; UFPel<\/span><br \/>\n<span style=\"font-family: arial, helvetica, sans-serif;\">Dr. Gonzalo Prudkin (UFSM) &#8211; Doutor em Comunica\u00e7\u00e3o e Cultura Contempor\u00e2nea &#8211; UFBA<\/span><br \/>\n<span style=\"font-family: arial, helvetica, sans-serif;\">Dr. Felipe Monteblanco (IFSul Santana do Livramento) &#8211; Doutor em Geografia &#8211; UFSM<\/span><br \/>\n<span style=\"font-family: arial, helvetica, sans-serif;\">Ma. Andreia S\u00e1 Brito (UNIPAMPA) &#8211; Mestra em Extens\u00e3o Rural &#8211; UFSM<\/span><br \/>\n<span style=\"font-family: arial, helvetica, sans-serif;\">Me. Hamilton Oliveira Bittencourt Junior &#8211; Mestre em Artes Visuais &#8211; UFPel<\/span><br \/>\n<span style=\"font-family: arial, helvetica, sans-serif;\">Ma. Juliana dos Santos Nunes &#8211; Mestra em Antropologia &#8211; UFPel<\/span><br \/>\n<span style=\"font-family: arial, helvetica, sans-serif;\">Ma. Miriel Bilhalva Herrmann &#8211; Mestra em Antropologia &#8211; UFPel<\/span><br \/>\n<span style=\"font-family: arial, helvetica, sans-serif;\">Me. Vagner Barreto Rodrigues (UFPR) &#8211; Mestre em Antropologia \u2013 UFPel<\/span><\/p>\n<p style=\"text-align: justify;\"><span style=\"font-family: arial, helvetica, sans-serif;\"><strong>BOLSISTAS DE INICIA\u00c7\u00c3O CIENT\u00cdFICA<\/strong><\/span><br \/>\n<span style=\"font-family: arial, helvetica, sans-serif;\">Leonardo Sapucaia (Bolsista de Inicia\u00e7\u00e3o Cient\u00edfica UFPel\/2020 e FAPERGS\/2021) &#8211; Bacharelado em Antropologia &#8211; UFPel<\/span><br \/>\n<span style=\"font-family: arial, helvetica, sans-serif;\">Mateus Fernandes da Silva (Bolsista de Inicia\u00e7\u00e3o Cient\u00edfica FAPERGS\/2020 e CNPq\/2021) &#8211; Bacharelado em Antropologia \u2013 UFPel<\/span><br \/>\n<span style=\"font-family: arial, helvetica, sans-serif;\">Ronney Bruno da Silva Corr\u00eaa (Bolsista de Inicia\u00e7\u00e3o Cient\u00edfica FAPERGS\/2022) \u2013 Bacharelado em Antropologia \u2013 UFPel)<\/span><\/p>\n<p style=\"text-align: justify;\"><span style=\"font-family: arial, helvetica, sans-serif;\"><strong>CONSULTORES<\/strong><\/span><br \/>\n<span style=\"font-family: arial, helvetica, sans-serif;\">Dr. Adriano Simon (Consultor em Geografia &#8211; UFPel) &#8211; Doutor em Geografia &#8211;<\/span><br \/>\n<span style=\"font-family: arial, helvetica, sans-serif;\">UNESP<\/span><br \/>\n<span style=\"font-family: arial, helvetica, sans-serif;\">Dra. Claudia Turra Magni (Consultora em Imagem e Audiovisual &#8211; UFPel) &#8211; Doutora em Antropologia e Etnologia &#8211; EHESS<\/span><br \/>\n<span style=\"font-family: arial, helvetica, sans-serif;\">Dra. Daiane Loreto de Vargas (Consultora em Extens\u00e3o Rural &#8211; UFRB) &#8211; Doutora em<\/span><br \/>\n<span style=\"font-family: arial, helvetica, sans-serif;\">Extens\u00e3o Rural &#8211; UFSM<\/span><br \/>\n<span style=\"font-family: arial, helvetica, sans-serif;\">Dra. Mar\u00edlia Flo\u00f4r Kosby (Consultora em Etnologia Afro-Americana &#8211; UFRGS) &#8211;<\/span><br \/>\n<span style=\"font-family: arial, helvetica, sans-serif;\">Doutora em Antropologia Social \u2013 UFRGS<\/span><\/p>\n<p style=\"text-align: justify;\"><span style=\"font-family: arial, helvetica, sans-serif;\"><strong>COLABORADORES<\/strong><\/span><br \/>\n<span style=\"font-family: arial, helvetica, sans-serif;\">Alberto Rodrigues (Palmas &#8211; Bag\u00e9), Ana Sonaglio (Emater\/RS-Ascar), Andrea Madruga (Fio Farroupilha &#8211; Piratini), Berenice Medeiros (Palmas &#8211; Bag\u00e9), Cristiane Medeiros (Palmas &#8211; Bag\u00e9), Daiane Loreto de Vargas (UFRB), D\u00e9bora Lima (Porto Alegre), Dem\u00e9trio Xavier (Gua\u00edba), Dieder Dam\u00e9 (ACAF &#8211; Cangu\u00e7u), Fabiani Franco (Comunidade Quilombola de Palmas &#8211; Bag\u00e9), Guilherme Santos (Sul21), Helenito Franco, Igor Vaz, Juliana dos Santos Nunes (PPGAnt &#8211; UFPel), Luciene Mourige Barbosa (PPGAnt &#8211; UFPel), M\u00e1rcia Colares (Palmas &#8211; Bag\u00e9), Mar\u00edlia Flo\u00f4r Kosby (UFRGS), M\u00e1rio Witt (Tr\u00eas Estradas &#8211; Lavras do Sul), Rafael Torma, Vanda Rosa Peligrinote Tarouco (Piratini), Vera Colares (Palmas &#8211; Bag\u00e9), Vher\u00e1 Xun\u00fa (Terra Ind\u00edgena Itapu\u00e3 &#8211; Pind\u00f3 Mirim)<\/span><\/p>\n<p style=\"text-align: justify;\"><span style=\"font-family: arial, helvetica, sans-serif;\"><strong>APOIO INSTITUCIONAL UFPEL<\/strong><\/span><br \/>\n<span style=\"font-family: arial, helvetica, sans-serif;\">Grupo de Estudos Etnogr\u00e1ficos Urbanos (GEEUR)<\/span><br \/>\n<span style=\"font-family: arial, helvetica, sans-serif;\">Laborat\u00f3rio de Ensino, Pesquisa e Produ\u00e7\u00e3o em Antropologia da Imagem e do Som (LEPPAIS)<\/span><br \/>\n<span style=\"font-family: arial, helvetica, sans-serif;\">Pr\u00f3-Reitoria de Pesquisa e P\u00f3s-Gradua\u00e7\u00e3o (PRPPG-UFPel)<\/span><\/p>\n<p style=\"text-align: justify;\"><span style=\"font-family: arial, helvetica, sans-serif;\"><strong>PARCEIROS INSTITUCIONAIS<\/strong><\/span><br \/>\n<span style=\"font-family: arial, helvetica, sans-serif;\">Instituto Federal Sul-riograndense (IFSul Santana do Livramento)<\/span><br \/>\n<span style=\"font-family: arial, helvetica, sans-serif;\">Universidade Federal do Pampa (UNIPAMPA)<\/span><br \/>\n<span style=\"font-family: arial, helvetica, sans-serif;\">Universidade Federal do Paran\u00e1 (UFPR)<\/span><br \/>\n<span style=\"font-family: arial, helvetica, sans-serif;\">Universidade Federal do Rio Grande (FURG)<\/span><br \/>\n<span style=\"font-family: arial, helvetica, sans-serif;\">Universidade Federal de Santa Maria (UFSM)<\/span><\/p>\n<p style=\"text-align: justify;\"><span style=\"font-family: arial, helvetica, sans-serif;\"><strong>IPHAN RS<\/strong><\/span><br \/>\n<span style=\"font-family: arial, helvetica, sans-serif;\">Ma. Beatriz Muniz Freire &#8211; Mestra em Educa\u00e7\u00e3o &#8211; PUC Rio<\/span><br \/>\n<span style=\"font-family: arial, helvetica, sans-serif;\">Dr. Caetano Kayuna Sordi Barbar\u00e1 Dias &#8211; Doutor em Antropologia Social &#8211; UFRGS<\/span><\/p>\n","protected":false},"excerpt":{"rendered":"<p>COORDENA\u00c7\u00c3O Profa. Dra. Fl\u00e1via Maria Silva Rieth &#8211; Departamento de Antropologia e Arqueologia (DAA-UFPel) EQUIPE DE PESQUISA Dra. Fl\u00e1via Maria Silva Rieth &#8211; Doutora em Antropologia Social &#8211; UFRGS Dra. Adriana Paola Pe\u00f1afiel (FURG) &#8211; Doutora em Desenvolvimento Rural &#8211; &hellip; <a href=\"https:\/\/wp.ufpel.edu.br\/lidacampeira\/lida-campeira-alto-camaqua\/equipe\/\">Continue lendo <span class=\"meta-nav\">&rarr;<\/span><\/a><\/p>\n","protected":false},"author":713,"featured_media":0,"parent":67,"menu_order":4,"comment_status":"closed","ping_status":"closed","template":"sidebar-page.php","meta":{"jetpack_post_was_ever_published":false,"footnotes":""},"class_list":["post-608","page","type-page","status-publish","hentry"],"jetpack_sharing_enabled":true,"jetpack_shortlink":"https:\/\/wp.me\/P99v1Q-9O","_links":{"self":[{"href":"https:\/\/wp.ufpel.edu.br\/lidacampeira\/wp-json\/wp\/v2\/pages\/608","targetHints":{"allow":["GET"]}}],"collection":[{"href":"https:\/\/wp.ufpel.edu.br\/lidacampeira\/wp-json\/wp\/v2\/pages"}],"about":[{"href":"https:\/\/wp.ufpel.edu.br\/lidacampeira\/wp-json\/wp\/v2\/types\/page"}],"author":[{"embeddable":true,"href":"https:\/\/wp.ufpel.edu.br\/lidacampeira\/wp-json\/wp\/v2\/users\/713"}],"replies":[{"embeddable":true,"href":"https:\/\/wp.ufpel.edu.br\/lidacampeira\/wp-json\/wp\/v2\/comments?post=608"}],"version-history":[{"count":7,"href":"https:\/\/wp.ufpel.edu.br\/lidacampeira\/wp-json\/wp\/v2\/pages\/608\/revisions"}],"predecessor-version":[{"id":888,"href":"https:\/\/wp.ufpel.edu.br\/lidacampeira\/wp-json\/wp\/v2\/pages\/608\/revisions\/888"}],"up":[{"embeddable":true,"href":"https:\/\/wp.ufpel.edu.br\/lidacampeira\/wp-json\/wp\/v2\/pages\/67"}],"wp:attachment":[{"href":"https:\/\/wp.ufpel.edu.br\/lidacampeira\/wp-json\/wp\/v2\/media?parent=608"}],"curies":[{"name":"wp","href":"https:\/\/api.w.org\/{rel}","templated":true}]}}