{"id":96,"date":"2016-06-14T16:36:56","date_gmt":"2016-06-14T19:36:56","guid":{"rendered":"https:\/\/wp.ufpel.edu.br\/licenciaturaquimica\/?page_id=96"},"modified":"2017-07-27T10:00:47","modified_gmt":"2017-07-27T13:00:47","slug":"egressos","status":"publish","type":"page","link":"https:\/\/wp.ufpel.edu.br\/licenciaturaquimica\/egressos\/","title":{"rendered":"EGRESSOS"},"content":{"rendered":"<p>Prezados(as) Egressos(as) do Curso de Licenciatura em Qu\u00edmica,<\/p>\n<p>Estamos fazendo um levantamento de informa\u00e7\u00f5es sobre localiza\u00e7\u00e3o geogr\u00e1fica, forma\u00e7\u00e3o continuada em programas de p\u00f3s-gradua\u00e7\u00e3o, experi\u00eancias profissionais, dificuldades ou oportunidades no Curso e ap\u00f3s o Curso.<br \/>\nO question\u00e1rio, via formul\u00e1rio eletr\u00f4nico, busca contribuir com a autoavalia\u00e7\u00e3o do Curso, al\u00e9m de conhecer melhor nossos egressos.<br \/>\nNesse sentido, solicitamos que, gentilmente, respondam o formul\u00e1rio dispon\u00edvel no link: https:\/\/docs.google.com\/forms\/d\/e\/1FAIpQLSeE2fSK3AxcD8t_cSEscEPvn_-k6W34VxhRNco9PV-U6K_dJw\/viewform<br \/>\nCaso o endere\u00e7o n\u00e3o abra, copie e cole o endere\u00e7o eletr\u00f4nico no seu navegador.<br \/>\nCabe salientar que dados pessoais, como nome e endere\u00e7o de email n\u00e3o ser\u00e3o divulgados. Quaisquer d\u00favida, favor, entrar em contato com colegiadodaquimica@gmail.com<br \/>\nAguardaremos a sua contribui\u00e7\u00e3o!<br \/>\nAtenciosamente,<br \/>\nA Coordena\u00e7\u00e3o do Curso<a href=\"https:\/\/wp.ufpel.edu.br\/licenciaturaquimica\/files\/2016\/06\/EGRESSOS-DO-CURSO-DE-LICENCIATURA-EM-QU\u00cdMICA-2000-\u00e0-2016-1.docx\"><\/p>\n<p>EGRESSOS DO CURSO DE LICENCIATURA EM QU\u00cdMICA &#8211; 2000 \u00e0 2016<\/a><\/p>\n","protected":false},"excerpt":{"rendered":"<p>Prezados(as) Egressos(as) do Curso de Licenciatura em Qu\u00edmica, Estamos fazendo um levantamento de informa\u00e7\u00f5es sobre localiza\u00e7\u00e3o geogr\u00e1fica, forma\u00e7\u00e3o continuada em programas de p\u00f3s-gradua\u00e7\u00e3o, experi\u00eancias profissionais, dificuldades ou oportunidades no Curso e ap\u00f3s o Curso. O question\u00e1rio, via formul\u00e1rio eletr\u00f4nico, busca contribuir com a autoavalia\u00e7\u00e3o do Curso, al\u00e9m de conhecer melhor nossos egressos. Nesse sentido, solicitamos [&hellip;]<\/p>\n","protected":false},"author":656,"featured_media":0,"parent":0,"menu_order":0,"comment_status":"closed","ping_status":"closed","template":"","meta":{"footnotes":""},"class_list":["post-96","page","type-page","status-publish","hentry"],"_links":{"self":[{"href":"https:\/\/wp.ufpel.edu.br\/licenciaturaquimica\/wp-json\/wp\/v2\/pages\/96","targetHints":{"allow":["GET"]}}],"collection":[{"href":"https:\/\/wp.ufpel.edu.br\/licenciaturaquimica\/wp-json\/wp\/v2\/pages"}],"about":[{"href":"https:\/\/wp.ufpel.edu.br\/licenciaturaquimica\/wp-json\/wp\/v2\/types\/page"}],"author":[{"embeddable":true,"href":"https:\/\/wp.ufpel.edu.br\/licenciaturaquimica\/wp-json\/wp\/v2\/users\/656"}],"replies":[{"embeddable":true,"href":"https:\/\/wp.ufpel.edu.br\/licenciaturaquimica\/wp-json\/wp\/v2\/comments?post=96"}],"version-history":[{"count":7,"href":"https:\/\/wp.ufpel.edu.br\/licenciaturaquimica\/wp-json\/wp\/v2\/pages\/96\/revisions"}],"predecessor-version":[{"id":698,"href":"https:\/\/wp.ufpel.edu.br\/licenciaturaquimica\/wp-json\/wp\/v2\/pages\/96\/revisions\/698"}],"wp:attachment":[{"href":"https:\/\/wp.ufpel.edu.br\/licenciaturaquimica\/wp-json\/wp\/v2\/media?parent=96"}],"curies":[{"name":"wp","href":"https:\/\/api.w.org\/{rel}","templated":true}]}}