{"id":84,"date":"2016-06-14T16:33:02","date_gmt":"2016-06-14T19:33:02","guid":{"rendered":"https:\/\/wp.ufpel.edu.br\/licenciaturaquimica\/?page_id=84"},"modified":"2016-06-24T14:34:56","modified_gmt":"2016-06-24T17:34:56","slug":"disciplinas-do-nucleo","status":"publish","type":"page","link":"https:\/\/wp.ufpel.edu.br\/licenciaturaquimica\/disciplinas-do-nucleo\/","title":{"rendered":"NEQ  e suas disciplinas"},"content":{"rendered":"<p>O N\u00facleo de Ensino de Qu\u00edmica (NEQ), de car\u00e1ter interdisciplinar e interdepartamental, est\u00e1 vinculado ao Curso de Licenciatura em Qu\u00edmica da Universidade Federal de Pelotas, tendo sob sua responsabilidade as disciplinas de Est\u00e1gio Supervisionado e as caracterizadas por Pr\u00e1tica como componente curricular.<br \/>\nO NEQ tem por objetivo proporcionar a intera\u00e7\u00e3o dos alunos do curso de Licenciatura em Qu\u00edmica com conte\u00fados relacionados \u00e0s disciplinas destinadas \u00e0 forma\u00e7\u00e3o do professor.<\/p>\n<p><a href=\"https:\/\/wp.ufpel.edu.br\/licenciaturaquimica\/files\/2016\/06\/Disciplinas-do-N\u00facleo.pdf\">Disciplinas-do-N\u00facleo<\/a><\/p>\n<p><a href=\"https:\/\/wp.ufpel.edu.br\/licenciaturaquimica\/files\/2016\/06\/Regimento-1.pdf\">Regimento<\/a><\/p>\n","protected":false},"excerpt":{"rendered":"<p>O N\u00facleo de Ensino de Qu\u00edmica (NEQ), de car\u00e1ter interdisciplinar e interdepartamental, est\u00e1 vinculado ao Curso de Licenciatura em Qu\u00edmica da Universidade Federal de Pelotas, tendo sob sua responsabilidade as disciplinas de Est\u00e1gio Supervisionado e as caracterizadas por Pr\u00e1tica como componente curricular. O NEQ tem por objetivo proporcionar a intera\u00e7\u00e3o dos alunos do curso de [&hellip;]<\/p>\n","protected":false},"author":656,"featured_media":0,"parent":0,"menu_order":0,"comment_status":"closed","ping_status":"closed","template":"","meta":{"footnotes":""},"class_list":["post-84","page","type-page","status-publish","hentry"],"_links":{"self":[{"href":"https:\/\/wp.ufpel.edu.br\/licenciaturaquimica\/wp-json\/wp\/v2\/pages\/84","targetHints":{"allow":["GET"]}}],"collection":[{"href":"https:\/\/wp.ufpel.edu.br\/licenciaturaquimica\/wp-json\/wp\/v2\/pages"}],"about":[{"href":"https:\/\/wp.ufpel.edu.br\/licenciaturaquimica\/wp-json\/wp\/v2\/types\/page"}],"author":[{"embeddable":true,"href":"https:\/\/wp.ufpel.edu.br\/licenciaturaquimica\/wp-json\/wp\/v2\/users\/656"}],"replies":[{"embeddable":true,"href":"https:\/\/wp.ufpel.edu.br\/licenciaturaquimica\/wp-json\/wp\/v2\/comments?post=84"}],"version-history":[{"count":6,"href":"https:\/\/wp.ufpel.edu.br\/licenciaturaquimica\/wp-json\/wp\/v2\/pages\/84\/revisions"}],"predecessor-version":[{"id":337,"href":"https:\/\/wp.ufpel.edu.br\/licenciaturaquimica\/wp-json\/wp\/v2\/pages\/84\/revisions\/337"}],"wp:attachment":[{"href":"https:\/\/wp.ufpel.edu.br\/licenciaturaquimica\/wp-json\/wp\/v2\/media?parent=84"}],"curies":[{"name":"wp","href":"https:\/\/api.w.org\/{rel}","templated":true}]}}