{"id":74,"date":"2016-06-14T16:30:57","date_gmt":"2016-06-14T19:30:57","guid":{"rendered":"https:\/\/wp.ufpel.edu.br\/licenciaturaquimica\/?page_id=74"},"modified":"2020-01-29T09:17:30","modified_gmt":"2020-01-29T12:17:30","slug":"grade-curricular","status":"publish","type":"page","link":"https:\/\/wp.ufpel.edu.br\/licenciaturaquimica\/o-curso\/grade-curricular\/","title":{"rendered":"Grade Curricular e Fluxograma do Curso"},"content":{"rendered":"<p>Conforme inserido dentro dos documentos chamados de PPC (Projeto Curricular do Curso), o curso de Licenciatura em Qu\u00edmica apresenta uma grade de disciplinas a serem cursadas. Voc\u00ea pode acess\u00e1-las tanto atrav\u00e9s da p\u00e1gina que apresenta os diferentes projetos j\u00e1 organizados no Curso (<a href=\"https:\/\/wp.ufpel.edu.br\/licenciaturaquimica\/o-curso\/projeto-pedagogico\/\">clique aqui<\/a>), ou clicando nos links abaixo, os quais apresentam diretamente a grade de disciplinas e o fluxograma de cada uma das vers\u00f5es do curso.<\/p>\n<p>&nbsp;<\/p>\n<p><span style=\"text-decoration: underline\"><strong>Vers\u00f5es atuais e em andamento<\/strong><\/span><\/p>\n<p><em>&gt; VERS\u00c3O 7 &#8211; para ingressantes a partir de 2019:<\/em><\/p>\n<p style=\"padding-left: 40px\">*Grade Curricular:<span style=\"color: #0000ff\"><a style=\"color: #0000ff\" href=\"https:\/\/wp.ufpel.edu.br\/licenciaturaquimica\/files\/2019\/03\/curriculo_2019_-vers\u00e3o-7.pdf\">Clique aqui<\/a><\/span><\/p>\n<p style=\"padding-left: 40px\">* Fluxograma :<span style=\"color: #0000ff\"> <a style=\"color: #0000ff\" href=\"https:\/\/wp.ufpel.edu.br\/licenciaturaquimica\/files\/2019\/03\/Fluxograma-2019.pdf\">Clique aqui<\/a><\/span><\/p>\n<p>&nbsp;<\/p>\n<p><em>&gt; VERS\u00c3O 6 &#8211; para ingressantes anteriores a 2019:<\/em><\/p>\n<p style=\"padding-left: 40px\">* Grade Curricular:<span style=\"color: #0000ff\"><a style=\"color: #0000ff\" href=\"https:\/\/wp.ufpel.edu.br\/licenciaturaquimica\/files\/2019\/03\/curriculo_2017_-vers\u00e3o-6.pdf\">Clique aqui<\/a><\/span><\/p>\n<p style=\"padding-left: 40px\">* Fluxograma: <a href=\"https:\/\/wp.ufpel.edu.br\/licenciaturaquimica\/files\/2019\/03\/Fluxograma-2017.pdf\"><span style=\"color: #0000ff\">Clique aqui<\/span><\/a><\/p>\n<p>&nbsp;<\/p>\n<p><span style=\"text-decoration: underline\"><strong>Vers\u00f5es desatualisadas:<\/strong><\/span><\/p>\n<p><em>&gt; VERS\u00c3O 5 &#8211; sem possibilidade de ingresso:<\/em><\/p>\n<p style=\"padding-left: 40px\">* Grade Curricular:\u00a0<span style=\"color: #0000ff\"><a style=\"color: #0000ff\" href=\"https:\/\/wp.ufpel.edu.br\/licenciaturaquimica\/files\/2016\/06\/Grade-do-Curr\u00edculo-do-Curso-Lic-em-Qu\u00edmica-4420.pdf\">Clique aqui<\/a><\/span><\/p>\n<p style=\"padding-left: 40px\">* Fluxograma:<span style=\"color: #0000ff\"> <a style=\"color: #0000ff\" href=\"https:\/\/wp.ufpel.edu.br\/licenciaturaquimica\/files\/2016\/06\/Fluxograma-do-Curso.pdf\">Clique aqui<\/a><\/span><\/p>\n","protected":false},"excerpt":{"rendered":"<p>Conforme inserido dentro dos documentos chamados de PPC (Projeto Curricular do Curso), o curso de Licenciatura em Qu\u00edmica apresenta uma grade de disciplinas a serem cursadas. Voc\u00ea pode acess\u00e1-las tanto atrav\u00e9s da p\u00e1gina que apresenta os diferentes projetos j\u00e1 organizados no Curso (clique aqui), ou clicando nos links abaixo, os quais apresentam diretamente a grade [&hellip;]<\/p>\n","protected":false},"author":656,"featured_media":0,"parent":287,"menu_order":0,"comment_status":"closed","ping_status":"closed","template":"","meta":{"footnotes":""},"class_list":["post-74","page","type-page","status-publish","hentry"],"_links":{"self":[{"href":"https:\/\/wp.ufpel.edu.br\/licenciaturaquimica\/wp-json\/wp\/v2\/pages\/74","targetHints":{"allow":["GET"]}}],"collection":[{"href":"https:\/\/wp.ufpel.edu.br\/licenciaturaquimica\/wp-json\/wp\/v2\/pages"}],"about":[{"href":"https:\/\/wp.ufpel.edu.br\/licenciaturaquimica\/wp-json\/wp\/v2\/types\/page"}],"author":[{"embeddable":true,"href":"https:\/\/wp.ufpel.edu.br\/licenciaturaquimica\/wp-json\/wp\/v2\/users\/656"}],"replies":[{"embeddable":true,"href":"https:\/\/wp.ufpel.edu.br\/licenciaturaquimica\/wp-json\/wp\/v2\/comments?post=74"}],"version-history":[{"count":11,"href":"https:\/\/wp.ufpel.edu.br\/licenciaturaquimica\/wp-json\/wp\/v2\/pages\/74\/revisions"}],"predecessor-version":[{"id":1517,"href":"https:\/\/wp.ufpel.edu.br\/licenciaturaquimica\/wp-json\/wp\/v2\/pages\/74\/revisions\/1517"}],"up":[{"embeddable":true,"href":"https:\/\/wp.ufpel.edu.br\/licenciaturaquimica\/wp-json\/wp\/v2\/pages\/287"}],"wp:attachment":[{"href":"https:\/\/wp.ufpel.edu.br\/licenciaturaquimica\/wp-json\/wp\/v2\/media?parent=74"}],"curies":[{"name":"wp","href":"https:\/\/api.w.org\/{rel}","templated":true}]}}