{"id":72,"date":"2016-06-14T16:30:09","date_gmt":"2016-06-14T19:30:09","guid":{"rendered":"https:\/\/wp.ufpel.edu.br\/licenciaturaquimica\/?page_id=72"},"modified":"2024-11-19T15:38:41","modified_gmt":"2024-11-19T18:38:41","slug":"projeto-pedagogico","status":"publish","type":"page","link":"https:\/\/wp.ufpel.edu.br\/licenciaturaquimica\/o-curso\/projeto-pedagogico\/","title":{"rendered":"PROJETO PEDAG\u00d3GICO"},"content":{"rendered":"<p>Constantemente os integrantes do Curso de Licenciatura em Qu\u00edmica realizam discuss\u00f5es sobre o perfil formativo desejado, as disciplinas cursadas, os requisitos legais para o exerc\u00edcio da doc\u00eancia na \u00e1rea da Qu\u00edmica, dentre outros. Como efeito, isso leva \u00e0 constru\u00e7\u00e3o e atualiza\u00e7\u00e3o de diferentes propostas curriculares, \u00e0s quais os ingressantes no curso s\u00e3o vinculados.<\/p>\n<p>&nbsp;<\/p>\n<p><strong><span style=\"text-decoration: underline;\">Nos links abaixo voc\u00ea ter\u00e1 acesso aos Projetos Pedag\u00f3gicos do Curso (PPCs) atuais e anteriores:<\/span><\/strong><\/p>\n<p><em><span style=\"text-decoration: underline;\">Projetos em andamento (atuais):<\/span><\/em><\/p>\n<p>&gt; Projeto Pedag\u00f3gico Licenciatura em Qu\u00edmica &#8211; <em><span style=\"text-decoration: underline;\"><strong>ATUAL<\/strong><\/span><\/em> <strong>para ingressantes a partir de 2022<\/strong> (Vers\u00e3o 8)<\/p>\n<p><a href=\"https:\/\/wp.ufpel.edu.br\/licenciaturaquimica\/files\/2024\/11\/Projeto-Pedagogico-do-Curso-\u2013-Lic-Quimica-2022-\u2013-Versao-8-atual.pdf\">Projeto Pedag\u00f3gico do Curso \u2013 Lic Qu\u00edmica 2022 \u2013 Vers\u00e3o 8 (atual)<\/a><\/p>\n<p>&nbsp;<\/p>\n<p>&gt; Projeto Pedag\u00f3gico Licenciatura em Qu\u00edmica &#8211;\u00a0<strong>para ingressantes de 2019<\/strong> (Vers\u00e3o 7)<br \/>\n<span style=\"text-decoration: underline;\"><span style=\"color: #0000ff; text-decoration: underline;\"><a style=\"color: #0000ff; text-decoration: underline;\" href=\"https:\/\/wp.ufpel.edu.br\/licenciaturaquimica\/files\/2021\/12\/Projeto-Pedagogico-Lic-em-Quim-15h-18h-03-12-2019-Atualizado-15-12-2021-com-apendice-site.pdf\">Projeto Pedag\u00f3gico Lic em Qu\u00edm 2019 &#8211; vers\u00e3o 7 &#8211; com apensamento<\/a><\/span><\/span><\/p>\n<p>&nbsp;<\/p>\n<p>&gt; Projeto Pedag\u00f3gico Licenciatura em Qu\u00edmica &#8211; ATUAL <strong>para ingressantes anteriores a 2019<\/strong> (Vers\u00e3o 6)<\/p>\n<p><span style=\"text-decoration: underline; color: #0000ff;\"><a style=\"color: #0000ff; text-decoration: underline;\" href=\"https:\/\/wp.ufpel.edu.br\/licenciaturaquimica\/files\/2021\/12\/PP_LicUFPel__revisao-03-03-2017_APENDICE_em-16-12-2021-site.pdf\">Projeto Pedag\u00f3gico Lic em Qu\u00edmica 2017 &#8211; vers\u00e3o 6 &#8211; com apensamentos<\/a><\/span><\/p>\n<p>&nbsp;<\/p>\n<p><em><span style=\"text-decoration: underline;\">Projetos j\u00e1 encerrados para entradas (desatualizados):<\/span><\/em><\/p>\n<p>&gt; Projeto Pedag\u00f3gico Licenciatura em Qu\u00edmica &#8211; ATUALIZA\u00c7\u00c3O 2013<br \/>\n<span style=\"color: #0000ff;\"><a style=\"color: #0000ff;\" href=\"https:\/\/wp.ufpel.edu.br\/licenciaturaquimica\/files\/2016\/06\/Projeto-curso-de-licenciatura-em-Qu\u00edmica-UFPel_2013.pdf\">Projeto curso de licenciatura em Qu\u00edmica UFPel_2013<\/a><\/span><\/p>\n<p>&gt;Projeto Pedag\u00f3gico Licenciatura em Qu\u00edmica &#8211; ATUALIZA\u00c7\u00c3O 2009<br \/>\n<span style=\"color: #0000ff;\"><a style=\"color: #0000ff;\" href=\"https:\/\/wp.ufpel.edu.br\/licenciaturaquimica\/files\/2016\/06\/Projeto-Pedag\u00f3gico-Licenciatura.pdf\">Projeto-Pedag\u00f3gico-Licenciatura<\/a><\/span><\/p>\n","protected":false},"excerpt":{"rendered":"<p>Constantemente os integrantes do Curso de Licenciatura em Qu\u00edmica realizam discuss\u00f5es sobre o perfil formativo desejado, as disciplinas cursadas, os requisitos legais para o exerc\u00edcio da doc\u00eancia na \u00e1rea da Qu\u00edmica, dentre outros. Como efeito, isso leva \u00e0 constru\u00e7\u00e3o e atualiza\u00e7\u00e3o de diferentes propostas curriculares, \u00e0s quais os ingressantes no curso s\u00e3o vinculados. &nbsp; Nos [&hellip;]<\/p>\n","protected":false},"author":656,"featured_media":0,"parent":287,"menu_order":0,"comment_status":"closed","ping_status":"closed","template":"","meta":{"footnotes":""},"class_list":["post-72","page","type-page","status-publish","hentry"],"_links":{"self":[{"href":"https:\/\/wp.ufpel.edu.br\/licenciaturaquimica\/wp-json\/wp\/v2\/pages\/72","targetHints":{"allow":["GET"]}}],"collection":[{"href":"https:\/\/wp.ufpel.edu.br\/licenciaturaquimica\/wp-json\/wp\/v2\/pages"}],"about":[{"href":"https:\/\/wp.ufpel.edu.br\/licenciaturaquimica\/wp-json\/wp\/v2\/types\/page"}],"author":[{"embeddable":true,"href":"https:\/\/wp.ufpel.edu.br\/licenciaturaquimica\/wp-json\/wp\/v2\/users\/656"}],"replies":[{"embeddable":true,"href":"https:\/\/wp.ufpel.edu.br\/licenciaturaquimica\/wp-json\/wp\/v2\/comments?post=72"}],"version-history":[{"count":35,"href":"https:\/\/wp.ufpel.edu.br\/licenciaturaquimica\/wp-json\/wp\/v2\/pages\/72\/revisions"}],"predecessor-version":[{"id":2349,"href":"https:\/\/wp.ufpel.edu.br\/licenciaturaquimica\/wp-json\/wp\/v2\/pages\/72\/revisions\/2349"}],"up":[{"embeddable":true,"href":"https:\/\/wp.ufpel.edu.br\/licenciaturaquimica\/wp-json\/wp\/v2\/pages\/287"}],"wp:attachment":[{"href":"https:\/\/wp.ufpel.edu.br\/licenciaturaquimica\/wp-json\/wp\/v2\/media?parent=72"}],"curies":[{"name":"wp","href":"https:\/\/api.w.org\/{rel}","templated":true}]}}