{"id":70,"date":"2016-06-14T16:29:08","date_gmt":"2016-06-14T19:29:08","guid":{"rendered":"https:\/\/wp.ufpel.edu.br\/licenciaturaquimica\/?page_id=70"},"modified":"2020-01-22T11:36:27","modified_gmt":"2020-01-22T14:36:27","slug":"calendario-academico","status":"publish","type":"page","link":"https:\/\/wp.ufpel.edu.br\/licenciaturaquimica\/calendario-academico\/","title":{"rendered":"Calend\u00e1rio Acad\u00eamico"},"content":{"rendered":"<p>Os calend\u00e1rios acad\u00eamicos est\u00e3o dispon\u00edveis na p\u00e1gina da UFPel, em\u00a0<a href=\"https:\/\/wp.ufpel.edu.br\/cra\/calendario-academico\/\">https:\/\/wp.ufpel.edu.br\/cra\/calendario-academico\/<\/a><\/p>\n","protected":false},"excerpt":{"rendered":"<p>Os calend\u00e1rios acad\u00eamicos est\u00e3o dispon\u00edveis na p\u00e1gina da UFPel, em\u00a0https:\/\/wp.ufpel.edu.br\/cra\/calendario-academico\/<\/p>\n","protected":false},"author":656,"featured_media":0,"parent":0,"menu_order":0,"comment_status":"closed","ping_status":"closed","template":"","meta":{"footnotes":""},"class_list":["post-70","page","type-page","status-publish","hentry"],"_links":{"self":[{"href":"https:\/\/wp.ufpel.edu.br\/licenciaturaquimica\/wp-json\/wp\/v2\/pages\/70","targetHints":{"allow":["GET"]}}],"collection":[{"href":"https:\/\/wp.ufpel.edu.br\/licenciaturaquimica\/wp-json\/wp\/v2\/pages"}],"about":[{"href":"https:\/\/wp.ufpel.edu.br\/licenciaturaquimica\/wp-json\/wp\/v2\/types\/page"}],"author":[{"embeddable":true,"href":"https:\/\/wp.ufpel.edu.br\/licenciaturaquimica\/wp-json\/wp\/v2\/users\/656"}],"replies":[{"embeddable":true,"href":"https:\/\/wp.ufpel.edu.br\/licenciaturaquimica\/wp-json\/wp\/v2\/comments?post=70"}],"version-history":[{"count":10,"href":"https:\/\/wp.ufpel.edu.br\/licenciaturaquimica\/wp-json\/wp\/v2\/pages\/70\/revisions"}],"predecessor-version":[{"id":1440,"href":"https:\/\/wp.ufpel.edu.br\/licenciaturaquimica\/wp-json\/wp\/v2\/pages\/70\/revisions\/1440"}],"wp:attachment":[{"href":"https:\/\/wp.ufpel.edu.br\/licenciaturaquimica\/wp-json\/wp\/v2\/media?parent=70"}],"curies":[{"name":"wp","href":"https:\/\/api.w.org\/{rel}","templated":true}]}}