{"id":66,"date":"2016-06-14T16:28:30","date_gmt":"2016-06-14T19:28:30","guid":{"rendered":"https:\/\/wp.ufpel.edu.br\/licenciaturaquimica\/?page_id=66"},"modified":"2025-10-07T18:29:12","modified_gmt":"2025-10-07T21:29:12","slug":"nucleo-docente-estruturante","status":"publish","type":"page","link":"https:\/\/wp.ufpel.edu.br\/licenciaturaquimica\/o-curso\/colegiado\/nucleo-docente-estruturante\/","title":{"rendered":"N\u00facleo Docente Estruturante"},"content":{"rendered":"<p>Conforme a Resolu\u00e7\u00e3o COCEPE de 06 de abril de 2013, o N\u00facleo Docente Estruturante (NDE) tem por finalidade propor, organizar e encaminhar em colabora\u00e7\u00e3o com o Colegiado elementos relacionados ao Projeto Pedag\u00f3gico do Curso (PPC), o que lhe traz atribui\u00e7\u00f5es de acompanhar o desenvolvimento do PPC, contribuir para a melhora geral do curso e para a consolida\u00e7\u00e3o do perfil profissional do curso, estudar as pol\u00edticas relacionadas \u00e0 \u00e1rea de forma\u00e7\u00e3o do curso, dentre outras.<\/p>\n<p>Atualmente, a composi\u00e7\u00e3o do NDE da Licenciatura em Qu\u00edmica apresenta 09 representantes (inclu\u00edda a coordena\u00e7\u00e3o), sendo a seguinte:<\/p>\n<div class=\"page\" title=\"Page 1\">\n<div class=\"section\">\n<div class=\"layoutArea\">\n<div class=\"column\">\n<p style=\"padding-left: 80px;\"><span style=\"text-decoration: underline;\"><strong><em>Coordena\u00e7\u00e3o do Curso\u00a0<\/em><\/strong> &#8211; Exerc\u00edcio a partir de 27\/03\/2025<\/span><\/p>\n<p style=\"padding-left: 80px;\"><em>Presidente: Prof.\u00aa\u00a0<\/em><em style=\"color: var(--cor-texto); font-family: var(--fonte-corpo);\">Bruna Adriane Fary<\/em><\/p>\n<p style=\"padding-left: 160px;\"><em>Prof. Wiliam Boschetti (Suplente, Coordenador Adjunto)<\/em><\/p>\n<\/div>\n<\/div>\n<p style=\"padding-left: 80px;\"><span style=\"text-decoration: underline;\"><strong><em>Composi\u00e7\u00e3o dos Demais membros do NDE\u00a0<\/em><\/strong> &#8211; Exerc\u00edcio a partir de 23\/09\/2025 &#8211; <a href=\"https:\/\/wp.ufpel.edu.br\/licenciaturaquimica\/files\/2025\/10\/SEI_3313507_Portaria_Interna_93.pdf\">Portaria dispon\u00edvel aqui<\/a><\/span><\/p>\n<\/div>\n<\/div>\n<div class=\"page\" title=\"Page 1\">\n<div class=\"section\">\n<div class=\"layoutArea\">\n<div class=\"column\">\n<p style=\"padding-left: 80px;\">Prof. Bruno dos Santos Pastoriza<\/p>\n<p style=\"padding-left: 80px;\">Prof.\u00aa Aline Joana R. W. Alves dos Santos<\/p>\n<p style=\"padding-left: 80px;\">Prof\u200b. Diogo La Rosa Novo<\/p>\n<p style=\"padding-left: 80px;\">Prof. Andr\u00e9 Francisco Pivato Biajoli<\/p>\n<p style=\"padding-left: 80px;\">Prof\u200b.\u00aa Grac\u00e9lie Serpa Schulz<\/p>\n<p>\u00a0 \u00a0 \u00a0 \u00a0 \u00a0 \u00a0 \u00a0 \u00a0 \u00a0 \u00a0 Prof\u200b.\u00aa Pollyane Vieira da Silva<\/p>\n<p style=\"padding-left: 80px;\">Prof. M\u00e1rio Luiz Lopes da Silva<\/p>\n<\/div>\n<\/div>\n<\/div>\n<\/div>\n<p>&nbsp;<\/p>\n<p>As portarias sobre as composi\u00e7\u00f5es anteriores do NDE est\u00e3o dispon\u00edveis abaixo:<\/p>\n<p>&gt; Composi\u00e7\u00e3o do NDE de 2023 a 2025 &#8211; <span style=\"text-decoration: underline;\"><span style=\"color: #3366ff;\"><a style=\"color: #3366ff; text-decoration: underline;\" href=\"https:\/\/wp.ufpel.edu.br\/licenciaturaquimica\/files\/2024\/05\/SEI_23110.009330_2019_37-11.pdf\">Portaria dispon\u00edvel aqui<\/a><\/span><\/span><\/p>\n<p>&gt; Composi\u00e7\u00e3o do NDE de 2021 a 2023 &#8211; <a href=\"https:\/\/wp.ufpel.edu.br\/licenciaturaquimica\/files\/2024\/05\/SEI_23110.009330_2019_37-12.pdf\"><span style=\"color: #3366ff;\">Portaria dispon\u00edvel aqui<\/span><\/a><\/p>\n<p>&gt; Composi\u00e7\u00e3o do NDE de 2018 a 2021 <span style=\"text-decoration: underline;\">&#8211; <span style=\"color: #3366ff; text-decoration: underline;\"><a style=\"color: #3366ff; text-decoration: underline;\" href=\"https:\/\/wp.ufpel.edu.br\/licenciaturaquimica\/files\/2019\/02\/NDE_Quimica_Licenciatura-2018-1.pdf\">Portaria dispon\u00edvel aqui.<\/a><\/span><\/span><\/p>\n<p>&gt; Composi\u00e7\u00e3o do NDE de 2016 a 2018 \u00a0&#8211; <span style=\"color: #3366ff;\"><a style=\"color: #3366ff;\" href=\"https:\/\/wp.ufpel.edu.br\/licenciaturaquimica\/files\/2016\/06\/Portaria-04-2016-Composi\u00e7\u00e3o-do-NDE-da-Licenciatura-em-Qu\u00edmica.pdf\">Portaria-04-2016- Composi\u00e7\u00e3o do NDE da Licenciatura em Qu\u00edmica<\/a><\/span><\/p>\n","protected":false},"excerpt":{"rendered":"<p>Conforme a Resolu\u00e7\u00e3o COCEPE de 06 de abril de 2013, o N\u00facleo Docente Estruturante (NDE) tem por finalidade propor, organizar e encaminhar em colabora\u00e7\u00e3o com o Colegiado elementos relacionados ao Projeto Pedag\u00f3gico do Curso (PPC), o que lhe traz atribui\u00e7\u00f5es de acompanhar o desenvolvimento do PPC, contribuir para a melhora geral do curso e para [&hellip;]<\/p>\n","protected":false},"author":656,"featured_media":0,"parent":60,"menu_order":0,"comment_status":"closed","ping_status":"closed","template":"","meta":{"footnotes":""},"class_list":["post-66","page","type-page","status-publish","hentry"],"_links":{"self":[{"href":"https:\/\/wp.ufpel.edu.br\/licenciaturaquimica\/wp-json\/wp\/v2\/pages\/66","targetHints":{"allow":["GET"]}}],"collection":[{"href":"https:\/\/wp.ufpel.edu.br\/licenciaturaquimica\/wp-json\/wp\/v2\/pages"}],"about":[{"href":"https:\/\/wp.ufpel.edu.br\/licenciaturaquimica\/wp-json\/wp\/v2\/types\/page"}],"author":[{"embeddable":true,"href":"https:\/\/wp.ufpel.edu.br\/licenciaturaquimica\/wp-json\/wp\/v2\/users\/656"}],"replies":[{"embeddable":true,"href":"https:\/\/wp.ufpel.edu.br\/licenciaturaquimica\/wp-json\/wp\/v2\/comments?post=66"}],"version-history":[{"count":3,"href":"https:\/\/wp.ufpel.edu.br\/licenciaturaquimica\/wp-json\/wp\/v2\/pages\/66\/revisions"}],"predecessor-version":[{"id":2394,"href":"https:\/\/wp.ufpel.edu.br\/licenciaturaquimica\/wp-json\/wp\/v2\/pages\/66\/revisions\/2394"}],"up":[{"embeddable":true,"href":"https:\/\/wp.ufpel.edu.br\/licenciaturaquimica\/wp-json\/wp\/v2\/pages\/60"}],"wp:attachment":[{"href":"https:\/\/wp.ufpel.edu.br\/licenciaturaquimica\/wp-json\/wp\/v2\/media?parent=66"}],"curies":[{"name":"wp","href":"https:\/\/api.w.org\/{rel}","templated":true}]}}