{"id":62,"date":"2016-06-14T16:26:22","date_gmt":"2016-06-14T19:26:22","guid":{"rendered":"https:\/\/wp.ufpel.edu.br\/licenciaturaquimica\/?page_id=62"},"modified":"2025-10-07T18:38:29","modified_gmt":"2025-10-07T21:38:29","slug":"composicao-do-colegiado","status":"publish","type":"page","link":"https:\/\/wp.ufpel.edu.br\/licenciaturaquimica\/o-curso\/colegiado\/composicao-do-colegiado\/","title":{"rendered":"Composi\u00e7\u00e3o do colegiado"},"content":{"rendered":"<p>Conforme o Cap\u00edtulo VI \u00a0do Regimento da UFPel, &#8220;Art. 122. O\u00a0<em>colegiado de curso \u00e9 o \u00f3rg\u00e3o de coordena\u00e7\u00e3o did\u00e1tica que tem por finalidade superintender o ensino, no \u00e2mbito de cada curso&#8221;.\u00a0<\/em>Uma vez que esse cap\u00edtulo regulamenta as atribui\u00e7\u00f5es e funcionamento,\u00a0a partir de indica\u00e7\u00f5es da comunidade do Curso, sistematicamente s\u00e3o formalizados os membros do colegiado.<\/p>\n<p>Atualmente, a composi\u00e7\u00e3o do colegiado da Licenciatura em Qu\u00edmica apresenta 13 representantes (inclu\u00edda a coordena\u00e7\u00e3o), sendo a seguinte:<\/p>\n<div class=\"page\" title=\"Page 1\">\n<div class=\"section\">\n<div class=\"layoutArea\">\n<div class=\"column\">\n<p style=\"padding-left: 80px;\"><span style=\"text-decoration: underline;\"><strong><em>Coordena\u00e7\u00e3o do Curso\u00a0<\/em><\/strong> &#8211; Exerc\u00edcio a partir de 27\/03\/2025<\/span><\/p>\n<p style=\"padding-left: 80px;\"><em>Presidente:\u00a0<\/em><em style=\"color: var(--cor-texto); font-family: var(--fonte-corpo);\">Prof.\u00aa\u00a0<\/em><em style=\"color: var(--cor-texto); font-family: var(--fonte-corpo);\">Bruna Adriane Fary<\/em><\/p>\n<p style=\"padding-left: 160px;\"><em>Prof. Wiliam Boschetti (Suplente, Coordenador Adjunto)<\/em><\/p>\n<p>&nbsp;<\/p>\n<\/div>\n<\/div>\n<p style=\"padding-left: 80px;\"><span style=\"text-decoration: underline;\"><strong><em>Composi\u00e7\u00e3o dos Demais membros do Colegiado\u00a0<\/em><\/strong> &#8211; Exerc\u00edcio a partir de 23\/09\/2025 &#8211; <a href=\"https:\/\/wp.ufpel.edu.br\/licenciaturaquimica\/files\/2025\/10\/SEI_3313451_Portaria_Interna_92-2.pdf\">Portaria n\u00ba 92\/2025<\/a><\/span><\/p>\n<div class=\"layoutArea\">\n<div class=\"column\">\n<p style=\"padding-left: 80px;\"><span style=\"text-decoration: underline;\"><strong><em>\u00c1rea B\u00e1sica<\/em><\/strong><\/span><\/p>\n<p style=\"padding-left: 120px;\"><strong><em>F\u00edsica<\/em><\/strong><\/p>\n<p style=\"padding-left: 160px;\"><em>Titular: Prof. Daniel Tavares da Silva<\/em><\/p>\n<p style=\"padding-left: 160px;\"><em>Suplente: Prof. Paulo S\u00e9rgio Kuhn<\/em><\/p>\n<p style=\"padding-left: 120px;\"><strong><em>Fundamentos da Educa\u00e7\u00e3o<\/em><\/strong><\/p>\n<p style=\"padding-left: 160px;\"><em>Titular: Prof.\u00aa Neiva Afonso Oliveira <\/em><\/p>\n<p style=\"padding-left: 160px;\"><em>Suplente: Prof. Eduardo Arriada<\/em><\/p>\n<p style=\"padding-left: 120px;\"><strong><em>Departamento de Ensino<\/em><\/strong><\/p>\n<p style=\"padding-left: 160px;\"><em>Titular: Prof.\u00aa Valdelaine da Rosa Mendes<\/em><\/p>\n<p style=\"padding-left: 120px;\"><strong><em>Matem\u00e1tica<\/em><\/strong><\/p>\n<p style=\"padding-left: 160px;\"><em>Titular: Prof. Giovanni da Silva Nunes <\/em><\/p>\n<p style=\"padding-left: 160px;\"><i>Suplente: Prof.\u00aa Sabrina Bobsin Salazar<\/i><\/p>\n<p style=\"padding-left: 120px;\"><strong><em>Qu\u00edmica Geral e Inorg\u00e2nica<\/em><\/strong><\/p>\n<p style=\"padding-left: 160px;\"><em>Titular: Prof.\u00aa Aline Joana Rolina Wohlmuth Alves dos Santos<\/em><\/p>\n<p style=\"padding-left: 160px;\">Suplente: Prof.\u00aa Daniela Bianchini<\/p>\n<p style=\"padding-left: 80px;\"><em><span style=\"text-decoration: underline;\"><strong>\u00c1rea Profissionalizante<\/strong><\/span><\/em><\/p>\n<p style=\"padding-left: 120px;\"><strong><em>Ensino<\/em><\/strong><\/p>\n<p style=\"padding-left: 160px;\"><em>Titular: Prof. F\u00e1bio Andr\u00e9 Sangiogo<\/em><\/p>\n<p style=\"padding-left: 160px;\"><em>Suplente: Prof. Bruno dos Santos Pastoriza<\/em><\/p>\n<p style=\"padding-left: 120px;\"><strong><em>F\u00edsico-Qu\u00edmica<\/em><\/strong><\/p>\n<p style=\"padding-left: 160px;\"><em>Titular: Prof. Robson da Silva Oliboni <\/em><\/p>\n<p style=\"padding-left: 160px;\"><em>Suplente: Prof.\u00aa Grac\u00e9lie Aparecida Serpa Schulz<\/em><\/p>\n<p style=\"padding-left: 120px;\"><strong><em>Qu\u00edmica Anal\u00edtica<\/em><\/strong><\/p>\n<p style=\"padding-left: 160px;\"><em>Titular: Prof.\u00a0<\/em><em style=\"color: var(--cor-texto); font-family: var(--fonte-corpo);\">Diogo La Rosa Novo<\/em><\/p>\n<p style=\"padding-left: 160px;\"><em>Suplente: Prof.\u00a0<\/em><em style=\"color: var(--cor-texto); font-family: var(--fonte-corpo);\">Wiliam Boschetti<\/em><\/p>\n<p style=\"padding-left: 120px;\"><strong><em>Qu\u00edmica Org\u00e2nica<\/em><\/strong><\/p>\n<p style=\"padding-left: 160px;\"><em>Titular: Prof.\u00a0<\/em><em>Andr\u00e9 Francisco Pivato Biajoli<\/em><\/p>\n<p style=\"padding-left: 160px;\"><em>Suplente: Prof.\u00a0<\/em><em>Rog\u00e9rio Antonio Freitag<\/em><\/p>\n<p style=\"padding-left: 120px;\"><strong><em>Bioqu\u00edmica<\/em><\/strong><\/p>\n<p style=\"padding-left: 160px;\"><em>Titular: Prof.\u00aa Giovana Duzzo Gamaro<\/em><\/p>\n<p style=\"padding-left: 160px;\"><em>Suplente: Prof. \u00aa Ana L\u00facia Soares Chaves\u00a0<\/em><\/p>\n<p style=\"padding-left: 80px;\"><span style=\"text-decoration: underline;\"><strong><em>Representa\u00e7\u00e3o Discente<\/em><\/strong><\/span><\/p>\n<p style=\"padding-left: 120px;\"><em>Titular: Acad. Jailson de Sousa J\u00fanior<\/em><\/p>\n<p style=\"padding-left: 120px;\"><em>Suplente: Acad. Jamily da Silva dos Anjos<\/em><\/p>\n<\/div>\n<\/div>\n<\/div>\n<\/div>\n<p>&nbsp;<\/p>\n<p>&nbsp;<\/p>\n<p>Por ser alterada ao longo do tempo do curso, uma vez que diferentes sujeitos ocupam o espa\u00e7o de representantes, em momentos anteriores houve outras composi\u00e7\u00f5es, acess\u00edveis nos links abaixo:<\/p>\n<p>&gt; Composi\u00e7\u00e3o do Colegiado de 29\/04\/2024 a 22\/09\/2025 &#8211; <span style=\"text-decoration: underline;\"><span style=\"color: #3366ff;\"><a style=\"color: #3366ff; text-decoration: underline;\" href=\"https:\/\/wp.ufpel.edu.br\/licenciaturaquimica\/files\/2024\/05\/SEI_23110.009330_2019_37-10.pdf\">Portaria dispon\u00edvel aqui<\/a><\/span><\/span><\/p>\n<p>&gt; Composi\u00e7\u00e3o do Colegiado de 20\/07\/2023 a 28\/04\/2024 &#8211; <a href=\"https:\/\/wp.ufpel.edu.br\/licenciaturaquimica\/files\/2024\/05\/SEI_23110.009330_2019_37-6-1.pdf\">Portaria dispon\u00edvel aqui<\/a><\/p>\n<p>&gt; Composi\u00e7\u00e3o do Colegiado de 05\/09\/2022 a 19\/07\/2023 &#8211; <a href=\"https:\/\/wp.ufpel.edu.br\/licenciaturaquimica\/files\/2024\/05\/SEI_23110.009330_2019_37-9.pdf\">Portaria dispon\u00edvel aqui<\/a><\/p>\n<p>&gt; Composi\u00e7\u00e3o do Colegiado de 23\/08\/2021 a 04\/09\/2022 &#8211; <a href=\"https:\/\/wp.ufpel.edu.br\/licenciaturaquimica\/files\/2022\/09\/SEI_23110.009330_2019_37-4.pdf\">Portaria dispon\u00edvel aqui<\/a><\/p>\n<p>&gt; Coordena\u00e7\u00e3o do Curso\u00a0 &#8211; Exerc\u00edcio a partir de 20\/02\/2020 at\u00e9 04\/05\/2022 &#8211; <span style=\"text-decoration: underline;\"><a href=\"https:\/\/wp.ufpel.edu.br\/licenciaturaquimica\/files\/2020\/05\/DOU-SEI_23110.050727_2019_12.pdf\"><span style=\"color: #3366ff; text-decoration: underline;\">Portaria dispon\u00edvel aqui<\/span><\/a>.<\/span><\/p>\n<p>&gt; Composi\u00e7\u00e3o do Colegiado de mar\u00e7o a agosto de 2021 (conforme Portaria 17 de 2021) &#8211; <a href=\"https:\/\/wp.ufpel.edu.br\/licenciaturaquimica\/files\/2021\/09\/Nova-composicao-colegiado-SEI_23110.009330_2019_37.pdf\">Nova composi\u00e7\u00e3o colegiado-SEI_23110.009330_2019_37<\/a><\/p>\n<p><a href=\"http:\/\/reitoria.ufpel.edu.br\/portarias\/arquivos\/0099_2018.pdf\" target=\"_blank\" rel=\"noopener noreferrer\">&gt; Composi\u00e7\u00e3o do Colegiado de 2018 a 2020 (conforme Portaria 99 de 2018)<\/a><\/p>\n<p><span style=\"color: #0000ff;\"><a style=\"color: #0000ff;\" href=\"https:\/\/wp.ufpel.edu.br\/licenciaturaquimica\/files\/2016\/06\/Composi\u00e7\u00e3o.pdf\">&gt; Composi\u00e7\u00e3o do Colegiado de 2015 a 2018 (conforme Portaria 1.246 de 2015)<\/a><\/span><\/p>\n<p><span style=\"color: #0000ff;\"><a style=\"color: #0000ff;\" href=\"https:\/\/wp.ufpel.edu.br\/licenciaturaquimica\/files\/2016\/06\/portariacolegiado.pdf\">&gt; Composi\u00e7\u00e3o do Colegiado de 2011 a 2015 (conforme Portaria 975 de 2011)<\/a><\/span><\/p>\n<p>&nbsp;<\/p>\n<p>O Colegiado do curso se re\u00fane periodicamente para exercer suas fun\u00e7\u00f5es. Cada reuni\u00e3o \u00e9 organizada por meio de Convoca\u00e7\u00e3o e, ap\u00f3s ela, \u00e9 gerada uma ata sumarizando as discuss\u00f5es e decis\u00f5es. Voc\u00ea pode acessar as convoca\u00e7\u00f5es e atas das reuni\u00f5es de colegiado clicando no link abaixo:<\/p>\n<p><span style=\"color: #0000ff;\"><a style=\"color: #0000ff;\" href=\"https:\/\/wp.ufpel.edu.br\/licenciaturaquimica\/o-curso\/colegiado\/composicao-do-colegiado\/convocacoes-e-atas-do-colegiado-da-licenciatura-em-quimica\/\">&gt; Convoca\u00e7\u00f5es e Atas do Colegiado e NDE da Licenciatura em Qu\u00edmica<\/a><\/span><\/p>\n","protected":false},"excerpt":{"rendered":"<p>Conforme o Cap\u00edtulo VI \u00a0do Regimento da UFPel, &#8220;Art. 122. O\u00a0colegiado de curso \u00e9 o \u00f3rg\u00e3o de coordena\u00e7\u00e3o did\u00e1tica que tem por finalidade superintender o ensino, no \u00e2mbito de cada curso&#8221;.\u00a0Uma vez que esse cap\u00edtulo regulamenta as atribui\u00e7\u00f5es e funcionamento,\u00a0a partir de indica\u00e7\u00f5es da comunidade do Curso, sistematicamente s\u00e3o formalizados os membros do colegiado. Atualmente, [&hellip;]<\/p>\n","protected":false},"author":656,"featured_media":0,"parent":60,"menu_order":0,"comment_status":"closed","ping_status":"closed","template":"","meta":{"footnotes":""},"class_list":["post-62","page","type-page","status-publish","hentry"],"_links":{"self":[{"href":"https:\/\/wp.ufpel.edu.br\/licenciaturaquimica\/wp-json\/wp\/v2\/pages\/62","targetHints":{"allow":["GET"]}}],"collection":[{"href":"https:\/\/wp.ufpel.edu.br\/licenciaturaquimica\/wp-json\/wp\/v2\/pages"}],"about":[{"href":"https:\/\/wp.ufpel.edu.br\/licenciaturaquimica\/wp-json\/wp\/v2\/types\/page"}],"author":[{"embeddable":true,"href":"https:\/\/wp.ufpel.edu.br\/licenciaturaquimica\/wp-json\/wp\/v2\/users\/656"}],"replies":[{"embeddable":true,"href":"https:\/\/wp.ufpel.edu.br\/licenciaturaquimica\/wp-json\/wp\/v2\/comments?post=62"}],"version-history":[{"count":4,"href":"https:\/\/wp.ufpel.edu.br\/licenciaturaquimica\/wp-json\/wp\/v2\/pages\/62\/revisions"}],"predecessor-version":[{"id":2399,"href":"https:\/\/wp.ufpel.edu.br\/licenciaturaquimica\/wp-json\/wp\/v2\/pages\/62\/revisions\/2399"}],"up":[{"embeddable":true,"href":"https:\/\/wp.ufpel.edu.br\/licenciaturaquimica\/wp-json\/wp\/v2\/pages\/60"}],"wp:attachment":[{"href":"https:\/\/wp.ufpel.edu.br\/licenciaturaquimica\/wp-json\/wp\/v2\/media?parent=62"}],"curies":[{"name":"wp","href":"https:\/\/api.w.org\/{rel}","templated":true}]}}