{"id":60,"date":"2016-06-14T16:25:55","date_gmt":"2016-06-14T19:25:55","guid":{"rendered":"https:\/\/wp.ufpel.edu.br\/licenciaturaquimica\/?page_id=60"},"modified":"2022-09-09T10:23:41","modified_gmt":"2022-09-09T13:23:41","slug":"colegiado","status":"publish","type":"page","link":"https:\/\/wp.ufpel.edu.br\/licenciaturaquimica\/o-curso\/colegiado\/","title":{"rendered":"Colegiado e N\u00facleo Docente Estruturante (NDE)"},"content":{"rendered":"<p>O Colegiado do Curso e o N\u00facleo Docente Estruturante s\u00e3o inst\u00e2ncias administrativas e pedag\u00f3gicas do curso. O primeiro \u00e9 composto por docentes e discentes, enquanto que o segundo \u00e9 composto somente por docentes. A presid\u00eancia de ambos \u00e9 realizada pela Coordena\u00e7\u00e3o de Curso.<\/p>\n<p>A Coordena\u00e7\u00e3o de Curso atualmente \u00e9 exercida segundo a portaria da UFPel N\u00famero 813, DE 05 DE MAIO DE 2022, <span style=\"color: #0000ff;\"><a style=\"color: #0000ff;\" href=\"https:\/\/wp.ufpel.edu.br\/licenciaturaquimica\/files\/2022\/05\/Portaria_1689768_PORTARIA_N__813_Bruno_dos_Santos_e_Alessandro_Cury.pdf\">acess\u00edvel aqui<\/a><\/span>. <em>A vig\u00eancia desse exerc\u00edcio \u00e9 de 05 de maio de 2022 a 05 de maio de 2024<\/em>.<\/p>\n<p>Veja nos links abaixo a composi\u00e7\u00e3o e organiza\u00e7\u00e3o de cada uma dessas inst\u00e2ncias:<\/p>\n<p>&gt; <a href=\"https:\/\/wp.ufpel.edu.br\/licenciaturaquimica\/o-curso\/colegiado\/composicao-do-colegiado\/\">Colegiado<\/a><\/p>\n<p>&gt; <a href=\"https:\/\/wp.ufpel.edu.br\/licenciaturaquimica\/nucleo-docente-estruturante\/\"><span style=\"color: #0000ff;\">N\u00facleo Docente Estruturante (NDE)<\/span><\/a><\/p>\n<p>&gt;<span style=\"color: #3366ff;\"><a style=\"color: #3366ff;\" href=\"https:\/\/wp.ufpel.edu.br\/licenciaturaquimica\/o-curso\/colegiado\/convocacoes-e-atas-do-colegiado-da-licenciatura-em-quimica\/\" target=\"_blank\" rel=\"noopener noreferrer\"> Convoca\u00e7\u00f5es e Atas do Colegiado e NDE do Curso<\/a><\/span><\/p>\n","protected":false},"excerpt":{"rendered":"<p>O Colegiado do Curso e o N\u00facleo Docente Estruturante s\u00e3o inst\u00e2ncias administrativas e pedag\u00f3gicas do curso. O primeiro \u00e9 composto por docentes e discentes, enquanto que o segundo \u00e9 composto somente por docentes. A presid\u00eancia de ambos \u00e9 realizada pela Coordena\u00e7\u00e3o de Curso. A Coordena\u00e7\u00e3o de Curso atualmente \u00e9 exercida segundo a portaria da UFPel [&hellip;]<\/p>\n","protected":false},"author":656,"featured_media":0,"parent":287,"menu_order":0,"comment_status":"closed","ping_status":"closed","template":"","meta":{"footnotes":""},"class_list":["post-60","page","type-page","status-publish","hentry"],"_links":{"self":[{"href":"https:\/\/wp.ufpel.edu.br\/licenciaturaquimica\/wp-json\/wp\/v2\/pages\/60","targetHints":{"allow":["GET"]}}],"collection":[{"href":"https:\/\/wp.ufpel.edu.br\/licenciaturaquimica\/wp-json\/wp\/v2\/pages"}],"about":[{"href":"https:\/\/wp.ufpel.edu.br\/licenciaturaquimica\/wp-json\/wp\/v2\/types\/page"}],"author":[{"embeddable":true,"href":"https:\/\/wp.ufpel.edu.br\/licenciaturaquimica\/wp-json\/wp\/v2\/users\/656"}],"replies":[{"embeddable":true,"href":"https:\/\/wp.ufpel.edu.br\/licenciaturaquimica\/wp-json\/wp\/v2\/comments?post=60"}],"version-history":[{"count":13,"href":"https:\/\/wp.ufpel.edu.br\/licenciaturaquimica\/wp-json\/wp\/v2\/pages\/60\/revisions"}],"predecessor-version":[{"id":2032,"href":"https:\/\/wp.ufpel.edu.br\/licenciaturaquimica\/wp-json\/wp\/v2\/pages\/60\/revisions\/2032"}],"up":[{"embeddable":true,"href":"https:\/\/wp.ufpel.edu.br\/licenciaturaquimica\/wp-json\/wp\/v2\/pages\/287"}],"wp:attachment":[{"href":"https:\/\/wp.ufpel.edu.br\/licenciaturaquimica\/wp-json\/wp\/v2\/media?parent=60"}],"curies":[{"name":"wp","href":"https:\/\/api.w.org\/{rel}","templated":true}]}}