{"id":50,"date":"2016-06-14T16:20:26","date_gmt":"2016-06-14T19:20:26","guid":{"rendered":"https:\/\/wp.ufpel.edu.br\/licenciaturaquimica\/?page_id=50"},"modified":"2016-06-15T14:50:42","modified_gmt":"2016-06-15T17:50:42","slug":"trabalhos-publicados-pibid","status":"publish","type":"page","link":"https:\/\/wp.ufpel.edu.br\/licenciaturaquimica\/trabalhos-publicados-pibid\/","title":{"rendered":"Trabalhos Publicados PIBID"},"content":{"rendered":"<p><strong>29\u00b0 Encontro de Debates sobre Ensino de Qu\u00edmica<\/strong><\/p>\n<p><a href=\"https:\/\/wp.ufpel.edu.br\/licenciaturaquimica\/files\/2016\/06\/EDR020.pdf\">EDR020<\/a><\/p>\n<p><a href=\"https:\/\/wp.ufpel.edu.br\/licenciaturaquimica\/files\/2016\/06\/EDR0021.pdf\">EDR0021<\/a><\/p>\n<p><a href=\"https:\/\/wp.ufpel.edu.br\/licenciaturaquimica\/files\/2016\/06\/EDR030.pdf\">EDR030<\/a><\/p>\n<p><a href=\"https:\/\/wp.ufpel.edu.br\/licenciaturaquimica\/files\/2016\/06\/EDR0031.pdf\">EDR0031<\/a><\/p>\n<p><a href=\"https:\/\/wp.ufpel.edu.br\/licenciaturaquimica\/files\/2016\/06\/EDR035.pdf\">EDR035<\/a><\/p>\n<p><strong>30\u00b0 Encontro de Debates sobre Ensino de Qu\u00edmica<\/strong><\/p>\n<p><a href=\"https:\/\/wp.ufpel.edu.br\/licenciaturaquimica\/files\/2016\/06\/EDEQ1.doc\">EDEQ1<\/a><\/p>\n<p><a href=\"https:\/\/wp.ufpel.edu.br\/licenciaturaquimica\/files\/2016\/06\/EDEQ2.pdf\">EDEQ2<\/a><\/p>\n<p><a href=\"https:\/\/wp.ufpel.edu.br\/licenciaturaquimica\/files\/2016\/06\/EDEQ3.doc\">EDEQ3<\/a><\/p>\n<p><a href=\"https:\/\/wp.ufpel.edu.br\/licenciaturaquimica\/files\/2016\/06\/EDEQ4.doc\">EDEQ4<\/a><\/p>\n<p><a href=\"https:\/\/wp.ufpel.edu.br\/licenciaturaquimica\/files\/2016\/06\/EDEQ5.pdf\">EDEQ5<\/a><\/p>\n<p><strong>XVIII Encontro de Qu\u00edmica da Regi\u00e3o Sul<\/strong><\/p>\n<p><a href=\"https:\/\/wp.ufpel.edu.br\/licenciaturaquimica\/files\/2016\/06\/SBQ1.pdf\">SBQ1<\/a><\/p>\n<p><a href=\"https:\/\/wp.ufpel.edu.br\/licenciaturaquimica\/files\/2016\/06\/SBQ2.pdf\">SBQ2<\/a><\/p>\n<p><a href=\"https:\/\/wp.ufpel.edu.br\/licenciaturaquimica\/files\/2016\/06\/SBQ3.pdf\">SBQ3<\/a><\/p>\n<p><a href=\"https:\/\/wp.ufpel.edu.br\/licenciaturaquimica\/files\/2016\/06\/SBQ4.pdf\">SBQ4<\/a><\/p>\n<p><a href=\"https:\/\/wp.ufpel.edu.br\/licenciaturaquimica\/files\/2016\/06\/SBQ5.pdf\">SBQ5<\/a><\/p>\n<p><a href=\"https:\/\/wp.ufpel.edu.br\/licenciaturaquimica\/files\/2016\/06\/SBQ6.pdf\">SBQ6<\/a><\/p>\n<p><a href=\"https:\/\/wp.ufpel.edu.br\/licenciaturaquimica\/files\/2016\/06\/SBQ7.pdf\">SBQ7<\/a><\/p>\n<p><a href=\"https:\/\/wp.ufpel.edu.br\/licenciaturaquimica\/files\/2016\/06\/SBQ8.pdf\">SBQ8<\/a><\/p>\n<p><a href=\"https:\/\/wp.ufpel.edu.br\/licenciaturaquimica\/files\/2016\/06\/SBQ9.doc\">SBQ9<\/a><\/p>\n","protected":false},"excerpt":{"rendered":"<p>29\u00b0 Encontro de Debates sobre Ensino de Qu\u00edmica EDR020 EDR0021 EDR030 EDR0031 EDR035 30\u00b0 Encontro de Debates sobre Ensino de Qu\u00edmica EDEQ1 EDEQ2 EDEQ3 EDEQ4 EDEQ5 XVIII Encontro de Qu\u00edmica da Regi\u00e3o Sul SBQ1 SBQ2 SBQ3 SBQ4 SBQ5 SBQ6 SBQ7 SBQ8 SBQ9<\/p>\n","protected":false},"author":656,"featured_media":0,"parent":0,"menu_order":0,"comment_status":"closed","ping_status":"closed","template":"","meta":{"footnotes":""},"class_list":["post-50","page","type-page","status-publish","hentry"],"_links":{"self":[{"href":"https:\/\/wp.ufpel.edu.br\/licenciaturaquimica\/wp-json\/wp\/v2\/pages\/50","targetHints":{"allow":["GET"]}}],"collection":[{"href":"https:\/\/wp.ufpel.edu.br\/licenciaturaquimica\/wp-json\/wp\/v2\/pages"}],"about":[{"href":"https:\/\/wp.ufpel.edu.br\/licenciaturaquimica\/wp-json\/wp\/v2\/types\/page"}],"author":[{"embeddable":true,"href":"https:\/\/wp.ufpel.edu.br\/licenciaturaquimica\/wp-json\/wp\/v2\/users\/656"}],"replies":[{"embeddable":true,"href":"https:\/\/wp.ufpel.edu.br\/licenciaturaquimica\/wp-json\/wp\/v2\/comments?post=50"}],"version-history":[{"count":3,"href":"https:\/\/wp.ufpel.edu.br\/licenciaturaquimica\/wp-json\/wp\/v2\/pages\/50\/revisions"}],"predecessor-version":[{"id":215,"href":"https:\/\/wp.ufpel.edu.br\/licenciaturaquimica\/wp-json\/wp\/v2\/pages\/50\/revisions\/215"}],"wp:attachment":[{"href":"https:\/\/wp.ufpel.edu.br\/licenciaturaquimica\/wp-json\/wp\/v2\/media?parent=50"}],"curies":[{"name":"wp","href":"https:\/\/api.w.org\/{rel}","templated":true}]}}