{"id":499,"date":"2017-02-16T10:55:19","date_gmt":"2017-02-16T12:55:19","guid":{"rendered":"https:\/\/wp.ufpel.edu.br\/licenciaturaquimica\/?page_id=499"},"modified":"2017-02-16T11:28:55","modified_gmt":"2017-02-16T13:28:55","slug":"monitorias","status":"publish","type":"page","link":"https:\/\/wp.ufpel.edu.br\/licenciaturaquimica\/monitorias\/","title":{"rendered":"MONITORIAS"},"content":{"rendered":"<p>Qu\u00edmica Org\u00e2nica e Qu\u00edmica Geral<\/p>\n<p><a href=\"https:\/\/wp.ufpel.edu.br\/licenciaturaquimica\/files\/2017\/02\/MONITORIA-QU\u00cdMICA-GERAL-E-ORG\u00c2NICA.docx\">MONITORIA QU\u00cdMICA GERAL E ORG\u00c2NICA<\/a><\/p>\n<p>Qu\u00edmica Inorg\u00e2nica e Qu\u00edmica Geral<\/p>\n<p><a href=\"https:\/\/wp.ufpel.edu.br\/licenciaturaquimica\/files\/2017\/02\/QU\u00cdMICA-INORG\u00c2NICA-E-QU\u00cdMICA-GERAL.pdf\">QU\u00cdMICA INORG\u00c2NICA E QU\u00cdMICA GERAL<\/a><\/p>\n","protected":false},"excerpt":{"rendered":"<p>Qu\u00edmica Org\u00e2nica e Qu\u00edmica Geral MONITORIA QU\u00cdMICA GERAL E ORG\u00c2NICA Qu\u00edmica Inorg\u00e2nica e Qu\u00edmica Geral QU\u00cdMICA INORG\u00c2NICA E QU\u00cdMICA GERAL<\/p>\n","protected":false},"author":656,"featured_media":0,"parent":0,"menu_order":0,"comment_status":"closed","ping_status":"closed","template":"","meta":{"footnotes":""},"class_list":["post-499","page","type-page","status-publish","hentry"],"_links":{"self":[{"href":"https:\/\/wp.ufpel.edu.br\/licenciaturaquimica\/wp-json\/wp\/v2\/pages\/499","targetHints":{"allow":["GET"]}}],"collection":[{"href":"https:\/\/wp.ufpel.edu.br\/licenciaturaquimica\/wp-json\/wp\/v2\/pages"}],"about":[{"href":"https:\/\/wp.ufpel.edu.br\/licenciaturaquimica\/wp-json\/wp\/v2\/types\/page"}],"author":[{"embeddable":true,"href":"https:\/\/wp.ufpel.edu.br\/licenciaturaquimica\/wp-json\/wp\/v2\/users\/656"}],"replies":[{"embeddable":true,"href":"https:\/\/wp.ufpel.edu.br\/licenciaturaquimica\/wp-json\/wp\/v2\/comments?post=499"}],"version-history":[{"count":3,"href":"https:\/\/wp.ufpel.edu.br\/licenciaturaquimica\/wp-json\/wp\/v2\/pages\/499\/revisions"}],"predecessor-version":[{"id":506,"href":"https:\/\/wp.ufpel.edu.br\/licenciaturaquimica\/wp-json\/wp\/v2\/pages\/499\/revisions\/506"}],"wp:attachment":[{"href":"https:\/\/wp.ufpel.edu.br\/licenciaturaquimica\/wp-json\/wp\/v2\/media?parent=499"}],"curies":[{"name":"wp","href":"https:\/\/api.w.org\/{rel}","templated":true}]}}