{"id":317,"date":"2016-06-22T14:55:25","date_gmt":"2016-06-22T17:55:25","guid":{"rendered":"https:\/\/wp.ufpel.edu.br\/licenciaturaquimica\/?page_id=317"},"modified":"2020-03-06T16:57:52","modified_gmt":"2020-03-06T19:57:52","slug":"horarios-20161","status":"publish","type":"page","link":"https:\/\/wp.ufpel.edu.br\/licenciaturaquimica\/horarios-20161\/","title":{"rendered":"HOR\u00c1RIOS"},"content":{"rendered":"<p><strong>Atual:<\/strong><\/p>\n<p><a href=\"https:\/\/wp.ufpel.edu.br\/licenciaturaquimica\/files\/2020\/03\/Lic-Hor\u00e1rios-2020-1-4420.doc\">Lic Hor\u00e1rios-2020-1- 4420<\/a><\/p>\n<p>&nbsp;<\/p>\n<p><strong><span style=\"font-size: 14pt\">Anteriores:<\/span><\/strong><\/p>\n<p><a href=\"https:\/\/wp.ufpel.edu.br\/licenciaturaquimica\/files\/2019\/08\/Hor\u00e1rios-4420-2019-2-ATUALIZADO-em-07_08_19.pdf\">Hor\u00e1rio de 2019-02<\/a><\/p>\n<p><a href=\"https:\/\/wp.ufpel.edu.br\/licenciaturaquimica\/files\/2019\/03\/Hor\u00e1rios-2019-1-4420-NOVOS-C\u00d3DIGOS-1.pdf\">Hor\u00e1rio de 2019-01 (com NOVOS C\u00d3DIGOS)<\/a><\/p>\n<p><a href=\"https:\/\/wp.ufpel.edu.br\/licenciaturaquimica\/files\/2018\/07\/Hor\u00e1rios-Licenciatura-2018-2-09-07-18.doc\">Hor\u00e1rio de 2018-02<\/a><\/p>\n<p><a href=\"https:\/\/wp.ufpel.edu.br\/licenciaturaquimica\/files\/2018\/03\/Hor\u00e1rios-2018-1-Licenciatura-Qu\u00ed-Final-22-03-2018.doc\">Hor\u00e1rio de 2018-01<\/a><\/p>\n<p><a href=\"https:\/\/wp.ufpel.edu.br\/licenciaturaquimica\/files\/2016\/06\/Hor\u00e1rios-Licenciatura-2017-2-atualizado-13-09-2017.doc\">Hor\u00e1rio de 2017-02<\/a><\/p>\n<p><a href=\"https:\/\/wp.ufpel.edu.br\/licenciaturaquimica\/files\/2016\/06\/Hor\u00e1rios-2017-1-Licenciatura-Final-com-sala.doc\">Hor\u00e1rio de 2017-01<\/a><\/p>\n<p><a href=\"https:\/\/wp.ufpel.edu.br\/licenciaturaquimica\/files\/2016\/06\/Hor\u00e1rios-Licenciatura-2016-2-2.doc\">Hor\u00e1rio de 2016-02<\/a><\/p>\n","protected":false},"excerpt":{"rendered":"<p>Atual: Lic Hor\u00e1rios-2020-1- 4420 &nbsp; Anteriores: Hor\u00e1rio de 2019-02 Hor\u00e1rio de 2019-01 (com NOVOS C\u00d3DIGOS) Hor\u00e1rio de 2018-02 Hor\u00e1rio de 2018-01 Hor\u00e1rio de 2017-02 Hor\u00e1rio de 2017-01 Hor\u00e1rio de 2016-02<\/p>\n","protected":false},"author":656,"featured_media":0,"parent":0,"menu_order":0,"comment_status":"closed","ping_status":"closed","template":"","meta":{"footnotes":""},"class_list":["post-317","page","type-page","status-publish","hentry"],"_links":{"self":[{"href":"https:\/\/wp.ufpel.edu.br\/licenciaturaquimica\/wp-json\/wp\/v2\/pages\/317","targetHints":{"allow":["GET"]}}],"collection":[{"href":"https:\/\/wp.ufpel.edu.br\/licenciaturaquimica\/wp-json\/wp\/v2\/pages"}],"about":[{"href":"https:\/\/wp.ufpel.edu.br\/licenciaturaquimica\/wp-json\/wp\/v2\/types\/page"}],"author":[{"embeddable":true,"href":"https:\/\/wp.ufpel.edu.br\/licenciaturaquimica\/wp-json\/wp\/v2\/users\/656"}],"replies":[{"embeddable":true,"href":"https:\/\/wp.ufpel.edu.br\/licenciaturaquimica\/wp-json\/wp\/v2\/comments?post=317"}],"version-history":[{"count":31,"href":"https:\/\/wp.ufpel.edu.br\/licenciaturaquimica\/wp-json\/wp\/v2\/pages\/317\/revisions"}],"predecessor-version":[{"id":1595,"href":"https:\/\/wp.ufpel.edu.br\/licenciaturaquimica\/wp-json\/wp\/v2\/pages\/317\/revisions\/1595"}],"wp:attachment":[{"href":"https:\/\/wp.ufpel.edu.br\/licenciaturaquimica\/wp-json\/wp\/v2\/media?parent=317"}],"curies":[{"name":"wp","href":"https:\/\/api.w.org\/{rel}","templated":true}]}}