{"id":291,"date":"2016-06-22T11:54:37","date_gmt":"2016-06-22T14:54:37","guid":{"rendered":"https:\/\/wp.ufpel.edu.br\/licenciaturaquimica\/?page_id=291"},"modified":"2017-04-03T11:56:12","modified_gmt":"2017-04-03T14:56:12","slug":"docentes","status":"publish","type":"page","link":"https:\/\/wp.ufpel.edu.br\/licenciaturaquimica\/docentes\/","title":{"rendered":"DOCENTES"},"content":{"rendered":"<p><strong>Professores atuantes do CCQFA &#8211; Curso de Licenciatura em Qu\u00edmica e a \u00c1rea de Atua\u00e7\u00e3o<\/strong><\/p>\n<p>Adriane Medeiros Nunes &#8211; Qu\u00edmica Anal\u00edtica e Qu\u00edmica Geral<br \/>\nCurr\u00edculo: <a href=\"http:\/\/buscatextual.cnpq.br\/buscatextual\/visualizacv.do?id=K4735597D6\" target=\"_blank\">http:\/\/buscatextual.cnpq.br\/buscatextual\/visualizacv.do?id=K4735597D6<\/a><\/p>\n<p>Aline Joana R. W. A. dos Santos &#8211; Qu\u00edmica Inorg\u00e2nica<br \/>\nCurr\u00edculo: <a href=\"http:\/\/buscatextual.cnpq.br\/buscatextual\/visualizacv.do?id=K4718916U5\" target=\"_blank\">http:\/\/buscatextual.cnpq.br\/buscatextual\/visualizacv.do?id=K4718916U5<\/a><\/p>\n<p>Alzira Yamasaki &#8211; Qu\u00edmica Anal\u00edtica<br \/>\nCurr\u00edculo: <a href=\"http:\/\/buscatextual.cnpq.br\/buscatextual\/visualizacv.do?id=K4701222Y5\" target=\"_blank\">http:\/\/buscatextual.cnpq.br\/buscatextual\/visualizacv.do?id=K4701222Y5<\/a><\/p>\n<p>Ana L\u00facia Soares Chaves &#8211; Bioqu\u00edmica<br \/>\nCurr\u00edculo: <a href=\"http:\/\/buscatextual.cnpq.br\/buscatextual\/visualizacv.do?id=K4704357Y3\" target=\"_blank\">http:\/\/buscatextual.cnpq.br\/buscatextual\/visualizacv.do?id=K4704357Y3<\/a><\/p>\n<p>Anderson S. Ribeiro &#8211; Qu\u00edmica Anal\u00edtica<br \/>\nCurr\u00edculo: <a href=\"http:\/\/buscatextual.cnpq.br\/buscatextual\/visualizacv.do?id=K4795119H1\" target=\"_blank\">http:\/\/buscatextual.cnpq.br\/buscatextual\/visualizacv.do?id=K4795119H1<\/a><\/p>\n<p>Andr\u00e9 Ricardo Fajardo &#8211; F\u00edsico-Qu\u00edmica<br \/>\nCurr\u00edculo: <a href=\"http:\/\/buscatextual.cnpq.br\/buscatextual\/visualizacv.do?id=K4533957T8\" target=\"_blank\">http:\/\/buscatextual.cnpq.br\/buscatextual\/visualizacv.do?id=K4533957T8<\/a><\/p>\n<p>Bruno dos Santos Pastoriza &#8211; Ensino de Qu\u00edmica<br \/>\nCurr\u00edculo: <a href=\"http:\/\/buscatextual.cnpq.br\/buscatextual\/visualizacv.do?id=K4559662J0\" target=\"_blank\">http:\/\/buscatextual.cnpq.br\/buscatextual\/visualizacv.do?id=K4559662J0<\/a><\/p>\n<p>Daniela Bianchini &#8211; Qu\u00edmica Inorg\u00e2nica<br \/>\nCurr\u00edculo: <a href=\"http:\/\/buscatextual.cnpq.br\/buscatextual\/visualizacv.do?id=K4768090U8\" target=\"_blank\">http:\/\/buscatextual.cnpq.br\/buscatextual\/visualizacv.do?id=K4768090U8<\/a><\/p>\n<p>Diego da S. Alves &#8211; Qu\u00edmica Org\u00e2nica<br \/>\nCurr\u00edculo:<a href=\"http:\/\/buscatextual.cnpq.br\/buscatextual\/visualizacv.do?id=K4765192T5\" target=\"_blank\"> http:\/\/buscatextual.cnpq.br\/buscatextual\/visualizacv.do?id=K4765192T5<\/a><\/p>\n<p>Eder Jo\u00e3o Lenard\u00e3o &#8211; Qu\u00edmica Org\u00e2nica e Qu\u00edmica Geral.<br \/>\nCurr\u00edculo: <a href=\"http:\/\/buscatextual.cnpq.br\/buscatextual\/visualizacv.do?id=K4723709P2\" target=\"_blank\">http:\/\/buscatextual.cnpq.br\/buscatextual\/visualizacv.do?id=K4723709P2<\/a><\/p>\n<p>Fabio Andr\u00e9 Sangiogo &#8211; Ensino de Qu\u00edmica<br \/>\nCurr\u00edculo: <a href=\"http:\/\/buscatextual.cnpq.br\/buscatextual\/visualizacv.do?id=K4103716P2\" target=\"_blank\">http:\/\/buscatextual.cnpq.br\/buscatextual\/visualizacv.do?id=K4103716P2<\/a><\/p>\n<p>Gelson Perin &#8211; Qu\u00edmica Org\u00e3nica<br \/>\nCurr\u00edculo: <a href=\"http:\/\/buscatextual.cnpq.br\/buscatextual\/visualizacv.do?id=K4797983H8\" target=\"_blank\">http:\/\/buscatextual.cnpq.br\/buscatextual\/visualizacv.do?id=K4797983H8<\/a><\/p>\n<p>Geonir Machado Siqueira &#8211; Qu\u00edmica Org\u00e2nica<br \/>\nCurr\u00edculo: <a href=\"http:\/\/buscatextual.cnpq.br\/buscatextual\/visualizacv.do?id=K4782774H9\" target=\"_blank\">http:\/\/buscatextual.cnpq.br\/buscatextual\/visualizacv.do?id=K4782774H9<\/a><\/p>\n<p>Gracelie A. Serpa Schulz &#8211; F\u00edsico-Qu\u00edmica<br \/>\nCurr\u00edculo: <a href=\"http:\/\/buscatextual.cnpq.br\/buscatextual\/visualizacv.do?id=K4762417P6\" target=\"_blank\">http:\/\/buscatextual.cnpq.br\/buscatextual\/visualizacv.do?id=K4762417P6<\/a><\/p>\n<p>Ligia Furlan &#8211; Qu\u00edmica Org\u00e2nica<br \/>\nCurr\u00edculo: <a href=\"http:\/\/buscatextual.cnpq.br\/buscatextual\/visualizacv.do?id=K4728147D0\" target=\"_blank\">http:\/\/buscatextual.cnpq.br\/buscatextual\/visualizacv.do?id=K4728147D0<\/a><\/p>\n<p>Maira Ferreira &#8211; Ensino de Qu\u00edmica<br \/>\nCurr\u00edculo: <a href=\"http:\/\/buscatextual.cnpq.br\/buscatextual\/visualizacv.do?id=K4708909D8\" target=\"_blank\">http:\/\/buscatextual.cnpq.br\/buscatextual\/visualizacv.do?id=K4708909D8<\/a><\/p>\n<p>Mariana Antunes Vieira &#8211; Qu\u00edmica Anal\u00edtica<br \/>\nCurr\u00edculo: <a href=\"http:\/\/buscatextual.cnpq.br\/buscatextual\/visualizacv.do?id=K4702892J7\" target=\"_blank\">http:\/\/buscatextual.cnpq.br\/buscatextual\/visualizacv.do?id=K4702892J7<\/a><\/p>\n<p>Paulo Romeu Goncalves &#8211; Fitoqu\u00edmica, Qu\u00edmica Ambiental.<br \/>\nCurr\u00edculo: <a href=\"http:\/\/buscatextual.cnpq.br\/buscatextual\/visualizacv.do?id=K4705234P1\" target=\"_blank\">http:\/\/buscatextual.cnpq.br\/buscatextual\/visualizacv.do?id=K4705234P1<\/a><\/p>\n<p>Raquel Guimar\u00e3es Jacob &#8211; Qu\u00edmica Org\u00e2nica e Recursos Renov\u00e1veis<br \/>\nCurr\u00edculo: <a href=\"http:\/\/buscatextual.cnpq.br\/buscatextual\/visualizacv.do?id=K4782720H2\" target=\"_blank\">http:\/\/buscatextual.cnpq.br\/buscatextual\/visualizacv.do?id=K4782720H2<\/a><\/p>\n<p>Ricardo F. Schumacher &#8211; Ind\u00fastria Qu\u00edmica<br \/>\nCurr\u00edculo: <a href=\"http:\/\/buscatextual.cnpq.br\/buscatextual\/visualizacv.do?id=K4188504Z1\" target=\"_blank\">http:\/\/buscatextual.cnpq.br\/buscatextual\/visualizacv.do?id=K4188504Z1<\/a><\/p>\n<p>Rog\u00e9rio Antonio Freitag &#8211; Qu\u00edmica Org\u00e2nica.<br \/>\nCurr\u00edculo: <a href=\"http:\/\/buscatextual.cnpq.br\/buscatextual\/visualizacv.do?id=K4792651H9\" target=\"_blank\">http:\/\/buscatextual.cnpq.br\/buscatextual\/visualizacv.do?id=K4792651H9<\/a><\/p>\n<p>Wilhelm Martin Wallau &#8211; Qu\u00edmica Inorg\u00e2nica<br \/>\nCurr\u00edculo: <a href=\"http:\/\/buscatextual.cnpq.br\/buscatextual\/visualizacv.do?id=K4767397H4\" target=\"_blank\">http:\/\/buscatextual.cnpq.br\/buscatextual\/visualizacv.do?id=K4767397H4<\/a><\/p>\n<p>Wilson Jo\u00e3o Cunico Filho &#8211; Qu\u00edmica Org\u00e2nica<br \/>\nCurr\u00edculo: <a href=\"http:\/\/buscatextual.cnpq.br\/buscatextual\/visualizacv.do?id=K4760083P2\" target=\"_blank\">http:\/\/buscatextual.cnpq.br\/buscatextual\/visualizacv.do?id=K4760083P2<\/a><\/p>\n<p><a href=\"https:\/\/wp.ufpel.edu.br\/licenciaturaquimica\/files\/2016\/06\/Docentes-em-atua\u00e7\u00e3o-no-Curso.docx\">Docentes em atua\u00e7\u00e3o no Curso<\/a><\/p>\n<p><a href=\"https:\/\/wp.ufpel.edu.br\/licenciaturaquimica\/files\/2016\/06\/Docentes-forma\u00e7\u00e3o-titula\u00e7\u00e3o-e-regime-de-trabalho-LICENCIATURA.docx\">Docentes-forma\u00e7\u00e3o, titula\u00e7\u00e3o e regime de trabalho LICENCIATURA<\/a><\/p>\n","protected":false},"excerpt":{"rendered":"<p>Professores atuantes do CCQFA &#8211; Curso de Licenciatura em Qu\u00edmica e a \u00c1rea de Atua\u00e7\u00e3o Adriane Medeiros Nunes &#8211; Qu\u00edmica Anal\u00edtica e Qu\u00edmica Geral Curr\u00edculo: http:\/\/buscatextual.cnpq.br\/buscatextual\/visualizacv.do?id=K4735597D6 Aline Joana R. W. A. dos Santos &#8211; Qu\u00edmica Inorg\u00e2nica Curr\u00edculo: http:\/\/buscatextual.cnpq.br\/buscatextual\/visualizacv.do?id=K4718916U5 Alzira Yamasaki &#8211; Qu\u00edmica Anal\u00edtica Curr\u00edculo: http:\/\/buscatextual.cnpq.br\/buscatextual\/visualizacv.do?id=K4701222Y5 Ana L\u00facia Soares Chaves &#8211; Bioqu\u00edmica Curr\u00edculo: http:\/\/buscatextual.cnpq.br\/buscatextual\/visualizacv.do?id=K4704357Y3 Anderson S. [&hellip;]<\/p>\n","protected":false},"author":656,"featured_media":0,"parent":0,"menu_order":0,"comment_status":"closed","ping_status":"closed","template":"","meta":{"footnotes":""},"class_list":["post-291","page","type-page","status-publish","hentry"],"_links":{"self":[{"href":"https:\/\/wp.ufpel.edu.br\/licenciaturaquimica\/wp-json\/wp\/v2\/pages\/291","targetHints":{"allow":["GET"]}}],"collection":[{"href":"https:\/\/wp.ufpel.edu.br\/licenciaturaquimica\/wp-json\/wp\/v2\/pages"}],"about":[{"href":"https:\/\/wp.ufpel.edu.br\/licenciaturaquimica\/wp-json\/wp\/v2\/types\/page"}],"author":[{"embeddable":true,"href":"https:\/\/wp.ufpel.edu.br\/licenciaturaquimica\/wp-json\/wp\/v2\/users\/656"}],"replies":[{"embeddable":true,"href":"https:\/\/wp.ufpel.edu.br\/licenciaturaquimica\/wp-json\/wp\/v2\/comments?post=291"}],"version-history":[{"count":7,"href":"https:\/\/wp.ufpel.edu.br\/licenciaturaquimica\/wp-json\/wp\/v2\/pages\/291\/revisions"}],"predecessor-version":[{"id":548,"href":"https:\/\/wp.ufpel.edu.br\/licenciaturaquimica\/wp-json\/wp\/v2\/pages\/291\/revisions\/548"}],"wp:attachment":[{"href":"https:\/\/wp.ufpel.edu.br\/licenciaturaquimica\/wp-json\/wp\/v2\/media?parent=291"}],"curies":[{"name":"wp","href":"https:\/\/api.w.org\/{rel}","templated":true}]}}