{"id":289,"date":"2016-06-22T11:10:02","date_gmt":"2016-06-22T14:10:02","guid":{"rendered":"https:\/\/wp.ufpel.edu.br\/licenciaturaquimica\/?page_id=289"},"modified":"2016-06-22T12:58:13","modified_gmt":"2016-06-22T15:58:13","slug":"objetivo","status":"publish","type":"page","link":"https:\/\/wp.ufpel.edu.br\/licenciaturaquimica\/objetivo\/","title":{"rendered":"Objetivo"},"content":{"rendered":"<p>O Licenciado em Qu\u00edmica da UFPEL tem forma\u00e7\u00e3o para atuar como docente na Educa\u00e7\u00e3o B\u00e1sica (no Ensino M\u00e9dio e nas s\u00e9ries finais do Ensino Fundamental) e a realizar estudos de p\u00f3s-gradua\u00e7\u00e3o nas \u00e1reas de Qu\u00edmica e Educa\u00e7\u00e3o. Poder\u00e1 tamb\u00e9m atuar na educa\u00e7\u00e3o superior, segundo a legisla\u00e7\u00e3o, em atividades t\u00e9cnicas, em pesquisas cient\u00edficas em Educa\u00e7\u00e3o, em Qu\u00edmica e, particularmente na inter-rela\u00e7\u00e3o entre estas.<\/p>\n","protected":false},"excerpt":{"rendered":"<p>O Licenciado em Qu\u00edmica da UFPEL tem forma\u00e7\u00e3o para atuar como docente na Educa\u00e7\u00e3o B\u00e1sica (no Ensino M\u00e9dio e nas s\u00e9ries finais do Ensino Fundamental) e a realizar estudos de p\u00f3s-gradua\u00e7\u00e3o nas \u00e1reas de Qu\u00edmica e Educa\u00e7\u00e3o. Poder\u00e1 tamb\u00e9m atuar na educa\u00e7\u00e3o superior, segundo a legisla\u00e7\u00e3o, em atividades t\u00e9cnicas, em pesquisas cient\u00edficas em Educa\u00e7\u00e3o, em [&hellip;]<\/p>\n","protected":false},"author":656,"featured_media":0,"parent":0,"menu_order":0,"comment_status":"closed","ping_status":"closed","template":"","meta":{"footnotes":""},"class_list":["post-289","page","type-page","status-publish","hentry"],"_links":{"self":[{"href":"https:\/\/wp.ufpel.edu.br\/licenciaturaquimica\/wp-json\/wp\/v2\/pages\/289","targetHints":{"allow":["GET"]}}],"collection":[{"href":"https:\/\/wp.ufpel.edu.br\/licenciaturaquimica\/wp-json\/wp\/v2\/pages"}],"about":[{"href":"https:\/\/wp.ufpel.edu.br\/licenciaturaquimica\/wp-json\/wp\/v2\/types\/page"}],"author":[{"embeddable":true,"href":"https:\/\/wp.ufpel.edu.br\/licenciaturaquimica\/wp-json\/wp\/v2\/users\/656"}],"replies":[{"embeddable":true,"href":"https:\/\/wp.ufpel.edu.br\/licenciaturaquimica\/wp-json\/wp\/v2\/comments?post=289"}],"version-history":[{"count":2,"href":"https:\/\/wp.ufpel.edu.br\/licenciaturaquimica\/wp-json\/wp\/v2\/pages\/289\/revisions"}],"predecessor-version":[{"id":309,"href":"https:\/\/wp.ufpel.edu.br\/licenciaturaquimica\/wp-json\/wp\/v2\/pages\/289\/revisions\/309"}],"wp:attachment":[{"href":"https:\/\/wp.ufpel.edu.br\/licenciaturaquimica\/wp-json\/wp\/v2\/media?parent=289"}],"curies":[{"name":"wp","href":"https:\/\/api.w.org\/{rel}","templated":true}]}}