{"id":287,"date":"2016-06-22T11:09:45","date_gmt":"2016-06-22T14:09:45","guid":{"rendered":"https:\/\/wp.ufpel.edu.br\/licenciaturaquimica\/?page_id=287"},"modified":"2023-06-23T11:32:53","modified_gmt":"2023-06-23T14:32:53","slug":"o-curso","status":"publish","type":"page","link":"https:\/\/wp.ufpel.edu.br\/licenciaturaquimica\/o-curso\/","title":{"rendered":"O CURSO"},"content":{"rendered":"<p><strong>Nome do curso:<\/strong> Qu\u00edmica Licenciatura.<br \/>\n<strong>Modalidade\/turno:<\/strong> Presencial. Integral &#8211; diurno. .<br \/>\n<strong>Titula\u00e7\u00e3o Conferida:<\/strong> Licenciado em Qu\u00edmica.<br \/>\n<strong>Regime Acad\u00eamico:<\/strong> Semestral.<\/p>\n<p><strong>Ingresso:<\/strong> Anual, no primeiro semestre.<br \/>\nIngresso pelo SISU e pelo PAVE.<br \/>\nAl\u00e9m do ingresso anual, est\u00e3o previstos ingresso de diplomado, reop\u00e7\u00e3o, reingresso e transfer\u00eancia.<\/p>\n<p>&nbsp;<\/p>\n<p><strong>Portaria de renova\u00e7\u00e3o do curso<\/strong><\/p>\n<p><a href=\"https:\/\/wp.ufpel.edu.br\/licenciaturaquimica\/files\/2023\/06\/Anexo_2227420_PORT.NA___153.2023_RR_Enade2021.pdf\">Anexo_2227420_PORT.NA___153.2023_RR_Enade2021<\/a><\/p>\n","protected":false},"excerpt":{"rendered":"<p>Nome do curso: Qu\u00edmica Licenciatura. Modalidade\/turno: Presencial. Integral &#8211; diurno. . Titula\u00e7\u00e3o Conferida: Licenciado em Qu\u00edmica. Regime Acad\u00eamico: Semestral. Ingresso: Anual, no primeiro semestre. Ingresso pelo SISU e pelo PAVE. Al\u00e9m do ingresso anual, est\u00e3o previstos ingresso de diplomado, reop\u00e7\u00e3o, reingresso e transfer\u00eancia. &nbsp; Portaria de renova\u00e7\u00e3o do curso Anexo_2227420_PORT.NA___153.2023_RR_Enade2021<\/p>\n","protected":false},"author":656,"featured_media":0,"parent":0,"menu_order":0,"comment_status":"closed","ping_status":"closed","template":"","meta":{"footnotes":""},"class_list":["post-287","page","type-page","status-publish","hentry"],"_links":{"self":[{"href":"https:\/\/wp.ufpel.edu.br\/licenciaturaquimica\/wp-json\/wp\/v2\/pages\/287","targetHints":{"allow":["GET"]}}],"collection":[{"href":"https:\/\/wp.ufpel.edu.br\/licenciaturaquimica\/wp-json\/wp\/v2\/pages"}],"about":[{"href":"https:\/\/wp.ufpel.edu.br\/licenciaturaquimica\/wp-json\/wp\/v2\/types\/page"}],"author":[{"embeddable":true,"href":"https:\/\/wp.ufpel.edu.br\/licenciaturaquimica\/wp-json\/wp\/v2\/users\/656"}],"replies":[{"embeddable":true,"href":"https:\/\/wp.ufpel.edu.br\/licenciaturaquimica\/wp-json\/wp\/v2\/comments?post=287"}],"version-history":[{"count":4,"href":"https:\/\/wp.ufpel.edu.br\/licenciaturaquimica\/wp-json\/wp\/v2\/pages\/287\/revisions"}],"predecessor-version":[{"id":2181,"href":"https:\/\/wp.ufpel.edu.br\/licenciaturaquimica\/wp-json\/wp\/v2\/pages\/287\/revisions\/2181"}],"wp:attachment":[{"href":"https:\/\/wp.ufpel.edu.br\/licenciaturaquimica\/wp-json\/wp\/v2\/media?parent=287"}],"curies":[{"name":"wp","href":"https:\/\/api.w.org\/{rel}","templated":true}]}}