{"id":272,"date":"2016-06-20T10:38:17","date_gmt":"2016-06-20T13:38:17","guid":{"rendered":"https:\/\/wp.ufpel.edu.br\/licenciaturaquimica\/?page_id=272"},"modified":"2020-02-12T09:14:36","modified_gmt":"2020-02-12T12:14:36","slug":"recepcao-aos-calouros","status":"publish","type":"page","link":"https:\/\/wp.ufpel.edu.br\/licenciaturaquimica\/recepcao-aos-calouros\/","title":{"rendered":"RECEP\u00c7\u00c3O DOS BIXOS"},"content":{"rendered":"<p>Voc\u00ea, que est\u00e1 ingressando agora no curso de Licenciatura em Qu\u00edmica, saiba que \u00e9 muito especial para n\u00f3s! A universidade \u00e9 um espa\u00e7o que, embora siga v\u00e1rios aspectos da Escola, se diferencia por sua din\u00e2mica, tempos, pessoas e modos de se vivida.<\/p>\n<p>&nbsp;<\/p>\n<p>\u00c9 com a expectativa do seu sucesso no curso e da sua \u00f3tima chegada, que, todos os anos, docentes e discentes do curso preparam uma semana especial para que a universidade, o curso e muitas outras coisas da vida acad\u00eamica sejam apresentadas a voc\u00ea. Em nosso curso, a ideia de compartilhar experi\u00eancias e de haver um aux\u00edlio coletivo para o enfrentamento das adversidades, dificuldades, disciplinas, trabalhos, etc. tem se tornado cada vez mais forte e, assim, esperamos que voc\u00ea possa integrar esse grupo maravilhoso!<\/p>\n<p>&nbsp;<\/p>\n<p>E por falar em grupo, saiba que nosso curso \u00e9 muito mais amplo do que voc\u00ea pensa! Ele tem rela\u00e7\u00f5es com diversas pessoas e universidades (no Brasil e no mundo) e todas essas pessoas desejam que voc\u00ea tenha uma \u00f3tima acolhida e realize \u00f3timos estudos. Veja abaixo um v\u00eddeo que esse povo todo gravou para voc\u00ea:<\/p>\n<p>&nbsp;<\/p>\n<p>&nbsp;<\/p>\n<p><iframe title=\"Recep\u00e7\u00e3o Bixos 2019\/1 da Licenciatura em Qu\u00edmica da UFPel\" width=\"500\" height=\"281\" src=\"https:\/\/www.youtube.com\/embed\/-F7EHrGvGvI?feature=oembed\" frameborder=\"0\" allow=\"accelerometer; autoplay; clipboard-write; encrypted-media; gyroscope; picture-in-picture; web-share\" referrerpolicy=\"strict-origin-when-cross-origin\" allowfullscreen><\/iframe><\/p>\n<p>&nbsp;<\/p>\n<p>Mais do que esse v\u00eddeo de colegas &#8220;de fora&#8221; da UFPel, aqui dentro, seus colegas de curso tamb\u00e9m aguardam sua chegada! Tanto \u00e9 que colegas e professores preparam alguns materiais para voc\u00ea, como o Manual dos Bixos e outras atividades.<\/p>\n<p>Clique nos bot\u00f5es abaixo para acessar as a\u00e7\u00f5es realizadas no ano corrente e nos anos anteriores, e que voc\u00ea seja bem-vinda\/bem-vindo ao Curso de Licenciatura em Qu\u00edmica, da Universidade Federal de Pelotas!<\/p>\n<p style=\"text-align: center\"><span style=\"font-size: 14pt\"><a href=\"https:\/\/wp.ufpel.edu.br\/licenciaturaquimica\/recepcao-aos-calouros\/recepcao-dos-bixos-2020\/\"><span style=\"background-color: #000080;color: #ffffff\">&gt;Recep\u00e7\u00e3o dos bixos 2020 (clique aqui)<\/span><\/a><\/span><\/p>\n<p style=\"text-align: center\"><span style=\"font-size: 14pt\"><a href=\"https:\/\/wp.ufpel.edu.br\/licenciaturaquimica\/recepcao-aos-calouros\/recepcoes-anteriores\/\"><span style=\"background-color: #000080;color: #ffffff\">&gt;Recep\u00e7\u00e3o dos bixos 2019 (clique aqui)<\/span><\/a><\/span><\/p>\n<p style=\"text-align: center\"><span style=\"font-size: 14pt\"><a href=\"https:\/\/wp.ufpel.edu.br\/licenciaturaquimica\/recepcao-aos-calouros\/recepcao-dos-bixos-2018\/\"><span style=\"background-color: #000080;color: #ffffff\">&gt;Recep\u00e7\u00e3o dos bixos 2018 (clique aqui)<\/span><\/a><\/span><\/p>\n<p style=\"text-align: center\"><span style=\"font-size: 14pt\"><a href=\"https:\/\/wp.ufpel.edu.br\/licenciaturaquimica\/recepcao-aos-calouros\/recepcao-dos-bixos-2017\/\"><span style=\"background-color: #000080;color: #ffffff\">&gt;Recep\u00e7\u00e3o dos bixos 2017 (clique aqui)<\/span><\/a><\/span><\/p>\n<p style=\"text-align: center\"><span style=\"font-size: 14pt\"><a href=\"https:\/\/wp.ufpel.edu.br\/licenciaturaquimica\/recepcao-aos-calouros\/recepcao-dos-bixos-2016\/\"><span style=\"background-color: #000080;color: #ffffff\">&gt;Recep\u00e7\u00e3o dos bixos 2016 (clique aqui)<\/span><\/a><\/span><\/p>\n<p style=\"text-align: center\">\n","protected":false},"excerpt":{"rendered":"<p>Voc\u00ea, que est\u00e1 ingressando agora no curso de Licenciatura em Qu\u00edmica, saiba que \u00e9 muito especial para n\u00f3s! A universidade \u00e9 um espa\u00e7o que, embora siga v\u00e1rios aspectos da Escola, se diferencia por sua din\u00e2mica, tempos, pessoas e modos de se vivida. &nbsp; \u00c9 com a expectativa do seu sucesso no curso e da sua [&hellip;]<\/p>\n","protected":false},"author":656,"featured_media":0,"parent":0,"menu_order":0,"comment_status":"closed","ping_status":"closed","template":"","meta":{"footnotes":""},"class_list":["post-272","page","type-page","status-publish","hentry"],"_links":{"self":[{"href":"https:\/\/wp.ufpel.edu.br\/licenciaturaquimica\/wp-json\/wp\/v2\/pages\/272","targetHints":{"allow":["GET"]}}],"collection":[{"href":"https:\/\/wp.ufpel.edu.br\/licenciaturaquimica\/wp-json\/wp\/v2\/pages"}],"about":[{"href":"https:\/\/wp.ufpel.edu.br\/licenciaturaquimica\/wp-json\/wp\/v2\/types\/page"}],"author":[{"embeddable":true,"href":"https:\/\/wp.ufpel.edu.br\/licenciaturaquimica\/wp-json\/wp\/v2\/users\/656"}],"replies":[{"embeddable":true,"href":"https:\/\/wp.ufpel.edu.br\/licenciaturaquimica\/wp-json\/wp\/v2\/comments?post=272"}],"version-history":[{"count":14,"href":"https:\/\/wp.ufpel.edu.br\/licenciaturaquimica\/wp-json\/wp\/v2\/pages\/272\/revisions"}],"predecessor-version":[{"id":1564,"href":"https:\/\/wp.ufpel.edu.br\/licenciaturaquimica\/wp-json\/wp\/v2\/pages\/272\/revisions\/1564"}],"wp:attachment":[{"href":"https:\/\/wp.ufpel.edu.br\/licenciaturaquimica\/wp-json\/wp\/v2\/media?parent=272"}],"curies":[{"name":"wp","href":"https:\/\/api.w.org\/{rel}","templated":true}]}}