{"id":2051,"date":"2022-11-07T13:49:43","date_gmt":"2022-11-07T16:49:43","guid":{"rendered":"https:\/\/wp.ufpel.edu.br\/licenciaturaquimica\/?page_id=2051"},"modified":"2023-11-09T10:17:59","modified_gmt":"2023-11-09T13:17:59","slug":"editais-2","status":"publish","type":"page","link":"https:\/\/wp.ufpel.edu.br\/licenciaturaquimica\/editais-2\/","title":{"rendered":"EDITAIS"},"content":{"rendered":"<p>Abaixo segue a planilha de t\u00edtulo para os editais de mobilidade acad\u00eamica do curso de Licenciatura em Qu\u00edmica:<\/p>\n<p><span style=\"color: #3366ff;\"><a style=\"color: #3366ff;\" href=\"https:\/\/wp.ufpel.edu.br\/licenciaturaquimica\/files\/2022\/11\/Planilha-de-Titulos-1-1.xlsx\">Clique aqui para baixar a Planilha de Pontua\u00e7\u00e3o<\/a><\/span><\/p>\n<p>&nbsp;<\/p>\n<p>&nbsp;<\/p>\n<p><em><span style=\"text-decoration: underline;\"><strong>Acesso aos Editais:<\/strong><\/span><\/em><\/p>\n<p>Edital de Mobilidade Acad\u00eamica Internacional 04\/2023<\/p>\n<p><span style=\"color: #3366ff;\"><a style=\"color: #3366ff;\" href=\"https:\/\/wp.ufpel.edu.br\/licenciaturaquimica\/files\/2023\/10\/Edital-04-2023.pdf\">Edital de Mobilidade Acad\u00eamica Internaciona N\u00ba 04\/2023 &#8211; publicado em 30 de outubro de 2023<\/a><\/span><\/p>\n<p>&nbsp;<\/p>\n<p>Resultado Edital de Mobilidade 04\/2023<\/p>\n<p><a href=\"https:\/\/wp.ufpel.edu.br\/licenciaturaquimica\/files\/2023\/11\/SEI_23110.043436_2023_46.pdf\">Resultado_SEI_23110.043436_2023_46<\/a><\/p>\n<p>&nbsp;<\/p>\n<p>Edital Complementar de Mobilidade Acad\u00eamica Internacional 03\/2023<\/p>\n<p><span style=\"color: #3366ff;\"><a style=\"color: #3366ff;\" href=\"https:\/\/wp.ufpel.edu.br\/licenciaturaquimica\/files\/2023\/07\/Edital-03-2023-SEI_23110.017552_2023_18.pdf\">Edital 03-2023-SEI_23110.017552_2023_18<\/a><\/span><\/p>\n<p>&nbsp;<\/p>\n<p>Edital de Mobilidade Acad\u00eamica Internacional 02\/2023<\/p>\n<p><span style=\"color: #3366ff;\"><a style=\"color: #3366ff;\" href=\"https:\/\/wp.ufpel.edu.br\/licenciaturaquimica\/files\/2023\/07\/Edital-Mobilidade-Lic-Quimica-UFPel-02-2023.pdf\">Edital-Mobilidade-Lic-Quimica-UFPel-02-2023<\/a><\/span><\/p>\n<p>&nbsp;<\/p>\n<p>Edital de Mobilidade Acad\u00eamica Internacional 01\/2022<\/p>\n<p><span style=\"color: #3366ff;\"><a style=\"color: #3366ff;\" href=\"https:\/\/wp.ufpel.edu.br\/licenciaturaquimica\/files\/2022\/11\/SEI_23110.042888_2022_20.pdf\">SEI_23110.042888_2022_20<\/a><\/span><\/p>\n<p>&nbsp;<\/p>\n<p>Retifica\u00e7\u00e3o do Edital de Mobilidade Acad\u00eamica Internacional 01\/2022<\/p>\n<p><span style=\"color: #3366ff;\"><a style=\"color: #3366ff;\" href=\"https:\/\/wp.ufpel.edu.br\/licenciaturaquimica\/files\/2022\/11\/SEI_23110.042888_2022_20-1.pdf\">SEI_23110.042888_2022_20 (1)<\/a><\/span><\/p>\n<p>&nbsp;<\/p>\n<p>Edital de Mobilidade Acad\u00eamica Internacional &#8211; 01\/2019<\/p>\n<p><span style=\"color: #3366ff;\"><a style=\"color: #3366ff;\" href=\"https:\/\/wp.ufpel.edu.br\/licenciaturaquimica\/files\/2022\/11\/edital-lic-qui-mobilidade-SEI_23110.043810_2019_27.pdf\">edital-lic-qui-mobilidade-SEI_23110.043810_2019_27<\/a><\/span><\/p>\n<p>&nbsp;<\/p>\n","protected":false},"excerpt":{"rendered":"<p>Abaixo segue a planilha de t\u00edtulo para os editais de mobilidade acad\u00eamica do curso de Licenciatura em Qu\u00edmica: Clique aqui para baixar a Planilha de Pontua\u00e7\u00e3o &nbsp; &nbsp; Acesso aos Editais: Edital de Mobilidade Acad\u00eamica Internacional 04\/2023 Edital de Mobilidade Acad\u00eamica Internaciona N\u00ba 04\/2023 &#8211; publicado em 30 de outubro de 2023 &nbsp; Resultado Edital [&hellip;]<\/p>\n","protected":false},"author":656,"featured_media":0,"parent":0,"menu_order":0,"comment_status":"closed","ping_status":"closed","template":"","meta":{"footnotes":""},"class_list":["post-2051","page","type-page","status-publish","hentry"],"_links":{"self":[{"href":"https:\/\/wp.ufpel.edu.br\/licenciaturaquimica\/wp-json\/wp\/v2\/pages\/2051","targetHints":{"allow":["GET"]}}],"collection":[{"href":"https:\/\/wp.ufpel.edu.br\/licenciaturaquimica\/wp-json\/wp\/v2\/pages"}],"about":[{"href":"https:\/\/wp.ufpel.edu.br\/licenciaturaquimica\/wp-json\/wp\/v2\/types\/page"}],"author":[{"embeddable":true,"href":"https:\/\/wp.ufpel.edu.br\/licenciaturaquimica\/wp-json\/wp\/v2\/users\/656"}],"replies":[{"embeddable":true,"href":"https:\/\/wp.ufpel.edu.br\/licenciaturaquimica\/wp-json\/wp\/v2\/comments?post=2051"}],"version-history":[{"count":12,"href":"https:\/\/wp.ufpel.edu.br\/licenciaturaquimica\/wp-json\/wp\/v2\/pages\/2051\/revisions"}],"predecessor-version":[{"id":2240,"href":"https:\/\/wp.ufpel.edu.br\/licenciaturaquimica\/wp-json\/wp\/v2\/pages\/2051\/revisions\/2240"}],"wp:attachment":[{"href":"https:\/\/wp.ufpel.edu.br\/licenciaturaquimica\/wp-json\/wp\/v2\/media?parent=2051"}],"curies":[{"name":"wp","href":"https:\/\/api.w.org\/{rel}","templated":true}]}}