{"id":1804,"date":"2021-06-05T11:41:22","date_gmt":"2021-06-05T14:41:22","guid":{"rendered":"https:\/\/wp.ufpel.edu.br\/licenciaturaquimica\/?page_id=1804"},"modified":"2021-06-05T11:42:37","modified_gmt":"2021-06-05T14:42:37","slug":"regimentos-portarias-e-documentos","status":"publish","type":"page","link":"https:\/\/wp.ufpel.edu.br\/licenciaturaquimica\/regimentos-portarias-e-documentos\/","title":{"rendered":"Regimentos, Portarias e Documentos"},"content":{"rendered":"<p>Nesta p\u00e1gina voc\u00ea encontra os documentos referentes a Regimentos e Portarias da Universidade que sistematizam elementos b\u00e1sicos do curso de Licenciatura em Qu\u00edmica. Utilize os links abaixo para Acess\u00e1-los.<\/p>\n<p>&nbsp;<\/p>\n<p><strong>Regimento Geral da UFPel<\/strong><\/p>\n<p><span style=\"color: #0000ff\"><a style=\"color: #0000ff\" href=\"https:\/\/wp.ufpel.edu.br\/scs\/regimento\" target=\"_blank\" rel=\"noopener\">https:\/\/wp.ufpel.edu.br\/scs\/regimento<\/a><\/span><\/p>\n<p><strong>Regimento de Ensino de Gradua\u00e7\u00e3o da UFPel<\/strong><\/p>\n<p><span style=\"color: #0000ff\"><a style=\"color: #0000ff\" href=\"https:\/\/wp.ufpel.edu.br\/scs\/files\/2018\/09\/SEI_Resolu\u00e7\u00e3o-29.2018-Regulamento-Ensino-de-Gradua\u00e7\u00e3o-I.pdf\" target=\"_blank\" rel=\"noopener\">https:\/\/wp.ufpel.edu.br\/scs\/files\/2018\/09\/SEI_Resolu\u00e7\u00e3o-29.2018-Regulamento-Ensino-de-Gradua\u00e7\u00e3o-I.pdf<\/a><\/span><\/p>\n<p>&nbsp;<\/p>\n<p>&nbsp;<\/p>\n","protected":false},"excerpt":{"rendered":"<p>Nesta p\u00e1gina voc\u00ea encontra os documentos referentes a Regimentos e Portarias da Universidade que sistematizam elementos b\u00e1sicos do curso de Licenciatura em Qu\u00edmica. Utilize os links abaixo para Acess\u00e1-los. &nbsp; Regimento Geral da UFPel https:\/\/wp.ufpel.edu.br\/scs\/regimento Regimento de Ensino de Gradua\u00e7\u00e3o da UFPel https:\/\/wp.ufpel.edu.br\/scs\/files\/2018\/09\/SEI_Resolu\u00e7\u00e3o-29.2018-Regulamento-Ensino-de-Gradua\u00e7\u00e3o-I.pdf &nbsp; &nbsp;<\/p>\n","protected":false},"author":656,"featured_media":0,"parent":0,"menu_order":0,"comment_status":"closed","ping_status":"closed","template":"","meta":{"footnotes":""},"class_list":["post-1804","page","type-page","status-publish","hentry"],"_links":{"self":[{"href":"https:\/\/wp.ufpel.edu.br\/licenciaturaquimica\/wp-json\/wp\/v2\/pages\/1804","targetHints":{"allow":["GET"]}}],"collection":[{"href":"https:\/\/wp.ufpel.edu.br\/licenciaturaquimica\/wp-json\/wp\/v2\/pages"}],"about":[{"href":"https:\/\/wp.ufpel.edu.br\/licenciaturaquimica\/wp-json\/wp\/v2\/types\/page"}],"author":[{"embeddable":true,"href":"https:\/\/wp.ufpel.edu.br\/licenciaturaquimica\/wp-json\/wp\/v2\/users\/656"}],"replies":[{"embeddable":true,"href":"https:\/\/wp.ufpel.edu.br\/licenciaturaquimica\/wp-json\/wp\/v2\/comments?post=1804"}],"version-history":[{"count":2,"href":"https:\/\/wp.ufpel.edu.br\/licenciaturaquimica\/wp-json\/wp\/v2\/pages\/1804\/revisions"}],"predecessor-version":[{"id":1808,"href":"https:\/\/wp.ufpel.edu.br\/licenciaturaquimica\/wp-json\/wp\/v2\/pages\/1804\/revisions\/1808"}],"wp:attachment":[{"href":"https:\/\/wp.ufpel.edu.br\/licenciaturaquimica\/wp-json\/wp\/v2\/media?parent=1804"}],"curies":[{"name":"wp","href":"https:\/\/api.w.org\/{rel}","templated":true}]}}