{"id":178,"date":"2016-06-15T14:28:49","date_gmt":"2016-06-15T17:28:49","guid":{"rendered":"https:\/\/wp.ufpel.edu.br\/licenciaturaquimica\/?page_id=178"},"modified":"2019-06-19T17:50:19","modified_gmt":"2019-06-19T20:50:19","slug":"pibid","status":"publish","type":"page","link":"https:\/\/wp.ufpel.edu.br\/licenciaturaquimica\/pibid\/","title":{"rendered":"PROJETOS"},"content":{"rendered":"<p><strong>A\u00e7\u00f5es e publica\u00e7\u00f5es do PIBID\/Qu\u00edmica<\/strong> \u2013<a href=\"http:\/\/pibidquimicaufpel.wix.com\/ufpel\"> http:\/\/pibidquimicaufpel.wix.com\/ufpel<\/a><\/p>\n<p><strong>Projeto PIBID \u2013 2013-2017 \u2013<\/strong> <a href=\"http:\/\/pibidquimicaufpel.wix.com\/ufpel#!dcsdsd\/c66t\">http:\/\/pibidquimicaufpel.wix.com\/ufpel#!dcsdsd\/c66t<\/a><br \/>\n<strong>Site do PIBID Institucional \u2013 <\/strong><a href=\"http:\/\/www.pibidufpel.tk\/\">http:\/\/www.pibidufpel.tk\/<\/a><br \/>\n<strong>Site do PIBID\/Qu\u00edmica \u2013<\/strong> <a href=\"http:\/\/pibidquimicaufpel.wix.com\/ufpel\" target=\"_blank\" rel=\"noopener noreferrer\">http:\/\/pibidquimicaufpel.wix.com\/ufpel<\/a><\/p>\n<p><a href=\"https:\/\/wp.ufpel.edu.br\/licenciaturaquimica\/files\/2016\/06\/PROJETOINSTITUCIONAL2011.pdf\">PROJETOINSTITUCIONAL2011<\/a><br \/>\n<a href=\"https:\/\/wp.ufpel.edu.br\/licenciaturaquimica\/files\/2016\/06\/Sub-projeto-Quimica-2011.pdf\">Sub-projeto-Quimica-2011<\/a><\/p>\n<p><a href=\"https:\/\/wp.ufpel.edu.br\/licenciaturaquimica\/files\/2016\/06\/Projeto-de-Ensino-Pesquisa-e-Extens\u00e3o-ao-Curso.docx\">Projeto de Ensino,  Pesquisa e Extens\u00e3o ao Curso<\/a><\/p>\n<p>Material Did\u00e1tico (Cartilha) elaborada pelo PIBID\/UFPEL<br \/>\nProjeto Interdisciplinar coordenado por F\u00e1bio Sangiogo e Bruno Pastoriza, na Escola Santa Rita<\/p>\n<p><a href=\"https:\/\/wp.ufpel.edu.br\/licenciaturaquimica\/files\/2016\/06\/Cartilha-Inicia\u00e7\u00e3o-\u00e0-Pesquisa-na-Escola-FIM.pdf\">Cartilha Inicia\u00e7\u00e3o \u00e0 Pesquisa na Escola FIM<\/a><\/p>\n<p><a href=\"https:\/\/wp.ufpel.edu.br\/licenciaturaquimica\/files\/2019\/04\/resultado-sele\u00e7\u00e3o-pibid-05-04-2019.pdf\">resultado sele\u00e7\u00e3o pibid 05 04 2019<\/a><\/p>\n","protected":false},"excerpt":{"rendered":"<p>A\u00e7\u00f5es e publica\u00e7\u00f5es do PIBID\/Qu\u00edmica \u2013 http:\/\/pibidquimicaufpel.wix.com\/ufpel Projeto PIBID \u2013 2013-2017 \u2013 http:\/\/pibidquimicaufpel.wix.com\/ufpel#!dcsdsd\/c66t Site do PIBID Institucional \u2013 http:\/\/www.pibidufpel.tk\/ Site do PIBID\/Qu\u00edmica \u2013 http:\/\/pibidquimicaufpel.wix.com\/ufpel PROJETOINSTITUCIONAL2011 Sub-projeto-Quimica-2011 Projeto de Ensino, Pesquisa e Extens\u00e3o ao Curso Material Did\u00e1tico (Cartilha) elaborada pelo PIBID\/UFPEL Projeto Interdisciplinar coordenado por F\u00e1bio Sangiogo e Bruno Pastoriza, na Escola Santa Rita Cartilha Inicia\u00e7\u00e3o [&hellip;]<\/p>\n","protected":false},"author":656,"featured_media":0,"parent":0,"menu_order":0,"comment_status":"closed","ping_status":"closed","template":"","meta":{"footnotes":""},"class_list":["post-178","page","type-page","status-publish","hentry"],"_links":{"self":[{"href":"https:\/\/wp.ufpel.edu.br\/licenciaturaquimica\/wp-json\/wp\/v2\/pages\/178","targetHints":{"allow":["GET"]}}],"collection":[{"href":"https:\/\/wp.ufpel.edu.br\/licenciaturaquimica\/wp-json\/wp\/v2\/pages"}],"about":[{"href":"https:\/\/wp.ufpel.edu.br\/licenciaturaquimica\/wp-json\/wp\/v2\/types\/page"}],"author":[{"embeddable":true,"href":"https:\/\/wp.ufpel.edu.br\/licenciaturaquimica\/wp-json\/wp\/v2\/users\/656"}],"replies":[{"embeddable":true,"href":"https:\/\/wp.ufpel.edu.br\/licenciaturaquimica\/wp-json\/wp\/v2\/comments?post=178"}],"version-history":[{"count":11,"href":"https:\/\/wp.ufpel.edu.br\/licenciaturaquimica\/wp-json\/wp\/v2\/pages\/178\/revisions"}],"predecessor-version":[{"id":1330,"href":"https:\/\/wp.ufpel.edu.br\/licenciaturaquimica\/wp-json\/wp\/v2\/pages\/178\/revisions\/1330"}],"wp:attachment":[{"href":"https:\/\/wp.ufpel.edu.br\/licenciaturaquimica\/wp-json\/wp\/v2\/media?parent=178"}],"curies":[{"name":"wp","href":"https:\/\/api.w.org\/{rel}","templated":true}]}}