{"id":1765,"date":"2021-03-01T09:13:23","date_gmt":"2021-03-01T12:13:23","guid":{"rendered":"https:\/\/wp.ufpel.edu.br\/licenciaturaquimica\/?page_id=1765"},"modified":"2021-03-01T09:16:05","modified_gmt":"2021-03-01T12:16:05","slug":"justificativa-para-nao-matricula","status":"publish","type":"page","link":"https:\/\/wp.ufpel.edu.br\/licenciaturaquimica\/solicitacoes\/justificativa-para-nao-matricula\/","title":{"rendered":"Justificativa para N\u00c3O MATR\u00cdCULA"},"content":{"rendered":"<p>Abaixo segue o formul\u00e1rio que CADA DISCENTE que n\u00e3o for se matricular no semestre 2020-2, ofertado no ano civil de 2021-1, deve preencher para n\u00e3o se enquadrar como ABANDONO DE CURSO.<\/p>\n<p>&nbsp;<\/p>\n<p><em><strong>Esse formul\u00e1rio dever\u00e1 ser encaminhado \u00e0 secretaria do curso, pelo e-mail secretarialicqui@ufpel.edu.br<\/strong><\/em>.<\/p>\n<p>&nbsp;<\/p>\n<p>Quaisquer d\u00favidas, a coordena\u00e7\u00e3o est\u00e1 \u00e0 disposi\u00e7\u00e3o no e-mail coordenacaolicqui@ufpel.edu.br.<\/p>\n<p>&nbsp;<\/p>\n<p><span style=\"color: #0000ff\"><a style=\"color: #0000ff\" href=\"https:\/\/wp.ufpel.edu.br\/licenciaturaquimica\/files\/2021\/03\/FORMULARIO-PARA-JUSTIFICATIVA-DE-NAO-REALIZACAO-DE-MATRICULA-3.pdf\">FORMUL\u00c1RIO PARA JUSTIFICATIVA DE N\u00c3O REALIZA\u00c7\u00c3O DE MATR\u00cdCULA (Clique Aqui)<\/a><\/span><\/p>\n","protected":false},"excerpt":{"rendered":"<p>Abaixo segue o formul\u00e1rio que CADA DISCENTE que n\u00e3o for se matricular no semestre 2020-2, ofertado no ano civil de 2021-1, deve preencher para n\u00e3o se enquadrar como ABANDONO DE CURSO. &nbsp; Esse formul\u00e1rio dever\u00e1 ser encaminhado \u00e0 secretaria do curso, pelo e-mail secretarialicqui@ufpel.edu.br. &nbsp; Quaisquer d\u00favidas, a coordena\u00e7\u00e3o est\u00e1 \u00e0 disposi\u00e7\u00e3o no e-mail coordenacaolicqui@ufpel.edu.br. [&hellip;]<\/p>\n","protected":false},"author":656,"featured_media":0,"parent":1462,"menu_order":0,"comment_status":"closed","ping_status":"closed","template":"","meta":{"footnotes":""},"class_list":["post-1765","page","type-page","status-publish","hentry"],"_links":{"self":[{"href":"https:\/\/wp.ufpel.edu.br\/licenciaturaquimica\/wp-json\/wp\/v2\/pages\/1765","targetHints":{"allow":["GET"]}}],"collection":[{"href":"https:\/\/wp.ufpel.edu.br\/licenciaturaquimica\/wp-json\/wp\/v2\/pages"}],"about":[{"href":"https:\/\/wp.ufpel.edu.br\/licenciaturaquimica\/wp-json\/wp\/v2\/types\/page"}],"author":[{"embeddable":true,"href":"https:\/\/wp.ufpel.edu.br\/licenciaturaquimica\/wp-json\/wp\/v2\/users\/656"}],"replies":[{"embeddable":true,"href":"https:\/\/wp.ufpel.edu.br\/licenciaturaquimica\/wp-json\/wp\/v2\/comments?post=1765"}],"version-history":[{"count":2,"href":"https:\/\/wp.ufpel.edu.br\/licenciaturaquimica\/wp-json\/wp\/v2\/pages\/1765\/revisions"}],"predecessor-version":[{"id":1769,"href":"https:\/\/wp.ufpel.edu.br\/licenciaturaquimica\/wp-json\/wp\/v2\/pages\/1765\/revisions\/1769"}],"up":[{"embeddable":true,"href":"https:\/\/wp.ufpel.edu.br\/licenciaturaquimica\/wp-json\/wp\/v2\/pages\/1462"}],"wp:attachment":[{"href":"https:\/\/wp.ufpel.edu.br\/licenciaturaquimica\/wp-json\/wp\/v2\/media?parent=1765"}],"curies":[{"name":"wp","href":"https:\/\/api.w.org\/{rel}","templated":true}]}}