{"id":1687,"date":"2020-06-08T08:12:10","date_gmt":"2020-06-08T11:12:10","guid":{"rendered":"https:\/\/wp.ufpel.edu.br\/licenciaturaquimica\/?page_id=1687"},"modified":"2020-06-08T08:12:10","modified_gmt":"2020-06-08T11:12:10","slug":"quimica-verde-prof-eder-joao-lenardao","status":"publish","type":"page","link":"https:\/\/wp.ufpel.edu.br\/licenciaturaquimica\/disciplinas-no-calendario-academico-alternativo-e-orientacoes-da-coordenacao\/detalhamento-da-oferta-das-disciplinas\/quimica-verde-prof-eder-joao-lenardao\/","title":{"rendered":"Qu\u00edmica Verde &#8211; Prof. Eder Jo\u00e3o Lenard\u00e3o"},"content":{"rendered":"<p><span style=\"text-decoration: underline\"><strong>Ementa:<\/strong><\/span><\/p>\n<p style=\"padding-left: 80px;text-align: justify\">Defini\u00e7\u00e3o e Contexto Hist\u00f3rico da Qu\u00edmica Verde; Fontes de Recursos Did\u00e1ticos<br \/>\nsobre a Qu\u00edmica Verde; Os Doze Princ\u00edpios da Qu\u00edmica Verde; Efici\u00eancia At\u00f4mica<br \/>\ne Economia de \u00c1tomos; Reagentes e Solventes Alternativos para a Qu\u00edmica<br \/>\nLimpa; Cat\u00e1lise e Biocat\u00e1lise; Fontes de Energia N\u00e3o-Cl\u00e1ssicas na S\u00edntese<br \/>\nOrg\u00e2nica. Exemplos da Qu\u00edmica Verde em A\u00e7\u00e3o.<\/p>\n<p><span style=\"text-decoration: underline\"><strong>PROGRAMA DA DISCIPLINA<\/strong><\/span><\/p>\n<p style=\"padding-left: 40px\">M\u00f3dulo I<\/p>\n<p style=\"padding-left: 80px\">O que \u00e9 Qu\u00edmica Verde;<br \/>\nContexto Hist\u00f3rico da Qu\u00edmica Verde.<\/p>\n<p style=\"padding-left: 40px\">M\u00f3dulo II<\/p>\n<p style=\"padding-left: 80px\">Fontes de Recursos Did\u00e1ticos para a Qu\u00edmica Verde<br \/>\n-Peri\u00f3dicos;<br \/>\n-Livros;<br \/>\n-S\u00edtios na Internet<\/p>\n<p style=\"padding-left: 40px\">M\u00f3dulo III<\/p>\n<p style=\"padding-left: 80px\">Os doze Princ\u00edpios da Qu\u00edmica Verde<\/p>\n<p style=\"padding-left: 40px\">M\u00f3dulo IV<\/p>\n<p style=\"padding-left: 80px\">Efici\u00eancia At\u00f4mica e Economia de \u00c1tomos<br \/>\n-C\u00e1lculo de Economia de \u00c1tomos;<\/p>\n<p style=\"padding-left: 80px\">-Rendimento Experimental X Economia de \u00c1tomos;<br \/>\n-C\u00e1lculo de Efici\u00eancia At\u00f4mica;<br \/>\n-Rea\u00e7\u00f5es de Baixa Efici\u00eancia At\u00f4mica;<br \/>\n-Rea\u00e7\u00f5es com Alta Efici\u00eancia At\u00f4mica.<\/p>\n<p style=\"padding-left: 40px\">M\u00f3dulo V<\/p>\n<p style=\"padding-left: 80px\">Reagentes Alternativos para a Qu\u00edmica Verde<br \/>\n-Materiais de Fonte Renov\u00e1vel;<br \/>\n-Materiais Menos T\u00f3xicos.<br \/>\nSolventes Alternativos para a Qu\u00edmica Verde<br \/>\n-L\u00edquidos I\u00f4nicos;<br \/>\n-CO 2 supercr\u00edtico;<br \/>\n-H 2 O como solvente;<br \/>\n-Rea\u00e7\u00f5es sem solvente.<\/p>\n<p style=\"padding-left: 40px\">M\u00f3dulo VI<\/p>\n<p style=\"padding-left: 80px\">Cat\u00e1lise<br \/>\n-Cat\u00e1lise Qu\u00edmica;<br \/>\n-Biocat\u00e1lise;<br \/>\n-\u00c1cidos e Bases S\u00f3lidos<\/p>\n<p style=\"padding-left: 40px\">M\u00f3dulo VII<\/p>\n<p style=\"padding-left: 80px\">Fontes de Energia N\u00e3o Cl\u00e1ssicas em S\u00edntese Org\u00e2nica<br \/>\n-Micro-ondas;<br \/>\n-Ultrassom.<\/p>\n<p style=\"padding-left: 40px\">M\u00f3dulo VIII<\/p>\n<p style=\"padding-left: 80px\">Exemplos de Qu\u00edmica Verde em A\u00e7\u00e3o<br \/>\n-Qu\u00edmica Verde na Pesquisa;<br \/>\n-Qu\u00edmica Verde na Ind\u00fastria;<br \/>\n-Qu\u00edmica Verde no Ensino.<\/p>\n<p>&nbsp;<\/p>\n<p><span style=\"text-decoration: underline\"><strong>Crit\u00e9rios e m\u00e9todos de avalia\u00e7\u00e3o<\/strong><\/span><\/p>\n<p style=\"padding-left: 40px\">Ser\u00e3o realizadas duas avalia\u00e7\u00f5es ao final do curso:<\/p>\n<p style=\"padding-left: 80px\">-Apresenta\u00e7\u00e3o, por parte dos alunos, de um artigo relacionado \u00e0 Qu\u00edmica Verde,<br \/>\nelaborado dentro das normas da revista Qu\u00edmica Nova, cujo tema espec\u00edfico ser\u00e1<br \/>\ndiscutido em aula (N1);<br \/>\n. Elabora\u00e7\u00e3o de um trabalho que ser\u00e1 apresentado na forma de painel (banner)<br \/>\ntendo como tema uma das premia\u00e7\u00f5es do Pr\u00eamio Desafio da Qu\u00edmica Verde<br \/>\n(N2).<\/p>\n<p style=\"padding-left: 80px\">(N1 + N2 \/ 2 = M1) M1 \u2265 7 \u00a0 \u00a0=&gt; APROVADO.<br \/>\nM1 &lt; 7 e &gt; 3,0 =&gt; \u00a0EXAME.<br \/>\nM1 &lt; 3,0 \u00a0 \u00a0=&gt;. REPROVADO.<br \/>\nM1 + EXAME \/ 2 \u2265 5 \u00a0=&gt;. APROVADO.<\/p>\n<p>&nbsp;<\/p>\n<p><span style=\"text-decoration: underline\"><strong>CRONOGRAMA de atividades s\u00edncronas (Segunda-feira, 8h00-9h00):<\/strong><\/span><\/p>\n<p style=\"padding-left: 40px\">22\/06\/2020 Apresenta\u00e7\u00e3o e discuss\u00e3o do Plano de Ensino, Avalia\u00e7\u00e3o e Material\u00a0Did\u00e1tico. M\u00f3dulo I &#8211; in\u00edcio<\/p>\n<p style=\"padding-left: 40px\">29\/06\/2020 M\u00f3dulo I \u2013 continua\u00e7\u00e3o + M\u00f3dulo II<br \/>\n06\/07\/2020 M\u00f3dulo III<br \/>\n13\/07\/2020 M\u00f3dulo III &#8211; continua\u00e7\u00e3o<br \/>\n20\/07\/2020 M\u00f3dulo IV<br \/>\n27\/07\/2020 M\u00f3dulo V<br \/>\n03\/08\/2020 M\u00f3dulo VI<br \/>\n10\/08\/2020 M\u00f3dulo VII<br \/>\n17\/08\/2020 M\u00f3dulo VIII<br \/>\n24\/08\/2020 Avalia\u00e7\u00e3o I + II<br \/>\n31\/08\/2020 Avalia\u00e7\u00e3o I + II<br \/>\n07\/09\/2020 Feriado<br \/>\n14\/09\/2020 Exame<\/p>\n<p style=\"padding-left: 40px\"><em>* Todas as semanas contar\u00e3o com uma atividade s\u00edncrona adicional, atrav\u00e9s do<\/em><br \/>\n<em>Moodle (https:\/\/moodle.ufpel.edu.br\/sysead\/) ou via Webconference<\/em><br \/>\n<em>(https:\/\/webconf.ufpel.edu.br\/b).<\/em><\/p>\n<p><span style=\"text-decoration: underline\"><strong>Bibliografia b\u00e1sica<\/strong><\/span><\/p>\n<p style=\"padding-left: 40px\">Clark, J.; Macquarrie, D. Handbook of Green Chemistry and Technology,<br \/>\nBlackwell Science: Oxford, 2002.<br \/>\nLenard\u00e3o, E. J.; Freitag, R. A.; Dabdoub, M. J.; Batista, A. C. F; Silveira, C. C.<br \/>\nQuim. Nova, 2003, 26, 123.<br \/>\nNelson, W. M. Green Solvents for Chemistry: Perspectives and Practice, Oxford<br \/>\nUniversity Press: Oxford, 2003.<br \/>\nSheldon, R. A.; Arends, I.; Hanefeld, U. Green Chemistry and Catalysis, Wiley-<br \/>\nVCH: Weinhein, 2007.<br \/>\nTundo, P.; Perosa, A.; Zecchini, F. Methods and Reagents for Green Chemistry:<br \/>\nAn Introduction, John Wiley &amp;amp; Sons: Hoboken, 2007.<\/p>\n<p><span style=\"text-decoration: underline\"><strong>Bibliografia complementar<\/strong><\/span><\/p>\n<p style=\"padding-left: 40px\">Green Chemistry Network \u2013 (http:\/\/www.chemsoc.org\/networks\/gcn\/)<br \/>\nHjeresen, D. L.; Schutt, D. L.; Boese, J. M. J. Chem. Educ. 2000, 77, 1543.<br \/>\nMonteiro, L. F. et al. Qu\u00edmica Sustentable, Ed.: Norma Nudelman: Santa F\u00e9,<br \/>\nArgentina, 2004.<br \/>\nSanseverino, A. M. Qu\u00edm. Nova 2000, 23, 102.<br \/>\nSanseverino, A. M. Qu\u00edm. Nova 2002, 25, 660.<br \/>\nWwverde \u2013 A p\u00e1gina de divulga\u00e7\u00e3o da Qu\u00edmica Verde no Brasil<br \/>\n(http:\/\/www.ufpel.edu.br\/iqg\/wwverde)<\/p>\n","protected":false},"excerpt":{"rendered":"<p>Ementa: Defini\u00e7\u00e3o e Contexto Hist\u00f3rico da Qu\u00edmica Verde; Fontes de Recursos Did\u00e1ticos sobre a Qu\u00edmica Verde; Os Doze Princ\u00edpios da Qu\u00edmica Verde; Efici\u00eancia At\u00f4mica e Economia de \u00c1tomos; Reagentes e Solventes Alternativos para a Qu\u00edmica Limpa; Cat\u00e1lise e Biocat\u00e1lise; Fontes de Energia N\u00e3o-Cl\u00e1ssicas na S\u00edntese Org\u00e2nica. Exemplos da Qu\u00edmica Verde em A\u00e7\u00e3o. PROGRAMA DA DISCIPLINA [&hellip;]<\/p>\n","protected":false},"author":656,"featured_media":0,"parent":1633,"menu_order":0,"comment_status":"closed","ping_status":"closed","template":"","meta":{"footnotes":""},"class_list":["post-1687","page","type-page","status-publish","hentry"],"_links":{"self":[{"href":"https:\/\/wp.ufpel.edu.br\/licenciaturaquimica\/wp-json\/wp\/v2\/pages\/1687","targetHints":{"allow":["GET"]}}],"collection":[{"href":"https:\/\/wp.ufpel.edu.br\/licenciaturaquimica\/wp-json\/wp\/v2\/pages"}],"about":[{"href":"https:\/\/wp.ufpel.edu.br\/licenciaturaquimica\/wp-json\/wp\/v2\/types\/page"}],"author":[{"embeddable":true,"href":"https:\/\/wp.ufpel.edu.br\/licenciaturaquimica\/wp-json\/wp\/v2\/users\/656"}],"replies":[{"embeddable":true,"href":"https:\/\/wp.ufpel.edu.br\/licenciaturaquimica\/wp-json\/wp\/v2\/comments?post=1687"}],"version-history":[{"count":1,"href":"https:\/\/wp.ufpel.edu.br\/licenciaturaquimica\/wp-json\/wp\/v2\/pages\/1687\/revisions"}],"predecessor-version":[{"id":1688,"href":"https:\/\/wp.ufpel.edu.br\/licenciaturaquimica\/wp-json\/wp\/v2\/pages\/1687\/revisions\/1688"}],"up":[{"embeddable":true,"href":"https:\/\/wp.ufpel.edu.br\/licenciaturaquimica\/wp-json\/wp\/v2\/pages\/1633"}],"wp:attachment":[{"href":"https:\/\/wp.ufpel.edu.br\/licenciaturaquimica\/wp-json\/wp\/v2\/media?parent=1687"}],"curies":[{"name":"wp","href":"https:\/\/api.w.org\/{rel}","templated":true}]}}