{"id":1659,"date":"2020-06-04T20:26:08","date_gmt":"2020-06-04T23:26:08","guid":{"rendered":"https:\/\/wp.ufpel.edu.br\/licenciaturaquimica\/?page_id=1659"},"modified":"2020-06-04T20:28:27","modified_gmt":"2020-06-04T23:28:27","slug":"disciplinas-ofertadas-no-calendario-academico-alternativo-para-licenciatura-em-quimica","status":"publish","type":"page","link":"https:\/\/wp.ufpel.edu.br\/licenciaturaquimica\/disciplinas-no-calendario-academico-alternativo-e-orientacoes-da-coordenacao\/disciplinas-ofertadas-no-calendario-academico-alternativo-para-licenciatura-em-quimica\/","title":{"rendered":"Disciplinas Ofertadas no Calend\u00e1rio Acad\u00eamico Alternativo para Licenciatura em Qu\u00edmica"},"content":{"rendered":"<p>Abaixo seguem os nomes, hor\u00e1rios, docentes e n\u00famero de vagas das disciplinas que ser\u00e3o ofertadas no Calend\u00e1rio Acad\u00eamico Alternativo.<\/p>\n<p>Outras disciplinas poder\u00e3o ser buscadas para matr\u00edcula em outras unidades e no Banco Universal.<\/p>\n<p>Para ver o detalhamento das disciplinas ofertadas, como forma de trabalho, foco, atividades, etc., <span style=\"color: #3366ff\"><a style=\"color: #3366ff\" href=\"https:\/\/wp.ufpel.edu.br\/licenciaturaquimica\/disciplinas-no-calendario-academico-alternativo-e-orientacoes-da-coordenacao\/detalhamento-da-oferta-das-disciplinas\/\" target=\"_blank\" rel=\"noopener noreferrer\">clique aqui.\u00a0<\/a><\/span><\/p>\n<p>&nbsp;<\/p>\n<p>Oferta:<\/p>\n<p style=\"text-align: center\"><span style=\"color: #000080\"><strong>Disciplinas Comuns aos cursos de Qu\u00edmica<\/strong><\/span><a href=\"https:\/\/wp.ufpel.edu.br\/licenciaturaquimica\/files\/2020\/06\/Captura-de-Tela-2020-06-04-\u00e0s-17.53.45.png\"><img class=\"aligncenter wp-image-1662 size-medium\" src=\"https:\/\/wp.ufpel.edu.br\/licenciaturaquimica\/files\/2020\/06\/Captura-de-Tela-2020-06-04-\u00e0s-17.53.45-400x345.png\" alt=\"\" width=\"400\" height=\"345\" srcset=\"https:\/\/wp.ufpel.edu.br\/licenciaturaquimica\/files\/2020\/06\/Captura-de-Tela-2020-06-04-\u00e0s-17.53.45-400x345.png 400w, https:\/\/wp.ufpel.edu.br\/licenciaturaquimica\/files\/2020\/06\/Captura-de-Tela-2020-06-04-\u00e0s-17.53.45-768x662.png 768w, https:\/\/wp.ufpel.edu.br\/licenciaturaquimica\/files\/2020\/06\/Captura-de-Tela-2020-06-04-\u00e0s-17.53.45.png 777w\" sizes=\"(max-width: 400px) 100vw, 400px\" \/><\/a><\/p>\n<p>&nbsp;<\/p>\n<p style=\"text-align: center\"><strong><span style=\"color: #000080\">Disciplinas Espec\u00edficas\u00a0<\/span><\/strong><\/p>\n<p style=\"text-align: center\">\u00a0<a href=\"https:\/\/wp.ufpel.edu.br\/licenciaturaquimica\/files\/2020\/06\/Captura-de-Tela-2020-06-04-\u00e0s-17.53.57.png\"><img class=\"alignnone wp-image-1661 size-medium\" src=\"https:\/\/wp.ufpel.edu.br\/licenciaturaquimica\/files\/2020\/06\/Captura-de-Tela-2020-06-04-\u00e0s-17.53.57-400x194.png\" alt=\"\" width=\"400\" height=\"194\" srcset=\"https:\/\/wp.ufpel.edu.br\/licenciaturaquimica\/files\/2020\/06\/Captura-de-Tela-2020-06-04-\u00e0s-17.53.57-400x194.png 400w, https:\/\/wp.ufpel.edu.br\/licenciaturaquimica\/files\/2020\/06\/Captura-de-Tela-2020-06-04-\u00e0s-17.53.57-768x372.png 768w, https:\/\/wp.ufpel.edu.br\/licenciaturaquimica\/files\/2020\/06\/Captura-de-Tela-2020-06-04-\u00e0s-17.53.57.png 777w\" sizes=\"(max-width: 400px) 100vw, 400px\" \/><\/a><\/p>\n<p>&nbsp;<\/p>\n<p>&nbsp;<\/p>\n<p style=\"text-align: center\"><strong><span style=\"color: #000080\">Disciplinas do Departamento de Matem\u00e1tica e <\/span><\/strong><\/p>\n<p style=\"text-align: center\"><strong><span style=\"color: #000080\">Estat\u00edsticas Ofertadas para a Licenciatura em Qu\u00edmica<\/span><\/strong><a href=\"https:\/\/wp.ufpel.edu.br\/licenciaturaquimica\/files\/2020\/06\/Captura-de-Tela-2020-06-04-\u00e0s-18.33.15.png\"><img class=\"aligncenter wp-image-1660 size-medium\" src=\"https:\/\/wp.ufpel.edu.br\/licenciaturaquimica\/files\/2020\/06\/Captura-de-Tela-2020-06-04-\u00e0s-18.33.15-400x92.png\" alt=\"\" width=\"400\" height=\"92\" srcset=\"https:\/\/wp.ufpel.edu.br\/licenciaturaquimica\/files\/2020\/06\/Captura-de-Tela-2020-06-04-\u00e0s-18.33.15-400x92.png 400w, https:\/\/wp.ufpel.edu.br\/licenciaturaquimica\/files\/2020\/06\/Captura-de-Tela-2020-06-04-\u00e0s-18.33.15-768x177.png 768w, https:\/\/wp.ufpel.edu.br\/licenciaturaquimica\/files\/2020\/06\/Captura-de-Tela-2020-06-04-\u00e0s-18.33.15.png 962w\" sizes=\"(max-width: 400px) 100vw, 400px\" \/><\/a><\/p>\n","protected":false},"excerpt":{"rendered":"<p>Abaixo seguem os nomes, hor\u00e1rios, docentes e n\u00famero de vagas das disciplinas que ser\u00e3o ofertadas no Calend\u00e1rio Acad\u00eamico Alternativo. Outras disciplinas poder\u00e3o ser buscadas para matr\u00edcula em outras unidades e no Banco Universal. Para ver o detalhamento das disciplinas ofertadas, como forma de trabalho, foco, atividades, etc., clique aqui.\u00a0 &nbsp; Oferta: Disciplinas Comuns aos cursos [&hellip;]<\/p>\n","protected":false},"author":656,"featured_media":0,"parent":1630,"menu_order":0,"comment_status":"closed","ping_status":"closed","template":"","meta":{"footnotes":""},"class_list":["post-1659","page","type-page","status-publish","hentry"],"_links":{"self":[{"href":"https:\/\/wp.ufpel.edu.br\/licenciaturaquimica\/wp-json\/wp\/v2\/pages\/1659","targetHints":{"allow":["GET"]}}],"collection":[{"href":"https:\/\/wp.ufpel.edu.br\/licenciaturaquimica\/wp-json\/wp\/v2\/pages"}],"about":[{"href":"https:\/\/wp.ufpel.edu.br\/licenciaturaquimica\/wp-json\/wp\/v2\/types\/page"}],"author":[{"embeddable":true,"href":"https:\/\/wp.ufpel.edu.br\/licenciaturaquimica\/wp-json\/wp\/v2\/users\/656"}],"replies":[{"embeddable":true,"href":"https:\/\/wp.ufpel.edu.br\/licenciaturaquimica\/wp-json\/wp\/v2\/comments?post=1659"}],"version-history":[{"count":3,"href":"https:\/\/wp.ufpel.edu.br\/licenciaturaquimica\/wp-json\/wp\/v2\/pages\/1659\/revisions"}],"predecessor-version":[{"id":1667,"href":"https:\/\/wp.ufpel.edu.br\/licenciaturaquimica\/wp-json\/wp\/v2\/pages\/1659\/revisions\/1667"}],"up":[{"embeddable":true,"href":"https:\/\/wp.ufpel.edu.br\/licenciaturaquimica\/wp-json\/wp\/v2\/pages\/1630"}],"wp:attachment":[{"href":"https:\/\/wp.ufpel.edu.br\/licenciaturaquimica\/wp-json\/wp\/v2\/media?parent=1659"}],"curies":[{"name":"wp","href":"https:\/\/api.w.org\/{rel}","templated":true}]}}