{"id":1546,"date":"2020-02-12T09:07:58","date_gmt":"2020-02-12T12:07:58","guid":{"rendered":"https:\/\/wp.ufpel.edu.br\/licenciaturaquimica\/?page_id=1546"},"modified":"2020-02-12T09:10:20","modified_gmt":"2020-02-12T12:10:20","slug":"recepcao-dos-bixos-2017","status":"publish","type":"page","link":"https:\/\/wp.ufpel.edu.br\/licenciaturaquimica\/recepcao-aos-calouros\/recepcao-dos-bixos-2017\/","title":{"rendered":"Recep\u00e7\u00e3o dos Bixos 2017"},"content":{"rendered":"<p>Em 2017, a recep\u00e7\u00e3o ficou voltada a explicar aos novos ingressantes o funcionamento do curso e da universidade.<\/p>\n<p>&nbsp;<\/p>\n<p>O Manual dos Bixos e a apresenta\u00e7\u00e3o realizada aos alunos pode ser acessada abaixo:<\/p>\n<p><span style=\"color: #3366ff\"><a style=\"color: #3366ff\" href=\"https:\/\/wp.ufpel.edu.br\/licenciaturaquimica\/files\/2017\/04\/manual-dos-bixos-2017.pdf\">&gt;Manual dos bixos 2017<\/a><\/span><\/p>\n<p><span style=\"color: #3366ff\"><a style=\"color: #3366ff\" href=\"https:\/\/wp.ufpel.edu.br\/licenciaturaquimica\/files\/2017\/04\/Recep\u00e7\u00e3o-calouros-2017-Informa\u00e7\u00f5es-sobre-o-Curso-de-LICENCIATURA-EM-QU\u00cdMICA.pdf\">&gt;Recep\u00e7\u00e3o calouros 2017 Informa\u00e7\u00f5es sobre o Curso de LICENCIATURA EM QU\u00cdMICA<\/a><\/span><\/p>\n","protected":false},"excerpt":{"rendered":"<p>Em 2017, a recep\u00e7\u00e3o ficou voltada a explicar aos novos ingressantes o funcionamento do curso e da universidade. &nbsp; O Manual dos Bixos e a apresenta\u00e7\u00e3o realizada aos alunos pode ser acessada abaixo: &gt;Manual dos bixos 2017 &gt;Recep\u00e7\u00e3o calouros 2017 Informa\u00e7\u00f5es sobre o Curso de LICENCIATURA EM QU\u00cdMICA<\/p>\n","protected":false},"author":656,"featured_media":0,"parent":272,"menu_order":0,"comment_status":"closed","ping_status":"closed","template":"","meta":{"footnotes":""},"class_list":["post-1546","page","type-page","status-publish","hentry"],"_links":{"self":[{"href":"https:\/\/wp.ufpel.edu.br\/licenciaturaquimica\/wp-json\/wp\/v2\/pages\/1546","targetHints":{"allow":["GET"]}}],"collection":[{"href":"https:\/\/wp.ufpel.edu.br\/licenciaturaquimica\/wp-json\/wp\/v2\/pages"}],"about":[{"href":"https:\/\/wp.ufpel.edu.br\/licenciaturaquimica\/wp-json\/wp\/v2\/types\/page"}],"author":[{"embeddable":true,"href":"https:\/\/wp.ufpel.edu.br\/licenciaturaquimica\/wp-json\/wp\/v2\/users\/656"}],"replies":[{"embeddable":true,"href":"https:\/\/wp.ufpel.edu.br\/licenciaturaquimica\/wp-json\/wp\/v2\/comments?post=1546"}],"version-history":[{"count":2,"href":"https:\/\/wp.ufpel.edu.br\/licenciaturaquimica\/wp-json\/wp\/v2\/pages\/1546\/revisions"}],"predecessor-version":[{"id":1554,"href":"https:\/\/wp.ufpel.edu.br\/licenciaturaquimica\/wp-json\/wp\/v2\/pages\/1546\/revisions\/1554"}],"up":[{"embeddable":true,"href":"https:\/\/wp.ufpel.edu.br\/licenciaturaquimica\/wp-json\/wp\/v2\/pages\/272"}],"wp:attachment":[{"href":"https:\/\/wp.ufpel.edu.br\/licenciaturaquimica\/wp-json\/wp\/v2\/media?parent=1546"}],"curies":[{"name":"wp","href":"https:\/\/api.w.org\/{rel}","templated":true}]}}