{"id":1544,"date":"2020-02-12T09:06:33","date_gmt":"2020-02-12T12:06:33","guid":{"rendered":"https:\/\/wp.ufpel.edu.br\/licenciaturaquimica\/?page_id=1544"},"modified":"2020-02-12T09:10:27","modified_gmt":"2020-02-12T12:10:27","slug":"recepcao-dos-bixos-2018","status":"publish","type":"page","link":"https:\/\/wp.ufpel.edu.br\/licenciaturaquimica\/recepcao-aos-calouros\/recepcao-dos-bixos-2018\/","title":{"rendered":"Recep\u00e7\u00e3o dos Bixos 2018"},"content":{"rendered":"<p>Em 2018, a recep\u00e7\u00e3o dos bixos foi centradas em atividades internas do curso, bem como com apresenta\u00e7\u00e3o de v\u00e1rios detalhes dele. O Manual dos bixos utilizado pode ser acessado abaixo:<\/p>\n<p><span style=\"color: #3366ff\"><a style=\"color: #3366ff\" href=\"https:\/\/wp.ufpel.edu.br\/licenciaturaquimica\/files\/2018\/04\/manual-dos-bixos-2018-1.pdf\">&gt;Manual dos bixos 2018-1<\/a><\/span><\/p>\n","protected":false},"excerpt":{"rendered":"<p>Em 2018, a recep\u00e7\u00e3o dos bixos foi centradas em atividades internas do curso, bem como com apresenta\u00e7\u00e3o de v\u00e1rios detalhes dele. O Manual dos bixos utilizado pode ser acessado abaixo: &gt;Manual dos bixos 2018-1<\/p>\n","protected":false},"author":656,"featured_media":0,"parent":272,"menu_order":0,"comment_status":"closed","ping_status":"closed","template":"","meta":{"footnotes":""},"class_list":["post-1544","page","type-page","status-publish","hentry"],"_links":{"self":[{"href":"https:\/\/wp.ufpel.edu.br\/licenciaturaquimica\/wp-json\/wp\/v2\/pages\/1544","targetHints":{"allow":["GET"]}}],"collection":[{"href":"https:\/\/wp.ufpel.edu.br\/licenciaturaquimica\/wp-json\/wp\/v2\/pages"}],"about":[{"href":"https:\/\/wp.ufpel.edu.br\/licenciaturaquimica\/wp-json\/wp\/v2\/types\/page"}],"author":[{"embeddable":true,"href":"https:\/\/wp.ufpel.edu.br\/licenciaturaquimica\/wp-json\/wp\/v2\/users\/656"}],"replies":[{"embeddable":true,"href":"https:\/\/wp.ufpel.edu.br\/licenciaturaquimica\/wp-json\/wp\/v2\/comments?post=1544"}],"version-history":[{"count":2,"href":"https:\/\/wp.ufpel.edu.br\/licenciaturaquimica\/wp-json\/wp\/v2\/pages\/1544\/revisions"}],"predecessor-version":[{"id":1555,"href":"https:\/\/wp.ufpel.edu.br\/licenciaturaquimica\/wp-json\/wp\/v2\/pages\/1544\/revisions\/1555"}],"up":[{"embeddable":true,"href":"https:\/\/wp.ufpel.edu.br\/licenciaturaquimica\/wp-json\/wp\/v2\/pages\/272"}],"wp:attachment":[{"href":"https:\/\/wp.ufpel.edu.br\/licenciaturaquimica\/wp-json\/wp\/v2\/media?parent=1544"}],"curies":[{"name":"wp","href":"https:\/\/api.w.org\/{rel}","templated":true}]}}